{"id":354984,"date":"2022-05-05T10:14:57","date_gmt":"2022-05-05T08:14:57","guid":{"rendered":"https:\/\/cnsfg.cat\/canal-etic\/"},"modified":"2022-07-27T13:28:54","modified_gmt":"2022-07-27T11:28:54","slug":"ethischer-kanal","status":"publish","type":"page","link":"https:\/\/cnsfg.cat\/de\/der-klub\/ethischer-kanal\/","title":{"rendered":"Ethischer Kanal"},"content":{"rendered":"<p>[et_pb_section fb_built=&#8220;1&#8243; admin_label=&#8220;imagen&#8220; module_class=&#8220;tina_careers_header&#8220; _builder_version=&#8220;4.16&#8243; background_image=&#8220;https:\/\/cnsfg.cat\/wp-content\/uploads\/2021\/06\/elclub.jpg&#8220; background_position=&#8220;bottom_right&#8220; height=&#8220;450px&#8220; height_tablet=&#8220;350px&#8220; height_phone=&#8220;188px&#8220; height_last_edited=&#8220;on|phone&#8220; custom_margin_tablet=&#8220;&#8220; custom_margin_phone=&#8220;70px||||false|false&#8220; custom_margin_last_edited=&#8220;on|phone&#8220; custom_padding=&#8220;0px||0px||false|false&#8220; background_last_edited=&#8220;on|desktop&#8220; locked=&#8220;off&#8220; global_colors_info=&#8220;{}&#8220;][\/et_pb_section][et_pb_section fb_built=&#8220;1&#8243; custom_padding_last_edited=&#8220;on|desktop&#8220; admin_label=&#8220;T\u00edtol&#8220; module_class=&#8220;tina_flowing_persons&#8220; _builder_version=&#8220;4.16&#8243; custom_margin_tablet=&#8220;&#8220; custom_margin_phone=&#8220;0px||0px||false|false&#8220; custom_margin_last_edited=&#8220;on|phone&#8220; custom_padding=&#8220;0px||0px||false|false&#8220; custom_padding_tablet=&#8220;0px||0px||false|false&#8220; custom_padding_phone=&#8220;&#8220; saved_tabs=&#8220;all&#8220; locked=&#8220;off&#8220; collapsed=&#8220;off&#8220; global_colors_info=&#8220;{}&#8220;][et_pb_row _builder_version=&#8220;4.16&#8243; _module_preset=&#8220;a5ffc339-760b-420b-ab1c-74de3f804064&#8243; global_colors_info=&#8220;{}&#8220;][et_pb_column type=&#8220;4_4&#8243; _builder_version=&#8220;4.16&#8243; _module_preset=&#8220;default&#8220; global_colors_info=&#8220;{}&#8220;][et_pb_text admin_label=&#8220;Canal \u00e8tic&#8220; _builder_version=&#8220;4.17.4&#8243; _module_preset=&#8220;f1e0e75e-444a-45fd-a7a1-01dd37f8b987&#8243; global_colors_info=&#8220;{}&#8220;]<\/p>\n<h1>Ethischer Kanal<\/h1>\n<p>[\/et_pb_text][\/et_pb_column][\/et_pb_row][\/et_pb_section][et_pb_section fb_built=&#8220;1&#8243; module_id=&#8220;etischer-Kanal&#8220; _builder_version=&#8220;4.17.3&#8243; _module_preset=&#8220;default&#8220; custom_padding=&#8220;||||false|false&#8220; global_colors_info=&#8220;{}&#8220;][et_pb_row _builder_version=&#8220;4.17.3&#8243; _module_preset=&#8220;default&#8220; global_colors_info=&#8220;{}&#8220;][et_pb_column type=&#8220;4_4&#8243; _builder_version=&#8220;4.17.3&#8243; _module_preset=&#8220;default&#8220; global_colors_info=&#8220;{}&#8220;][et_pb_text admin_label=&#8220;Titol&#8220; _builder_version=&#8220;4.17.4&#8243; _module_preset=&#8220;default&#8220; module_alignment=&#8220;center&#8220; locked=&#8220;off&#8220; global_colors_info=&#8220;{}&#8220;]<\/p>\n<div id=\"Content\">\n<div id=\"banner\">\n<p>Der Club N\u00e0utic Sant Feliu de Gu\u00edxols handelt nach den h\u00f6chsten Standards des Engagements f\u00fcr ethisches und verantwortungsvolles Handeln. Ebenso dr\u00fccken wir unsere entschiedene Ablehnung von Fakten oder Handlungen aus, die als Verbrechen angesehen werden k\u00f6nnen oder gegen die Gesetze und regulatorischen Rahmenbedingungen versto\u00dfen, die f\u00fcr unsere Aktivit\u00e4ten und Operationen gelten.<\/p>\n<p>In Bezug auf diese Verpflichtung f\u00f6rdern wir die Kommunikation im Allgemeinen, das Recht und die Pflicht, jede Handlung oder Tatsache mitzuteilen oder zu melden, die die Begehung von Verbrechen, Verst\u00f6\u00dfe gegen die f\u00fcr uns geltenden Gesetze und Vorschriften sowie ein Verhalten beinhalten kann, das gegen unsere Kodizes, Protokolle und internen Handlungsregeln verst\u00f6\u00dft. Aus diesem Grund hat das Unternehmen einen freiwilligen Anonymit\u00e4tskanal eingerichtet, der den Datenschutz und den Schutz des Beschwerdef\u00fchrers respektiert. All dies, um den Kommunikatoren und Betroffenen maximale Garantien und Rechte zu bieten.<\/p>\n<p>Sie k\u00f6nnen uns Ihr Anliegen an das beigef\u00fcgte Formular senden.<\/p>\n<\/div>\n<\/div>\n<p>[\/et_pb_text][et_pb_button button_text=&#8220;Anonymes Hinweisgeberformular&#8220; module_class=&#8220;btn-form-canal-etic&#8220; _builder_version=&#8220;4.17.4&#8243; _module_preset=&#8220;default&#8220; custom_button=&#8220;on&#8220; button_text_size=&#8220;20px&#8220; button_text_color=&#8220;#FFFFFF&#8220; button_bg_color=&#8220;#001f5b&#8220; button_border_width=&#8220;0px&#8220; button_border_color=&#8220;RGBA(255,255,255,0)&#8220; button_font=&#8220;Cormorant Garamond||||||||&#8220; button_icon=&#8220;&#xf21b;||fa||900&#8243; button_icon_placement=&#8220;left&#8220; button_on_hover=&#8220;off&#8220; hover_enabled=&#8220;0&#8243; global_colors_info=&#8220;{}&#8220; sticky_enabled=&#8220;0&#8243; admin_label=&#8220;Bot\u00f3n formulario an\u00f3nimo&#8220;][\/et_pb_button][et_pb_code module_class=&#8220;s-form-canal-etic&#8220; _builder_version=&#8220;4.17.3&#8243; _module_preset=&#8220;default&#8220; hover_enabled=&#8220;0&#8243; custom_css_main_element=&#8220;display:none;&#8220; global_colors_info=&#8220;{}&#8220; sticky_enabled=&#8220;0&#8243;]<div class=\"wpforms-container wpforms-container-full\" id=\"wpforms-355069\"><form id=\"wpforms-form-355069\" class=\"wpforms-validate wpforms-form wpforms-ajax-form\" data-formid=\"355069\" method=\"post\" enctype=\"multipart\/form-data\" action=\"\/de\/wp-json\/wp\/v2\/pages\/354984\" data-token=\"2f2db8a26bec3d856289cd371e394d5c\" data-token-time=\"1776547458\"><noscript class=\"wpforms-error-noscript\">Bitte aktiviere JavaScript in deinem Browser, um dieses Formular fertigzustellen.<\/noscript><div class=\"wpforms-field-container\"><div id=\"wpforms-355069-field_1-container\" class=\"wpforms-field wpforms-field-select wpforms-field-select-style-classic\" data-field-id=\"1\"><label class=\"wpforms-field-label\" for=\"wpforms-355069-field_1\">Welche Beziehung haben Sie zum Club Nautic Sant Feliu de Guixols?<\/label><select id=\"wpforms-355069-field_1\" class=\"wpforms-field-medium\" name=\"wpforms[fields][1]\"><option value=\"Kunde\"  class=\"choice-1 depth-1\"  >Kunde<\/option><option value=\"Kollaborateur\"  class=\"choice-2 depth-1\"  >Kollaborateur<\/option><option value=\"Anbieter\"  class=\"choice-3 depth-1\"  >Anbieter<\/option><option value=\"Arbeitnehmer\"  class=\"choice-4 depth-1\"  >Arbeitnehmer<\/option><option value=\"Gesch\u00e4ftsf\u00fchrend\"  class=\"choice-5 depth-1\"  >Gesch\u00e4ftsf\u00fchrend<\/option><option value=\"Freiwilliger\"  class=\"choice-6 depth-1\"  >Freiwilliger<\/option><option value=\"Andere\"  class=\"choice-7 depth-1\"  >Andere<\/option><\/select><\/div><div id=\"wpforms-355069-field_4-container\" class=\"wpforms-field wpforms-field-checkbox wpforms-list-2-columns\" data-field-id=\"4\"><label class=\"wpforms-field-label\">Profil der beteiligten Personen.<\/label><ul id=\"wpforms-355069-field_4\"><li class=\"choice-1 depth-1\"><input type=\"checkbox\" id=\"wpforms-355069-field_4_1\" name=\"wpforms[fields][4][]\" value=\"Kunde\"  ><label class=\"wpforms-field-label-inline\" for=\"wpforms-355069-field_4_1\">Kunde<\/label><\/li><li class=\"choice-2 depth-1\"><input type=\"checkbox\" id=\"wpforms-355069-field_4_2\" name=\"wpforms[fields][4][]\" value=\"Kollaborateur\"  ><label class=\"wpforms-field-label-inline\" for=\"wpforms-355069-field_4_2\">Kollaborateur<\/label><\/li><li class=\"choice-3 depth-1\"><input type=\"checkbox\" id=\"wpforms-355069-field_4_3\" name=\"wpforms[fields][4][]\" value=\"Anbieter\"  ><label class=\"wpforms-field-label-inline\" for=\"wpforms-355069-field_4_3\">Anbieter<\/label><\/li><li class=\"choice-4 depth-1\"><input type=\"checkbox\" id=\"wpforms-355069-field_4_4\" name=\"wpforms[fields][4][]\" value=\"Arbeitnehmer\"  ><label class=\"wpforms-field-label-inline\" for=\"wpforms-355069-field_4_4\">Arbeitnehmer<\/label><\/li><li class=\"choice-5 depth-1\"><input type=\"checkbox\" id=\"wpforms-355069-field_4_5\" name=\"wpforms[fields][4][]\" value=\"Gesch\u00e4ftsf\u00fchrend\"  ><label class=\"wpforms-field-label-inline\" for=\"wpforms-355069-field_4_5\">Gesch\u00e4ftsf\u00fchrend<\/label><\/li><li class=\"choice-6 depth-1\"><input type=\"checkbox\" id=\"wpforms-355069-field_4_6\" name=\"wpforms[fields][4][]\" value=\"Freiwilliger\"  ><label class=\"wpforms-field-label-inline\" for=\"wpforms-355069-field_4_6\">Freiwilliger<\/label><\/li><li class=\"choice-7 depth-1\"><input type=\"checkbox\" id=\"wpforms-355069-field_4_7\" name=\"wpforms[fields][4][]\" value=\"Andere\"  ><label class=\"wpforms-field-label-inline\" for=\"wpforms-355069-field_4_7\">Andere<\/label><\/li><\/ul><\/div><div id=\"wpforms-355069-field_5-container\" class=\"wpforms-field wpforms-field-date-time\" data-field-id=\"5\"><label class=\"wpforms-field-label\">Haben Sie Kenntnis vom Datum des Vorfalls?<\/label><div class=\"wpforms-field-row wpforms-field-medium\"><div class=\"wpforms-field-row-block wpforms-date-type-datepicker\"><div class=\"wpforms-datepicker-wrap\"><input type=\"text\" id=\"wpforms-355069-field_5\" class=\"wpforms-field-date-time-date wpforms-datepicker\" data-date-format=\"d\/m\/Y\" data-disable-past-dates=\"0\" data-input=\"true\" name=\"wpforms[fields][5][date]\" ><a title=\"Datum leeren\" data-clear role=\"button\" tabindex=\"0\" class=\"wpforms-datepicker-clear\" aria-label=\"Datum leeren\" style=\"display:none;\"><\/a><\/div><label for=\"wpforms-355069-field_5\" class=\"wpforms-field-sublabel after\">Datum<\/label><\/div><div class=\"wpforms-field-row-block\"><input type=\"text\" id=\"wpforms-355069-field_5-time\" class=\"wpforms-field-date-time-time wpforms-timepicker\" data-time-format=\"g:i A\" data-step=\"30\" data-rule-time12h=\"true\" name=\"wpforms[fields][5][time]\" ><label for=\"wpforms-355069-field_5-time\" class=\"wpforms-field-sublabel after\">Zeit<\/label><\/div><\/div><\/div><div id=\"wpforms-355069-field_6-container\" class=\"wpforms-field wpforms-field-textarea\" data-field-id=\"6\"><label class=\"wpforms-field-label\" for=\"wpforms-355069-field_6\">G\u00e4stebewertungen <span class=\"wpforms-required-label\">*<\/span><\/label><textarea id=\"wpforms-355069-field_6\" class=\"wpforms-field-medium wpforms-field-required\" name=\"wpforms[fields][6]\" required><\/textarea><\/div><div id=\"wpforms-355069-field_7-container\" class=\"wpforms-field wpforms-field-checkbox wpforms-conditional-trigger\" data-field-id=\"7\"><label class=\"wpforms-field-label wpforms-label-hide\">Anonym bleiben<\/label><ul id=\"wpforms-355069-field_7\"><li class=\"choice-1 depth-1 wpforms-selected\"><input type=\"checkbox\" id=\"wpforms-355069-field_7_1\" name=\"wpforms[fields][7][]\" value=\" Ich m\u00f6chte anonym bleiben\"   checked='checked'><label class=\"wpforms-field-label-inline\" for=\"wpforms-355069-field_7_1\">Ich m\u00f6chte anonym bleiben<\/label><\/li><\/ul><\/div><div id=\"wpforms-355069-field_8-container\" class=\"wpforms-field wpforms-field-name wpforms-conditional-field wpforms-conditional-hide\" data-field-id=\"8\"><label class=\"wpforms-field-label\" for=\"wpforms-355069-field_8\">Name<\/label><input type=\"text\" id=\"wpforms-355069-field_8\" class=\"wpforms-field-medium\" name=\"wpforms[fields][8]\" ><\/div><div id=\"wpforms-355069-field_9-container\" class=\"wpforms-field wpforms-field-phone wpforms-conditional-field wpforms-conditional-hide\" data-field-id=\"9\"><label class=\"wpforms-field-label\" for=\"wpforms-355069-field_9\">Telefon<\/label><input type=\"tel\" id=\"wpforms-355069-field_9\" class=\"wpforms-field-medium\" data-rule-int-phone-field=\"true\" name=\"wpforms[fields][9]\" aria-label=\"Telefon\" ><\/div><div id=\"wpforms-355069-field_10-container\" class=\"wpforms-field wpforms-field-email wpforms-conditional-field wpforms-conditional-hide\" data-field-id=\"10\"><label class=\"wpforms-field-label\" for=\"wpforms-355069-field_10\">E-Mail<\/label><input type=\"email\" id=\"wpforms-355069-field_10\" class=\"wpforms-field-medium\" name=\"wpforms[fields][10]\" spellcheck=\"false\" ><\/div><div id=\"wpforms-355069-field_11-container\" class=\"wpforms-field wpforms-field-gdpr-checkbox\" data-field-id=\"11\"><label class=\"wpforms-field-label wpforms-label-hide\">DSGVO-Zustimmung <span class=\"wpforms-required-label\">*<\/span><\/label><ul id=\"wpforms-355069-field_11\" class=\"wpforms-field-required\"><li class=\"choice-1\"><input type=\"checkbox\" id=\"wpforms-355069-field_11_1\" name=\"wpforms[fields][11][]\" value=\"Ich habe die Datenschutzerkl\u00e4rung gelesen und verstanden und akzeptiere die Allgemeinen Gesch\u00e4ftsbedingungen\" required ><label class=\"wpforms-field-label-inline\" for=\"wpforms-355069-field_11_1\">Ich habe die Datenschutzerkl\u00e4rung gelesen und verstanden und akzeptiere die Allgemeinen Gesch\u00e4ftsbedingungen <span class=\"wpforms-required-label\">*<\/span><\/label><\/li><\/ul><\/div><\/div><!-- .wpforms-field-container --><div class=\"wpforms-submit-container\" ><input type=\"hidden\" name=\"wpforms[id]\" value=\"355069\"><input type=\"hidden\" name=\"page_title\" value=\"\"><input type=\"hidden\" name=\"page_url\" value=\"https:\/\/cnsfg.cat\/de\/wp-json\/wp\/v2\/pages\/354984\"><input type=\"hidden\" name=\"url_referer\" value=\"\"><button type=\"submit\" name=\"wpforms[submit]\" id=\"wpforms-submit-355069\" class=\"wpforms-submit\" data-alt-text=\"Entsendung...\" data-submit-text=\"Senden\" aria-live=\"assertive\" value=\"wpforms-submit\">Senden<\/button><img loading=\"lazy\" decoding=\"async\" src=\"https:\/\/cnsfg.cat\/wp-content\/plugins\/wpforms\/assets\/images\/submit-spin.svg\" class=\"wpforms-submit-spinner\" style=\"display: none;\" width=\"26\" height=\"26\" alt=\"Wird geladen\"><\/div><\/form><\/div>  <!-- .wpforms-container -->[\/et_pb_code][et_pb_code _builder_version=&#8220;4.17.3&#8243; _module_preset=&#8220;default&#8220; hover_enabled=&#8220;0&#8243; global_colors_info=&#8220;{}&#8220; sticky_enabled=&#8220;0&#8243;]<script><!-- [et_pb_line_break_holder] --><!-- [et_pb_line_break_holder] -->jQuery(\".btn-form-canal-etic\").click(function(ev){<!-- [et_pb_line_break_holder] -->    ev.preventDefault();<!-- [et_pb_line_break_holder] -->    jQuery(\".s-form-canal-etic\").fadeIn(200);<!-- [et_pb_line_break_holder] -->    <!-- [et_pb_line_break_holder] -->    window.scroll({<!-- [et_pb_line_break_holder] -->      top: jQuery(\".s-form-canal-etic\").offset().top-200, <!-- [et_pb_line_break_holder] -->      left: 0, <!-- [et_pb_line_break_holder] -->      behavior: 'smooth'<!-- [et_pb_line_break_holder] -->    });<!-- [et_pb_line_break_holder] -->})<!-- [et_pb_line_break_holder] --><\/script>[\/et_pb_code][\/et_pb_column][\/et_pb_row][\/et_pb_section]<\/p>\n","protected":false},"excerpt":{"rendered":"<p>Ethischer Kanal Der Club N\u00e0utic Sant Feliu de Gu\u00edxols handelt nach den h\u00f6chsten Standards des Engagements f\u00fcr ethisches und verantwortungsvolles Handeln. Ebenso dr\u00fccken wir unsere entschiedene Ablehnung von Fakten oder [&hellip;]<\/p>\n","protected":false},"author":13,"featured_media":0,"parent":351919,"menu_order":0,"comment_status":"closed","ping_status":"closed","template":"","meta":{"_et_pb_use_builder":"on","_et_pb_old_content":"","_et_gb_content_width":"","footnotes":""},"difl_page_category":[],"class_list":["post-354984","page","type-page","status-publish","hentry"],"yoast_head":"<!-- This site is optimized with the Yoast SEO plugin v27.4 - https:\/\/yoast.com\/product\/yoast-seo-wordpress\/ -->\n<title>Ethischer Kanal - Club N\u00e0utic Sant Feliu de Guixols<\/title>\n<meta name=\"description\" content=\"Der Club N\u00e0utic Sant Feliu de Gu\u00edxols handelt nach den h\u00f6chsten Standards des Engagements f\u00fcr ethisches und verantwortungsvolles Handeln.\" \/>\n<meta name=\"robots\" content=\"index, follow, max-snippet:-1, max-image-preview:large, max-video-preview:-1\" \/>\n<link rel=\"canonical\" href=\"https:\/\/cnsfg.cat\/de\/der-klub\/ethischer-kanal\/\" \/>\n<meta property=\"og:locale\" content=\"de_DE\" \/>\n<meta property=\"og:type\" content=\"article\" \/>\n<meta property=\"og:title\" content=\"Ethischer Kanal - Club N\u00e0utic Sant Feliu de Guixols\" \/>\n<meta property=\"og:description\" content=\"Der Club N\u00e0utic Sant Feliu de Gu\u00edxols handelt nach den h\u00f6chsten Standards des Engagements f\u00fcr ethisches und verantwortungsvolles Handeln.\" \/>\n<meta property=\"og:url\" content=\"https:\/\/cnsfg.cat\/de\/der-klub\/ethischer-kanal\/\" \/>\n<meta property=\"og:site_name\" content=\"Club N\u00e0utic Sant Feliu de Guixols\" \/>\n<meta property=\"article:publisher\" content=\"https:\/\/www.facebook.com\/Club-N%c3%a0utic-Sant-Feliu-525823567569507\/\" \/>\n<meta property=\"article:modified_time\" content=\"2022-07-27T11:28:54+00:00\" \/>\n<meta name=\"twitter:card\" content=\"summary_large_image\" \/>\n<meta name=\"twitter:site\" content=\"@NauticSantFeliu\" \/>\n<script type=\"application\/ld+json\" class=\"yoast-schema-graph\">{\"@context\":\"https:\\\/\\\/schema.org\",\"@graph\":[{\"@type\":\"WebPage\",\"@id\":\"https:\\\/\\\/cnsfg.cat\\\/de\\\/der-klub\\\/ethischer-kanal\\\/\",\"url\":\"https:\\\/\\\/cnsfg.cat\\\/de\\\/der-klub\\\/ethischer-kanal\\\/\",\"name\":\"Ethischer Kanal - Club N\u00e0utic Sant Feliu de Guixols\",\"isPartOf\":{\"@id\":\"https:\\\/\\\/cnsfg.cat\\\/de\\\/#website\"},\"datePublished\":\"2022-05-05T08:14:57+00:00\",\"dateModified\":\"2022-07-27T11:28:54+00:00\",\"description\":\"Der Club N\u00e0utic Sant Feliu de Gu\u00edxols handelt nach den h\u00f6chsten Standards des Engagements f\u00fcr ethisches und verantwortungsvolles Handeln.\",\"breadcrumb\":{\"@id\":\"https:\\\/\\\/cnsfg.cat\\\/de\\\/der-klub\\\/ethischer-kanal\\\/#breadcrumb\"},\"inLanguage\":\"de\",\"potentialAction\":[{\"@type\":\"ReadAction\",\"target\":[\"https:\\\/\\\/cnsfg.cat\\\/de\\\/der-klub\\\/ethischer-kanal\\\/\"]}]},{\"@type\":\"BreadcrumbList\",\"@id\":\"https:\\\/\\\/cnsfg.cat\\\/de\\\/der-klub\\\/ethischer-kanal\\\/#breadcrumb\",\"itemListElement\":[{\"@type\":\"ListItem\",\"position\":1,\"name\":\"Portada\",\"item\":\"https:\\\/\\\/cnsfg.cat\\\/de\\\/\"},{\"@type\":\"ListItem\",\"position\":2,\"name\":\"Der Klub\",\"item\":\"https:\\\/\\\/cnsfg.cat\\\/de\\\/el-club\\\/\"},{\"@type\":\"ListItem\",\"position\":3,\"name\":\"Ethischer Kanal\"}]},{\"@type\":\"WebSite\",\"@id\":\"https:\\\/\\\/cnsfg.cat\\\/de\\\/#website\",\"url\":\"https:\\\/\\\/cnsfg.cat\\\/de\\\/\",\"name\":\"Club N\u00e0utic Sant Feliu de Guixols\",\"description\":\"Club n\u00e0utic amb m\u00e9s de 400 amarradors a Sant Feliu de Guixols, Costa Brava.\",\"publisher\":{\"@id\":\"https:\\\/\\\/cnsfg.cat\\\/de\\\/#organization\"},\"potentialAction\":[{\"@type\":\"SearchAction\",\"target\":{\"@type\":\"EntryPoint\",\"urlTemplate\":\"https:\\\/\\\/cnsfg.cat\\\/de\\\/?s={search_term_string}\"},\"query-input\":{\"@type\":\"PropertyValueSpecification\",\"valueRequired\":true,\"valueName\":\"search_term_string\"}}],\"inLanguage\":\"de\"},{\"@type\":\"Organization\",\"@id\":\"https:\\\/\\\/cnsfg.cat\\\/de\\\/#organization\",\"name\":\"Club Na\u00f9tic Sant Feliu de Guixols\",\"url\":\"https:\\\/\\\/cnsfg.cat\\\/de\\\/\",\"logo\":{\"@type\":\"ImageObject\",\"inLanguage\":\"de\",\"@id\":\"https:\\\/\\\/cnsfg.cat\\\/de\\\/#\\\/schema\\\/logo\\\/image\\\/\",\"url\":\"https:\\\/\\\/cnsfg.cat\\\/wp-content\\\/uploads\\\/2020\\\/03\\\/LOGO_CNSFG_180.png\",\"contentUrl\":\"https:\\\/\\\/cnsfg.cat\\\/wp-content\\\/uploads\\\/2020\\\/03\\\/LOGO_CNSFG_180.png\",\"width\":180,\"height\":71,\"caption\":\"Club Na\u00f9tic Sant Feliu de Guixols\"},\"image\":{\"@id\":\"https:\\\/\\\/cnsfg.cat\\\/de\\\/#\\\/schema\\\/logo\\\/image\\\/\"},\"sameAs\":[\"https:\\\/\\\/www.facebook.com\\\/Club-N\u00e0utic-Sant-Feliu-525823567569507\\\/\",\"https:\\\/\\\/x.com\\\/NauticSantFeliu\"]}]}<\/script>\n<!-- \/ Yoast SEO plugin. -->","yoast_head_json":{"title":"Ethischer Kanal - Club N\u00e0utic Sant Feliu de Guixols","description":"Der Club N\u00e0utic Sant Feliu de Gu\u00edxols handelt nach den h\u00f6chsten Standards des Engagements f\u00fcr ethisches und verantwortungsvolles Handeln.","robots":{"index":"index","follow":"follow","max-snippet":"max-snippet:-1","max-image-preview":"max-image-preview:large","max-video-preview":"max-video-preview:-1"},"canonical":"https:\/\/cnsfg.cat\/de\/der-klub\/ethischer-kanal\/","og_locale":"de_DE","og_type":"article","og_title":"Ethischer Kanal - Club N\u00e0utic Sant Feliu de Guixols","og_description":"Der Club N\u00e0utic Sant Feliu de Gu\u00edxols handelt nach den h\u00f6chsten Standards des Engagements f\u00fcr ethisches und verantwortungsvolles Handeln.","og_url":"https:\/\/cnsfg.cat\/de\/der-klub\/ethischer-kanal\/","og_site_name":"Club N\u00e0utic Sant Feliu de Guixols","article_publisher":"https:\/\/www.facebook.com\/Club-N%c3%a0utic-Sant-Feliu-525823567569507\/","article_modified_time":"2022-07-27T11:28:54+00:00","twitter_card":"summary_large_image","twitter_site":"@NauticSantFeliu","schema":{"@context":"https:\/\/schema.org","@graph":[{"@type":"WebPage","@id":"https:\/\/cnsfg.cat\/de\/der-klub\/ethischer-kanal\/","url":"https:\/\/cnsfg.cat\/de\/der-klub\/ethischer-kanal\/","name":"Ethischer Kanal - Club N\u00e0utic Sant Feliu de Guixols","isPartOf":{"@id":"https:\/\/cnsfg.cat\/de\/#website"},"datePublished":"2022-05-05T08:14:57+00:00","dateModified":"2022-07-27T11:28:54+00:00","description":"Der Club N\u00e0utic Sant Feliu de Gu\u00edxols handelt nach den h\u00f6chsten Standards des Engagements f\u00fcr ethisches und verantwortungsvolles Handeln.","breadcrumb":{"@id":"https:\/\/cnsfg.cat\/de\/der-klub\/ethischer-kanal\/#breadcrumb"},"inLanguage":"de","potentialAction":[{"@type":"ReadAction","target":["https:\/\/cnsfg.cat\/de\/der-klub\/ethischer-kanal\/"]}]},{"@type":"BreadcrumbList","@id":"https:\/\/cnsfg.cat\/de\/der-klub\/ethischer-kanal\/#breadcrumb","itemListElement":[{"@type":"ListItem","position":1,"name":"Portada","item":"https:\/\/cnsfg.cat\/de\/"},{"@type":"ListItem","position":2,"name":"Der Klub","item":"https:\/\/cnsfg.cat\/de\/el-club\/"},{"@type":"ListItem","position":3,"name":"Ethischer Kanal"}]},{"@type":"WebSite","@id":"https:\/\/cnsfg.cat\/de\/#website","url":"https:\/\/cnsfg.cat\/de\/","name":"Club N\u00e0utic Sant Feliu de Guixols","description":"Club n\u00e0utic amb m\u00e9s de 400 amarradors a Sant Feliu de Guixols, Costa Brava.","publisher":{"@id":"https:\/\/cnsfg.cat\/de\/#organization"},"potentialAction":[{"@type":"SearchAction","target":{"@type":"EntryPoint","urlTemplate":"https:\/\/cnsfg.cat\/de\/?s={search_term_string}"},"query-input":{"@type":"PropertyValueSpecification","valueRequired":true,"valueName":"search_term_string"}}],"inLanguage":"de"},{"@type":"Organization","@id":"https:\/\/cnsfg.cat\/de\/#organization","name":"Club Na\u00f9tic Sant Feliu de Guixols","url":"https:\/\/cnsfg.cat\/de\/","logo":{"@type":"ImageObject","inLanguage":"de","@id":"https:\/\/cnsfg.cat\/de\/#\/schema\/logo\/image\/","url":"https:\/\/cnsfg.cat\/wp-content\/uploads\/2020\/03\/LOGO_CNSFG_180.png","contentUrl":"https:\/\/cnsfg.cat\/wp-content\/uploads\/2020\/03\/LOGO_CNSFG_180.png","width":180,"height":71,"caption":"Club Na\u00f9tic Sant Feliu de Guixols"},"image":{"@id":"https:\/\/cnsfg.cat\/de\/#\/schema\/logo\/image\/"},"sameAs":["https:\/\/www.facebook.com\/Club-N\u00e0utic-Sant-Feliu-525823567569507\/","https:\/\/x.com\/NauticSantFeliu"]}]}},"_links":{"self":[{"href":"https:\/\/cnsfg.cat\/de\/wp-json\/wp\/v2\/pages\/354984","targetHints":{"allow":["GET"]}}],"collection":[{"href":"https:\/\/cnsfg.cat\/de\/wp-json\/wp\/v2\/pages"}],"about":[{"href":"https:\/\/cnsfg.cat\/de\/wp-json\/wp\/v2\/types\/page"}],"author":[{"embeddable":true,"href":"https:\/\/cnsfg.cat\/de\/wp-json\/wp\/v2\/users\/13"}],"replies":[{"embeddable":true,"href":"https:\/\/cnsfg.cat\/de\/wp-json\/wp\/v2\/comments?post=354984"}],"version-history":[{"count":0,"href":"https:\/\/cnsfg.cat\/de\/wp-json\/wp\/v2\/pages\/354984\/revisions"}],"up":[{"embeddable":true,"href":"https:\/\/cnsfg.cat\/de\/wp-json\/wp\/v2\/pages\/351919"}],"wp:attachment":[{"href":"https:\/\/cnsfg.cat\/de\/wp-json\/wp\/v2\/media?parent=354984"}],"wp:term":[{"taxonomy":"difl_page_category","embeddable":true,"href":"https:\/\/cnsfg.cat\/de\/wp-json\/wp\/v2\/difl_page_category?post=354984"}],"curies":[{"name":"wp","href":"https:\/\/api.w.org\/{rel}","templated":true}]}}