{"id":356665,"date":"2022-05-06T16:41:18","date_gmt":"2022-05-06T14:41:18","guid":{"rendered":"https:\/\/cnsfg.cat\/partnerbereich-t\/formularis\/"},"modified":"2022-06-17T19:32:16","modified_gmt":"2022-06-17T17:32:16","slug":"formen","status":"publish","type":"page","link":"https:\/\/cnsfg.cat\/de\/partnerbereich\/formen\/","title":{"rendered":"Formen"},"content":{"rendered":"<p>[et_pb_section fb_built=&#8220;1&#8243; admin_label=&#8220;Menu &#8211; tabs&#8220; _builder_version=&#8220;4.17.3&#8243; _module_preset=&#8220;default&#8220; width=&#8220;100%&#8220; max_width=&#8220;100%&#8220; custom_margin=&#8220;0px||0px||false|false&#8220; custom_padding=&#8220;0px||0px||false|false&#8220; locked=&#8220;off&#8220; global_colors_info=&#8220;{}&#8220;][et_pb_row _builder_version=&#8220;4.17.3&#8243; _module_preset=&#8220;default&#8220; width=&#8220;85%&#8220; max_width=&#8220;100%&#8220; custom_margin=&#8220;0px||0px||false|false&#8220; custom_padding=&#8220;0px||0px||false|false&#8220; global_colors_info=&#8220;{}&#8220;][et_pb_column type=&#8220;4_4&#8243; _builder_version=&#8220;4.17.3&#8243; _module_preset=&#8220;default&#8220; global_colors_info=&#8220;{}&#8220;][et_pb_code admin_label=&#8220;Shortcode-Men\u00fc&#8220; _builder_version=&#8220;4.17.3&#8243; _module_preset=&#8220;default&#8220; global_colors_info=&#8220;{}&#8220;]<div class='menu-tab-socis'><div class='tab-item tab-item-documentacio'><a href='https:\/\/cnsfg.cat\/socis\/documentacio\/'><img src='https:\/\/cnsfg.cat\/wp-content\/uploads\/2021\/08\/user.png' alt='documentacio'>Dokumentation<\/a><\/div><div class='tab-item tab-item-formularis selected'><a href='https:\/\/cnsfg.cat\/socis\/formularis\/'><img src='https:\/\/cnsfg.cat\/wp-content\/uploads\/2021\/04\/documentacio-1.png' alt='formularis'>Formen<\/a><\/div><div class='tab-item tab-item-tarifes'><a href='https:\/\/cnsfg.cat\/socis\/tarifes\/'><img src='https:\/\/cnsfg.cat\/wp-content\/uploads\/2021\/04\/003-contrato.png' alt='tarifes'>Grundsteuer<\/a><\/div><div class='tab-item tab-item-ofertes-especials'><a href='https:\/\/cnsfg.cat\/socis\/ofertes-especials\/'><img src='https:\/\/cnsfg.cat\/wp-content\/uploads\/2021\/08\/bolsa-de-la-compra.png' alt='ofertes-especials'>Spezialangebote<\/a><\/div><div class='tab-item tab-item-tauler-anuncis'><a href='https:\/\/cnsfg.cat\/socis\/tauler-anuncis\/'><img src='https:\/\/cnsfg.cat\/wp-content\/uploads\/2021\/08\/etiqueta-de-precio.png' alt='tauler-anuncis'>Anzeigen<\/a><\/div><div class='tab-item tab-item-renovacio-concessio'><a href='https:\/\/cnsfg.cat\/de\/partnerbereich\/formen\/'><img src='https:\/\/cnsfg.cat\/wp-content\/uploads\/2021\/08\/yacht.png' alt='renovacio-concessio'>Erneuerung der Konzession<\/a><\/div><div class='tab-item tab-item-dades-soci'><a href='https:\/\/cnsfg.cat\/socis\/dades-soci\/'><img src='https:\/\/cnsfg.cat\/wp-content\/uploads\/2021\/04\/002-mano.png' alt='dades-soci'>Mitgliederdaten<\/a><\/div><\/div>[\/et_pb_code][\/et_pb_column][\/et_pb_row][\/et_pb_section][et_pb_section fb_built=&#8220;1&#8243; admin_label=&#8220;Content tab&#8220; _builder_version=&#8220;4.17.3&#8243; width=&#8220;100%&#8220; max_width=&#8220;100%&#8220; custom_padding=&#8220;0px||||false|false&#8220; locked=&#8220;off&#8220; global_colors_info=&#8220;{}&#8220;][et_pb_row _builder_version=&#8220;4.17.3&#8243; background_color=&#8220;#e0e0e0&#8243; background_size=&#8220;initial&#8220; background_position=&#8220;top_left&#8220; background_repeat=&#8220;repeat&#8220; width=&#8220;85%&#8220; max_width=&#8220;100%&#8220; custom_padding=&#8220;23px|30px|23px|30px|true|true&#8220; global_colors_info=&#8220;{}&#8220;][et_pb_column type=&#8220;4_4&#8243; _builder_version=&#8220;4.16&#8243; custom_padding=&#8220;|||&#8220; global_colors_info=&#8220;{}&#8220; custom_padding__hover=&#8220;|||&#8220;][et_pb_text admin_label=&#8220;Titol formularis&#8220; _builder_version=&#8220;4.17.3&#8243; _module_preset=&#8220;default&#8220; global_colors_info=&#8220;{}&#8220;]<\/p>\n<h2 style=\"text-align: center;\"><strong>Zugangsantr\u00e4ge, Berechtigungen, Registrierung und Beendigung der Mitgliedschaft, Registrierung, &#8230;<\/strong><\/h2>\n<p>[\/et_pb_text][\/et_pb_column][\/et_pb_row][et_pb_row column_structure=&#8220;1_2,1_2&#8243; use_custom_gutter=&#8220;on&#8220; gutter_width=&#8220;2&#8243; _builder_version=&#8220;4.17.4&#8243; _module_preset=&#8220;default&#8220; background_color=&#8220;#e0e0e0&#8243; background_size=&#8220;initial&#8220; background_position=&#8220;top_left&#8220; background_repeat=&#8220;repeat&#8220; width=&#8220;85%&#8220; max_width=&#8220;100%&#8220; custom_padding=&#8220;0px|30px|26px|30px|false|true&#8220; global_colors_info=&#8220;{}&#8220;][et_pb_column type=&#8220;1_2&#8243; _builder_version=&#8220;4.17.4&#8243; _module_preset=&#8220;default&#8220; global_colors_info=&#8220;{}&#8220;][et_pb_blurb title=&#8220;Berechtigungsinhaber f\u00fcr Fachleute f\u00fcr die Arbeit&#8220; image=&#8220;https:\/\/cnsfg.cat\/wp-content\/uploads\/2022\/06\/pdf_icon.png&#8220; icon_placement=&#8220;left&#8220; module_class=&#8220;blurb-descarrega&#8220; _builder_version=&#8220;4.17.4&#8243; _module_preset=&#8220;default&#8220; global_colors_info=&#8220;{}&#8220;]<\/p>\n<div class=\"document-desc\">In diesem Link finden Sie ein Formular, mit dem Sie einem oder mehreren Industriellen den Zugang zu Ihrem Boot erm\u00e4chtigen, wenn es sich in den Einrichtungen des Sant Feliu de Gu\u00edxols befindet.<\/div>\n<p><a class=\"download-btn\" href=\"https:\/\/cnsfg.cat\/wp-content\/uploads\/2021\/07\/5.-CNSFG-AUTORITZACIO-PROPIETARIS-A-PROFESSIONALS-PER-TREBALLAR-A-LES-EMBARCACIONS_form.pdf\" target=\"_blank\" rel=\"noopener\">Herunterladen<\/a><\/p>\n<p>[\/et_pb_blurb][et_pb_blurb title=&#8220;Antrag f\u00fcr Eigent\u00fcmer Zugang zum technischen Bereich&#8220; image=&#8220;https:\/\/cnsfg.cat\/wp-content\/uploads\/2022\/06\/pdf_icon.png&#8220; icon_placement=&#8220;left&#8220; module_class=&#8220;blurb-descarrega&#8220; _builder_version=&#8220;4.17.4&#8243; _module_preset=&#8220;default&#8220; global_colors_info=&#8220;{}&#8220;]<\/p>\n<div class=\"document-desc\">\n<p>Der Zugang zum technischen Bereich ist auf Industrielle beschr\u00e4nkt, die gem\u00e4\u00df den Vorschriften f\u00fcr die Koordinierung der Gesch\u00e4ftst\u00e4tigkeit auf dem neuesten Stand sind, sowie auf die Eigent\u00fcmer des Schiffes.<\/p>\n<p>Die Eigent\u00fcmer des Bootes m\u00fcssen vor dem Zugang zum technischen Bereich an der Rezeption des Sant Feliu de Gu\u00edxols eine ausdr\u00fcckliche und ausschlie\u00dfliche Genehmigung f\u00fcr den Zugang des Partners und des nicht-professionellen Benutzers, der ein Boot besitzt, vorlegen. Unter folgendem Link finden Sie das Zulassungsantragsformular.<\/p>\n<\/div>\n<p><a class=\"download-btn\" href=\"https:\/\/cnsfg.cat\/wp-content\/uploads\/2021\/07\/4.-CNSFG-SOL%C2%B7LICITUD-DACCES-PROPIETARIS-A-LAREA-TECNICA_Form.pdf\" target=\"_blank\" rel=\"noopener\">Herunterladen<\/a><\/p>\n<p>[\/et_pb_blurb][\/et_pb_column][et_pb_column type=&#8220;1_2&#8243; _builder_version=&#8220;4.17.4&#8243; _module_preset=&#8220;default&#8220; global_colors_info=&#8220;{}&#8220;][et_pb_blurb title=&#8220;Allgemeine Sicherheitsstandards&#8220; image=&#8220;https:\/\/cnsfg.cat\/wp-content\/uploads\/2022\/06\/pdf_icon.png&#8220; icon_placement=&#8220;left&#8220; module_class=&#8220;blurb-descarrega&#8220; _builder_version=&#8220;4.17.4&#8243; _module_preset=&#8220;default&#8220; global_colors_info=&#8220;{}&#8220;]<\/p>\n<div class=\"document-desc\">\n<p>In diesem Link finden Sie die Regeln f\u00fcr Gesundheit und Sicherheit, Umweltschutz, Verhaltensregeln und Ma\u00dfnahmen, die im Notfall zu befolgen sind. Dies ist eine pr\u00e4ventive Information f\u00fcr Unternehmen und Selbstst\u00e4ndige, die ihre T\u00e4tigkeit in den Einrichtungen des Sant Feliu de Gu\u00edxols aus\u00fcben.<\/p>\n<p>F\u00fcr den Fall, dass ein Reeder einen Industriellen mit der Durchf\u00fchrung von Arbeiten an seinem Boot beauftragt, muss er verlangen, dass er sich vor dem Eintritt in den club n\u00e0utic an die Verwaltung des club n\u00e0utic wendet, um das Gesetz \u00fcber die Koordinierung der Gesch\u00e4ftst\u00e4tigkeit (CAE) einzuhalten. Dies bedeutet, dass der Industrielle bestimmte Unterlagen vorlegt, unter anderem die Annahme allgemeiner Regeln, die Sie unter diesem Link sehen k\u00f6nnen.<\/p>\n<\/div>\n<p><a href=\"https:\/\/cnsfg.cat\/wp-content\/uploads\/2021\/07\/3.-CNSFG-NORMES-GENERALS-SEGURETAT-PRL.pdf\" class=\"download-btn\" target=\"_blank\" rel=\"noopener\">Herunterladen<\/a><\/p>\n<p>[\/et_pb_blurb][\/et_pb_column][\/et_pb_row][\/et_pb_section]<\/p>\n","protected":false},"excerpt":{"rendered":"<p><div class='menu-tab-socis'><div class='tab-item tab-item-documentacio'><a href='https:\/\/cnsfg.cat\/socis\/documentacio\/'><img src='https:\/\/cnsfg.cat\/wp-content\/uploads\/2021\/08\/user.png' alt='documentacio'>Dokumentation<\/a><\/div><div class='tab-item tab-item-formularis selected'><a href='https:\/\/cnsfg.cat\/socis\/formularis\/'><img src='https:\/\/cnsfg.cat\/wp-content\/uploads\/2021\/04\/documentacio-1.png' alt='formularis'>Formen<\/a><\/div><div class='tab-item tab-item-tarifes'><a href='https:\/\/cnsfg.cat\/socis\/tarifes\/'><img src='https:\/\/cnsfg.cat\/wp-content\/uploads\/2021\/04\/003-contrato.png' alt='tarifes'>Grundsteuer<\/a><\/div><div class='tab-item tab-item-ofertes-especials'><a href='https:\/\/cnsfg.cat\/socis\/ofertes-especials\/'><img src='https:\/\/cnsfg.cat\/wp-content\/uploads\/2021\/08\/bolsa-de-la-compra.png' alt='ofertes-especials'>Spezialangebote<\/a><\/div><div class='tab-item tab-item-tauler-anuncis'><a href='https:\/\/cnsfg.cat\/socis\/tauler-anuncis\/'><img src='https:\/\/cnsfg.cat\/wp-content\/uploads\/2021\/08\/etiqueta-de-precio.png' alt='tauler-anuncis'>Anzeigen<\/a><\/div><div class='tab-item tab-item-renovacio-concessio'><a href='https:\/\/cnsfg.cat\/de\/et_pb_layout\/calendari-noticies-galeria\/'><img src='https:\/\/cnsfg.cat\/wp-content\/uploads\/2021\/08\/yacht.png' alt='renovacio-concessio'>Erneuerung der Konzession<\/a><\/div><div class='tab-item tab-item-dades-soci'><a href='https:\/\/cnsfg.cat\/socis\/dades-soci\/'><img src='https:\/\/cnsfg.cat\/wp-content\/uploads\/2021\/04\/002-mano.png' alt='dades-soci'>Mitgliederdaten<\/a><\/div><\/div>Zugangsantr\u00e4ge, Berechtigungen, Registrierung und Beendigung der Mitgliedschaft, Registrierung, &#8230;In diesem Link finden Sie ein Formular, mit dem Sie einem oder mehreren Industriellen den Zugang zu Ihrem Boot erm\u00e4chtigen, wenn [&hellip;]<\/p>\n","protected":false},"author":13,"featured_media":0,"parent":356240,"menu_order":0,"comment_status":"closed","ping_status":"closed","template":"","meta":{"_et_pb_use_builder":"on","_et_pb_old_content":"","_et_gb_content_width":"","footnotes":""},"difl_page_category":[],"class_list":["post-356665","page","type-page","status-publish","hentry"],"yoast_head":"<!-- This site is optimized with the Yoast SEO plugin v27.4 - https:\/\/yoast.com\/product\/yoast-seo-wordpress\/ -->\n<title>Formen - Club N\u00e0utic Sant Feliu de Guixols<\/title>\n<meta name=\"description\" content=\"Hier finden Sie alle Unterlagen und Formulare wie Zugriffsanfragen, Berechtigungen, An- und Abmeldungen, Anmeldungen, ...\" \/>\n<meta name=\"robots\" content=\"index, follow, max-snippet:-1, max-image-preview:large, max-video-preview:-1\" \/>\n<link rel=\"canonical\" href=\"https:\/\/cnsfg.cat\/de\/partnerbereich\/formen\/\" \/>\n<meta property=\"og:locale\" content=\"de_DE\" \/>\n<meta property=\"og:type\" content=\"article\" \/>\n<meta property=\"og:title\" content=\"Formen - Club N\u00e0utic Sant Feliu de Guixols\" \/>\n<meta property=\"og:description\" content=\"Hier finden Sie alle Unterlagen und Formulare wie Zugriffsanfragen, Berechtigungen, An- und Abmeldungen, Anmeldungen, ...\" \/>\n<meta property=\"og:url\" content=\"https:\/\/cnsfg.cat\/de\/partnerbereich\/formen\/\" \/>\n<meta property=\"og:site_name\" content=\"Club N\u00e0utic Sant Feliu de Guixols\" \/>\n<meta property=\"article:publisher\" content=\"https:\/\/www.facebook.com\/Club-N%c3%a0utic-Sant-Feliu-525823567569507\/\" \/>\n<meta property=\"article:modified_time\" content=\"2022-06-17T17:32:16+00:00\" \/>\n<meta name=\"twitter:card\" content=\"summary_large_image\" \/>\n<meta name=\"twitter:site\" content=\"@NauticSantFeliu\" \/>\n<script type=\"application\/ld+json\" class=\"yoast-schema-graph\">{\"@context\":\"https:\\\/\\\/schema.org\",\"@graph\":[{\"@type\":\"WebPage\",\"@id\":\"https:\\\/\\\/cnsfg.cat\\\/de\\\/partnerbereich\\\/formen\\\/\",\"url\":\"https:\\\/\\\/cnsfg.cat\\\/de\\\/partnerbereich\\\/formen\\\/\",\"name\":\"Formen - Club N\u00e0utic Sant Feliu de Guixols\",\"isPartOf\":{\"@id\":\"https:\\\/\\\/cnsfg.cat\\\/de\\\/#website\"},\"datePublished\":\"2022-05-06T14:41:18+00:00\",\"dateModified\":\"2022-06-17T17:32:16+00:00\",\"description\":\"Hier finden Sie alle Unterlagen und Formulare wie Zugriffsanfragen, Berechtigungen, An- und Abmeldungen, Anmeldungen, ...\",\"breadcrumb\":{\"@id\":\"https:\\\/\\\/cnsfg.cat\\\/de\\\/partnerbereich\\\/formen\\\/#breadcrumb\"},\"inLanguage\":\"de\",\"potentialAction\":[{\"@type\":\"ReadAction\",\"target\":[\"https:\\\/\\\/cnsfg.cat\\\/de\\\/partnerbereich\\\/formen\\\/\"]}]},{\"@type\":\"BreadcrumbList\",\"@id\":\"https:\\\/\\\/cnsfg.cat\\\/de\\\/partnerbereich\\\/formen\\\/#breadcrumb\",\"itemListElement\":[{\"@type\":\"ListItem\",\"position\":1,\"name\":\"Portada\",\"item\":\"https:\\\/\\\/cnsfg.cat\\\/de\\\/\"},{\"@type\":\"ListItem\",\"position\":2,\"name\":\"Privatbereich Partner\",\"item\":\"https:\\\/\\\/cnsfg.cat\\\/de\\\/partnerbereich\\\/\"},{\"@type\":\"ListItem\",\"position\":3,\"name\":\"Formen\"}]},{\"@type\":\"WebSite\",\"@id\":\"https:\\\/\\\/cnsfg.cat\\\/de\\\/#website\",\"url\":\"https:\\\/\\\/cnsfg.cat\\\/de\\\/\",\"name\":\"Club N\u00e0utic Sant Feliu de Guixols\",\"description\":\"Club n\u00e0utic amb m\u00e9s de 400 amarradors a Sant Feliu de Guixols, Costa Brava.\",\"publisher\":{\"@id\":\"https:\\\/\\\/cnsfg.cat\\\/de\\\/#organization\"},\"potentialAction\":[{\"@type\":\"SearchAction\",\"target\":{\"@type\":\"EntryPoint\",\"urlTemplate\":\"https:\\\/\\\/cnsfg.cat\\\/de\\\/?s={search_term_string}\"},\"query-input\":{\"@type\":\"PropertyValueSpecification\",\"valueRequired\":true,\"valueName\":\"search_term_string\"}}],\"inLanguage\":\"de\"},{\"@type\":\"Organization\",\"@id\":\"https:\\\/\\\/cnsfg.cat\\\/de\\\/#organization\",\"name\":\"Club Na\u00f9tic Sant Feliu de Guixols\",\"url\":\"https:\\\/\\\/cnsfg.cat\\\/de\\\/\",\"logo\":{\"@type\":\"ImageObject\",\"inLanguage\":\"de\",\"@id\":\"https:\\\/\\\/cnsfg.cat\\\/de\\\/#\\\/schema\\\/logo\\\/image\\\/\",\"url\":\"https:\\\/\\\/cnsfg.cat\\\/wp-content\\\/uploads\\\/2020\\\/03\\\/LOGO_CNSFG_180.png\",\"contentUrl\":\"https:\\\/\\\/cnsfg.cat\\\/wp-content\\\/uploads\\\/2020\\\/03\\\/LOGO_CNSFG_180.png\",\"width\":180,\"height\":71,\"caption\":\"Club Na\u00f9tic Sant Feliu de Guixols\"},\"image\":{\"@id\":\"https:\\\/\\\/cnsfg.cat\\\/de\\\/#\\\/schema\\\/logo\\\/image\\\/\"},\"sameAs\":[\"https:\\\/\\\/www.facebook.com\\\/Club-N\u00e0utic-Sant-Feliu-525823567569507\\\/\",\"https:\\\/\\\/x.com\\\/NauticSantFeliu\"]}]}<\/script>\n<!-- \/ Yoast SEO plugin. -->","yoast_head_json":{"title":"Formen - Club N\u00e0utic Sant Feliu de Guixols","description":"Hier finden Sie alle Unterlagen und Formulare wie Zugriffsanfragen, Berechtigungen, An- und Abmeldungen, Anmeldungen, ...","robots":{"index":"index","follow":"follow","max-snippet":"max-snippet:-1","max-image-preview":"max-image-preview:large","max-video-preview":"max-video-preview:-1"},"canonical":"https:\/\/cnsfg.cat\/de\/partnerbereich\/formen\/","og_locale":"de_DE","og_type":"article","og_title":"Formen - Club N\u00e0utic Sant Feliu de Guixols","og_description":"Hier finden Sie alle Unterlagen und Formulare wie Zugriffsanfragen, Berechtigungen, An- und Abmeldungen, Anmeldungen, ...","og_url":"https:\/\/cnsfg.cat\/de\/partnerbereich\/formen\/","og_site_name":"Club N\u00e0utic Sant Feliu de Guixols","article_publisher":"https:\/\/www.facebook.com\/Club-N%c3%a0utic-Sant-Feliu-525823567569507\/","article_modified_time":"2022-06-17T17:32:16+00:00","twitter_card":"summary_large_image","twitter_site":"@NauticSantFeliu","schema":{"@context":"https:\/\/schema.org","@graph":[{"@type":"WebPage","@id":"https:\/\/cnsfg.cat\/de\/partnerbereich\/formen\/","url":"https:\/\/cnsfg.cat\/de\/partnerbereich\/formen\/","name":"Formen - Club N\u00e0utic Sant Feliu de Guixols","isPartOf":{"@id":"https:\/\/cnsfg.cat\/de\/#website"},"datePublished":"2022-05-06T14:41:18+00:00","dateModified":"2022-06-17T17:32:16+00:00","description":"Hier finden Sie alle Unterlagen und Formulare wie Zugriffsanfragen, Berechtigungen, An- und Abmeldungen, Anmeldungen, ...","breadcrumb":{"@id":"https:\/\/cnsfg.cat\/de\/partnerbereich\/formen\/#breadcrumb"},"inLanguage":"de","potentialAction":[{"@type":"ReadAction","target":["https:\/\/cnsfg.cat\/de\/partnerbereich\/formen\/"]}]},{"@type":"BreadcrumbList","@id":"https:\/\/cnsfg.cat\/de\/partnerbereich\/formen\/#breadcrumb","itemListElement":[{"@type":"ListItem","position":1,"name":"Portada","item":"https:\/\/cnsfg.cat\/de\/"},{"@type":"ListItem","position":2,"name":"Privatbereich Partner","item":"https:\/\/cnsfg.cat\/de\/partnerbereich\/"},{"@type":"ListItem","position":3,"name":"Formen"}]},{"@type":"WebSite","@id":"https:\/\/cnsfg.cat\/de\/#website","url":"https:\/\/cnsfg.cat\/de\/","name":"Club N\u00e0utic Sant Feliu de Guixols","description":"Club n\u00e0utic amb m\u00e9s de 400 amarradors a Sant Feliu de Guixols, Costa Brava.","publisher":{"@id":"https:\/\/cnsfg.cat\/de\/#organization"},"potentialAction":[{"@type":"SearchAction","target":{"@type":"EntryPoint","urlTemplate":"https:\/\/cnsfg.cat\/de\/?s={search_term_string}"},"query-input":{"@type":"PropertyValueSpecification","valueRequired":true,"valueName":"search_term_string"}}],"inLanguage":"de"},{"@type":"Organization","@id":"https:\/\/cnsfg.cat\/de\/#organization","name":"Club Na\u00f9tic Sant Feliu de Guixols","url":"https:\/\/cnsfg.cat\/de\/","logo":{"@type":"ImageObject","inLanguage":"de","@id":"https:\/\/cnsfg.cat\/de\/#\/schema\/logo\/image\/","url":"https:\/\/cnsfg.cat\/wp-content\/uploads\/2020\/03\/LOGO_CNSFG_180.png","contentUrl":"https:\/\/cnsfg.cat\/wp-content\/uploads\/2020\/03\/LOGO_CNSFG_180.png","width":180,"height":71,"caption":"Club Na\u00f9tic Sant Feliu de Guixols"},"image":{"@id":"https:\/\/cnsfg.cat\/de\/#\/schema\/logo\/image\/"},"sameAs":["https:\/\/www.facebook.com\/Club-N\u00e0utic-Sant-Feliu-525823567569507\/","https:\/\/x.com\/NauticSantFeliu"]}]}},"_links":{"self":[{"href":"https:\/\/cnsfg.cat\/de\/wp-json\/wp\/v2\/pages\/356665","targetHints":{"allow":["GET"]}}],"collection":[{"href":"https:\/\/cnsfg.cat\/de\/wp-json\/wp\/v2\/pages"}],"about":[{"href":"https:\/\/cnsfg.cat\/de\/wp-json\/wp\/v2\/types\/page"}],"author":[{"embeddable":true,"href":"https:\/\/cnsfg.cat\/de\/wp-json\/wp\/v2\/users\/13"}],"replies":[{"embeddable":true,"href":"https:\/\/cnsfg.cat\/de\/wp-json\/wp\/v2\/comments?post=356665"}],"version-history":[{"count":0,"href":"https:\/\/cnsfg.cat\/de\/wp-json\/wp\/v2\/pages\/356665\/revisions"}],"up":[{"embeddable":true,"href":"https:\/\/cnsfg.cat\/de\/wp-json\/wp\/v2\/pages\/356240"}],"wp:attachment":[{"href":"https:\/\/cnsfg.cat\/de\/wp-json\/wp\/v2\/media?parent=356665"}],"wp:term":[{"taxonomy":"difl_page_category","embeddable":true,"href":"https:\/\/cnsfg.cat\/de\/wp-json\/wp\/v2\/difl_page_category?post=356665"}],"curies":[{"name":"wp","href":"https:\/\/api.w.org\/{rel}","templated":true}]}}