{"id":356691,"date":"2022-05-09T08:28:11","date_gmt":"2022-05-09T06:28:11","guid":{"rendered":"https:\/\/cnsfg.cat\/partnerbereich-t\/tauler-anuncis\/"},"modified":"2022-05-16T11:52:34","modified_gmt":"2022-05-16T09:52:34","slug":"anzeigen","status":"publish","type":"page","link":"https:\/\/cnsfg.cat\/de\/partnerbereich\/anzeigen\/","title":{"rendered":"Anzeigen"},"content":{"rendered":"<p>[et_pb_section fb_built=&#8220;1&#8243; admin_label=&#8220;Menu &#8211; tabs&#8220; _builder_version=&#8220;4.17.3&#8243; _module_preset=&#8220;default&#8220; width=&#8220;100%&#8220; max_width=&#8220;100%&#8220; custom_margin=&#8220;0px||0px||false|false&#8220; custom_padding=&#8220;0px||0px||false|false&#8220; locked=&#8220;off&#8220; global_colors_info=&#8220;{}&#8220;][et_pb_row _builder_version=&#8220;4.17.3&#8243; _module_preset=&#8220;default&#8220; width=&#8220;85%&#8220; max_width=&#8220;100%&#8220; custom_margin=&#8220;0px||0px||false|false&#8220; custom_padding=&#8220;0px||0px||false|false&#8220; global_colors_info=&#8220;{}&#8220;][et_pb_column type=&#8220;4_4&#8243; _builder_version=&#8220;4.17.3&#8243; _module_preset=&#8220;default&#8220; global_colors_info=&#8220;{}&#8220;][et_pb_code admin_label=&#8220;Shortcode menu&#8220; _builder_version=&#8220;4.17.3&#8243; _module_preset=&#8220;default&#8220; global_colors_info=&#8220;{}&#8220;]<div class='menu-tab-socis'><div class='tab-item tab-item-documentacio'><a href='https:\/\/cnsfg.cat\/socis\/documentacio\/'><img src='https:\/\/cnsfg.cat\/wp-content\/uploads\/2021\/08\/user.png' alt='documentacio'>Dokumentation<\/a><\/div><div class='tab-item tab-item-formularis'><a href='https:\/\/cnsfg.cat\/socis\/formularis\/'><img src='https:\/\/cnsfg.cat\/wp-content\/uploads\/2021\/04\/documentacio-1.png' alt='formularis'>Formen<\/a><\/div><div class='tab-item tab-item-tarifes'><a href='https:\/\/cnsfg.cat\/socis\/tarifes\/'><img src='https:\/\/cnsfg.cat\/wp-content\/uploads\/2021\/04\/003-contrato.png' alt='tarifes'>Grundsteuer<\/a><\/div><div class='tab-item tab-item-ofertes-especials'><a href='https:\/\/cnsfg.cat\/socis\/ofertes-especials\/'><img src='https:\/\/cnsfg.cat\/wp-content\/uploads\/2021\/08\/bolsa-de-la-compra.png' alt='ofertes-especials'>Spezialangebote<\/a><\/div><div class='tab-item tab-item-tauler-anuncis selected'><a href='https:\/\/cnsfg.cat\/socis\/tauler-anuncis\/'><img src='https:\/\/cnsfg.cat\/wp-content\/uploads\/2021\/08\/etiqueta-de-precio.png' alt='tauler-anuncis'>Anzeigen<\/a><\/div><div class='tab-item tab-item-renovacio-concessio'><a href='https:\/\/cnsfg.cat\/de\/partnerbereich\/anzeigen\/'><img src='https:\/\/cnsfg.cat\/wp-content\/uploads\/2021\/08\/yacht.png' alt='renovacio-concessio'>Erneuerung der Konzession<\/a><\/div><div class='tab-item tab-item-dades-soci'><a href='https:\/\/cnsfg.cat\/socis\/dades-soci\/'><img src='https:\/\/cnsfg.cat\/wp-content\/uploads\/2021\/04\/002-mano.png' alt='dades-soci'>Mitgliederdaten<\/a><\/div><\/div>[\/et_pb_code][\/et_pb_column][\/et_pb_row][\/et_pb_section][et_pb_section fb_built=&#8220;1&#8243; admin_label=&#8220;Content tab&#8220; _builder_version=&#8220;4.17.3&#8243; width=&#8220;100%&#8220; max_width=&#8220;100%&#8220; custom_padding=&#8220;0px||||false|false&#8220; locked=&#8220;off&#8220; global_colors_info=&#8220;{}&#8220;][et_pb_row _builder_version=&#8220;4.17.3&#8243; background_color=&#8220;#e0e0e0&#8243; background_size=&#8220;initial&#8220; background_position=&#8220;top_left&#8220; background_repeat=&#8220;repeat&#8220; width=&#8220;85%&#8220; max_width=&#8220;100%&#8220; custom_padding=&#8220;23px|30px|23px|30px|true|true&#8220; global_colors_info=&#8220;{}&#8220;][et_pb_column type=&#8220;4_4&#8243; _builder_version=&#8220;4.16&#8243; custom_padding=&#8220;|||&#8220; global_colors_info=&#8220;{}&#8220; custom_padding__hover=&#8220;|||&#8220;][et_pb_text admin_label=&#8220;Titol tauler anuncis&#8220; _builder_version=&#8220;4.17.3&#8243; _module_preset=&#8220;default&#8220; text_text_color=&#8220;#9b9b9b&#8220; text_font_size=&#8220;16px&#8220; text_orientation=&#8220;center&#8220; global_colors_info=&#8220;{}&#8220;]<\/p>\n<h2 style=\"text-align: center;\"><strong>Schwarzes Brett: Kauf, Verkauf, Vermietung und Dienstleistungen<\/strong><\/h2>\n<p>[\/et_pb_text][et_pb_button button_url=&#8220;@ET-DC@eyJkeW5hbWljIjp0cnVlLCJjb250ZW50IjoicG9zdF9saW5rX3VybF9wYWdlIiwic2V0dGluZ3MiOnsicG9zdF9pZCI6IjM1NjcxNSJ9fQ==@&#8220; button_text=&#8220;Mein Konto&#8220; button_alignment=&#8220;center&#8220; admin_label=&#8220;El meu compte&#8220; _builder_version=&#8220;4.17.3&#8243; _dynamic_attributes=&#8220;button_url&#8220; _module_preset=&#8220;default&#8220; custom_button=&#8220;on&#8220; button_text_color=&#8220;#FFFFFF&#8220; button_bg_color=&#8220;#001f5b&#8220; button_border_color=&#8220;RGBA(255,255,255,0)&#8220; button_border_radius=&#8220;3px&#8220; button_use_icon=&#8220;off&#8220; global_colors_info=&#8220;{}&#8220;][\/et_pb_button][et_pb_text admin_label=&#8220;Anuncis cercador&#8220; _builder_version=&#8220;4.17.3&#8243; _module_preset=&#8220;default&#8220; custom_margin=&#8220;||30px||false|false&#8220; custom_padding=&#8220;||||false|false&#8220; global_colors_info=&#8220;{}&#8220;]<\/p>\n<div class='listings_search_shortcode'><\/div>\n<p>[\/et_pb_text][et_pb_code admin_label=&#8220;Anuncis&#8220; _builder_version=&#8220;4.17.3&#8243; _module_preset=&#8220;default&#8220; hover_enabled=&#8220;0&#8243; global_colors_info=&#8220;{}&#8220; sticky_enabled=&#8220;0&#8243;][rtcl_filter_listings show_category=&#8217;1&#8242; view=&#8217;grid&#8216; columns=&#8220;3&#8243; show_location=&#8217;0&#8242; show_labels=&#8217;1&#8242; show_price=&#8217;1&#8242; show_date=&#8217;0&#8242; show_user=&#8217;1&#8242; show_views=&#8217;1&#8242; ][\/et_pb_code][et_pb_button button_url=&#8220;@ET-DC@eyJkeW5hbWljIjp0cnVlLCJjb250ZW50IjoicG9zdF9saW5rX3VybF9wYWdlIiwic2V0dGluZ3MiOnsicG9zdF9pZCI6IjM1NTczOSJ9fQ==@&#8220; button_text=&#8220;Alles sehen&#8220; button_alignment=&#8220;center&#8220; admin_label=&#8220;Veure tots&#8220; _builder_version=&#8220;4.17.3&#8243; _dynamic_attributes=&#8220;button_url&#8220; _module_preset=&#8220;default&#8220; custom_button=&#8220;on&#8220; button_text_color=&#8220;#FFFFFF&#8220; button_bg_color=&#8220;#001f5b&#8220; button_border_color=&#8220;RGBA(255,255,255,0)&#8220; button_border_radius=&#8220;3px&#8220; button_use_icon=&#8220;off&#8220; global_colors_info=&#8220;{}&#8220;][\/et_pb_button][et_pb_button button_url=&#8220;@ET-DC@eyJkeW5hbWljIjp0cnVlLCJjb250ZW50IjoicG9zdF9saW5rX3VybF9wYWdlIiwic2V0dGluZ3MiOnsicG9zdF9pZCI6IjM1NTczMCJ9fQ==@&#8220; button_text=&#8220;Anzeige hinzuf\u00fcgen&#8220; button_alignment=&#8220;center&#8220; admin_label=&#8220;Nou anunci&#8220; _builder_version=&#8220;4.17.3&#8243; _dynamic_attributes=&#8220;button_url&#8220; _module_preset=&#8220;default&#8220; custom_button=&#8220;on&#8220; button_text_color=&#8220;#FFFFFF&#8220; button_bg_color=&#8220;#001f5b&#8220; button_border_color=&#8220;RGBA(255,255,255,0)&#8220; button_border_radius=&#8220;3px&#8220; button_use_icon=&#8220;off&#8220; global_colors_info=&#8220;{}&#8220;][\/et_pb_button][\/et_pb_column][\/et_pb_row][\/et_pb_section]<\/p>\n","protected":false},"excerpt":{"rendered":"<p><div class='menu-tab-socis'><div class='tab-item tab-item-documentacio'><a href='https:\/\/cnsfg.cat\/socis\/documentacio\/'><img src='https:\/\/cnsfg.cat\/wp-content\/uploads\/2021\/08\/user.png' alt='documentacio'>Dokumentation<\/a><\/div><div class='tab-item tab-item-formularis'><a href='https:\/\/cnsfg.cat\/socis\/formularis\/'><img src='https:\/\/cnsfg.cat\/wp-content\/uploads\/2021\/04\/documentacio-1.png' alt='formularis'>Formen<\/a><\/div><div class='tab-item tab-item-tarifes'><a href='https:\/\/cnsfg.cat\/socis\/tarifes\/'><img src='https:\/\/cnsfg.cat\/wp-content\/uploads\/2021\/04\/003-contrato.png' alt='tarifes'>Grundsteuer<\/a><\/div><div class='tab-item tab-item-ofertes-especials'><a href='https:\/\/cnsfg.cat\/socis\/ofertes-especials\/'><img src='https:\/\/cnsfg.cat\/wp-content\/uploads\/2021\/08\/bolsa-de-la-compra.png' alt='ofertes-especials'>Spezialangebote<\/a><\/div><div class='tab-item tab-item-tauler-anuncis selected'><a href='https:\/\/cnsfg.cat\/socis\/tauler-anuncis\/'><img src='https:\/\/cnsfg.cat\/wp-content\/uploads\/2021\/08\/etiqueta-de-precio.png' alt='tauler-anuncis'>Anzeigen<\/a><\/div><div class='tab-item tab-item-renovacio-concessio'><a href='https:\/\/cnsfg.cat\/de\/et_pb_layout\/calendari-noticies-galeria\/'><img src='https:\/\/cnsfg.cat\/wp-content\/uploads\/2021\/08\/yacht.png' alt='renovacio-concessio'>Erneuerung der Konzession<\/a><\/div><div class='tab-item tab-item-dades-soci'><a href='https:\/\/cnsfg.cat\/socis\/dades-soci\/'><img src='https:\/\/cnsfg.cat\/wp-content\/uploads\/2021\/04\/002-mano.png' alt='dades-soci'>Mitgliederdaten<\/a><\/div><\/div>Schwarzes Brett: Kauf, Verkauf, Vermietung und Dienstleistungen<div class='listings_search_shortcode'><\/div>[rtcl_filter_listings show_category=&#8217;1&#8242; view=&#8217;grid&#8216; columns=&#8220;3&#8243; show_location=&#8217;0&#8242; show_labels=&#8217;1&#8242; show_price=&#8217;1&#8242; show_date=&#8217;0&#8242; show_user=&#8217;1&#8242; show_views=&#8217;1&#8242; ]<\/p>\n","protected":false},"author":13,"featured_media":0,"parent":356240,"menu_order":0,"comment_status":"closed","ping_status":"closed","template":"","meta":{"_et_pb_use_builder":"on","_et_pb_old_content":"","_et_gb_content_width":"","footnotes":""},"difl_page_category":[],"class_list":["post-356691","page","type-page","status-publish","hentry"],"yoast_head":"<!-- This site is optimized with the Yoast SEO plugin v27.3 - https:\/\/yoast.com\/product\/yoast-seo-wordpress\/ -->\n<title>Anzeigen - Club N\u00e0utic Sant Feliu de Guixols<\/title>\n<meta name=\"robots\" content=\"index, follow, max-snippet:-1, max-image-preview:large, max-video-preview:-1\" \/>\n<link rel=\"canonical\" href=\"https:\/\/cnsfg.cat\/de\/partnerbereich\/anzeigen\/\" \/>\n<meta property=\"og:locale\" content=\"de_DE\" \/>\n<meta property=\"og:type\" content=\"article\" \/>\n<meta property=\"og:title\" content=\"Anzeigen - Club N\u00e0utic Sant Feliu de Guixols\" \/>\n<meta property=\"og:url\" content=\"https:\/\/cnsfg.cat\/de\/partnerbereich\/anzeigen\/\" \/>\n<meta property=\"og:site_name\" content=\"Club N\u00e0utic Sant Feliu de Guixols\" \/>\n<meta property=\"article:publisher\" content=\"https:\/\/www.facebook.com\/Club-N%c3%a0utic-Sant-Feliu-525823567569507\/\" \/>\n<meta property=\"article:modified_time\" content=\"2022-05-16T09:52:34+00:00\" \/>\n<meta name=\"twitter:card\" content=\"summary_large_image\" \/>\n<meta name=\"twitter:site\" content=\"@NauticSantFeliu\" \/>\n<script type=\"application\/ld+json\" class=\"yoast-schema-graph\">{\"@context\":\"https:\\\/\\\/schema.org\",\"@graph\":[{\"@type\":\"WebPage\",\"@id\":\"https:\\\/\\\/cnsfg.cat\\\/de\\\/partnerbereich\\\/anzeigen\\\/\",\"url\":\"https:\\\/\\\/cnsfg.cat\\\/de\\\/partnerbereich\\\/anzeigen\\\/\",\"name\":\"Anzeigen - Club N\u00e0utic Sant Feliu de Guixols\",\"isPartOf\":{\"@id\":\"https:\\\/\\\/cnsfg.cat\\\/de\\\/#website\"},\"datePublished\":\"2022-05-09T06:28:11+00:00\",\"dateModified\":\"2022-05-16T09:52:34+00:00\",\"breadcrumb\":{\"@id\":\"https:\\\/\\\/cnsfg.cat\\\/de\\\/partnerbereich\\\/anzeigen\\\/#breadcrumb\"},\"inLanguage\":\"de\",\"potentialAction\":[{\"@type\":\"ReadAction\",\"target\":[\"https:\\\/\\\/cnsfg.cat\\\/de\\\/partnerbereich\\\/anzeigen\\\/\"]}]},{\"@type\":\"BreadcrumbList\",\"@id\":\"https:\\\/\\\/cnsfg.cat\\\/de\\\/partnerbereich\\\/anzeigen\\\/#breadcrumb\",\"itemListElement\":[{\"@type\":\"ListItem\",\"position\":1,\"name\":\"Portada\",\"item\":\"https:\\\/\\\/cnsfg.cat\\\/de\\\/\"},{\"@type\":\"ListItem\",\"position\":2,\"name\":\"Privatbereich Partner\",\"item\":\"https:\\\/\\\/cnsfg.cat\\\/de\\\/partnerbereich\\\/\"}]},{\"@type\":\"WebSite\",\"@id\":\"https:\\\/\\\/cnsfg.cat\\\/de\\\/#website\",\"url\":\"https:\\\/\\\/cnsfg.cat\\\/de\\\/\",\"name\":\"Club N\u00e0utic Sant Feliu de Guixols\",\"description\":\"Club n\u00e0utic amb m\u00e9s de 400 amarradors a Sant Feliu de Guixols, Costa Brava.\",\"publisher\":{\"@id\":\"https:\\\/\\\/cnsfg.cat\\\/de\\\/#organization\"},\"potentialAction\":[{\"@type\":\"SearchAction\",\"target\":{\"@type\":\"EntryPoint\",\"urlTemplate\":\"https:\\\/\\\/cnsfg.cat\\\/de\\\/?s={search_term_string}\"},\"query-input\":{\"@type\":\"PropertyValueSpecification\",\"valueRequired\":true,\"valueName\":\"search_term_string\"}}],\"inLanguage\":\"de\"},{\"@type\":\"Organization\",\"@id\":\"https:\\\/\\\/cnsfg.cat\\\/de\\\/#organization\",\"name\":\"Club Na\u00f9tic Sant Feliu de Guixols\",\"url\":\"https:\\\/\\\/cnsfg.cat\\\/de\\\/\",\"logo\":{\"@type\":\"ImageObject\",\"inLanguage\":\"de\",\"@id\":\"https:\\\/\\\/cnsfg.cat\\\/de\\\/#\\\/schema\\\/logo\\\/image\\\/\",\"url\":\"https:\\\/\\\/cnsfg.cat\\\/wp-content\\\/uploads\\\/2020\\\/03\\\/LOGO_CNSFG_180.png\",\"contentUrl\":\"https:\\\/\\\/cnsfg.cat\\\/wp-content\\\/uploads\\\/2020\\\/03\\\/LOGO_CNSFG_180.png\",\"width\":180,\"height\":71,\"caption\":\"Club Na\u00f9tic Sant Feliu de Guixols\"},\"image\":{\"@id\":\"https:\\\/\\\/cnsfg.cat\\\/de\\\/#\\\/schema\\\/logo\\\/image\\\/\"},\"sameAs\":[\"https:\\\/\\\/www.facebook.com\\\/Club-N\u00e0utic-Sant-Feliu-525823567569507\\\/\",\"https:\\\/\\\/x.com\\\/NauticSantFeliu\"]}]}<\/script>\n<!-- \/ Yoast SEO plugin. -->","yoast_head_json":{"title":"Anzeigen - Club N\u00e0utic Sant Feliu de Guixols","robots":{"index":"index","follow":"follow","max-snippet":"max-snippet:-1","max-image-preview":"max-image-preview:large","max-video-preview":"max-video-preview:-1"},"canonical":"https:\/\/cnsfg.cat\/de\/partnerbereich\/anzeigen\/","og_locale":"de_DE","og_type":"article","og_title":"Anzeigen - Club N\u00e0utic Sant Feliu de Guixols","og_url":"https:\/\/cnsfg.cat\/de\/partnerbereich\/anzeigen\/","og_site_name":"Club N\u00e0utic Sant Feliu de Guixols","article_publisher":"https:\/\/www.facebook.com\/Club-N%c3%a0utic-Sant-Feliu-525823567569507\/","article_modified_time":"2022-05-16T09:52:34+00:00","twitter_card":"summary_large_image","twitter_site":"@NauticSantFeliu","schema":{"@context":"https:\/\/schema.org","@graph":[{"@type":"WebPage","@id":"https:\/\/cnsfg.cat\/de\/partnerbereich\/anzeigen\/","url":"https:\/\/cnsfg.cat\/de\/partnerbereich\/anzeigen\/","name":"Anzeigen - Club N\u00e0utic Sant Feliu de Guixols","isPartOf":{"@id":"https:\/\/cnsfg.cat\/de\/#website"},"datePublished":"2022-05-09T06:28:11+00:00","dateModified":"2022-05-16T09:52:34+00:00","breadcrumb":{"@id":"https:\/\/cnsfg.cat\/de\/partnerbereich\/anzeigen\/#breadcrumb"},"inLanguage":"de","potentialAction":[{"@type":"ReadAction","target":["https:\/\/cnsfg.cat\/de\/partnerbereich\/anzeigen\/"]}]},{"@type":"BreadcrumbList","@id":"https:\/\/cnsfg.cat\/de\/partnerbereich\/anzeigen\/#breadcrumb","itemListElement":[{"@type":"ListItem","position":1,"name":"Portada","item":"https:\/\/cnsfg.cat\/de\/"},{"@type":"ListItem","position":2,"name":"Privatbereich Partner","item":"https:\/\/cnsfg.cat\/de\/partnerbereich\/"}]},{"@type":"WebSite","@id":"https:\/\/cnsfg.cat\/de\/#website","url":"https:\/\/cnsfg.cat\/de\/","name":"Club N\u00e0utic Sant Feliu de Guixols","description":"Club n\u00e0utic amb m\u00e9s de 400 amarradors a Sant Feliu de Guixols, Costa Brava.","publisher":{"@id":"https:\/\/cnsfg.cat\/de\/#organization"},"potentialAction":[{"@type":"SearchAction","target":{"@type":"EntryPoint","urlTemplate":"https:\/\/cnsfg.cat\/de\/?s={search_term_string}"},"query-input":{"@type":"PropertyValueSpecification","valueRequired":true,"valueName":"search_term_string"}}],"inLanguage":"de"},{"@type":"Organization","@id":"https:\/\/cnsfg.cat\/de\/#organization","name":"Club Na\u00f9tic Sant Feliu de Guixols","url":"https:\/\/cnsfg.cat\/de\/","logo":{"@type":"ImageObject","inLanguage":"de","@id":"https:\/\/cnsfg.cat\/de\/#\/schema\/logo\/image\/","url":"https:\/\/cnsfg.cat\/wp-content\/uploads\/2020\/03\/LOGO_CNSFG_180.png","contentUrl":"https:\/\/cnsfg.cat\/wp-content\/uploads\/2020\/03\/LOGO_CNSFG_180.png","width":180,"height":71,"caption":"Club Na\u00f9tic Sant Feliu de Guixols"},"image":{"@id":"https:\/\/cnsfg.cat\/de\/#\/schema\/logo\/image\/"},"sameAs":["https:\/\/www.facebook.com\/Club-N\u00e0utic-Sant-Feliu-525823567569507\/","https:\/\/x.com\/NauticSantFeliu"]}]}},"_links":{"self":[{"href":"https:\/\/cnsfg.cat\/de\/wp-json\/wp\/v2\/pages\/356691","targetHints":{"allow":["GET"]}}],"collection":[{"href":"https:\/\/cnsfg.cat\/de\/wp-json\/wp\/v2\/pages"}],"about":[{"href":"https:\/\/cnsfg.cat\/de\/wp-json\/wp\/v2\/types\/page"}],"author":[{"embeddable":true,"href":"https:\/\/cnsfg.cat\/de\/wp-json\/wp\/v2\/users\/13"}],"replies":[{"embeddable":true,"href":"https:\/\/cnsfg.cat\/de\/wp-json\/wp\/v2\/comments?post=356691"}],"version-history":[{"count":0,"href":"https:\/\/cnsfg.cat\/de\/wp-json\/wp\/v2\/pages\/356691\/revisions"}],"up":[{"embeddable":true,"href":"https:\/\/cnsfg.cat\/de\/wp-json\/wp\/v2\/pages\/356240"}],"wp:attachment":[{"href":"https:\/\/cnsfg.cat\/de\/wp-json\/wp\/v2\/media?parent=356691"}],"wp:term":[{"taxonomy":"difl_page_category","embeddable":true,"href":"https:\/\/cnsfg.cat\/de\/wp-json\/wp\/v2\/difl_page_category?post=356691"}],"curies":[{"name":"wp","href":"https:\/\/api.w.org\/{rel}","templated":true}]}}