{"id":367649,"date":"2021-10-14T19:41:37","date_gmt":"2021-10-14T17:41:37","guid":{"rendered":"https:\/\/cnsfg.cat\/der-klub\/galerie\/"},"modified":"2025-07-22T14:38:51","modified_gmt":"2025-07-22T12:38:51","slug":"galerie","status":"publish","type":"page","link":"https:\/\/cnsfg.cat\/de\/der-klub\/galerie\/","title":{"rendered":"Galerie"},"content":{"rendered":"<p>[et_pb_section fb_built=&#8220;1&#8243; admin_label=&#8220;imagen&#8220; module_class=&#8220;tina_careers_header&#8220; _builder_version=&#8220;4.27.4&#8243; height_tablet=&#8220;350px&#8220; height_phone=&#8220;188px&#8220; height_last_edited=&#8220;on|phone&#8220; custom_padding=&#8220;0px||0px||false|false&#8220; locked=&#8220;off&#8220; collapsed=&#8220;off&#8220; global_colors_info=&#8220;{}&#8220; use_background_color_gradient=&#8220;on&#8220; background_last_edited=&#8220;on|desktop&#8220; background_color_gradient_stops=&#8220;rgba(255,255,255,0) 50%|#ffffff 100%&#8220; background_color_gradient_overlays_image=&#8220;on&#8220; background_image=&#8220;https:\/\/cnsfg.cat\/wp-content\/uploads\/2024\/08\/202408_CNS_CalaVigata_7D_0005-3000px-scaled.jpg&#8220; min_height=&#8220;450px&#8220; hover_enabled=&#8220;0&#8243; sticky_enabled=&#8220;0&#8243; title_text=&#8220;202408_CNS_CalaVigata_7D_0005-3000px&#8220;][\/et_pb_section][et_pb_section fb_built=&#8220;1&#8243; _builder_version=&#8220;4.16&#8243; _module_preset=&#8220;823a4ffd-90f5-4a00-a2e7-b31f4bace74d&#8220; custom_margin=&#8220;0px||||false|false&#8220; custom_margin_tablet=&#8220;&#8220; custom_margin_phone=&#8220;0px||0px||false|false&#8220; custom_margin_last_edited=&#8220;on|phone&#8220; locked=&#8220;off&#8220; collapsed=&#8220;off&#8220; global_colors_info=&#8220;{}&#8220;][et_pb_row _builder_version=&#8220;4.27.2&#8243; _module_preset=&#8220;a5ffc339-760b-420b-ab1c-74de3f804064&#8243; global_colors_info=&#8220;{}&#8220;][et_pb_column type=&#8220;4_4&#8243; _builder_version=&#8220;4.16&#8243; _module_preset=&#8220;default&#8220; global_colors_info=&#8220;{}&#8220;][et_pb_text admin_label=&#8220;Galeria titulo&#8220; _builder_version=&#8220;4.27.2&#8243; _module_preset=&#8220;f1e0e75e-444a-45fd-a7a1-01dd37f8b987&#8243; custom_margin=&#8220;-25px||||false|false&#8220; global_colors_info=&#8220;{}&#8220;]<\/p>\n<h1>Galerie<\/h1>\n<p>[\/et_pb_text][\/et_pb_column][\/et_pb_row][\/et_pb_section][et_pb_section fb_built=&#8220;1&#8243; disabled_on=&#8220;off|off|off&#8220; _builder_version=&#8220;4.27.4&#8243; _module_preset=&#8220;default&#8220; global_colors_info=&#8220;{}&#8220;][et_pb_row _builder_version=&#8220;4.27.4&#8243; _module_preset=&#8220;default&#8220; global_colors_info=&#8220;{}&#8220;][et_pb_column type=&#8220;4_4&#8243; _builder_version=&#8220;4.27.4&#8243; _module_preset=&#8220;default&#8220; global_colors_info=&#8220;{}&#8220;][et_pb_text admin_label=&#8220;Ens trassladem H2&#8243; _builder_version=&#8220;4.27.4&#8243; _module_preset=&#8220;default&#8220; global_colors_info=&#8220;{}&#8220;]<\/p>\n<h2>Wir wechseln zu Flickr!<\/h2>\n<p>[\/et_pb_text][et_pb_text admin_label=&#8220;texto&#8220; _builder_version=&#8220;4.27.4&#8243; _module_preset=&#8220;default&#8220; global_colors_info=&#8220;{}&#8220;]<\/p>\n<p>Ab Januar 2025 finden Sie alle Galerien auf unserer Flickr-Seite.<\/p>\n<p>[\/et_pb_text][et_pb_button button_url=&#8220;https:\/\/www.flickr.com\/photos\/cnsfg\/albums&#8220; url_new_window=&#8220;on&#8220; button_text=&#8220;Zur Flickr-Galerie&#8220; _builder_version=&#8220;4.27.4&#8243; _module_preset=&#8220;default&#8220; global_colors_info=&#8220;{}&#8220;][\/et_pb_button][\/et_pb_column][\/et_pb_row][\/et_pb_section][et_pb_section fb_built=&#8220;1&#8243; disabled_on=&#8220;on|on|on&#8220; admin_label=&#8220;portfolio socis&#8220; _builder_version=&#8220;4.27.2&#8243; _module_preset=&#8220;default&#8220; display_conditions=&#8220;W3siaWQiOiJkNjQwMDIzMi00YzA1LTQxZTctOTM5Ny00MTVmNzY3ODUwNzMiLCJjb25kaXRpb24iOiJ1c2VyUm9sZSIsImNvbmRpdGlvblNldHRpbmdzIjp7ImRpc3BsYXlSdWxlIjoiaXMiLCJ1c2VyUm9sZXMiOlt7ImxhYmVsIjoiU29jaXMiLCJ2YWx1ZSI6InVtX3NvY2lzIn0seyJsYWJlbCI6IkFkbWluaXN0cmF0b3IiLCJ2YWx1ZSI6ImFkbWluaXN0cmF0b3IifV0sInVzZXJJZHMiOiJVc2VyIElEcyBzZXBhcmF0ZWQgYnkgY29tbWFzIiwiYWRtaW5MYWJlbCI6IlVzZXIgUm9sZSIsImVuYWJsZUNvbmRpdGlvbiI6Im9uIn0sIm9wZXJhdG9yIjoiT1IifV0=&#8220; custom_margin=&#8220;-250px||||false|false&#8220; custom_padding=&#8220;2px|||||&#8220; disabled=&#8220;on&#8220; locked=&#8220;off&#8220; global_colors_info=&#8220;{}&#8220;][et_pb_row use_custom_gutter=&#8220;on&#8220; gutter_width=&#8220;2&#8243; _builder_version=&#8220;4.16&#8243; _module_preset=&#8220;default&#8220; width=&#8220;100%&#8220; max_width=&#8220;80%&#8220; custom_margin=&#8220;||||false|false&#8220; global_colors_info=&#8220;{}&#8220;][et_pb_column type=&#8220;4_4&#8243; _builder_version=&#8220;4.16&#8243; _module_preset=&#8220;default&#8220; global_colors_info=&#8220;{}&#8220;][et_pb_filterable_portfolio fullwidth=&#8220;off&#8220; posts_number=&#8220;12&#8243; include_categories=&#8220;44,45,439,47,440,46,669,1136,1309&#8243; show_categories=&#8220;off&#8220; zoom_icon_color=&#8220;rgba(255,217,18,0.73)&#8220; hover_overlay_color=&#8220;rgba(25,51,79,0.67)&#8220; hover_icon=&#8220;\ue042||divi||400&#8243; disabled_on=&#8220;off|off|off&#8220; module_class=&#8220;lwp-col-portfolio-old three-column-grid&#8220; _builder_version=&#8220;4.27.0&#8243; _module_preset=&#8220;default&#8220; filter_font=&#8220;|600|||||||&#8220; caption_font=&#8220;|600||on|||||&#8220; caption_text_align=&#8220;center&#8220; caption_text_color=&#8220;#909090&#8243; caption_font_size=&#8220;17px&#8220; text_orientation=&#8220;center&#8220; width=&#8220;100%&#8220; max_width=&#8220;100%&#8220; custom_margin=&#8220;||||false|false&#8220; custom_padding=&#8220;||||false|false&#8220; global_colors_info=&#8220;{}&#8220;][\/et_pb_filterable_portfolio][\/et_pb_column][\/et_pb_row][\/et_pb_section]<\/p>\n","protected":false},"excerpt":{"rendered":"<p>GalerieWir wechseln zu Flickr!Ab Januar 2025 finden Sie alle Galerien auf unserer Flickr-Seite.<\/p>\n","protected":false},"author":5,"featured_media":401613,"parent":351919,"menu_order":0,"comment_status":"closed","ping_status":"closed","template":"","meta":{"_et_pb_use_builder":"on","_et_pb_old_content":"","_et_gb_content_width":"","footnotes":""},"difl_page_category":[],"class_list":["post-367649","page","type-page","status-publish","has-post-thumbnail","hentry"],"yoast_head":"<!-- This site is optimized with the Yoast SEO plugin v27.3 - https:\/\/yoast.com\/product\/yoast-seo-wordpress\/ -->\n<title>Galerie - Club N\u00e0utic Sant Feliu de Guixols<\/title>\n<meta name=\"description\" content=\"Galerie von Fotos und Videos der Regatten, der Veranstaltungen, der Segelschule und anderer Aktivit\u00e4ten des Sant Feliu Yacht Club.\" \/>\n<meta name=\"robots\" content=\"index, follow, max-snippet:-1, max-image-preview:large, max-video-preview:-1\" \/>\n<link rel=\"canonical\" href=\"https:\/\/cnsfg.cat\/de\/der-klub\/galerie\/\" \/>\n<meta property=\"og:locale\" content=\"de_DE\" \/>\n<meta property=\"og:type\" content=\"article\" \/>\n<meta property=\"og:title\" content=\"Galerie - Club N\u00e0utic Sant Feliu de Guixols\" \/>\n<meta property=\"og:description\" content=\"Galerie von Fotos und Videos der Regatten, der Veranstaltungen, der Segelschule und anderer Aktivit\u00e4ten des Sant Feliu Yacht Club.\" \/>\n<meta property=\"og:url\" content=\"https:\/\/cnsfg.cat\/de\/der-klub\/galerie\/\" \/>\n<meta property=\"og:site_name\" content=\"Club N\u00e0utic Sant Feliu de Guixols\" \/>\n<meta property=\"article:publisher\" content=\"https:\/\/www.facebook.com\/Club-N%c3%a0utic-Sant-Feliu-525823567569507\/\" \/>\n<meta property=\"article:modified_time\" content=\"2025-07-22T12:38:51+00:00\" \/>\n<meta property=\"og:image\" content=\"https:\/\/cnsfg.cat\/wp-content\/uploads\/2024\/08\/202408_CNS_CalaVigata_7D_0005-3000px-scaled.jpg\" \/>\n\t<meta property=\"og:image:width\" content=\"2560\" \/>\n\t<meta property=\"og:image:height\" content=\"1707\" \/>\n\t<meta property=\"og:image:type\" content=\"image\/jpeg\" \/>\n<meta name=\"twitter:card\" content=\"summary_large_image\" \/>\n<meta name=\"twitter:site\" content=\"@NauticSantFeliu\" \/>\n<script type=\"application\/ld+json\" class=\"yoast-schema-graph\">{\"@context\":\"https:\\\/\\\/schema.org\",\"@graph\":[{\"@type\":\"WebPage\",\"@id\":\"https:\\\/\\\/cnsfg.cat\\\/de\\\/der-klub\\\/galerie\\\/\",\"url\":\"https:\\\/\\\/cnsfg.cat\\\/de\\\/der-klub\\\/galerie\\\/\",\"name\":\"Galerie - Club N\u00e0utic Sant Feliu de Guixols\",\"isPartOf\":{\"@id\":\"https:\\\/\\\/cnsfg.cat\\\/de\\\/#website\"},\"primaryImageOfPage\":{\"@id\":\"https:\\\/\\\/cnsfg.cat\\\/de\\\/der-klub\\\/galerie\\\/#primaryimage\"},\"image\":{\"@id\":\"https:\\\/\\\/cnsfg.cat\\\/de\\\/der-klub\\\/galerie\\\/#primaryimage\"},\"thumbnailUrl\":\"https:\\\/\\\/cnsfg.cat\\\/wp-content\\\/uploads\\\/2024\\\/08\\\/202408_CNS_CalaVigata_7D_0005-3000px-scaled.jpg\",\"datePublished\":\"2021-10-14T17:41:37+00:00\",\"dateModified\":\"2025-07-22T12:38:51+00:00\",\"description\":\"Galerie von Fotos und Videos der Regatten, der Veranstaltungen, der Segelschule und anderer Aktivit\u00e4ten des Sant Feliu Yacht Club.\",\"breadcrumb\":{\"@id\":\"https:\\\/\\\/cnsfg.cat\\\/de\\\/der-klub\\\/galerie\\\/#breadcrumb\"},\"inLanguage\":\"de\",\"potentialAction\":[{\"@type\":\"ReadAction\",\"target\":[\"https:\\\/\\\/cnsfg.cat\\\/de\\\/der-klub\\\/galerie\\\/\"]}]},{\"@type\":\"ImageObject\",\"inLanguage\":\"de\",\"@id\":\"https:\\\/\\\/cnsfg.cat\\\/de\\\/der-klub\\\/galerie\\\/#primaryimage\",\"url\":\"https:\\\/\\\/cnsfg.cat\\\/wp-content\\\/uploads\\\/2024\\\/08\\\/202408_CNS_CalaVigata_7D_0005-3000px-scaled.jpg\",\"contentUrl\":\"https:\\\/\\\/cnsfg.cat\\\/wp-content\\\/uploads\\\/2024\\\/08\\\/202408_CNS_CalaVigata_7D_0005-3000px-scaled.jpg\",\"width\":2560,\"height\":1707},{\"@type\":\"BreadcrumbList\",\"@id\":\"https:\\\/\\\/cnsfg.cat\\\/de\\\/der-klub\\\/galerie\\\/#breadcrumb\",\"itemListElement\":[{\"@type\":\"ListItem\",\"position\":1,\"name\":\"Portada\",\"item\":\"https:\\\/\\\/cnsfg.cat\\\/de\\\/\"},{\"@type\":\"ListItem\",\"position\":2,\"name\":\"Der Klub\",\"item\":\"https:\\\/\\\/cnsfg.cat\\\/de\\\/el-club\\\/\"},{\"@type\":\"ListItem\",\"position\":3,\"name\":\"Galerie\"}]},{\"@type\":\"WebSite\",\"@id\":\"https:\\\/\\\/cnsfg.cat\\\/de\\\/#website\",\"url\":\"https:\\\/\\\/cnsfg.cat\\\/de\\\/\",\"name\":\"Club N\u00e0utic Sant Feliu de Guixols\",\"description\":\"Club n\u00e0utic amb m\u00e9s de 400 amarradors a Sant Feliu de Guixols, Costa Brava.\",\"publisher\":{\"@id\":\"https:\\\/\\\/cnsfg.cat\\\/de\\\/#organization\"},\"potentialAction\":[{\"@type\":\"SearchAction\",\"target\":{\"@type\":\"EntryPoint\",\"urlTemplate\":\"https:\\\/\\\/cnsfg.cat\\\/de\\\/?s={search_term_string}\"},\"query-input\":{\"@type\":\"PropertyValueSpecification\",\"valueRequired\":true,\"valueName\":\"search_term_string\"}}],\"inLanguage\":\"de\"},{\"@type\":\"Organization\",\"@id\":\"https:\\\/\\\/cnsfg.cat\\\/de\\\/#organization\",\"name\":\"Club Na\u00f9tic Sant Feliu de Guixols\",\"url\":\"https:\\\/\\\/cnsfg.cat\\\/de\\\/\",\"logo\":{\"@type\":\"ImageObject\",\"inLanguage\":\"de\",\"@id\":\"https:\\\/\\\/cnsfg.cat\\\/de\\\/#\\\/schema\\\/logo\\\/image\\\/\",\"url\":\"https:\\\/\\\/cnsfg.cat\\\/wp-content\\\/uploads\\\/2020\\\/03\\\/LOGO_CNSFG_180.png\",\"contentUrl\":\"https:\\\/\\\/cnsfg.cat\\\/wp-content\\\/uploads\\\/2020\\\/03\\\/LOGO_CNSFG_180.png\",\"width\":180,\"height\":71,\"caption\":\"Club Na\u00f9tic Sant Feliu de Guixols\"},\"image\":{\"@id\":\"https:\\\/\\\/cnsfg.cat\\\/de\\\/#\\\/schema\\\/logo\\\/image\\\/\"},\"sameAs\":[\"https:\\\/\\\/www.facebook.com\\\/Club-N\u00e0utic-Sant-Feliu-525823567569507\\\/\",\"https:\\\/\\\/x.com\\\/NauticSantFeliu\"]}]}<\/script>\n<!-- \/ Yoast SEO plugin. -->","yoast_head_json":{"title":"Galerie - Club N\u00e0utic Sant Feliu de Guixols","description":"Galerie von Fotos und Videos der Regatten, der Veranstaltungen, der Segelschule und anderer Aktivit\u00e4ten des Sant Feliu Yacht Club.","robots":{"index":"index","follow":"follow","max-snippet":"max-snippet:-1","max-image-preview":"max-image-preview:large","max-video-preview":"max-video-preview:-1"},"canonical":"https:\/\/cnsfg.cat\/de\/der-klub\/galerie\/","og_locale":"de_DE","og_type":"article","og_title":"Galerie - Club N\u00e0utic Sant Feliu de Guixols","og_description":"Galerie von Fotos und Videos der Regatten, der Veranstaltungen, der Segelschule und anderer Aktivit\u00e4ten des Sant Feliu Yacht Club.","og_url":"https:\/\/cnsfg.cat\/de\/der-klub\/galerie\/","og_site_name":"Club N\u00e0utic Sant Feliu de Guixols","article_publisher":"https:\/\/www.facebook.com\/Club-N%c3%a0utic-Sant-Feliu-525823567569507\/","article_modified_time":"2025-07-22T12:38:51+00:00","og_image":[{"width":2560,"height":1707,"url":"https:\/\/cnsfg.cat\/wp-content\/uploads\/2024\/08\/202408_CNS_CalaVigata_7D_0005-3000px-scaled.jpg","type":"image\/jpeg"}],"twitter_card":"summary_large_image","twitter_site":"@NauticSantFeliu","schema":{"@context":"https:\/\/schema.org","@graph":[{"@type":"WebPage","@id":"https:\/\/cnsfg.cat\/de\/der-klub\/galerie\/","url":"https:\/\/cnsfg.cat\/de\/der-klub\/galerie\/","name":"Galerie - Club N\u00e0utic Sant Feliu de Guixols","isPartOf":{"@id":"https:\/\/cnsfg.cat\/de\/#website"},"primaryImageOfPage":{"@id":"https:\/\/cnsfg.cat\/de\/der-klub\/galerie\/#primaryimage"},"image":{"@id":"https:\/\/cnsfg.cat\/de\/der-klub\/galerie\/#primaryimage"},"thumbnailUrl":"https:\/\/cnsfg.cat\/wp-content\/uploads\/2024\/08\/202408_CNS_CalaVigata_7D_0005-3000px-scaled.jpg","datePublished":"2021-10-14T17:41:37+00:00","dateModified":"2025-07-22T12:38:51+00:00","description":"Galerie von Fotos und Videos der Regatten, der Veranstaltungen, der Segelschule und anderer Aktivit\u00e4ten des Sant Feliu Yacht Club.","breadcrumb":{"@id":"https:\/\/cnsfg.cat\/de\/der-klub\/galerie\/#breadcrumb"},"inLanguage":"de","potentialAction":[{"@type":"ReadAction","target":["https:\/\/cnsfg.cat\/de\/der-klub\/galerie\/"]}]},{"@type":"ImageObject","inLanguage":"de","@id":"https:\/\/cnsfg.cat\/de\/der-klub\/galerie\/#primaryimage","url":"https:\/\/cnsfg.cat\/wp-content\/uploads\/2024\/08\/202408_CNS_CalaVigata_7D_0005-3000px-scaled.jpg","contentUrl":"https:\/\/cnsfg.cat\/wp-content\/uploads\/2024\/08\/202408_CNS_CalaVigata_7D_0005-3000px-scaled.jpg","width":2560,"height":1707},{"@type":"BreadcrumbList","@id":"https:\/\/cnsfg.cat\/de\/der-klub\/galerie\/#breadcrumb","itemListElement":[{"@type":"ListItem","position":1,"name":"Portada","item":"https:\/\/cnsfg.cat\/de\/"},{"@type":"ListItem","position":2,"name":"Der Klub","item":"https:\/\/cnsfg.cat\/de\/el-club\/"},{"@type":"ListItem","position":3,"name":"Galerie"}]},{"@type":"WebSite","@id":"https:\/\/cnsfg.cat\/de\/#website","url":"https:\/\/cnsfg.cat\/de\/","name":"Club N\u00e0utic Sant Feliu de Guixols","description":"Club n\u00e0utic amb m\u00e9s de 400 amarradors a Sant Feliu de Guixols, Costa Brava.","publisher":{"@id":"https:\/\/cnsfg.cat\/de\/#organization"},"potentialAction":[{"@type":"SearchAction","target":{"@type":"EntryPoint","urlTemplate":"https:\/\/cnsfg.cat\/de\/?s={search_term_string}"},"query-input":{"@type":"PropertyValueSpecification","valueRequired":true,"valueName":"search_term_string"}}],"inLanguage":"de"},{"@type":"Organization","@id":"https:\/\/cnsfg.cat\/de\/#organization","name":"Club Na\u00f9tic Sant Feliu de Guixols","url":"https:\/\/cnsfg.cat\/de\/","logo":{"@type":"ImageObject","inLanguage":"de","@id":"https:\/\/cnsfg.cat\/de\/#\/schema\/logo\/image\/","url":"https:\/\/cnsfg.cat\/wp-content\/uploads\/2020\/03\/LOGO_CNSFG_180.png","contentUrl":"https:\/\/cnsfg.cat\/wp-content\/uploads\/2020\/03\/LOGO_CNSFG_180.png","width":180,"height":71,"caption":"Club Na\u00f9tic Sant Feliu de Guixols"},"image":{"@id":"https:\/\/cnsfg.cat\/de\/#\/schema\/logo\/image\/"},"sameAs":["https:\/\/www.facebook.com\/Club-N\u00e0utic-Sant-Feliu-525823567569507\/","https:\/\/x.com\/NauticSantFeliu"]}]}},"_links":{"self":[{"href":"https:\/\/cnsfg.cat\/de\/wp-json\/wp\/v2\/pages\/367649","targetHints":{"allow":["GET"]}}],"collection":[{"href":"https:\/\/cnsfg.cat\/de\/wp-json\/wp\/v2\/pages"}],"about":[{"href":"https:\/\/cnsfg.cat\/de\/wp-json\/wp\/v2\/types\/page"}],"author":[{"embeddable":true,"href":"https:\/\/cnsfg.cat\/de\/wp-json\/wp\/v2\/users\/5"}],"replies":[{"embeddable":true,"href":"https:\/\/cnsfg.cat\/de\/wp-json\/wp\/v2\/comments?post=367649"}],"version-history":[{"count":10,"href":"https:\/\/cnsfg.cat\/de\/wp-json\/wp\/v2\/pages\/367649\/revisions"}],"predecessor-version":[{"id":407312,"href":"https:\/\/cnsfg.cat\/de\/wp-json\/wp\/v2\/pages\/367649\/revisions\/407312"}],"up":[{"embeddable":true,"href":"https:\/\/cnsfg.cat\/de\/wp-json\/wp\/v2\/pages\/351919"}],"wp:featuredmedia":[{"embeddable":true,"href":"https:\/\/cnsfg.cat\/de\/wp-json\/wp\/v2\/media\/401613"}],"wp:attachment":[{"href":"https:\/\/cnsfg.cat\/de\/wp-json\/wp\/v2\/media?parent=367649"}],"wp:term":[{"taxonomy":"difl_page_category","embeddable":true,"href":"https:\/\/cnsfg.cat\/de\/wp-json\/wp\/v2\/difl_page_category?post=367649"}],"curies":[{"name":"wp","href":"https:\/\/api.w.org\/{rel}","templated":true}]}}