{"id":367949,"date":"2020-03-27T08:35:27","date_gmt":"2020-03-27T07:35:27","guid":{"rendered":"https:\/\/cnsfg.cat\/regatten\/kalender\/"},"modified":"2025-02-14T16:47:53","modified_gmt":"2025-02-14T15:47:53","slug":"kalender","status":"publish","type":"page","link":"https:\/\/cnsfg.cat\/de\/regatten\/kalender\/","title":{"rendered":"Kalender"},"content":{"rendered":"<p>[et_pb_section fb_built=&#8220;1&#8243; admin_label=&#8220;imagen&#8220; module_class=&#8220;tina_careers_header&#8220; _builder_version=&#8220;4.16&#8243; background_image=&#8220;https:\/\/cnsfg.cat\/wp-content\/uploads\/2021\/07\/calendari.jpg&#8220; background_position=&#8220;bottom_right&#8220; height=&#8220;450px&#8220; height_tablet=&#8220;350px&#8220; height_phone=&#8220;188px&#8220; height_last_edited=&#8220;on|phone&#8220; custom_margin_tablet=&#8220;&#8220; custom_margin_phone=&#8220;70px||||false|false&#8220; custom_margin_last_edited=&#8220;on|phone&#8220; custom_padding=&#8220;0px||0px||false|false&#8220; background_last_edited=&#8220;on|desktop&#8220; locked=&#8220;off&#8220; global_colors_info=&#8220;{}&#8220;][\/et_pb_section][et_pb_section fb_built=&#8220;1&#8243; _builder_version=&#8220;4.27.2&#8243; _module_preset=&#8220;823a4ffd-90f5-4a00-a2e7-b31f4bace74d&#8220; custom_margin=&#8220;0px||||false|false&#8220; custom_margin_tablet=&#8220;&#8220; custom_margin_phone=&#8220;0px||0px||false|false&#8220; custom_margin_last_edited=&#8220;on|phone&#8220; hover_enabled=&#8220;0&#8243; locked=&#8220;off&#8220; collapsed=&#8220;off&#8220; global_colors_info=&#8220;{}&#8220; sticky_enabled=&#8220;0&#8243;][et_pb_row _builder_version=&#8220;4.27.2&#8243; _module_preset=&#8220;a5ffc339-760b-420b-ab1c-74de3f804064&#8243; hover_enabled=&#8220;0&#8243; global_colors_info=&#8220;{}&#8220; sticky_enabled=&#8220;0&#8243;][et_pb_column type=&#8220;4_4&#8243; _builder_version=&#8220;4.16&#8243; _module_preset=&#8220;default&#8220; global_colors_info=&#8220;{}&#8220;][et_pb_text admin_label=&#8220;contacta Text&#8220; _builder_version=&#8220;4.27.2&#8243; _module_preset=&#8220;f1e0e75e-444a-45fd-a7a1-01dd37f8b987&#8243; custom_margin=&#8220;||||false|false&#8220; hover_enabled=&#8220;0&#8243; global_colors_info=&#8220;{}&#8220; sticky_enabled=&#8220;0&#8243;]<\/p>\n<h1>Regattakalender<\/h1>\n<p>[\/et_pb_text][et_pb_text _builder_version=&#8220;4.27.2&#8243; _module_preset=&#8220;default&#8220; hover_enabled=&#8220;0&#8243; global_colors_info=&#8220;{}&#8220; sticky_enabled=&#8220;0&#8243;]<\/p>\n<p>Der Club N\u00e0utic Sant Feliu de Gu\u00edxols organisiert jeden Monat eine Regatta sowie weitere Regatten in der FCV- und RFEV-Strecke. Unter ihnen, findet sich die Gu\u00edxolsMedes-Regatta, die \u00e4lteste ununterbrochen organisierte Regatta in Katalonien mit mehr als 50 Jahren Geschichte.<\/p>\n<p>Hier finden Sie den Kalender der Scoring-Regatten, das offizielle Schwarze Brett jeder Regatta, Sie k\u00f6nnen sich registrieren und die Ergebnisse sehen usw.<\/p>\n<p>[\/et_pb_text][\/et_pb_column][\/et_pb_row][\/et_pb_section][et_pb_section fb_built=&#8220;1&#8243; custom_padding_last_edited=&#8220;on|phone&#8220; admin_label=&#8220;Know Girl Content &#8211; Tina&#8220; module_class=&#8220;tina_know_girl_content&#8220; _builder_version=&#8220;4.16&#8243; background_enable_image=&#8220;off&#8220; custom_padding=&#8220;0px||4px||false|false&#8220; custom_padding_tablet=&#8220;0px||20px||false|false&#8220; custom_padding_phone=&#8220;||30px||false|false&#8220; collapsed=&#8220;off&#8220; global_colors_info=&#8220;{}&#8220;][et_pb_row _builder_version=&#8220;4.16&#8243; _module_preset=&#8220;default&#8220; custom_padding=&#8220;0px|||||&#8220; global_colors_info=&#8220;{}&#8220;][et_pb_column type=&#8220;4_4&#8243; _builder_version=&#8220;4.16&#8243; _module_preset=&#8220;default&#8220; global_colors_info=&#8220;{}&#8220;][et_pb_code module_class=&#8220;iframe-container&#8220; _builder_version=&#8220;4.16&#8243; _module_preset=&#8220;default&#8220; global_colors_info=&#8220;{}&#8220;]<\/p>\n<div style=\"width:100%;height:700px; position:relative; overflow:hidden\"><!-- [et_pb_line_break_holder] -->         <!-- [et_pb_line_break_holder] -->          <?php if (qtrans_getLanguage()==\"ca\") :?><!-- [et_pb_line_break_holder] -->            <iframe loading=\"lazy\" src=\"https:\/\/cnsfg.sailti.com\/ca\/default\/races\/calendar?var={{{wpml_tag_3}}}\" style=\"top:-150px; position:absolute\" width=\"100%\" height=\"830\" scrolling=\"yes\" frameborder=\"0\" ><!-- [et_pb_line_break_holder] -->            <!-- [et_pb_line_break_holder] -->            <?php else : ?><!-- [et_pb_line_break_holder] --><!-- [et_pb_line_break_holder] -->             <iframe loading=\"lazy\" src=\"https:\/\/cnsfg.sailti.com\/ca\/default\/races\/calendar?var=%7B%7B%7Bwpml_tag_6%7D%7D%7D\" style=\"top:-150px; position:absolute\" width=\"100%\" height=\"830\" scrolling=\"yes\" frameborder=\"0\"><!-- [et_pb_line_break_holder] -->           <!-- [et_pb_line_break_holder] --><!-- [et_pb_line_break_holder] -->          <?php endif; ?><!-- [et_pb_line_break_holder] -->    <\/iframe><\/div>\n<p>[\/et_pb_code][\/et_pb_column][\/et_pb_row][\/et_pb_section][et_pb_section fb_built=&#8220;1&#8243; custom_padding_last_edited=&#8220;on|tablet&#8220; admin_label=&#8220;Regates Links&#8220; module_class=&#8220;tina_finest_girl_content&#8220; _builder_version=&#8220;4.18.0&#8243; background_color=&#8220;#65ADD2&#8243; custom_padding=&#8220;0px||90px||false|false&#8220; custom_padding_tablet=&#8220;40px||40px||false|false&#8220; custom_padding_phone=&#8220;40px||40px||false|false&#8220; global_module=&#8220;343579&#8243; saved_tabs=&#8220;all&#8220; collapsed=&#8220;off&#8220; global_colors_info=&#8220;{}&#8220;][et_pb_row column_structure=&#8220;1_4,1_4,1_4,1_4&#8243; use_custom_gutter=&#8220;on&#8220; gutter_width=&#8220;2&#8243; make_equal=&#8220;on&#8220; admin_label=&#8220;Para cambiar color linea animada ir a &#8211; Advanced &#8211; Custom CSS &#8211; Before&#8220; _builder_version=&#8220;4.16&#8243; width=&#8220;90%&#8220; custom_padding=&#8220;80px||||false|false&#8220; custom_css_main_element=&#8220;counter-reset:counter;&#8220; global_colors_info=&#8220;{}&#8220;][et_pb_column type=&#8220;1_4&#8243; _builder_version=&#8220;4.16&#8243; custom_padding_tablet=&#8220;35px|25px|35px|25px|true|true&#8220; custom_padding_last_edited=&#8220;off|desktop&#8220; border_color_all=&#8220;#e5e5e5&#8243; global_colors_info=&#8220;{}&#8220;][et_pb_blurb title=&#8220;Kalender&#8220; url=&#8220;@ET-DC@eyJkeW5hbWljIjp0cnVlLCJjb250ZW50IjoicG9zdF9saW5rX3VybF9wYWdlIiwic2V0dGluZ3MiOnsicG9zdF9pZCI6IjI2NTE5NSJ9fQ==@&#8220; use_icon=&#8220;on&#8220; font_icon=&#8220;&#xe025;||divi||400&#8243; icon_color=&#8220;#002E5B&#8220; icon_alignment=&#8220;left&#8220; content_max_width=&#8220;100%&#8220; admin_label=&#8220;calendari &#8211; image 60x92px&#8220; _builder_version=&#8220;4.27.2&#8243; _dynamic_attributes=&#8220;url,link_option_url&#8220; header_level=&#8220;h3&#8243; header_font=&#8220;|700|||||||&#8220; header_text_color=&#8220;#1e1e26&#8243; body_font=&#8220;Roboto||||||||&#8220; body_text_color=&#8220;#9b9b9b&#8220; body_font_size=&#8220;16px&#8220; body_line_height=&#8220;167%&#8220; background_color=&#8220;#ffffff&#8220; custom_padding=&#8220;35px|20px|63px|30px|false|false&#8220; custom_padding_tablet=&#8220;40px|30px|40px|30px|false|false&#8220; custom_padding_phone=&#8220;&#8220; custom_padding_last_edited=&#8220;on|tablet&#8220; animation=&#8220;off&#8220; link_option_url=&#8220;@ET-DC@eyJkeW5hbWljIjp0cnVlLCJjb250ZW50IjoicG9zdF9saW5rX3VybF9wYWdlIiwic2V0dGluZ3MiOnsicG9zdF9pZCI6IjI2NTE5NSJ9fQ==@&#8220; custom_css_before=&#8220;background: #ffd620;&#8220; custom_css_main_element=&#8220;font-weight: 400;&#8220; custom_css_blurb_image=&#8220;    margin-bottom: 60px;&#8220; custom_css_blurb_title=&#8220;position: relative;||font-weight: 800;||padding-top: 27px;||&#8220; custom_css_blurb_content=&#8220;font-weight: 400;||&#8220; border_width_all=&#8220;1px&#8220; border_color_all=&#8220;#e5e5e5&#8243; global_colors_info=&#8220;{}&#8220;][\/et_pb_blurb][\/et_pb_column][et_pb_column type=&#8220;1_4&#8243; _builder_version=&#8220;4.16&#8243; border_color_all=&#8220;#e5e5e5&#8243; global_colors_info=&#8220;{}&#8220;][et_pb_blurb title=&#8220;Nachrichte&#8220; url=&#8220;@ET-DC@eyJkeW5hbWljIjp0cnVlLCJjb250ZW50IjoicG9zdF9saW5rX3VybF9wYWdlIiwic2V0dGluZ3MiOnsicG9zdF9pZCI6IjI2NTE5NyJ9fQ==@&#8220; use_icon=&#8220;on&#8220; font_icon=&#8220;&#x69;||divi||400&#8243; icon_color=&#8220;#002E5B&#8220; icon_alignment=&#8220;left&#8220; content_max_width=&#8220;100%&#8220; admin_label=&#8220;noticies&#8220; _builder_version=&#8220;4.27.2&#8243; _dynamic_attributes=&#8220;url,link_option_url&#8220; header_level=&#8220;h3&#8243; header_font=&#8220;|700|||||||&#8220; header_text_color=&#8220;#1e1e26&#8243; body_font=&#8220;Roboto||||||||&#8220; body_text_color=&#8220;#9b9b9b&#8220; body_font_size=&#8220;16px&#8220; body_line_height=&#8220;167%&#8220; background_color=&#8220;#ffffff&#8220; custom_padding=&#8220;35px|20px|63px|30px|false|false&#8220; custom_padding_tablet=&#8220;40px|30px|40px|30px|false|false&#8220; custom_padding_phone=&#8220;&#8220; custom_padding_last_edited=&#8220;on|tablet&#8220; animation=&#8220;off&#8220; link_option_url=&#8220;@ET-DC@eyJkeW5hbWljIjp0cnVlLCJjb250ZW50IjoicG9zdF9saW5rX3VybF9wYWdlIiwic2V0dGluZ3MiOnsicG9zdF9pZCI6IjI2NTE5NyJ9fQ==@&#8220; custom_css_before=&#8220;background: #ffd620;&#8220; custom_css_main_element=&#8220;font-weight: 400;&#8220; custom_css_blurb_image=&#8220;    margin-bottom: 60px;&#8220; custom_css_blurb_title=&#8220;position: relative;||font-weight: 800;||padding-top: 27px;||&#8220; custom_css_blurb_content=&#8220;font-weight: 400;||&#8220; border_width_all=&#8220;1px&#8220; border_color_all=&#8220;#e5e5e5&#8243; locked=&#8220;off&#8220; global_colors_info=&#8220;{}&#8220;][\/et_pb_blurb][\/et_pb_column][et_pb_column type=&#8220;1_4&#8243; _builder_version=&#8220;4.16&#8243; border_color_all=&#8220;#e5e5e5&#8243; global_colors_info=&#8220;{}&#8220;][et_pb_blurb title=&#8220;Galer\u00eda&#8220; url=&#8220;@ET-DC@eyJkeW5hbWljIjp0cnVlLCJjb250ZW50IjoicG9zdF9saW5rX3VybF9wYWdlIiwic2V0dGluZ3MiOnsicG9zdF9pZCI6IjM1MTQ0MSJ9fQ==@&#8220; use_icon=&#8220;on&#8220; font_icon=&#8220;&#xe006;||divi||400&#8243; icon_color=&#8220;#002E5B&#8220; icon_alignment=&#8220;left&#8220; content_max_width=&#8220;100%&#8220; admin_label=&#8220;galeria &#8211; image &#8220; _builder_version=&#8220;4.18.0&#8243; _dynamic_attributes=&#8220;url,link_option_url&#8220; header_level=&#8220;h3&#8243; header_font=&#8220;|700|||||||&#8220; header_text_color=&#8220;#1e1e26&#8243; body_font=&#8220;Roboto||||||||&#8220; body_text_color=&#8220;#9b9b9b&#8220; body_font_size=&#8220;16px&#8220; body_line_height=&#8220;167%&#8220; background_color=&#8220;#ffffff&#8220; custom_padding=&#8220;35px|20px|63px|30px|false|false&#8220; custom_padding_tablet=&#8220;40px|30px|40px|30px|false|false&#8220; custom_padding_phone=&#8220;&#8220; custom_padding_last_edited=&#8220;on|tablet&#8220; animation=&#8220;off&#8220; link_option_url=&#8220;@ET-DC@eyJkeW5hbWljIjp0cnVlLCJjb250ZW50IjoicG9zdF9saW5rX3VybF9wYWdlIiwic2V0dGluZ3MiOnsicG9zdF9pZCI6IjM1MTQ0MSJ9fQ==@&#8220; custom_css_before=&#8220;background: #ffd620;&#8220; custom_css_main_element=&#8220;font-weight: 400;&#8220; custom_css_blurb_image=&#8220;    margin-bottom: 60px;&#8220; custom_css_blurb_title=&#8220;position: relative;||font-weight: 800;||padding-top: 27px;||&#8220; custom_css_blurb_content=&#8220;font-weight: 400;||&#8220; border_width_all=&#8220;1px&#8220; border_color_all=&#8220;#e5e5e5&#8243; locked=&#8220;off&#8220; global_colors_info=&#8220;{}&#8220;][\/et_pb_blurb][\/et_pb_column][et_pb_column type=&#8220;1_4&#8243; _builder_version=&#8220;4.16&#8243; border_color_all=&#8220;#e5e5e5&#8243; global_colors_info=&#8220;{}&#8220;][et_pb_blurb title=&#8220;Jobb\u00f6rse f\u00fcr Crewmitglieder&#8220; url=&#8220;@ET-DC@eyJkeW5hbWljIjp0cnVlLCJjb250ZW50IjoicG9zdF9saW5rX3VybF9wYWdlIiwic2V0dGluZ3MiOnsicG9zdF9pZCI6IjI2NTIwMSJ9fQ==@&#8220; use_icon=&#8220;on&#8220; font_icon=&#8220;&#xe108;||divi||400&#8243; icon_color=&#8220;#002E5B&#8220; icon_alignment=&#8220;left&#8220; content_max_width=&#8220;100%&#8220; admin_label=&#8220;borsa tripulants &#8211; image 60x92px&#8220; _builder_version=&#8220;4.18.0&#8243; _dynamic_attributes=&#8220;url,link_option_url&#8220; header_level=&#8220;h3&#8243; header_font=&#8220;|700|||||||&#8220; header_text_color=&#8220;#1e1e26&#8243; body_font=&#8220;Roboto||||||||&#8220; body_text_color=&#8220;#9b9b9b&#8220; body_font_size=&#8220;16px&#8220; body_line_height=&#8220;167%&#8220; background_color=&#8220;#ffffff&#8220; custom_padding=&#8220;35px|20px|63px|30px|false|false&#8220; custom_padding_tablet=&#8220;40px|30px|40px|30px|false|false&#8220; custom_padding_phone=&#8220;&#8220; custom_padding_last_edited=&#8220;on|tablet&#8220; animation=&#8220;off&#8220; link_option_url=&#8220;@ET-DC@eyJkeW5hbWljIjp0cnVlLCJjb250ZW50IjoicG9zdF9saW5rX3VybF9wYWdlIiwic2V0dGluZ3MiOnsicG9zdF9pZCI6IjI2NTIwMSJ9fQ==@&#8220; custom_css_before=&#8220;background: #ffd620;&#8220; custom_css_main_element=&#8220;font-weight: 400;&#8220; custom_css_blurb_image=&#8220;    margin-bottom: 60px;&#8220; custom_css_blurb_title=&#8220;position: relative;||font-weight: 800;||padding-top: 27px;||&#8220; custom_css_blurb_content=&#8220;font-weight: 400;||&#8220; border_width_all=&#8220;1px&#8220; border_color_all=&#8220;#e5e5e5&#8243; global_colors_info=&#8220;{}&#8220;][\/et_pb_blurb][\/et_pb_column][\/et_pb_row][\/et_pb_section]<\/p>\n","protected":false},"excerpt":{"rendered":"<p>RegattakalenderDer Club N\u00e0utic Sant Feliu de Gu\u00edxols organisiert jeden Monat eine Regatta sowie weitere Regatten in der FCV- und RFEV-Strecke. Unter ihnen, findet sich die Gu\u00edxolsMedes-Regatta, die \u00e4lteste ununterbrochen organisierte [&hellip;]<\/p>\n","protected":false},"author":5,"featured_media":350765,"parent":351933,"menu_order":0,"comment_status":"closed","ping_status":"closed","template":"","meta":{"_et_pb_use_builder":"on","_et_pb_old_content":"","_et_gb_content_width":"","footnotes":""},"difl_page_category":[],"class_list":["post-367949","page","type-page","status-publish","has-post-thumbnail","hentry"],"yoast_head":"<!-- This site is optimized with the Yoast SEO plugin v27.5 - https:\/\/yoast.com\/product\/yoast-seo-wordpress\/ -->\n<title>Kalender - Club N\u00e0utic Sant Feliu de Guixols<\/title>\n<meta name=\"description\" content=\"In unserem Rennkalender werden die Segelregatten ver\u00f6ffentlicht, Sie k\u00f6nnen sich f\u00fcr die Wertungsregatten anmelden, kennen die Punktzahl ...\" \/>\n<meta name=\"robots\" content=\"index, follow, max-snippet:-1, max-image-preview:large, max-video-preview:-1\" \/>\n<link rel=\"canonical\" href=\"https:\/\/cnsfg.cat\/de\/regatten\/kalender\/\" \/>\n<meta property=\"og:locale\" content=\"de_DE\" \/>\n<meta property=\"og:type\" content=\"article\" \/>\n<meta property=\"og:title\" content=\"Kalender - Club N\u00e0utic Sant Feliu de Guixols\" \/>\n<meta property=\"og:description\" content=\"In unserem Rennkalender werden die Segelregatten ver\u00f6ffentlicht, Sie k\u00f6nnen sich f\u00fcr die Wertungsregatten anmelden, kennen die Punktzahl ...\" \/>\n<meta property=\"og:url\" content=\"https:\/\/cnsfg.cat\/de\/regatten\/kalender\/\" \/>\n<meta property=\"og:site_name\" content=\"Club N\u00e0utic Sant Feliu de Guixols\" \/>\n<meta property=\"article:publisher\" content=\"https:\/\/www.facebook.com\/Club-N%c3%a0utic-Sant-Feliu-525823567569507\/\" \/>\n<meta property=\"article:modified_time\" content=\"2025-02-14T15:47:53+00:00\" \/>\n<meta property=\"og:image\" content=\"https:\/\/cnsfg.cat\/wp-content\/uploads\/2021\/08\/201909_RegataGM_0710-1920px.jpg\" \/>\n\t<meta property=\"og:image:width\" content=\"1920\" \/>\n\t<meta property=\"og:image:height\" content=\"1280\" \/>\n\t<meta property=\"og:image:type\" content=\"image\/jpeg\" \/>\n<meta name=\"twitter:card\" content=\"summary_large_image\" \/>\n<meta name=\"twitter:site\" content=\"@NauticSantFeliu\" \/>\n<script type=\"application\/ld+json\" class=\"yoast-schema-graph\">{\"@context\":\"https:\\\/\\\/schema.org\",\"@graph\":[{\"@type\":\"WebPage\",\"@id\":\"https:\\\/\\\/cnsfg.cat\\\/de\\\/regatten\\\/kalender\\\/\",\"url\":\"https:\\\/\\\/cnsfg.cat\\\/de\\\/regatten\\\/kalender\\\/\",\"name\":\"Kalender - Club N\u00e0utic Sant Feliu de Guixols\",\"isPartOf\":{\"@id\":\"https:\\\/\\\/cnsfg.cat\\\/de\\\/#website\"},\"primaryImageOfPage\":{\"@id\":\"https:\\\/\\\/cnsfg.cat\\\/de\\\/regatten\\\/kalender\\\/#primaryimage\"},\"image\":{\"@id\":\"https:\\\/\\\/cnsfg.cat\\\/de\\\/regatten\\\/kalender\\\/#primaryimage\"},\"thumbnailUrl\":\"https:\\\/\\\/cnsfg.cat\\\/wp-content\\\/uploads\\\/2021\\\/08\\\/201909_RegataGM_0710-1920px.jpg\",\"datePublished\":\"2020-03-27T07:35:27+00:00\",\"dateModified\":\"2025-02-14T15:47:53+00:00\",\"description\":\"In unserem Rennkalender werden die Segelregatten ver\u00f6ffentlicht, Sie k\u00f6nnen sich f\u00fcr die Wertungsregatten anmelden, kennen die Punktzahl ...\",\"breadcrumb\":{\"@id\":\"https:\\\/\\\/cnsfg.cat\\\/de\\\/regatten\\\/kalender\\\/#breadcrumb\"},\"inLanguage\":\"de\",\"potentialAction\":[{\"@type\":\"ReadAction\",\"target\":[\"https:\\\/\\\/cnsfg.cat\\\/de\\\/regatten\\\/kalender\\\/\"]}]},{\"@type\":\"ImageObject\",\"inLanguage\":\"de\",\"@id\":\"https:\\\/\\\/cnsfg.cat\\\/de\\\/regatten\\\/kalender\\\/#primaryimage\",\"url\":\"https:\\\/\\\/cnsfg.cat\\\/wp-content\\\/uploads\\\/2021\\\/08\\\/201909_RegataGM_0710-1920px.jpg\",\"contentUrl\":\"https:\\\/\\\/cnsfg.cat\\\/wp-content\\\/uploads\\\/2021\\\/08\\\/201909_RegataGM_0710-1920px.jpg\",\"width\":1920,\"height\":1280},{\"@type\":\"BreadcrumbList\",\"@id\":\"https:\\\/\\\/cnsfg.cat\\\/de\\\/regatten\\\/kalender\\\/#breadcrumb\",\"itemListElement\":[{\"@type\":\"ListItem\",\"position\":1,\"name\":\"Portada\",\"item\":\"https:\\\/\\\/cnsfg.cat\\\/de\\\/\"},{\"@type\":\"ListItem\",\"position\":2,\"name\":\"Regatten\",\"item\":\"https:\\\/\\\/cnsfg.cat\\\/de\\\/regatten\\\/\"},{\"@type\":\"ListItem\",\"position\":3,\"name\":\"Kalender\"}]},{\"@type\":\"WebSite\",\"@id\":\"https:\\\/\\\/cnsfg.cat\\\/de\\\/#website\",\"url\":\"https:\\\/\\\/cnsfg.cat\\\/de\\\/\",\"name\":\"Club N\u00e0utic Sant Feliu de Guixols\",\"description\":\"Club n\u00e0utic amb m\u00e9s de 400 amarradors a Sant Feliu de Guixols, Costa Brava.\",\"publisher\":{\"@id\":\"https:\\\/\\\/cnsfg.cat\\\/de\\\/#organization\"},\"potentialAction\":[{\"@type\":\"SearchAction\",\"target\":{\"@type\":\"EntryPoint\",\"urlTemplate\":\"https:\\\/\\\/cnsfg.cat\\\/de\\\/?s={search_term_string}\"},\"query-input\":{\"@type\":\"PropertyValueSpecification\",\"valueRequired\":true,\"valueName\":\"search_term_string\"}}],\"inLanguage\":\"de\"},{\"@type\":\"Organization\",\"@id\":\"https:\\\/\\\/cnsfg.cat\\\/de\\\/#organization\",\"name\":\"Club Na\u00f9tic Sant Feliu de Guixols\",\"url\":\"https:\\\/\\\/cnsfg.cat\\\/de\\\/\",\"logo\":{\"@type\":\"ImageObject\",\"inLanguage\":\"de\",\"@id\":\"https:\\\/\\\/cnsfg.cat\\\/de\\\/#\\\/schema\\\/logo\\\/image\\\/\",\"url\":\"https:\\\/\\\/cnsfg.cat\\\/wp-content\\\/uploads\\\/2020\\\/03\\\/LOGO_CNSFG_180.png\",\"contentUrl\":\"https:\\\/\\\/cnsfg.cat\\\/wp-content\\\/uploads\\\/2020\\\/03\\\/LOGO_CNSFG_180.png\",\"width\":180,\"height\":71,\"caption\":\"Club Na\u00f9tic Sant Feliu de Guixols\"},\"image\":{\"@id\":\"https:\\\/\\\/cnsfg.cat\\\/de\\\/#\\\/schema\\\/logo\\\/image\\\/\"},\"sameAs\":[\"https:\\\/\\\/www.facebook.com\\\/Club-N\u00e0utic-Sant-Feliu-525823567569507\\\/\",\"https:\\\/\\\/x.com\\\/NauticSantFeliu\"]}]}<\/script>\n<!-- \/ Yoast SEO plugin. -->","yoast_head_json":{"title":"Kalender - Club N\u00e0utic Sant Feliu de Guixols","description":"In unserem Rennkalender werden die Segelregatten ver\u00f6ffentlicht, Sie k\u00f6nnen sich f\u00fcr die Wertungsregatten anmelden, kennen die Punktzahl ...","robots":{"index":"index","follow":"follow","max-snippet":"max-snippet:-1","max-image-preview":"max-image-preview:large","max-video-preview":"max-video-preview:-1"},"canonical":"https:\/\/cnsfg.cat\/de\/regatten\/kalender\/","og_locale":"de_DE","og_type":"article","og_title":"Kalender - Club N\u00e0utic Sant Feliu de Guixols","og_description":"In unserem Rennkalender werden die Segelregatten ver\u00f6ffentlicht, Sie k\u00f6nnen sich f\u00fcr die Wertungsregatten anmelden, kennen die Punktzahl ...","og_url":"https:\/\/cnsfg.cat\/de\/regatten\/kalender\/","og_site_name":"Club N\u00e0utic Sant Feliu de Guixols","article_publisher":"https:\/\/www.facebook.com\/Club-N%c3%a0utic-Sant-Feliu-525823567569507\/","article_modified_time":"2025-02-14T15:47:53+00:00","og_image":[{"width":1920,"height":1280,"url":"https:\/\/cnsfg.cat\/wp-content\/uploads\/2021\/08\/201909_RegataGM_0710-1920px.jpg","type":"image\/jpeg"}],"twitter_card":"summary_large_image","twitter_site":"@NauticSantFeliu","schema":{"@context":"https:\/\/schema.org","@graph":[{"@type":"WebPage","@id":"https:\/\/cnsfg.cat\/de\/regatten\/kalender\/","url":"https:\/\/cnsfg.cat\/de\/regatten\/kalender\/","name":"Kalender - Club N\u00e0utic Sant Feliu de Guixols","isPartOf":{"@id":"https:\/\/cnsfg.cat\/de\/#website"},"primaryImageOfPage":{"@id":"https:\/\/cnsfg.cat\/de\/regatten\/kalender\/#primaryimage"},"image":{"@id":"https:\/\/cnsfg.cat\/de\/regatten\/kalender\/#primaryimage"},"thumbnailUrl":"https:\/\/cnsfg.cat\/wp-content\/uploads\/2021\/08\/201909_RegataGM_0710-1920px.jpg","datePublished":"2020-03-27T07:35:27+00:00","dateModified":"2025-02-14T15:47:53+00:00","description":"In unserem Rennkalender werden die Segelregatten ver\u00f6ffentlicht, Sie k\u00f6nnen sich f\u00fcr die Wertungsregatten anmelden, kennen die Punktzahl ...","breadcrumb":{"@id":"https:\/\/cnsfg.cat\/de\/regatten\/kalender\/#breadcrumb"},"inLanguage":"de","potentialAction":[{"@type":"ReadAction","target":["https:\/\/cnsfg.cat\/de\/regatten\/kalender\/"]}]},{"@type":"ImageObject","inLanguage":"de","@id":"https:\/\/cnsfg.cat\/de\/regatten\/kalender\/#primaryimage","url":"https:\/\/cnsfg.cat\/wp-content\/uploads\/2021\/08\/201909_RegataGM_0710-1920px.jpg","contentUrl":"https:\/\/cnsfg.cat\/wp-content\/uploads\/2021\/08\/201909_RegataGM_0710-1920px.jpg","width":1920,"height":1280},{"@type":"BreadcrumbList","@id":"https:\/\/cnsfg.cat\/de\/regatten\/kalender\/#breadcrumb","itemListElement":[{"@type":"ListItem","position":1,"name":"Portada","item":"https:\/\/cnsfg.cat\/de\/"},{"@type":"ListItem","position":2,"name":"Regatten","item":"https:\/\/cnsfg.cat\/de\/regatten\/"},{"@type":"ListItem","position":3,"name":"Kalender"}]},{"@type":"WebSite","@id":"https:\/\/cnsfg.cat\/de\/#website","url":"https:\/\/cnsfg.cat\/de\/","name":"Club N\u00e0utic Sant Feliu de Guixols","description":"Club n\u00e0utic amb m\u00e9s de 400 amarradors a Sant Feliu de Guixols, Costa Brava.","publisher":{"@id":"https:\/\/cnsfg.cat\/de\/#organization"},"potentialAction":[{"@type":"SearchAction","target":{"@type":"EntryPoint","urlTemplate":"https:\/\/cnsfg.cat\/de\/?s={search_term_string}"},"query-input":{"@type":"PropertyValueSpecification","valueRequired":true,"valueName":"search_term_string"}}],"inLanguage":"de"},{"@type":"Organization","@id":"https:\/\/cnsfg.cat\/de\/#organization","name":"Club Na\u00f9tic Sant Feliu de Guixols","url":"https:\/\/cnsfg.cat\/de\/","logo":{"@type":"ImageObject","inLanguage":"de","@id":"https:\/\/cnsfg.cat\/de\/#\/schema\/logo\/image\/","url":"https:\/\/cnsfg.cat\/wp-content\/uploads\/2020\/03\/LOGO_CNSFG_180.png","contentUrl":"https:\/\/cnsfg.cat\/wp-content\/uploads\/2020\/03\/LOGO_CNSFG_180.png","width":180,"height":71,"caption":"Club Na\u00f9tic Sant Feliu de Guixols"},"image":{"@id":"https:\/\/cnsfg.cat\/de\/#\/schema\/logo\/image\/"},"sameAs":["https:\/\/www.facebook.com\/Club-N\u00e0utic-Sant-Feliu-525823567569507\/","https:\/\/x.com\/NauticSantFeliu"]}]}},"_links":{"self":[{"href":"https:\/\/cnsfg.cat\/de\/wp-json\/wp\/v2\/pages\/367949","targetHints":{"allow":["GET"]}}],"collection":[{"href":"https:\/\/cnsfg.cat\/de\/wp-json\/wp\/v2\/pages"}],"about":[{"href":"https:\/\/cnsfg.cat\/de\/wp-json\/wp\/v2\/types\/page"}],"author":[{"embeddable":true,"href":"https:\/\/cnsfg.cat\/de\/wp-json\/wp\/v2\/users\/5"}],"replies":[{"embeddable":true,"href":"https:\/\/cnsfg.cat\/de\/wp-json\/wp\/v2\/comments?post=367949"}],"version-history":[{"count":7,"href":"https:\/\/cnsfg.cat\/de\/wp-json\/wp\/v2\/pages\/367949\/revisions"}],"predecessor-version":[{"id":406253,"href":"https:\/\/cnsfg.cat\/de\/wp-json\/wp\/v2\/pages\/367949\/revisions\/406253"}],"up":[{"embeddable":true,"href":"https:\/\/cnsfg.cat\/de\/wp-json\/wp\/v2\/pages\/351933"}],"wp:featuredmedia":[{"embeddable":true,"href":"https:\/\/cnsfg.cat\/de\/wp-json\/wp\/v2\/media\/350765"}],"wp:attachment":[{"href":"https:\/\/cnsfg.cat\/de\/wp-json\/wp\/v2\/media?parent=367949"}],"wp:term":[{"taxonomy":"difl_page_category","embeddable":true,"href":"https:\/\/cnsfg.cat\/de\/wp-json\/wp\/v2\/difl_page_category?post=367949"}],"curies":[{"name":"wp","href":"https:\/\/api.w.org\/{rel}","templated":true}]}}