{"id":371291,"date":"2021-08-09T18:46:21","date_gmt":"2021-08-09T16:46:21","guid":{"rendered":"https:\/\/cnsfg.cat\/rechtlich\/"},"modified":"2022-08-04T16:59:37","modified_gmt":"2022-08-04T14:59:37","slug":"rechtlich","status":"publish","type":"page","link":"https:\/\/cnsfg.cat\/de\/rechtlich\/","title":{"rendered":"Rechtlich"},"content":{"rendered":"<p>[et_pb_section fb_built=&#8220;1&#8243; admin_label=&#8220;El club header&#8220; module_class=&#8220;tina_careers_header&#8220; _builder_version=&#8220;4.16&#8243; custom_padding=&#8220;0px||0px||false|false&#8220; locked=&#8220;off&#8220; global_colors_info=&#8220;{}&#8220;][et_pb_row admin_label=&#8220;Der Club-Header &#8211; Reihe&#8220; _builder_version=&#8220;4.16&#8243; width=&#8220;100%&#8220; max_width=&#8220;100%&#8220; custom_padding=&#8220;0px||0px||false|false&#8220; global_colors_info=&#8220;{}&#8220;][et_pb_column type=&#8220;4_4&#8243; _builder_version=&#8220;4.16&#8243; global_colors_info=&#8220;{}&#8220;][et_pb_image src=&#8220;https:\/\/cnsfg.cat\/wp-content\/uploads\/2021\/06\/gestio-elclub.jpg&#8220; title_text=&#8220;Gestio-Elclub&#8220; admin_label=&#8220;El club header &#8211; Image &#8211; 1900x429px&#8220; _builder_version=&#8220;4.16&#8243; global_colors_info=&#8220;{}&#8220;][\/et_pb_image][\/et_pb_column][\/et_pb_row][\/et_pb_section][et_pb_section fb_built=&#8220;1&#8243; _builder_version=&#8220;4.16&#8243; _module_preset=&#8220;default&#8220; global_colors_info=&#8220;{}&#8220;][et_pb_row _builder_version=&#8220;4.16&#8243; _module_preset=&#8220;default&#8220; global_colors_info=&#8220;{}&#8220;][et_pb_column type=&#8220;4_4&#8243; _builder_version=&#8220;4.16&#8243; _module_preset=&#8220;default&#8220; global_colors_info=&#8220;{}&#8220;][et_pb_text admin_label=&#8220;El club header &#8211; Text&#8220; _builder_version=&#8220;4.16&#8243; text_font=&#8220;Cormorant Garamond|700|||||||&#8220; text_text_color=&#8220;#002E5B&#8220; text_font_size=&#8220;58px&#8220; text_line_height=&#8220;120%&#8220; header_font=&#8220;|700|||||||&#8220; header_text_color=&#8220;#001F5B&#8220; header_font_size=&#8220;58px&#8220; custom_margin=&#8220;||||false|false&#8220; custom_margin_tablet=&#8220;-60px||||false|false&#8220; custom_margin_phone=&#8220;50px||||false|false&#8220; custom_margin_last_edited=&#8220;on|phone&#8220; text_font_size_tablet=&#8220;90px&#8220; text_font_size_phone=&#8220;40px&#8220; text_font_size_last_edited=&#8220;on|phone&#8220; global_colors_info=&#8220;{}&#8220;]<\/p>\n<h1>Rechtlich<\/h1>\n<p>[\/et_pb_text][\/et_pb_column][\/et_pb_row][et_pb_row column_structure=&#8220;1_4,3_4&#8243; _builder_version=&#8220;4.16&#8243; _module_preset=&#8220;default&#8220; custom_padding=&#8220;||0px|||&#8220; global_colors_info=&#8220;{}&#8220;][et_pb_column type=&#8220;1_4&#8243; _builder_version=&#8220;4.16&#8243; _module_preset=&#8220;default&#8220; global_colors_info=&#8220;{}&#8220;][et_pb_text admin_label=&#8220;Know Girl Content &#8211; Tina &#8211; Text&#8220; _builder_version=&#8220;4.16&#8243; _module_preset=&#8220;a9637137-e175-4c07-942f-c294692118b6&#8243; text_text_color=&#8220;#002850&#8243; text_line_height=&#8220;150%&#8220; text_font_size_tablet=&#8220;22px&#8220; text_font_size_phone=&#8220;18px&#8220; text_font_size_last_edited=&#8220;on|phone&#8220; global_colors_info=&#8220;{}&#8220;]<\/p>\n<p>handeln. 01\/2022<\/p>\n<p>[\/et_pb_text][\/et_pb_column][et_pb_column type=&#8220;3_4&#8243; _builder_version=&#8220;4.16&#8243; _module_preset=&#8220;default&#8220; global_colors_info=&#8220;{}&#8220;][et_pb_text admin_label=&#8220;Know Girl Content &#8211; Tina &#8211; Text&#8220; _builder_version=&#8220;4.17.6&#8243; text_font=&#8220;||||||||&#8220; text_text_color=&#8220;#9b9b9b&#8220; text_font_size=&#8220;16px&#8220; text_line_height=&#8220;167%&#8220; hover_enabled=&#8220;0&#8243; text_font_size_phone=&#8220;14px&#8220; text_font_size_last_edited=&#8220;off|phone&#8220; custom_css_main_element=&#8220;    font-weight: 400 !important;&#8220; global_colors_info=&#8220;{}&#8220; sticky_enabled=&#8220;0&#8243;]<\/p>\n<div class=\"post\">\n<div class=\"post\">\n<p>In \u00dcbereinstimmung mit der Informationspflicht in Artikel 10 des Gesetzes 34\/2002 vom 11. Juli \u00fcber Informationsdienste und elektronischen Gesch\u00e4ftsverkehr informieren wir Sie, dass die Website und das Internetportal www.cnsfg.cat (im Folgenden die &#8222;Website&#8220;) dem Club N\u00e0utic Sant Feliu de Gu\u00edxols mit Sitz in Escullera del Port s\/n geh\u00f6ren.  17220, SANT FELIU DE GU\u00cdXOLS mit CIF Nr. G17057241. Dieser rechtliche Hinweis regelt die Nutzungsbedingungen des vorgenannten Internetportals.<\/p>\n<p>&nbsp;<\/p>\n<h2>Anwendbares Recht und Gerichtsstand<\/h2>\n<p>Im Allgemeinen unterliegen die Beziehungen zwischen dem Club N\u00e0utic Sant Feliu de Gu\u00edxols und den Nutzern der Telematikdienste, die im Internet pr\u00e4sent sind, der spanischen Gesetzgebung und Gerichtsbarkeit.<\/p>\n<p>Die Parteien verzichten ausdr\u00fccklich auf die Zust\u00e4ndigkeit, die ihnen entsprechen kann, und unterwerfen sich ausdr\u00fccklich den Gerichten von Sant Feliu de Gu\u00edxols um alle Streitigkeiten beizulegen, die sich bei der Auslegung oder Ausf\u00fchrung dieser Vertragsbedingungen ergeben k\u00f6nnen.<\/p>\n<p>&nbsp;<\/p>\n<h2>Benutzerakzeptanz<\/h2>\n<p>Dieser rechtliche Hinweis regelt den Zugang und die Nutzung der Website, die Club N\u00e0utic Sant Feliu de Gu\u00edxols zur Verf\u00fcgung stellt. Als Benutzer gilt die Person, die auf die Dienste und Aktivit\u00e4ten der Website zugreift, sie durchsucht, nutzt oder daran teilnimmt.<\/p>\n<p>Der Nutzer wird dar\u00fcber informiert und akzeptiert, dass der Zugang zu dieser Website in keiner Weise den Beginn einer Gesch\u00e4ftsbeziehung mit dem Club N\u00e0utic Sant Feliu de Gu\u00edxols<\/p>\n<p>Der Zugriff und die Navigation auf der Website durch den Benutzer impliziert die Annahme aller dieser Nutzungsbedingungen. Im Falle des Widerspruchs mit den Bedingungen m\u00fcssen Sie die Nutzung der Website unterlassen.<\/p>\n<p>&nbsp;<\/p>\n<h2>Zugang zum Web<\/h2>\n<p>Der Zugriff auf die Website durch die Nutzer ist kostenlos und kostenlos. Einige Dienste k\u00f6nnen der vorherigen Beauftragung des Dienstes unterliegen.<\/p>\n<p>Wenn es f\u00fcr den Benutzer erforderlich ist, personenbezogene Daten f\u00fcr den Zugriff auf einen der Dienste bereitzustellen, erfolgt die Erhebung und Verarbeitung der Daten in \u00dcbereinstimmung mit den geltenden Vorschriften, insbesondere mit der RGPD. Weitere Informationen finden Sie in unserer Datenschutzerkl\u00e4rung www.cnsfg.cat\/politica-privacitat.<\/p>\n<p>&nbsp;<\/p>\n<h2>Inhalt und Nutzung<\/h2>\n<p>Der Besuch der Website durch den Benutzer muss verantwortungsbewusst und in \u00dcbereinstimmung mit der geltenden Gesetzgebung, Treu und Glauben, diesem rechtlichen Hinweis und unter Achtung der geistigen und gewerblichen Eigentumsrechte des Club N\u00e0utic Sant Feliu de Gu\u00edxols oder anderer nat\u00fcrlicher oder juristischer Personen erfolgen.<\/p>\n<p>Die Nutzung der Inhalte der Website f\u00fcr Zwecke, die illegal sind oder sein k\u00f6nnten, ist vollst\u00e4ndig untersagt, ebenso wie die Durchf\u00fchrung von Handlungen, die Sch\u00e4den oder \u00c4nderungen jeglicher Art verursachen oder verursachen k\u00f6nnen, denen der Club N\u00e0utic Sant Feliu de Gu\u00edxols, die Website oder ihre Inhalte nicht zugestimmt haben.<\/p>\n<p>Der Eigent\u00fcmer der Website identifiziert sich nicht mit den Meinungen, die von seinen Mitarbeitern darin ge\u00e4u\u00dfert werden. Das Unternehmen beh\u00e4lt sich das Recht vor, unangek\u00fcndigte \u00c4nderungen vorzunehmen, die es auf seiner Website f\u00fcr angemessen h\u00e4lt, und in der Lage zu sein, sowohl die Inhalte und Dienste, die \u00fcber es bereitgestellt werden, als auch die Art und Weise, wie sie auf seinen Servern pr\u00e4sentiert oder lokalisiert werden, zu \u00e4ndern, zu l\u00f6schen oder hinzuzuf\u00fcgen.<\/p>\n<p>Der Besuch der Website durch den Benutzer muss verantwortungsbewusst und in \u00dcbereinstimmung mit der geltenden Gesetzgebung, Treu und Glauben, diesem rechtlichen Hinweis und unter Achtung der geistigen und gewerblichen Eigentumsrechte des Club N\u00e0utic Sant Feliu de Gu\u00edxols oder anderer nat\u00fcrlicher oder juristischer Personen erfolgen.<\/p>\n<p>Die Nutzung der Inhalte der Website f\u00fcr Zwecke, die illegal sind oder sein k\u00f6nnten, ist vollst\u00e4ndig untersagt, ebenso wie die Durchf\u00fchrung von Handlungen, die Sch\u00e4den oder \u00c4nderungen jeglicher Art verursachen oder verursachen k\u00f6nnen, denen der Club N\u00e0utic Sant Feliu de Gu\u00edxols, die Website oder ihre Inhalte nicht zugestimmt haben.<\/p>\n<p>&nbsp;<\/p>\n<h2>Geistiges und gewerbliches Eigentum<\/h2>\n<p>Die geistigen Eigentumsrechte am Inhalt der Webseiten, ihres grafischen Designs und ihrer Codes sind Eigentum des Club N\u00e0utic Sant Feliu de Gu\u00edxols, und daher ist ihre Vervielf\u00e4ltigung, Verbreitung, \u00f6ffentliche Kommunikation, Umwandlung oder jede andere Aktivit\u00e4t, die mit dem Inhalt der Website durchgef\u00fchrt wird, verboten, auch wenn die Quellen zitiert werden,  es sei denn, Sie haben die vorherige, ausdr\u00fcckliche und schriftliche Zustimmung des Club N\u00e0utic Sant Feliu de Gu\u00edxols Alle Handelsnamen, Warenzeichen oder Unterscheidungszeichen jeglicher Art, die auf den Webseiten des Unternehmens enthalten sind, sind Eigentum ihrer Eigent\u00fcmer und sind gesetzlich gesch\u00fctzt.<\/p>\n<p>Club N\u00e0utic Sant Feliu de Gu\u00edxols gew\u00e4hrt keine Lizenz oder Genehmigung der Nutzung jeglicher Art f\u00fcr seine geistigen und gewerblichen Eigentumsrechte oder f\u00fcr ein anderes Eigentum oder Recht im Zusammenhang mit der Website, und in keinem Fall wird davon ausgegangen, dass der Zugang und die Navigation der Benutzer einen Verzicht, eine \u00dcbertragung, eine Lizenz oder eine vollst\u00e4ndige oder teilweise Abtretung dieser Rechte durch den Club N\u00e0utic Sant Feliu de Gu\u00edxols impliziertSant Feliu de Gu\u00edxols<\/p>\n<p>Jede Nutzung dieser Inhalte, die nicht zuvor vom Club N\u00e0utic Sant Feliu de Gu\u00edxols genehmigt wurde, gilt als schwerwiegende Verletzung der Rechte an geistigem oder gewerblichem Eigentum und f\u00fchrt zu den gesetzlich festgelegten Verantwortlichkeiten. Club N\u00e0utic Sant Feliu de Gu\u00edxols beh\u00e4lt sich das Recht vor, die entsprechenden gerichtlichen und au\u00dfergerichtlichen Ma\u00dfnahmen gegen den Nutzer zu ergreifen.<\/p>\n<p>&nbsp;<\/p>\n<h2>Verantwortung und Garantien<\/h2>\n<p>Club N\u00e0utic Sant Feliu de Gu\u00edxols dass er die notwendigen Ma\u00dfnahmen ergriffen hat, die im Rahmen seiner M\u00f6glichkeiten und des Stands der Technik das korrekte Funktionieren seiner Website sowie die Abwesenheit von Viren und sch\u00e4dlichen Komponenten erm\u00f6glichen. Der Club N\u00e0utic Sant Feliu de Gu\u00edxols kann jedoch nicht f\u00fcr die folgenden Situationen verantwortlich gemacht werden, die beispielhaft aufgef\u00fchrt sind, aber nicht beschr\u00e4nkt auf:<\/p>\n<ul>\n<li>Die Kontinuit\u00e4t und Verf\u00fcgbarkeit der Inhalte.<\/li>\n<li>Das Fehlen von Fehlern in den Inhalten oder die Korrektur von M\u00e4ngeln, die auftreten k\u00f6nnen.<\/li>\n<li>Die Abwesenheit von Viren und\/oder anderen sch\u00e4dlichen Komponenten.<\/li>\n<li>Die Sch\u00e4den, die von einer Person verursacht werden, die gegen die Sicherheitssysteme des Club N\u00e0utic Sant Feliu de Gu\u00edxols verst\u00f6\u00dft.<\/li>\n<li>Die Nutzung, die Benutzer von den im Web enthaltenen Inhalten machen k\u00f6nnen. Folglich garantiert Club N\u00e0utic Sant Feliu de Gu\u00edxols nicht, dass die Nutzung der auf der Website enthaltenen Inhalte, die die Nutzer gegebenenfalls nutzen k\u00f6nnen, diesem rechtlichen Hinweis entspricht oder dass die Nutzung der Website sorgf\u00e4ltig durchgef\u00fchrt wird.<\/li>\n<li>Die Nutzung der Website durch Minderj\u00e4hrige oder die \u00dcbermittlung ihrer pers\u00f6nlichen Daten ohne die Erlaubnis ihrer Erziehungsberechtigten, die f\u00fcr die Nutzung des Internets verantwortlich sind.<\/li>\n<li>Die Inhalte, auf die der Benutzer durch nicht autorisierte Links zugreifen oder von Benutzern durch Kommentare oder \u00e4hnliche Tools eingef\u00fchrt werden kann.<\/li>\n<li>Die Eingabe fehlerhafter Daten durch den Nutzer oder einen Dritten.<\/li>\n<\/ul>\n<p>&nbsp;<\/p>\n<p>Der Club N\u00e0utic Sant Feliu de Gu\u00edxols kann den Zugang zur Website ohne vorherige Ank\u00fcndigung aufgrund von Wartungs-, Reparatur-, Aktualisierungs- oder Verbesserungsarbeiten vor\u00fcbergehend aussetzen. Der Club N\u00e0utic Sant Feliu de Gu\u00edxols wird den Nutzer jedoch rechtzeitig im Voraus \u00fcber den geplanten Termin f\u00fcr die Aussetzung der Inhalte informieren.<\/p>\n<p>Ebenso in \u00dcbereinstimmung mit den K\u00fcnsten. 11 und 16 des Gesetzes 34\/2002 vom 11. Juli \u00fcber Dienste der Informationsgesellschaft und des elektronischen Gesch\u00e4ftsverkehrs verpflichtet sich Club N\u00e0utic Sant Feliu de Gu\u00edxols , Inhalte zu entfernen oder gegebenenfalls zu blockieren, die die geltende Gesetzgebung, die Rechte Dritter oder die Moral und die \u00f6ffentliche Ordnung beeintr\u00e4chtigen oder dagegen versto\u00dfen k\u00f6nnten.<\/p>\n<p>&nbsp;<\/p>\n<h2>Cookies<\/h2>\n<p>Club N\u00e0utic Sant Feliu de Gu\u00edxols verwendet Cookies, um Ihr Surfen auf der Website zu optimieren und zu personalisieren. Cookies sind physische Informationsdateien, die im eigenen Terminal des Benutzers gehostet werden, die durch Cookies gesammelten Informationen dienen dazu, die Navigation des Benutzers durch das Portal zu erleichtern und das Surferlebnis zu optimieren. Die durch Cookies gesammelten Daten k\u00f6nnen mit den Erstellern derselben geteilt werden, aber in keinem Fall werden die von ihnen erhaltenen Informationen mit pers\u00f6nlichen Daten oder Daten verkn\u00fcpft, die den Benutzer identifizieren k\u00f6nnen.<\/p>\n<p>Wenn der Benutzer jedoch nicht m\u00f6chte, dass Cookies auf seiner Festplatte installiert werden, hat er die M\u00f6glichkeit, seinen Browser so zu konfigurieren, dass die Installation dieser Dateien verhindert wird. Weitere Informationen finden Sie in unserer Cookie-Richtlinie www.cnsfg.cat\/cookies.<\/p>\n<p>&nbsp;<\/p>\n<h2>Verkn\u00fcpfungen<\/h2>\n<p>Das Vorhandensein von Links auf der Website des Club N\u00e0utic Sant Feliu de Gu\u00edxols zu anderen Internetseiten dient nur zu Informationszwecken und impliziert in keinem Fall einen Vorschlag, eine Einladung oder eine Empfehlung \u00fcber sie. Club N\u00e0utic Sant Feliu de Gu\u00edxols \u00fcbernimmt keine Verantwortung f\u00fcr den Inhalt eines Links, der zu einer Website Dritter geh\u00f6rt, noch garantiert er die Zuverl\u00e4ssigkeit, Genauigkeit, Breite, Richtigkeit, G\u00fcltigkeit und technische Verf\u00fcgbarkeit.<\/p>\n<p>F\u00fcr den Fall, dass auf anderen Websites Links zur Website des Club N\u00e0utic Sant Feliu de Gu\u00edxols eingerichtet werden, wird nicht davon ausgegangen, dass der Club N\u00e0utic Sant Feliu de Gu\u00edxols den Link oder den Inhalt der Website, auf der der Link enthalten ist, genehmigt hat, noch k\u00f6nnen Sant Feliu de Gu\u00edxols Inhalte auf der Linkseite aufgenommen werden.  Verleumderische, illegale, obsz\u00f6ne oder illegale oder andere Inhalte, die gegen geltendes Recht versto\u00dfen.<\/p>\n<p>Club N\u00e0utic Sant Feliu de Gu\u00edxols beh\u00e4lt sich das Recht vor, den Inhaber der Website, auf der der Link eingerichtet ist, zu kontaktieren, wenn er der Ansicht ist, dass die Vorschriften nicht eingehalten werden, sowie die entsprechenden gerichtlichen und au\u00dfergerichtlichen Ma\u00dfnahmen zu ergreifen.<\/p>\n<p>&nbsp;<\/p>\n<h2>\u00c4nderung der Bedingungen<\/h2>\n<p>Club N\u00e0utic Sant Feliu de Gu\u00edxols sich ausdr\u00fccklich das Recht vor, diesen rechtlichen Hinweis ohne vorherige Ank\u00fcndigung ganz oder teilweise einseitig zu \u00e4ndern. Der Nutzer erkennt an und akzeptiert, dass es in seiner Verantwortung liegt, diesen rechtlichen Hinweis regelm\u00e4\u00dfig zu \u00fcberpr\u00fcfen.<\/p>\n<h2>Anmerkung:<\/h2>\n<p>Originaltext in katalanischer Sprache erstellt. Der Club N\u00e0utic Sant Feliu de Gu\u00edxols ist nicht verantwortlich f\u00fcr die \u00dcbersetzungen dieses Textes in andere Sprachen, im Falle eines Konflikts ist der Referenztext immer derjenige, der in katalanischer Sprache ver\u00f6ffentlicht wird.<\/p>\n<\/div>\n<\/div>\n<p>[\/et_pb_text][\/et_pb_column][\/et_pb_row][\/et_pb_section]<\/p>\n","protected":false},"excerpt":{"rendered":"<p>Rechtlichhandeln. 01\/2022 In \u00dcbereinstimmung mit der Informationspflicht in Artikel 10 des Gesetzes 34\/2002 vom 11. Juli \u00fcber Informationsdienste und elektronischen Gesch\u00e4ftsverkehr informieren wir Sie, dass die Website und das Internetportal [&hellip;]<\/p>\n","protected":false},"author":5,"featured_media":0,"parent":0,"menu_order":0,"comment_status":"closed","ping_status":"closed","template":"","meta":{"_et_pb_use_builder":"on","_et_pb_old_content":"","_et_gb_content_width":"","footnotes":""},"difl_page_category":[],"class_list":["post-371291","page","type-page","status-publish","hentry"],"yoast_head":"<!-- This site is optimized with the Yoast SEO plugin v27.5 - https:\/\/yoast.com\/product\/yoast-seo-wordpress\/ -->\n<title>Rechtlich - Club N\u00e0utic Sant Feliu de Guixols<\/title>\n<meta name=\"description\" content=\"Rechtliche Hinweise des Sant Feliu de Gu\u00edxolsclub n\u00e0utic.\" \/>\n<meta name=\"robots\" content=\"index, follow, max-snippet:-1, max-image-preview:large, max-video-preview:-1\" \/>\n<link rel=\"canonical\" href=\"https:\/\/cnsfg.cat\/de\/rechtlich\/\" \/>\n<meta property=\"og:locale\" content=\"de_DE\" \/>\n<meta property=\"og:type\" content=\"article\" \/>\n<meta property=\"og:title\" content=\"Rechtlich - Club N\u00e0utic Sant Feliu de Guixols\" \/>\n<meta property=\"og:description\" content=\"Rechtliche Hinweise des Sant Feliu de Gu\u00edxolsclub n\u00e0utic.\" \/>\n<meta property=\"og:url\" content=\"https:\/\/cnsfg.cat\/de\/rechtlich\/\" \/>\n<meta property=\"og:site_name\" content=\"Club N\u00e0utic Sant Feliu de Guixols\" \/>\n<meta property=\"article:publisher\" content=\"https:\/\/www.facebook.com\/Club-N%c3%a0utic-Sant-Feliu-525823567569507\/\" \/>\n<meta property=\"article:modified_time\" content=\"2022-08-04T14:59:37+00:00\" \/>\n<meta name=\"twitter:card\" content=\"summary_large_image\" \/>\n<meta name=\"twitter:site\" content=\"@NauticSantFeliu\" \/>\n<script type=\"application\/ld+json\" class=\"yoast-schema-graph\">{\"@context\":\"https:\\\/\\\/schema.org\",\"@graph\":[{\"@type\":\"WebPage\",\"@id\":\"https:\\\/\\\/cnsfg.cat\\\/de\\\/rechtlich\\\/\",\"url\":\"https:\\\/\\\/cnsfg.cat\\\/de\\\/rechtlich\\\/\",\"name\":\"Rechtlich - Club N\u00e0utic Sant Feliu de Guixols\",\"isPartOf\":{\"@id\":\"https:\\\/\\\/cnsfg.cat\\\/de\\\/#website\"},\"datePublished\":\"2021-08-09T16:46:21+00:00\",\"dateModified\":\"2022-08-04T14:59:37+00:00\",\"description\":\"Rechtliche Hinweise des Sant Feliu de Gu\u00edxolsclub n\u00e0utic.\",\"breadcrumb\":{\"@id\":\"https:\\\/\\\/cnsfg.cat\\\/de\\\/rechtlich\\\/#breadcrumb\"},\"inLanguage\":\"de\",\"potentialAction\":[{\"@type\":\"ReadAction\",\"target\":[\"https:\\\/\\\/cnsfg.cat\\\/de\\\/rechtlich\\\/\"]}]},{\"@type\":\"BreadcrumbList\",\"@id\":\"https:\\\/\\\/cnsfg.cat\\\/de\\\/rechtlich\\\/#breadcrumb\",\"itemListElement\":[{\"@type\":\"ListItem\",\"position\":1,\"name\":\"Portada\",\"item\":\"https:\\\/\\\/cnsfg.cat\\\/de\\\/\"},{\"@type\":\"ListItem\",\"position\":2,\"name\":\"Rechtlich\"}]},{\"@type\":\"WebSite\",\"@id\":\"https:\\\/\\\/cnsfg.cat\\\/de\\\/#website\",\"url\":\"https:\\\/\\\/cnsfg.cat\\\/de\\\/\",\"name\":\"Club N\u00e0utic Sant Feliu de Guixols\",\"description\":\"Club n\u00e0utic amb m\u00e9s de 400 amarradors a Sant Feliu de Guixols, Costa Brava.\",\"publisher\":{\"@id\":\"https:\\\/\\\/cnsfg.cat\\\/de\\\/#organization\"},\"potentialAction\":[{\"@type\":\"SearchAction\",\"target\":{\"@type\":\"EntryPoint\",\"urlTemplate\":\"https:\\\/\\\/cnsfg.cat\\\/de\\\/?s={search_term_string}\"},\"query-input\":{\"@type\":\"PropertyValueSpecification\",\"valueRequired\":true,\"valueName\":\"search_term_string\"}}],\"inLanguage\":\"de\"},{\"@type\":\"Organization\",\"@id\":\"https:\\\/\\\/cnsfg.cat\\\/de\\\/#organization\",\"name\":\"Club Na\u00f9tic Sant Feliu de Guixols\",\"url\":\"https:\\\/\\\/cnsfg.cat\\\/de\\\/\",\"logo\":{\"@type\":\"ImageObject\",\"inLanguage\":\"de\",\"@id\":\"https:\\\/\\\/cnsfg.cat\\\/de\\\/#\\\/schema\\\/logo\\\/image\\\/\",\"url\":\"https:\\\/\\\/cnsfg.cat\\\/wp-content\\\/uploads\\\/2020\\\/03\\\/LOGO_CNSFG_180.png\",\"contentUrl\":\"https:\\\/\\\/cnsfg.cat\\\/wp-content\\\/uploads\\\/2020\\\/03\\\/LOGO_CNSFG_180.png\",\"width\":180,\"height\":71,\"caption\":\"Club Na\u00f9tic Sant Feliu de Guixols\"},\"image\":{\"@id\":\"https:\\\/\\\/cnsfg.cat\\\/de\\\/#\\\/schema\\\/logo\\\/image\\\/\"},\"sameAs\":[\"https:\\\/\\\/www.facebook.com\\\/Club-N\u00e0utic-Sant-Feliu-525823567569507\\\/\",\"https:\\\/\\\/x.com\\\/NauticSantFeliu\"]}]}<\/script>\n<!-- \/ Yoast SEO plugin. -->","yoast_head_json":{"title":"Rechtlich - Club N\u00e0utic Sant Feliu de Guixols","description":"Rechtliche Hinweise des Sant Feliu de Gu\u00edxolsclub n\u00e0utic.","robots":{"index":"index","follow":"follow","max-snippet":"max-snippet:-1","max-image-preview":"max-image-preview:large","max-video-preview":"max-video-preview:-1"},"canonical":"https:\/\/cnsfg.cat\/de\/rechtlich\/","og_locale":"de_DE","og_type":"article","og_title":"Rechtlich - Club N\u00e0utic Sant Feliu de Guixols","og_description":"Rechtliche Hinweise des Sant Feliu de Gu\u00edxolsclub n\u00e0utic.","og_url":"https:\/\/cnsfg.cat\/de\/rechtlich\/","og_site_name":"Club N\u00e0utic Sant Feliu de Guixols","article_publisher":"https:\/\/www.facebook.com\/Club-N%c3%a0utic-Sant-Feliu-525823567569507\/","article_modified_time":"2022-08-04T14:59:37+00:00","twitter_card":"summary_large_image","twitter_site":"@NauticSantFeliu","schema":{"@context":"https:\/\/schema.org","@graph":[{"@type":"WebPage","@id":"https:\/\/cnsfg.cat\/de\/rechtlich\/","url":"https:\/\/cnsfg.cat\/de\/rechtlich\/","name":"Rechtlich - Club N\u00e0utic Sant Feliu de Guixols","isPartOf":{"@id":"https:\/\/cnsfg.cat\/de\/#website"},"datePublished":"2021-08-09T16:46:21+00:00","dateModified":"2022-08-04T14:59:37+00:00","description":"Rechtliche Hinweise des Sant Feliu de Gu\u00edxolsclub n\u00e0utic.","breadcrumb":{"@id":"https:\/\/cnsfg.cat\/de\/rechtlich\/#breadcrumb"},"inLanguage":"de","potentialAction":[{"@type":"ReadAction","target":["https:\/\/cnsfg.cat\/de\/rechtlich\/"]}]},{"@type":"BreadcrumbList","@id":"https:\/\/cnsfg.cat\/de\/rechtlich\/#breadcrumb","itemListElement":[{"@type":"ListItem","position":1,"name":"Portada","item":"https:\/\/cnsfg.cat\/de\/"},{"@type":"ListItem","position":2,"name":"Rechtlich"}]},{"@type":"WebSite","@id":"https:\/\/cnsfg.cat\/de\/#website","url":"https:\/\/cnsfg.cat\/de\/","name":"Club N\u00e0utic Sant Feliu de Guixols","description":"Club n\u00e0utic amb m\u00e9s de 400 amarradors a Sant Feliu de Guixols, Costa Brava.","publisher":{"@id":"https:\/\/cnsfg.cat\/de\/#organization"},"potentialAction":[{"@type":"SearchAction","target":{"@type":"EntryPoint","urlTemplate":"https:\/\/cnsfg.cat\/de\/?s={search_term_string}"},"query-input":{"@type":"PropertyValueSpecification","valueRequired":true,"valueName":"search_term_string"}}],"inLanguage":"de"},{"@type":"Organization","@id":"https:\/\/cnsfg.cat\/de\/#organization","name":"Club Na\u00f9tic Sant Feliu de Guixols","url":"https:\/\/cnsfg.cat\/de\/","logo":{"@type":"ImageObject","inLanguage":"de","@id":"https:\/\/cnsfg.cat\/de\/#\/schema\/logo\/image\/","url":"https:\/\/cnsfg.cat\/wp-content\/uploads\/2020\/03\/LOGO_CNSFG_180.png","contentUrl":"https:\/\/cnsfg.cat\/wp-content\/uploads\/2020\/03\/LOGO_CNSFG_180.png","width":180,"height":71,"caption":"Club Na\u00f9tic Sant Feliu de Guixols"},"image":{"@id":"https:\/\/cnsfg.cat\/de\/#\/schema\/logo\/image\/"},"sameAs":["https:\/\/www.facebook.com\/Club-N\u00e0utic-Sant-Feliu-525823567569507\/","https:\/\/x.com\/NauticSantFeliu"]}]}},"_links":{"self":[{"href":"https:\/\/cnsfg.cat\/de\/wp-json\/wp\/v2\/pages\/371291","targetHints":{"allow":["GET"]}}],"collection":[{"href":"https:\/\/cnsfg.cat\/de\/wp-json\/wp\/v2\/pages"}],"about":[{"href":"https:\/\/cnsfg.cat\/de\/wp-json\/wp\/v2\/types\/page"}],"author":[{"embeddable":true,"href":"https:\/\/cnsfg.cat\/de\/wp-json\/wp\/v2\/users\/5"}],"replies":[{"embeddable":true,"href":"https:\/\/cnsfg.cat\/de\/wp-json\/wp\/v2\/comments?post=371291"}],"version-history":[{"count":0,"href":"https:\/\/cnsfg.cat\/de\/wp-json\/wp\/v2\/pages\/371291\/revisions"}],"wp:attachment":[{"href":"https:\/\/cnsfg.cat\/de\/wp-json\/wp\/v2\/media?parent=371291"}],"wp:term":[{"taxonomy":"difl_page_category","embeddable":true,"href":"https:\/\/cnsfg.cat\/de\/wp-json\/wp\/v2\/difl_page_category?post=371291"}],"curies":[{"name":"wp","href":"https:\/\/api.w.org\/{rel}","templated":true}]}}