{"id":371319,"date":"2021-08-09T18:52:43","date_gmt":"2021-08-09T16:52:43","guid":{"rendered":"https:\/\/cnsfg.cat\/cookie-richtlinien\/"},"modified":"2022-08-04T17:16:16","modified_gmt":"2022-08-04T15:16:16","slug":"cookie-richtlinien","status":"publish","type":"page","link":"https:\/\/cnsfg.cat\/de\/cookie-richtlinien\/","title":{"rendered":"Cookie-Richtlinien"},"content":{"rendered":"<p>[et_pb_section fb_built=&#8220;1&#8243; admin_label=&#8220;El club header&#8220; module_class=&#8220;tina_careers_header&#8220; _builder_version=&#8220;4.16&#8243; custom_padding=&#8220;0px||0px||false|false&#8220; locked=&#8220;off&#8220; global_colors_info=&#8220;{}&#8220;][et_pb_row admin_label=&#8220;Der Club-Header &#8211; Reihe&#8220; _builder_version=&#8220;4.16&#8243; width=&#8220;100%&#8220; max_width=&#8220;100%&#8220; custom_padding=&#8220;0px||0px||false|false&#8220; global_colors_info=&#8220;{}&#8220;][et_pb_column type=&#8220;4_4&#8243; _builder_version=&#8220;4.16&#8243; global_colors_info=&#8220;{}&#8220;][et_pb_image src=&#8220;https:\/\/cnsfg.cat\/wp-content\/uploads\/2021\/06\/gestio-elclub.jpg&#8220; title_text=&#8220;Gestio-Elclub&#8220; admin_label=&#8220;El club header &#8211; Image &#8211; 1900x429px&#8220; _builder_version=&#8220;4.16&#8243; global_colors_info=&#8220;{}&#8220;][\/et_pb_image][\/et_pb_column][\/et_pb_row][\/et_pb_section][et_pb_section fb_built=&#8220;1&#8243; _builder_version=&#8220;4.16&#8243; _module_preset=&#8220;default&#8220; global_colors_info=&#8220;{}&#8220;][et_pb_row _builder_version=&#8220;4.16&#8243; _module_preset=&#8220;default&#8220; global_colors_info=&#8220;{}&#8220;][et_pb_column type=&#8220;4_4&#8243; _builder_version=&#8220;4.16&#8243; _module_preset=&#8220;default&#8220; global_colors_info=&#8220;{}&#8220;][et_pb_text admin_label=&#8220;El club header &#8211; Text&#8220; _builder_version=&#8220;4.16&#8243; text_font=&#8220;Cormorant Garamond|700|||||||&#8220; text_text_color=&#8220;#002E5B&#8220; text_font_size=&#8220;58px&#8220; text_line_height=&#8220;120%&#8220; header_font=&#8220;Cormorant Garamond|700|||||||&#8220; header_text_align=&#8220;left&#8220; header_text_color=&#8220;#001F5B&#8220; header_font_size=&#8220;58px&#8220; header_line_height=&#8220;1.2em&#8220; custom_margin=&#8220;||||false|false&#8220; custom_margin_tablet=&#8220;-60px||||false|false&#8220; custom_margin_phone=&#8220;50px||||false|false&#8220; custom_margin_last_edited=&#8220;on|phone&#8220; text_font_size_tablet=&#8220;90px&#8220; text_font_size_phone=&#8220;40px&#8220; text_font_size_last_edited=&#8220;on|phone&#8220; global_colors_info=&#8220;{}&#8220;]<\/p>\n<h1>Cookie-Richtlinien<\/h1>\n<p>[\/et_pb_text][\/et_pb_column][\/et_pb_row][et_pb_row column_structure=&#8220;1_4,3_4&#8243; _builder_version=&#8220;4.16&#8243; _module_preset=&#8220;default&#8220; custom_padding=&#8220;||0px|||&#8220; global_colors_info=&#8220;{}&#8220;][et_pb_column type=&#8220;1_4&#8243; _builder_version=&#8220;4.16&#8243; _module_preset=&#8220;default&#8220; global_colors_info=&#8220;{}&#8220;][et_pb_text admin_label=&#8220;Know Girl Content &#8211; Tina &#8211; Text&#8220; _builder_version=&#8220;4.16&#8243; _module_preset=&#8220;a9637137-e175-4c07-942f-c294692118b6&#8243; text_text_color=&#8220;#002850&#8243; text_line_height=&#8220;150%&#8220; text_font_size_tablet=&#8220;22px&#8220; text_font_size_phone=&#8220;18px&#8220; text_font_size_last_edited=&#8220;on|phone&#8220; global_colors_info=&#8220;{}&#8220;]<\/p>\n<p>Handeln. 01\/2022<\/p>\n<p>[\/et_pb_text][\/et_pb_column][et_pb_column type=&#8220;3_4&#8243; _builder_version=&#8220;4.16&#8243; _module_preset=&#8220;default&#8220; global_colors_info=&#8220;{}&#8220;][et_pb_text admin_label=&#8220;Know Girl Content &#8211; Tina &#8211; Text&#8220; _builder_version=&#8220;4.17.6&#8243; text_font=&#8220;||||||||&#8220; text_text_color=&#8220;#9b9b9b&#8220; text_font_size=&#8220;16px&#8220; text_line_height=&#8220;167%&#8220; hover_enabled=&#8220;0&#8243; text_font_size_phone=&#8220;14px&#8220; text_font_size_last_edited=&#8220;off|phone&#8220; custom_css_main_element=&#8220;    font-weight: 400 !important;&#8220; global_colors_info=&#8220;{}&#8220; sticky_enabled=&#8220;0&#8243;]<\/p>\n<p>In \u00dcbereinstimmung mit der Informationspflicht in Artikel 22 Abschnitt 2 des Gesetzes 34\/2002 vom 11. Juli \u00fcber Dienste der Informationsgesellschaft und des elektronischen Gesch\u00e4ftsverkehrs besteht der Zweck dieser Cookie-Richtlinie darin, Sie klar und pr\u00e4zise \u00fcber die auf der Website des Club N\u00e0utic Sant Feliu de Gu\u00edxols verwendeten Cookies zu informieren.<\/p>\n<p>&nbsp;<\/p>\n<h2>Was sind Cookies?<\/h2>\n<p>Ein Cookie ist eine kleine Datei, die Websites an Ihren Browser senden und auf Ihren Computer herunterladen. Cookies erm\u00f6glichen es der Website, Informationen \u00fcber Ihren Besuch zu speichern und abzurufen, z. B. Ihre bevorzugte Sprache und andere Optionen, um die angebotenen Dienste zu verbessern und zu einem besseren Browsing-Erlebnis f\u00fcr den Benutzer beizutragen.<\/p>\n<p>&nbsp;<\/p>\n<h2>Arten von Cookies<\/h2>\n<p>Je nachdem, wer die Domain verwaltet, von der aus die Cookies gesendet und die Daten verarbeitet werden, wird zwischen eigenen Cookies und Third-Party-Cookies unterschieden.<\/p>\n<p>Cookies k\u00f6nnen auch nach dem Zeitraum klassifiziert werden, in dem sie im Browser des Benutzers gespeichert bleiben, wobei zwischen Sitzungscookies oder dauerhaften Cookies unterschieden wird.<\/p>\n<p>Schlie\u00dflich k\u00f6nnen Cookies je nach dem Zweck, f\u00fcr den die gesammelten Informationen verarbeitet werden, in die folgenden Kategorien eingeteilt werden:<\/p>\n<ul>\n<li>Technische Cookies: Sie erm\u00f6glichen es dem Benutzer, eine Website zu durchsuchen und einige der von ihr angebotenen Dienste zu nutzen (z. B. solche, die dazu dienen, sich an die Elemente eines Einkaufswagens zu erinnern).<\/li>\n<li>Personalisierungs-Cookies: Sie erm\u00f6glichen es dem Benutzer, auf die Website mit bestimmten Merkmalen wie der Sprache zuzugreifen.<\/li>\n<li>Sicherheits-Cookies: Sie dienen dazu, Angriffe auf die Website zu verhindern oder zu behindern.<\/li>\n<li>Erg\u00e4nzen Sie Cookies zum Austausch sozialer Inhalte: die sogenannten Plug-ins, die es erm\u00f6glichen, Inhalte in sozialen Netzwerken zu teilen.<\/li>\n<li>Analyse-Cookies: Sie erm\u00f6glichen es der verantwortlichen Person, das Verhalten des Benutzers zu \u00fcberwachen.<\/li>\n<li>Werbe-Cookies: Sie erm\u00f6glichen es Ihnen, die Werbefl\u00e4chen der Website zu verwalten.<\/li>\n<li>Verhaltensbezogene Werbe-Cookies: Wie die vorherigen werden sie verwendet, um die Werbefl\u00e4chen der Website basierend auf den gesammelten Informationen \u00fcber das Verhalten und die Gewohnheiten des Benutzers zu verwalten und die Werbung an das Profil des Benutzers anzupassen.<\/li>\n<li>Geolokalisierungs-Cookies: werden verwendet, um das Land herauszufinden, in dem sich der Benutzer befindet.<\/li>\n<\/ul>\n<p>&nbsp;<\/p>\n<h2>Genehmigung f\u00fcr die Verwendung von Cookies<\/h2>\n<p>In \u00dcbereinstimmung mit dem Cookie-Hinweis, der auf der Website erscheint, kann der Benutzer ausdr\u00fccklich der Verwendung von Cookies zustimmen, die eine Zustimmung erfordern; Die Verwendung von technischen oder notwendigen Cookies erfordert jedoch keine Zustimmung. Ungeachtet des Vorstehenden kann der Benutzer die Konfiguration seines Browsers \u00e4ndern, um die Verwendung von Cookies abzulehnen.<\/p>\n<p>&nbsp;<\/p>\n<h2>So \u00e4ndern Sie die Cookie-Einstellungen<\/h2>\n<p>Sie k\u00f6nnen die Cookies von Club N\u00e0utic Sant Feliu de Gu\u00edxols oder einer anderen Website \u00fcber Ihren Browser einschr\u00e4nken, blockieren oder l\u00f6schen. In jedem Browser ist die Operation anders, Sie k\u00f6nnen herausfinden, wie es im Hilfe-Men\u00fc Ihres Browsers geht, wo das Verfahren f\u00fcr seine Beseitigung eingerichtet ist. F\u00fcr weitere Informationen:<\/p>\n<ul>\n<li><strong>Google Chrome:<\/strong><br \/><a href=\"https:\/\/support.google.com\/chrome\/answer\/95647?co=GENIE.Platform%253DDesktopl=es\">https:\/\/support.google.com\/chrome\/answer\/95647?co=GENIE.Platform%3DDesktopl=es<\/a><\/li>\n<li><strong>Mozilla Firefox:<\/strong><br \/><a href=\"https:\/\/support.mozilla.org\/es\/kb\/habilitar-y-deshabilitar-cookies-sitios-web-rastrear-preferencias\">https:\/\/support.mozilla.org\/es\/kb\/habilitar-y-deshabilitar-cookies-sitios-web-rastrear-preferencias<\/a><\/li>\n<li><strong>Safari:<\/strong><br \/><a href=\"https:\/\/support.apple.com\/guide\/safari\/sfri11471\/mac\">https:\/\/support.apple.com\/guide\/safari\/sfri11471\/mac<\/a><\/li>\n<li><strong>Internet Explorer:<\/strong><br \/><a href=\"https:\/\/support.microsoft.com\/help\/278835\/how-to-delete-cookie-files-in-internet-explorer\">https:\/\/support.microsoft.com\/help\/278835\/how-to-delete-cookie-files-in-internet-explorer<\/a><\/li>\n<\/ul>\n<p>Es ist m\u00f6glich, dass die Website durch die Deaktivierung von Cookies nicht ordnungsgem\u00e4\u00df funktioniert oder Sie nicht auf bestimmte Funktionen zugreifen k\u00f6nnen.<\/p>\n<p>&nbsp;<\/p>\n<h2>Im Web verwendete Cookies<\/h2>\n<p>Verschiedene Arten von Cookies werden auf dem Webportal f\u00fcr verschiedene Zwecke verwendet, die verwendeten Cookies sind unten aufgef\u00fchrt:<\/p>\n<p><span style=\"color: #ff0000;\">[Enumera aqu\u00ed les cookies utilitzades]<\/span><\/p>\n<p>&nbsp;<\/p>\n<h2>\u00c4nderung der Bedingungen<\/h2>\n<p>Club N\u00e0utic Sant Feliu de Gu\u00edxols beh\u00e4lt sich ausdr\u00fccklich das Recht vor, diese Cookie-Richtlinie ohne vorherige Ank\u00fcndigung einseitig ganz oder teilweise zu \u00e4ndern. Der Benutzer erkennt an und akzeptiert, dass es in seiner Verantwortung liegt, diese Cookie-Richtlinie zu \u00fcberpr\u00fcfen.<\/p>\n<h2> <\/h2>\n<h2>Anmerkung<\/h2>\n<p>Originaltext in katalanischer Sprache erstellt. Der Club N\u00e0utic Sant Feliu de Gu\u00edxols ist nicht verantwortlich f\u00fcr die \u00dcbersetzungen dieses Textes in andere Sprachen, im Falle eines Konflikts ist der Referenztext immer derjenige, der in katalanischer Sprache ver\u00f6ffentlicht wird.<\/p>\n<p>[\/et_pb_text][\/et_pb_column][\/et_pb_row][\/et_pb_section]<\/p>\n","protected":false},"excerpt":{"rendered":"<p>Cookie-RichtlinienHandeln. 01\/2022In \u00dcbereinstimmung mit der Informationspflicht in Artikel 22 Abschnitt 2 des Gesetzes 34\/2002 vom 11. Juli \u00fcber Dienste der Informationsgesellschaft und des elektronischen Gesch\u00e4ftsverkehrs besteht der Zweck dieser Cookie-Richtlinie [&hellip;]<\/p>\n","protected":false},"author":5,"featured_media":0,"parent":0,"menu_order":0,"comment_status":"closed","ping_status":"closed","template":"","meta":{"_et_pb_use_builder":"on","_et_pb_old_content":"","_et_gb_content_width":"","footnotes":""},"difl_page_category":[],"class_list":["post-371319","page","type-page","status-publish","hentry"],"yoast_head":"<!-- This site is optimized with the Yoast SEO plugin v27.5 - https:\/\/yoast.com\/product\/yoast-seo-wordpress\/ -->\n<title>Cookie-Richtlinien - Club N\u00e0utic Sant Feliu de Guixols<\/title>\n<meta name=\"description\" content=\"Cookie-Richtlinie des Club N\u00e0utic Sant Feliu de Gu\u00edxols, Girona-Costa Brava.\" \/>\n<meta name=\"robots\" content=\"index, follow, max-snippet:-1, max-image-preview:large, max-video-preview:-1\" \/>\n<link rel=\"canonical\" href=\"https:\/\/cnsfg.cat\/de\/cookie-richtlinien\/\" \/>\n<meta property=\"og:locale\" content=\"de_DE\" \/>\n<meta property=\"og:type\" content=\"article\" \/>\n<meta property=\"og:title\" content=\"Cookie-Richtlinien - Club N\u00e0utic Sant Feliu de Guixols\" \/>\n<meta property=\"og:description\" content=\"Cookie-Richtlinie des Club N\u00e0utic Sant Feliu de Gu\u00edxols, Girona-Costa Brava.\" \/>\n<meta property=\"og:url\" content=\"https:\/\/cnsfg.cat\/de\/cookie-richtlinien\/\" \/>\n<meta property=\"og:site_name\" content=\"Club N\u00e0utic Sant Feliu de Guixols\" \/>\n<meta property=\"article:publisher\" content=\"https:\/\/www.facebook.com\/Club-N%c3%a0utic-Sant-Feliu-525823567569507\/\" \/>\n<meta property=\"article:modified_time\" content=\"2022-08-04T15:16:16+00:00\" \/>\n<meta name=\"twitter:card\" content=\"summary_large_image\" \/>\n<meta name=\"twitter:site\" content=\"@NauticSantFeliu\" \/>\n<script type=\"application\/ld+json\" class=\"yoast-schema-graph\">{\"@context\":\"https:\\\/\\\/schema.org\",\"@graph\":[{\"@type\":\"WebPage\",\"@id\":\"https:\\\/\\\/cnsfg.cat\\\/de\\\/cookie-richtlinien\\\/\",\"url\":\"https:\\\/\\\/cnsfg.cat\\\/de\\\/cookie-richtlinien\\\/\",\"name\":\"Cookie-Richtlinien - Club N\u00e0utic Sant Feliu de Guixols\",\"isPartOf\":{\"@id\":\"https:\\\/\\\/cnsfg.cat\\\/de\\\/#website\"},\"datePublished\":\"2021-08-09T16:52:43+00:00\",\"dateModified\":\"2022-08-04T15:16:16+00:00\",\"description\":\"Cookie-Richtlinie des Club N\u00e0utic Sant Feliu de Gu\u00edxols, Girona-Costa Brava.\",\"breadcrumb\":{\"@id\":\"https:\\\/\\\/cnsfg.cat\\\/de\\\/cookie-richtlinien\\\/#breadcrumb\"},\"inLanguage\":\"de\",\"potentialAction\":[{\"@type\":\"ReadAction\",\"target\":[\"https:\\\/\\\/cnsfg.cat\\\/de\\\/cookie-richtlinien\\\/\"]}]},{\"@type\":\"BreadcrumbList\",\"@id\":\"https:\\\/\\\/cnsfg.cat\\\/de\\\/cookie-richtlinien\\\/#breadcrumb\",\"itemListElement\":[{\"@type\":\"ListItem\",\"position\":1,\"name\":\"Portada\",\"item\":\"https:\\\/\\\/cnsfg.cat\\\/de\\\/\"},{\"@type\":\"ListItem\",\"position\":2,\"name\":\"Cookie-Richtlinien\"}]},{\"@type\":\"WebSite\",\"@id\":\"https:\\\/\\\/cnsfg.cat\\\/de\\\/#website\",\"url\":\"https:\\\/\\\/cnsfg.cat\\\/de\\\/\",\"name\":\"Club N\u00e0utic Sant Feliu de Guixols\",\"description\":\"Club n\u00e0utic amb m\u00e9s de 400 amarradors a Sant Feliu de Guixols, Costa Brava.\",\"publisher\":{\"@id\":\"https:\\\/\\\/cnsfg.cat\\\/de\\\/#organization\"},\"potentialAction\":[{\"@type\":\"SearchAction\",\"target\":{\"@type\":\"EntryPoint\",\"urlTemplate\":\"https:\\\/\\\/cnsfg.cat\\\/de\\\/?s={search_term_string}\"},\"query-input\":{\"@type\":\"PropertyValueSpecification\",\"valueRequired\":true,\"valueName\":\"search_term_string\"}}],\"inLanguage\":\"de\"},{\"@type\":\"Organization\",\"@id\":\"https:\\\/\\\/cnsfg.cat\\\/de\\\/#organization\",\"name\":\"Club Na\u00f9tic Sant Feliu de Guixols\",\"url\":\"https:\\\/\\\/cnsfg.cat\\\/de\\\/\",\"logo\":{\"@type\":\"ImageObject\",\"inLanguage\":\"de\",\"@id\":\"https:\\\/\\\/cnsfg.cat\\\/de\\\/#\\\/schema\\\/logo\\\/image\\\/\",\"url\":\"https:\\\/\\\/cnsfg.cat\\\/wp-content\\\/uploads\\\/2020\\\/03\\\/LOGO_CNSFG_180.png\",\"contentUrl\":\"https:\\\/\\\/cnsfg.cat\\\/wp-content\\\/uploads\\\/2020\\\/03\\\/LOGO_CNSFG_180.png\",\"width\":180,\"height\":71,\"caption\":\"Club Na\u00f9tic Sant Feliu de Guixols\"},\"image\":{\"@id\":\"https:\\\/\\\/cnsfg.cat\\\/de\\\/#\\\/schema\\\/logo\\\/image\\\/\"},\"sameAs\":[\"https:\\\/\\\/www.facebook.com\\\/Club-N\u00e0utic-Sant-Feliu-525823567569507\\\/\",\"https:\\\/\\\/x.com\\\/NauticSantFeliu\"]}]}<\/script>\n<!-- \/ Yoast SEO plugin. -->","yoast_head_json":{"title":"Cookie-Richtlinien - Club N\u00e0utic Sant Feliu de Guixols","description":"Cookie-Richtlinie des Club N\u00e0utic Sant Feliu de Gu\u00edxols, Girona-Costa Brava.","robots":{"index":"index","follow":"follow","max-snippet":"max-snippet:-1","max-image-preview":"max-image-preview:large","max-video-preview":"max-video-preview:-1"},"canonical":"https:\/\/cnsfg.cat\/de\/cookie-richtlinien\/","og_locale":"de_DE","og_type":"article","og_title":"Cookie-Richtlinien - Club N\u00e0utic Sant Feliu de Guixols","og_description":"Cookie-Richtlinie des Club N\u00e0utic Sant Feliu de Gu\u00edxols, Girona-Costa Brava.","og_url":"https:\/\/cnsfg.cat\/de\/cookie-richtlinien\/","og_site_name":"Club N\u00e0utic Sant Feliu de Guixols","article_publisher":"https:\/\/www.facebook.com\/Club-N%c3%a0utic-Sant-Feliu-525823567569507\/","article_modified_time":"2022-08-04T15:16:16+00:00","twitter_card":"summary_large_image","twitter_site":"@NauticSantFeliu","schema":{"@context":"https:\/\/schema.org","@graph":[{"@type":"WebPage","@id":"https:\/\/cnsfg.cat\/de\/cookie-richtlinien\/","url":"https:\/\/cnsfg.cat\/de\/cookie-richtlinien\/","name":"Cookie-Richtlinien - Club N\u00e0utic Sant Feliu de Guixols","isPartOf":{"@id":"https:\/\/cnsfg.cat\/de\/#website"},"datePublished":"2021-08-09T16:52:43+00:00","dateModified":"2022-08-04T15:16:16+00:00","description":"Cookie-Richtlinie des Club N\u00e0utic Sant Feliu de Gu\u00edxols, Girona-Costa Brava.","breadcrumb":{"@id":"https:\/\/cnsfg.cat\/de\/cookie-richtlinien\/#breadcrumb"},"inLanguage":"de","potentialAction":[{"@type":"ReadAction","target":["https:\/\/cnsfg.cat\/de\/cookie-richtlinien\/"]}]},{"@type":"BreadcrumbList","@id":"https:\/\/cnsfg.cat\/de\/cookie-richtlinien\/#breadcrumb","itemListElement":[{"@type":"ListItem","position":1,"name":"Portada","item":"https:\/\/cnsfg.cat\/de\/"},{"@type":"ListItem","position":2,"name":"Cookie-Richtlinien"}]},{"@type":"WebSite","@id":"https:\/\/cnsfg.cat\/de\/#website","url":"https:\/\/cnsfg.cat\/de\/","name":"Club N\u00e0utic Sant Feliu de Guixols","description":"Club n\u00e0utic amb m\u00e9s de 400 amarradors a Sant Feliu de Guixols, Costa Brava.","publisher":{"@id":"https:\/\/cnsfg.cat\/de\/#organization"},"potentialAction":[{"@type":"SearchAction","target":{"@type":"EntryPoint","urlTemplate":"https:\/\/cnsfg.cat\/de\/?s={search_term_string}"},"query-input":{"@type":"PropertyValueSpecification","valueRequired":true,"valueName":"search_term_string"}}],"inLanguage":"de"},{"@type":"Organization","@id":"https:\/\/cnsfg.cat\/de\/#organization","name":"Club Na\u00f9tic Sant Feliu de Guixols","url":"https:\/\/cnsfg.cat\/de\/","logo":{"@type":"ImageObject","inLanguage":"de","@id":"https:\/\/cnsfg.cat\/de\/#\/schema\/logo\/image\/","url":"https:\/\/cnsfg.cat\/wp-content\/uploads\/2020\/03\/LOGO_CNSFG_180.png","contentUrl":"https:\/\/cnsfg.cat\/wp-content\/uploads\/2020\/03\/LOGO_CNSFG_180.png","width":180,"height":71,"caption":"Club Na\u00f9tic Sant Feliu de Guixols"},"image":{"@id":"https:\/\/cnsfg.cat\/de\/#\/schema\/logo\/image\/"},"sameAs":["https:\/\/www.facebook.com\/Club-N\u00e0utic-Sant-Feliu-525823567569507\/","https:\/\/x.com\/NauticSantFeliu"]}]}},"_links":{"self":[{"href":"https:\/\/cnsfg.cat\/de\/wp-json\/wp\/v2\/pages\/371319","targetHints":{"allow":["GET"]}}],"collection":[{"href":"https:\/\/cnsfg.cat\/de\/wp-json\/wp\/v2\/pages"}],"about":[{"href":"https:\/\/cnsfg.cat\/de\/wp-json\/wp\/v2\/types\/page"}],"author":[{"embeddable":true,"href":"https:\/\/cnsfg.cat\/de\/wp-json\/wp\/v2\/users\/5"}],"replies":[{"embeddable":true,"href":"https:\/\/cnsfg.cat\/de\/wp-json\/wp\/v2\/comments?post=371319"}],"version-history":[{"count":0,"href":"https:\/\/cnsfg.cat\/de\/wp-json\/wp\/v2\/pages\/371319\/revisions"}],"wp:attachment":[{"href":"https:\/\/cnsfg.cat\/de\/wp-json\/wp\/v2\/media?parent=371319"}],"wp:term":[{"taxonomy":"difl_page_category","embeddable":true,"href":"https:\/\/cnsfg.cat\/de\/wp-json\/wp\/v2\/difl_page_category?post=371319"}],"curies":[{"name":"wp","href":"https:\/\/api.w.org\/{rel}","templated":true}]}}