{"id":390407,"date":"2023-10-18T10:48:33","date_gmt":"2023-10-18T08:48:33","guid":{"rendered":"https:\/\/cnsfg.cat\/lieferanten\/"},"modified":"2023-10-18T11:24:23","modified_gmt":"2023-10-18T09:24:23","slug":"lieferanten","status":"publish","type":"page","link":"https:\/\/cnsfg.cat\/de\/lieferanten\/","title":{"rendered":"Lieferanten"},"content":{"rendered":"<p>[et_pb_section fb_built=&#8220;1&#8243; admin_label=&#8220;El club header&#8220; module_class=&#8220;tina_careers_header&#8220; _builder_version=&#8220;4.16&#8243; custom_padding=&#8220;0px||0px||false|false&#8220; locked=&#8220;off&#8220; global_colors_info=&#8220;{}&#8220;][et_pb_row admin_label=&#8220;Der Club-Header &#8211; Reihe&#8220; _builder_version=&#8220;4.16&#8243; width=&#8220;100%&#8220; max_width=&#8220;100%&#8220; custom_padding=&#8220;0px||0px||false|false&#8220; global_colors_info=&#8220;{}&#8220;][et_pb_column type=&#8220;4_4&#8243; _builder_version=&#8220;4.16&#8243; global_colors_info=&#8220;{}&#8220;][et_pb_image src=&#8220;https:\/\/cnsfg.cat\/wp-content\/uploads\/2021\/06\/gestio-elclub.jpg&#8220; title_text=&#8220;Gestio-Elclub&#8220; admin_label=&#8220;El club header &#8211; Image &#8211; 1900x429px&#8220; _builder_version=&#8220;4.16&#8243; global_colors_info=&#8220;{}&#8220;][\/et_pb_image][\/et_pb_column][\/et_pb_row][\/et_pb_section][et_pb_section fb_built=&#8220;1&#8243; _builder_version=&#8220;4.16&#8243; _module_preset=&#8220;default&#8220; global_colors_info=&#8220;{}&#8220;][et_pb_row _builder_version=&#8220;4.16&#8243; _module_preset=&#8220;default&#8220; global_colors_info=&#8220;{}&#8220;][et_pb_column type=&#8220;4_4&#8243; _builder_version=&#8220;4.16&#8243; _module_preset=&#8220;default&#8220; global_colors_info=&#8220;{}&#8220;][et_pb_text admin_label=&#8220;El club header &#8211; Text&#8220; _builder_version=&#8220;4.22.2&#8243; text_font=&#8220;Cormorant Garamond|700|||||||&#8220; text_text_color=&#8220;#002E5B&#8220; text_font_size=&#8220;58px&#8220; text_line_height=&#8220;120%&#8220; header_font=&#8220;Cormorant Garamond|700|||||||&#8220; header_text_color=&#8220;#001F5B&#8220; header_font_size=&#8220;58px&#8220; header_line_height=&#8220;1.2em&#8220; custom_margin=&#8220;||||false|false&#8220; custom_margin_tablet=&#8220;-60px||||false|false&#8220; custom_margin_phone=&#8220;50px||||false|false&#8220; custom_margin_last_edited=&#8220;on|phone&#8220; hover_enabled=&#8220;0&#8243; text_font_size_tablet=&#8220;90px&#8220; text_font_size_phone=&#8220;40px&#8220; text_font_size_last_edited=&#8220;on|phone&#8220; global_colors_info=&#8220;{}&#8220; sticky_enabled=&#8220;0&#8243;]<\/p>\n<h1>Lieferanten<\/h1>\n<p>[\/et_pb_text][\/et_pb_column][\/et_pb_row][et_pb_row column_structure=&#8220;1_4,3_4&#8243; _builder_version=&#8220;4.16&#8243; _module_preset=&#8220;default&#8220; custom_padding=&#8220;||0px|||&#8220; global_colors_info=&#8220;{}&#8220;][et_pb_column type=&#8220;1_4&#8243; _builder_version=&#8220;4.16&#8243; _module_preset=&#8220;default&#8220; global_colors_info=&#8220;{}&#8220;][et_pb_text admin_label=&#8220;Know Girl Content &#8211; Tina &#8211; Text&#8220; _builder_version=&#8220;4.22.2&#8243; _module_preset=&#8220;a9637137-e175-4c07-942f-c294692118b6&#8243; text_text_color=&#8220;#002850&#8243; text_line_height=&#8220;150%&#8220; hover_enabled=&#8220;0&#8243; text_font_size_tablet=&#8220;22px&#8220; text_font_size_phone=&#8220;18px&#8220; text_font_size_last_edited=&#8220;on|phone&#8220; global_colors_info=&#8220;{}&#8220; sticky_enabled=&#8220;0&#8243;]<\/p>\n<p>Informationen f\u00fcr unsere Lieferanten<\/p>\n<p>[\/et_pb_text][\/et_pb_column][et_pb_column type=&#8220;3_4&#8243; _builder_version=&#8220;4.16&#8243; _module_preset=&#8220;default&#8220; global_colors_info=&#8220;{}&#8220;][et_pb_text admin_label=&#8220;Know Girl Content &#8211; Tina &#8211; Text&#8220; _builder_version=&#8220;4.22.2&#8243; text_font=&#8220;||||||||&#8220; text_text_color=&#8220;#9b9b9b&#8220; text_font_size=&#8220;16px&#8220; text_line_height=&#8220;167%&#8220; hover_enabled=&#8220;0&#8243; text_font_size_phone=&#8220;14px&#8220; text_font_size_last_edited=&#8220;off|phone&#8220; custom_css_main_element=&#8220;    font-weight: 400 !important;&#8220; global_colors_info=&#8220;{}&#8220; sticky_enabled=&#8220;0&#8243;]<\/p>\n<div class=\"post\">\n<h2>Bewertung der Qualit\u00e4t und der Produkte unserer Lieferanten.<\/h2>\n<p class=\"p1\">Meine Herren und Damen, wir informieren Sie, dass die Bewertung der Qualit\u00e4t Ihrer Dienstleistung \/ Ihres Produkts durch die regelm\u00e4\u00dfige \u00dcberwachung der m\u00f6glicherweise aufgetretenen Vorf\u00e4lle bewertet wird. Und dass f\u00fcr den Fall, dass es als notwendig erachtet wird, Korrekturma\u00dfnahmen zu ergreifen, dies per E-Mail mitgeteilt wird.<\/p>\n<p>Bei Fragen k\u00f6nnen Sie uns per E-Mail kontaktieren: info@cnsfg.cat<\/p>\n<\/div>\n<p>&nbsp;<\/p>\n<p>[\/et_pb_text][\/et_pb_column][\/et_pb_row][\/et_pb_section]<\/p>\n","protected":false},"excerpt":{"rendered":"<p>LieferantenInformationen f\u00fcr unsere Lieferanten Bewertung der Qualit\u00e4t und der Produkte unserer Lieferanten. Meine Herren und Damen, wir informieren Sie, dass die Bewertung der Qualit\u00e4t Ihrer Dienstleistung \/ Ihres Produkts durch [&hellip;]<\/p>\n","protected":false},"author":5,"featured_media":0,"parent":0,"menu_order":0,"comment_status":"closed","ping_status":"closed","template":"","meta":{"_et_pb_use_builder":"on","_et_pb_old_content":"","_et_gb_content_width":"","footnotes":""},"difl_page_category":[],"class_list":["post-390407","page","type-page","status-publish","hentry"],"yoast_head":"<!-- This site is optimized with the Yoast SEO plugin v27.4 - https:\/\/yoast.com\/product\/yoast-seo-wordpress\/ -->\n<title>Lieferanten - Club N\u00e0utic Sant Feliu de Guixols<\/title>\n<meta name=\"description\" content=\"Informationen f\u00fcr unsere Lieferanten.\" \/>\n<meta name=\"robots\" content=\"index, follow, max-snippet:-1, max-image-preview:large, max-video-preview:-1\" \/>\n<link rel=\"canonical\" href=\"https:\/\/cnsfg.cat\/de\/lieferanten\/\" \/>\n<meta property=\"og:locale\" content=\"de_DE\" \/>\n<meta property=\"og:type\" content=\"article\" \/>\n<meta property=\"og:title\" content=\"Lieferanten - Club N\u00e0utic Sant Feliu de Guixols\" \/>\n<meta property=\"og:description\" content=\"Informationen f\u00fcr unsere Lieferanten.\" \/>\n<meta property=\"og:url\" content=\"https:\/\/cnsfg.cat\/de\/lieferanten\/\" \/>\n<meta property=\"og:site_name\" content=\"Club N\u00e0utic Sant Feliu de Guixols\" \/>\n<meta property=\"article:publisher\" content=\"https:\/\/www.facebook.com\/Club-N%c3%a0utic-Sant-Feliu-525823567569507\/\" \/>\n<meta property=\"article:modified_time\" content=\"2023-10-18T09:24:23+00:00\" \/>\n<meta name=\"twitter:card\" content=\"summary_large_image\" \/>\n<meta name=\"twitter:site\" content=\"@NauticSantFeliu\" \/>\n<script type=\"application\/ld+json\" class=\"yoast-schema-graph\">{\"@context\":\"https:\\\/\\\/schema.org\",\"@graph\":[{\"@type\":\"WebPage\",\"@id\":\"https:\\\/\\\/cnsfg.cat\\\/de\\\/lieferanten\\\/\",\"url\":\"https:\\\/\\\/cnsfg.cat\\\/de\\\/lieferanten\\\/\",\"name\":\"Lieferanten - Club N\u00e0utic Sant Feliu de Guixols\",\"isPartOf\":{\"@id\":\"https:\\\/\\\/cnsfg.cat\\\/de\\\/#website\"},\"datePublished\":\"2023-10-18T08:48:33+00:00\",\"dateModified\":\"2023-10-18T09:24:23+00:00\",\"description\":\"Informationen f\u00fcr unsere Lieferanten.\",\"breadcrumb\":{\"@id\":\"https:\\\/\\\/cnsfg.cat\\\/de\\\/lieferanten\\\/#breadcrumb\"},\"inLanguage\":\"de\",\"potentialAction\":[{\"@type\":\"ReadAction\",\"target\":[\"https:\\\/\\\/cnsfg.cat\\\/de\\\/lieferanten\\\/\"]}]},{\"@type\":\"BreadcrumbList\",\"@id\":\"https:\\\/\\\/cnsfg.cat\\\/de\\\/lieferanten\\\/#breadcrumb\",\"itemListElement\":[{\"@type\":\"ListItem\",\"position\":1,\"name\":\"Portada\",\"item\":\"https:\\\/\\\/cnsfg.cat\\\/de\\\/\"},{\"@type\":\"ListItem\",\"position\":2,\"name\":\"Lieferanten\"}]},{\"@type\":\"WebSite\",\"@id\":\"https:\\\/\\\/cnsfg.cat\\\/de\\\/#website\",\"url\":\"https:\\\/\\\/cnsfg.cat\\\/de\\\/\",\"name\":\"Club N\u00e0utic Sant Feliu de Guixols\",\"description\":\"Club n\u00e0utic amb m\u00e9s de 400 amarradors a Sant Feliu de Guixols, Costa Brava.\",\"publisher\":{\"@id\":\"https:\\\/\\\/cnsfg.cat\\\/de\\\/#organization\"},\"potentialAction\":[{\"@type\":\"SearchAction\",\"target\":{\"@type\":\"EntryPoint\",\"urlTemplate\":\"https:\\\/\\\/cnsfg.cat\\\/de\\\/?s={search_term_string}\"},\"query-input\":{\"@type\":\"PropertyValueSpecification\",\"valueRequired\":true,\"valueName\":\"search_term_string\"}}],\"inLanguage\":\"de\"},{\"@type\":\"Organization\",\"@id\":\"https:\\\/\\\/cnsfg.cat\\\/de\\\/#organization\",\"name\":\"Club Na\u00f9tic Sant Feliu de Guixols\",\"url\":\"https:\\\/\\\/cnsfg.cat\\\/de\\\/\",\"logo\":{\"@type\":\"ImageObject\",\"inLanguage\":\"de\",\"@id\":\"https:\\\/\\\/cnsfg.cat\\\/de\\\/#\\\/schema\\\/logo\\\/image\\\/\",\"url\":\"https:\\\/\\\/cnsfg.cat\\\/wp-content\\\/uploads\\\/2020\\\/03\\\/LOGO_CNSFG_180.png\",\"contentUrl\":\"https:\\\/\\\/cnsfg.cat\\\/wp-content\\\/uploads\\\/2020\\\/03\\\/LOGO_CNSFG_180.png\",\"width\":180,\"height\":71,\"caption\":\"Club Na\u00f9tic Sant Feliu de Guixols\"},\"image\":{\"@id\":\"https:\\\/\\\/cnsfg.cat\\\/de\\\/#\\\/schema\\\/logo\\\/image\\\/\"},\"sameAs\":[\"https:\\\/\\\/www.facebook.com\\\/Club-N\u00e0utic-Sant-Feliu-525823567569507\\\/\",\"https:\\\/\\\/x.com\\\/NauticSantFeliu\"]}]}<\/script>\n<!-- \/ Yoast SEO plugin. -->","yoast_head_json":{"title":"Lieferanten - Club N\u00e0utic Sant Feliu de Guixols","description":"Informationen f\u00fcr unsere Lieferanten.","robots":{"index":"index","follow":"follow","max-snippet":"max-snippet:-1","max-image-preview":"max-image-preview:large","max-video-preview":"max-video-preview:-1"},"canonical":"https:\/\/cnsfg.cat\/de\/lieferanten\/","og_locale":"de_DE","og_type":"article","og_title":"Lieferanten - Club N\u00e0utic Sant Feliu de Guixols","og_description":"Informationen f\u00fcr unsere Lieferanten.","og_url":"https:\/\/cnsfg.cat\/de\/lieferanten\/","og_site_name":"Club N\u00e0utic Sant Feliu de Guixols","article_publisher":"https:\/\/www.facebook.com\/Club-N%c3%a0utic-Sant-Feliu-525823567569507\/","article_modified_time":"2023-10-18T09:24:23+00:00","twitter_card":"summary_large_image","twitter_site":"@NauticSantFeliu","schema":{"@context":"https:\/\/schema.org","@graph":[{"@type":"WebPage","@id":"https:\/\/cnsfg.cat\/de\/lieferanten\/","url":"https:\/\/cnsfg.cat\/de\/lieferanten\/","name":"Lieferanten - Club N\u00e0utic Sant Feliu de Guixols","isPartOf":{"@id":"https:\/\/cnsfg.cat\/de\/#website"},"datePublished":"2023-10-18T08:48:33+00:00","dateModified":"2023-10-18T09:24:23+00:00","description":"Informationen f\u00fcr unsere Lieferanten.","breadcrumb":{"@id":"https:\/\/cnsfg.cat\/de\/lieferanten\/#breadcrumb"},"inLanguage":"de","potentialAction":[{"@type":"ReadAction","target":["https:\/\/cnsfg.cat\/de\/lieferanten\/"]}]},{"@type":"BreadcrumbList","@id":"https:\/\/cnsfg.cat\/de\/lieferanten\/#breadcrumb","itemListElement":[{"@type":"ListItem","position":1,"name":"Portada","item":"https:\/\/cnsfg.cat\/de\/"},{"@type":"ListItem","position":2,"name":"Lieferanten"}]},{"@type":"WebSite","@id":"https:\/\/cnsfg.cat\/de\/#website","url":"https:\/\/cnsfg.cat\/de\/","name":"Club N\u00e0utic Sant Feliu de Guixols","description":"Club n\u00e0utic amb m\u00e9s de 400 amarradors a Sant Feliu de Guixols, Costa Brava.","publisher":{"@id":"https:\/\/cnsfg.cat\/de\/#organization"},"potentialAction":[{"@type":"SearchAction","target":{"@type":"EntryPoint","urlTemplate":"https:\/\/cnsfg.cat\/de\/?s={search_term_string}"},"query-input":{"@type":"PropertyValueSpecification","valueRequired":true,"valueName":"search_term_string"}}],"inLanguage":"de"},{"@type":"Organization","@id":"https:\/\/cnsfg.cat\/de\/#organization","name":"Club Na\u00f9tic Sant Feliu de Guixols","url":"https:\/\/cnsfg.cat\/de\/","logo":{"@type":"ImageObject","inLanguage":"de","@id":"https:\/\/cnsfg.cat\/de\/#\/schema\/logo\/image\/","url":"https:\/\/cnsfg.cat\/wp-content\/uploads\/2020\/03\/LOGO_CNSFG_180.png","contentUrl":"https:\/\/cnsfg.cat\/wp-content\/uploads\/2020\/03\/LOGO_CNSFG_180.png","width":180,"height":71,"caption":"Club Na\u00f9tic Sant Feliu de Guixols"},"image":{"@id":"https:\/\/cnsfg.cat\/de\/#\/schema\/logo\/image\/"},"sameAs":["https:\/\/www.facebook.com\/Club-N\u00e0utic-Sant-Feliu-525823567569507\/","https:\/\/x.com\/NauticSantFeliu"]}]}},"_links":{"self":[{"href":"https:\/\/cnsfg.cat\/de\/wp-json\/wp\/v2\/pages\/390407","targetHints":{"allow":["GET"]}}],"collection":[{"href":"https:\/\/cnsfg.cat\/de\/wp-json\/wp\/v2\/pages"}],"about":[{"href":"https:\/\/cnsfg.cat\/de\/wp-json\/wp\/v2\/types\/page"}],"author":[{"embeddable":true,"href":"https:\/\/cnsfg.cat\/de\/wp-json\/wp\/v2\/users\/5"}],"replies":[{"embeddable":true,"href":"https:\/\/cnsfg.cat\/de\/wp-json\/wp\/v2\/comments?post=390407"}],"version-history":[{"count":2,"href":"https:\/\/cnsfg.cat\/de\/wp-json\/wp\/v2\/pages\/390407\/revisions"}],"predecessor-version":[{"id":390409,"href":"https:\/\/cnsfg.cat\/de\/wp-json\/wp\/v2\/pages\/390407\/revisions\/390409"}],"wp:attachment":[{"href":"https:\/\/cnsfg.cat\/de\/wp-json\/wp\/v2\/media?parent=390407"}],"wp:term":[{"taxonomy":"difl_page_category","embeddable":true,"href":"https:\/\/cnsfg.cat\/de\/wp-json\/wp\/v2\/difl_page_category?post=390407"}],"curies":[{"name":"wp","href":"https:\/\/api.w.org\/{rel}","templated":true}]}}