{"id":350717,"date":"2021-08-09T18:52:43","date_gmt":"2021-08-09T16:52:43","guid":{"rendered":"https:\/\/cnsfg.cat\/cookie-policy\/"},"modified":"2022-08-04T17:07:37","modified_gmt":"2022-08-04T15:07:37","slug":"cookie-policy","status":"publish","type":"page","link":"https:\/\/cnsfg.cat\/en\/cookie-policy\/","title":{"rendered":"Cookie policy"},"content":{"rendered":"<p>[et_pb_section fb_built=&#8221;1&#8243; admin_label=&#8221;El club header&#8221; module_class=&#8221;tina_careers_header&#8221; _builder_version=&#8221;4.16&#8243; custom_padding=&#8221;0px||0px||false|false&#8221; locked=&#8221;off&#8221; global_colors_info=&#8221;{}&#8221;][et_pb_row admin_label=&#8221;El club header &#8211; Row&#8221; _builder_version=&#8221;4.16&#8243; width=&#8221;100%&#8221; max_width=&#8221;100%&#8221; custom_padding=&#8221;0px||0px||false|false&#8221; global_colors_info=&#8221;{}&#8221;][et_pb_column type=&#8221;4_4&#8243; _builder_version=&#8221;4.16&#8243; global_colors_info=&#8221;{}&#8221;][et_pb_image src=&#8221;https:\/\/cnsfg.cat\/wp-content\/uploads\/2021\/06\/gestio-elclub.jpg&#8221; title_text=&#8221;management-elclub&#8221; admin_label=&#8221;El club header &#8211; Image &#8211; 1900x429px&#8221; _builder_version=&#8221;4.16&#8243; global_colors_info=&#8221;{}&#8221;][\/et_pb_image][\/et_pb_column][\/et_pb_row][\/et_pb_section][et_pb_section fb_built=&#8221;1&#8243; _builder_version=&#8221;4.16&#8243; _module_preset=&#8221;default&#8221; global_colors_info=&#8221;{}&#8221;][et_pb_row _builder_version=&#8221;4.16&#8243; _module_preset=&#8221;default&#8221; global_colors_info=&#8221;{}&#8221;][et_pb_column type=&#8221;4_4&#8243; _builder_version=&#8221;4.16&#8243; _module_preset=&#8221;default&#8221; global_colors_info=&#8221;{}&#8221;][et_pb_text admin_label=&#8221;El club header &#8211; Text&#8221; _builder_version=&#8221;4.16&#8243; text_font=&#8221;Cormorant Garamond|700|||||||&#8221; text_text_color=&#8221;#002E5B&#8221; text_font_size=&#8221;58px&#8221; text_line_height=&#8221;120%&#8221; header_font=&#8221;Cormorant Garamond|700|||||||&#8221; header_text_align=&#8221;left&#8221; header_text_color=&#8221;#001F5B&#8221; header_font_size=&#8221;58px&#8221; header_line_height=&#8221;1.2em&#8221; custom_margin=&#8221;||||false|false&#8221; custom_margin_tablet=&#8221;-60px||||false|false&#8221; custom_margin_phone=&#8221;50px||||false|false&#8221; custom_margin_last_edited=&#8221;on|phone&#8221; text_font_size_tablet=&#8221;90px&#8221; text_font_size_phone=&#8221;40px&#8221; text_font_size_last_edited=&#8221;on|phone&#8221; global_colors_info=&#8221;{}&#8221;]<\/p>\n<h1>Pol\u00edtica de Cookies<\/h1>\n<p>[\/et_pb_text][\/et_pb_column][\/et_pb_row][et_pb_row column_structure=&#8221;1_4,3_4&#8243; _builder_version=&#8221;4.16&#8243; _module_preset=&#8221;default&#8221; custom_padding=&#8221;||0px|||&#8221; global_colors_info=&#8221;{}&#8221;][et_pb_column type=&#8221;1_4&#8243; _builder_version=&#8221;4.16&#8243; _module_preset=&#8221;default&#8221; global_colors_info=&#8221;{}&#8221;][et_pb_text admin_label=&#8221;Know Girl Content &#8211; Tina &#8211; Text&#8221; _builder_version=&#8221;4.16&#8243; _module_preset=&#8221;a9637137-e175-4c07-942f-c294692118b6&#8243; text_text_color=&#8221;#002850&#8243; text_line_height=&#8221;150%&#8221; text_font_size_tablet=&#8221;22px&#8221; text_font_size_phone=&#8221;18px&#8221; text_font_size_last_edited=&#8221;on|phone&#8221; global_colors_info=&#8221;{}&#8221;]<\/p>\n<p>Act. 01\/2022<\/p>\n<p>[\/et_pb_text][\/et_pb_column][et_pb_column type=&#8221;3_4&#8243; _builder_version=&#8221;4.16&#8243; _module_preset=&#8221;default&#8221; global_colors_info=&#8221;{}&#8221;][et_pb_text admin_label=&#8221;Know Girl Content &#8211; Tina &#8211; Text&#8221; _builder_version=&#8221;4.17.6&#8243; text_font=&#8221;||||||||&#8221; text_text_color=&#8221;#9b9b9b&#8221; text_font_size=&#8221;16px&#8221; text_line_height=&#8221;167%&#8221; hover_enabled=&#8221;0&#8243; text_font_size_phone=&#8221;14px&#8221; text_font_size_last_edited=&#8221;off|phone&#8221; custom_css_main_element=&#8221;    font-weight: 400 !important;&#8221; global_colors_info=&#8221;{}&#8221; sticky_enabled=&#8221;0&#8243;]<\/p>\n<p>In compliance with the duty of information contained in section 2 of article 22 of Law 34\/2002, of July 11, on Services of the Information Society and Electronic Commerce, the purpose of this cookie policy is to inform you clearly and precisely about the cookies used on the website of club N\u00e0utic Sant Feliu de Gu\u00edxols.<\/p>\n<p>&nbsp;<\/p>\n<h2>What are cookies?<\/h2>\n<p>A cookie is a small file that websites send to your browser and download to your computer. Cookies allow the website to store and retrieve information about your visit, such as your preferred language and other options, in order to improve the services offered and contribute to a better browsing experience for the user.<\/p>\n<p>&nbsp;<\/p>\n<h2>Types of cookies<\/h2>\n<p>Depending on who manages the domain from which the cookies are sent and the data is processed, a distinction will be made between own cookies and third-party cookies.<\/p>\n<p>Cookies can also be classified according to the period of time they remain stored in the user&#8217;s browser, distinguishing between session cookies or persistent cookies.<\/p>\n<p>Finally, depending on the purpose for which the information collected is processed, cookies can be classified into the following categories:<\/p>\n<ul>\n<li>Technical cookies: they allow the user to browse a website and use some of the services offered by it (such as those that serve to remember the elements of a shopping cart).<\/li>\n<li>Personalization cookies: they allow the user to access the website with certain characteristics, such as language.<\/li>\n<li>Security cookies: they serve to prevent or hinder attacks against the website.<\/li>\n<li>Complement cookies to exchange social content: the so-called plug-ins, which allow content to be shared on social networks.<\/li>\n<li>Analysis cookies: they allow the person in charge to monitor the user&#8217;s behavior.<\/li>\n<li>Advertising cookies: they allow you to manage the advertising spaces of the website.<\/li>\n<li>Behavioral advertising cookies: like the previous ones, they are used to manage the advertising spaces of the website based on the information collected on the user&#8217;s behavior and habits, adapting advertising to the user&#8217;s profile.<\/li>\n<li>Geolocation cookies: used to find out the country where the user is located.<\/li>\n<\/ul>\n<p>&nbsp;<\/p>\n<h2>Authorization for the use of cookies<\/h2>\n<p>In accordance with the cookie notice that appears on the website, the user can expressly consent to the use of cookies that require consent; however, the use of technical or necessary cookies does not require consent. Notwithstanding the foregoing, the user can modify the configuration of their browser to reject the use of cookies.<\/p>\n<p>&nbsp;<\/p>\n<h2>How to change cookie settings<\/h2>\n<p>You can restrict, block or delete the cookies of Club N\u00e0utic Sant Feliu de Gu\u00edxols or any other website using your browser. In each browser the operation is different, you can find out how to do it in the help menu of your browser where the procedure for its elimination is established. For more information:<\/p>\n<ul>\n<li><strong>Google Chrome:<\/strong><br \/><a href=\"https:\/\/support.google.com\/chrome\/answer\/95647?co=GENIE.Platform%253DDesktopl=es\">https:\/\/support.google.com\/chrome\/answer\/95647?co=GENIE.Platform%3DDesktopl=es<\/a><\/li>\n<li><strong>Mozilla Firefox:<\/strong><br \/><a href=\"https:\/\/support.mozilla.org\/es\/kb\/habilitar-y-deshabilitar-cookies-sitios-web-rastrear-preferencias\">https:\/\/support.mozilla.org\/es\/kb\/habilitar-y-deshabilitar-cookies-sitios-web-rastrear-preferencias<\/a><\/li>\n<li><strong>Safari:<\/strong><br \/><a href=\"https:\/\/support.apple.com\/guide\/safari\/sfri11471\/mac\">https:\/\/support.apple.com\/guide\/safari\/sfri11471\/mac<\/a><\/li>\n<li><strong>Internet Explorer:<\/strong><br \/><a href=\"https:\/\/support.microsoft.com\/help\/278835\/how-to-delete-cookie-files-in-internet-explorer\">https:\/\/support.microsoft.com\/help\/278835\/how-to-delete-cookie-files-in-internet-explorer<\/a><\/li>\n<\/ul>\n<p>It is possible that by disabling cookies the website may not work properly or you may not be able to access certain functions of it.<\/p>\n<p>&nbsp;<\/p>\n<h2>Cookies used on the web<\/h2>\n<p>Different types of cookies are used on the web portal for different purposes, the cookies used are listed below:<\/p>\n<p><span style=\"color: #ff0000;\">[Enumera aqu\u00ed les cookies utilitzades]<\/span><\/p>\n<p>&nbsp;<\/p>\n<h2>Modification of conditions<\/h2>\n<p>Club N\u00e0utic Sant Feliu de Gu\u00edxols expressly reserves the right to unilaterally modify, totally or partially, without prior notice, this Cookies Policy. The user acknowledges and accepts that it is their responsibility to review this Cookies Policy.<\/p>\n<h2> <\/h2>\n<h2>Disclaimer:<\/h2>\n<p>Original text created in Catalan. The Yacht Club Sant Feliu de Gu\u00edxols is not responsible for the translations into other languages of this text, in the event of a conflict the reference text will always be the one that is published in Catalan language.<\/p>\n<p>[\/et_pb_text][\/et_pb_column][\/et_pb_row][\/et_pb_section]<\/p>\n","protected":false},"excerpt":{"rendered":"<p>Pol\u00edtica de CookiesAct. 01\/2022In compliance with the duty of information contained in section 2 of article 22 of Law 34\/2002, of July 11, on Services of the Information Society and [&hellip;]<\/p>\n","protected":false},"author":5,"featured_media":0,"parent":0,"menu_order":0,"comment_status":"closed","ping_status":"closed","template":"","meta":{"_et_pb_use_builder":"on","_et_pb_old_content":"","_et_gb_content_width":"","footnotes":""},"difl_page_category":[],"class_list":["post-350717","page","type-page","status-publish","hentry"],"yoast_head":"<!-- This site is optimized with the Yoast SEO plugin v27.5 - https:\/\/yoast.com\/product\/yoast-seo-wordpress\/ -->\n<title>Cookie policy - Club N\u00e0utic Sant Feliu de Guixols<\/title>\n<meta name=\"description\" content=\"Pol\u00edtica de Cookies del Club N\u00e0utic Sant Feliu de Gu\u00edxols, Girona-Costa Brava.\" \/>\n<meta name=\"robots\" content=\"index, follow, max-snippet:-1, max-image-preview:large, max-video-preview:-1\" \/>\n<link rel=\"canonical\" href=\"https:\/\/cnsfg.cat\/en\/cookie-policy\/\" \/>\n<meta property=\"og:locale\" content=\"en_US\" \/>\n<meta property=\"og:type\" content=\"article\" \/>\n<meta property=\"og:title\" content=\"Cookie policy - Club N\u00e0utic Sant Feliu de Guixols\" \/>\n<meta property=\"og:description\" content=\"Pol\u00edtica de Cookies del Club N\u00e0utic Sant Feliu de Gu\u00edxols, Girona-Costa Brava.\" \/>\n<meta property=\"og:url\" content=\"https:\/\/cnsfg.cat\/en\/cookie-policy\/\" \/>\n<meta property=\"og:site_name\" content=\"Club N\u00e0utic Sant Feliu de Guixols\" \/>\n<meta property=\"article:publisher\" content=\"https:\/\/www.facebook.com\/Club-N%c3%a0utic-Sant-Feliu-525823567569507\/\" \/>\n<meta property=\"article:modified_time\" content=\"2022-08-04T15:07:37+00:00\" \/>\n<meta name=\"twitter:card\" content=\"summary_large_image\" \/>\n<meta name=\"twitter:site\" content=\"@NauticSantFeliu\" \/>\n<script type=\"application\/ld+json\" class=\"yoast-schema-graph\">{\"@context\":\"https:\\\/\\\/schema.org\",\"@graph\":[{\"@type\":\"WebPage\",\"@id\":\"https:\\\/\\\/cnsfg.cat\\\/en\\\/cookie-policy\\\/\",\"url\":\"https:\\\/\\\/cnsfg.cat\\\/en\\\/cookie-policy\\\/\",\"name\":\"Cookie policy - Club N\u00e0utic Sant Feliu de Guixols\",\"isPartOf\":{\"@id\":\"https:\\\/\\\/cnsfg.cat\\\/en\\\/#website\"},\"datePublished\":\"2021-08-09T16:52:43+00:00\",\"dateModified\":\"2022-08-04T15:07:37+00:00\",\"description\":\"Pol\u00edtica de Cookies del Club N\u00e0utic Sant Feliu de Gu\u00edxols, Girona-Costa Brava.\",\"breadcrumb\":{\"@id\":\"https:\\\/\\\/cnsfg.cat\\\/en\\\/cookie-policy\\\/#breadcrumb\"},\"inLanguage\":\"en-US\",\"potentialAction\":[{\"@type\":\"ReadAction\",\"target\":[\"https:\\\/\\\/cnsfg.cat\\\/en\\\/cookie-policy\\\/\"]}]},{\"@type\":\"BreadcrumbList\",\"@id\":\"https:\\\/\\\/cnsfg.cat\\\/en\\\/cookie-policy\\\/#breadcrumb\",\"itemListElement\":[{\"@type\":\"ListItem\",\"position\":1,\"name\":\"Portada\",\"item\":\"https:\\\/\\\/cnsfg.cat\\\/en\\\/\"},{\"@type\":\"ListItem\",\"position\":2,\"name\":\"Cookie policy\"}]},{\"@type\":\"WebSite\",\"@id\":\"https:\\\/\\\/cnsfg.cat\\\/en\\\/#website\",\"url\":\"https:\\\/\\\/cnsfg.cat\\\/en\\\/\",\"name\":\"Club N\u00e0utic Sant Feliu de Guixols\",\"description\":\"Club n\u00e0utic amb m\u00e9s de 400 amarradors a Sant Feliu de Guixols, Costa Brava.\",\"publisher\":{\"@id\":\"https:\\\/\\\/cnsfg.cat\\\/en\\\/#organization\"},\"potentialAction\":[{\"@type\":\"SearchAction\",\"target\":{\"@type\":\"EntryPoint\",\"urlTemplate\":\"https:\\\/\\\/cnsfg.cat\\\/en\\\/?s={search_term_string}\"},\"query-input\":{\"@type\":\"PropertyValueSpecification\",\"valueRequired\":true,\"valueName\":\"search_term_string\"}}],\"inLanguage\":\"en-US\"},{\"@type\":\"Organization\",\"@id\":\"https:\\\/\\\/cnsfg.cat\\\/en\\\/#organization\",\"name\":\"Club Na\u00f9tic Sant Feliu de Guixols\",\"url\":\"https:\\\/\\\/cnsfg.cat\\\/en\\\/\",\"logo\":{\"@type\":\"ImageObject\",\"inLanguage\":\"en-US\",\"@id\":\"https:\\\/\\\/cnsfg.cat\\\/en\\\/#\\\/schema\\\/logo\\\/image\\\/\",\"url\":\"https:\\\/\\\/cnsfg.cat\\\/wp-content\\\/uploads\\\/2020\\\/03\\\/LOGO_CNSFG_180.png\",\"contentUrl\":\"https:\\\/\\\/cnsfg.cat\\\/wp-content\\\/uploads\\\/2020\\\/03\\\/LOGO_CNSFG_180.png\",\"width\":180,\"height\":71,\"caption\":\"Club Na\u00f9tic Sant Feliu de Guixols\"},\"image\":{\"@id\":\"https:\\\/\\\/cnsfg.cat\\\/en\\\/#\\\/schema\\\/logo\\\/image\\\/\"},\"sameAs\":[\"https:\\\/\\\/www.facebook.com\\\/Club-N\u00e0utic-Sant-Feliu-525823567569507\\\/\",\"https:\\\/\\\/x.com\\\/NauticSantFeliu\"]}]}<\/script>\n<!-- \/ Yoast SEO plugin. -->","yoast_head_json":{"title":"Cookie policy - Club N\u00e0utic Sant Feliu de Guixols","description":"Pol\u00edtica de Cookies del Club N\u00e0utic Sant Feliu de Gu\u00edxols, Girona-Costa Brava.","robots":{"index":"index","follow":"follow","max-snippet":"max-snippet:-1","max-image-preview":"max-image-preview:large","max-video-preview":"max-video-preview:-1"},"canonical":"https:\/\/cnsfg.cat\/en\/cookie-policy\/","og_locale":"en_US","og_type":"article","og_title":"Cookie policy - Club N\u00e0utic Sant Feliu de Guixols","og_description":"Pol\u00edtica de Cookies del Club N\u00e0utic Sant Feliu de Gu\u00edxols, Girona-Costa Brava.","og_url":"https:\/\/cnsfg.cat\/en\/cookie-policy\/","og_site_name":"Club N\u00e0utic Sant Feliu de Guixols","article_publisher":"https:\/\/www.facebook.com\/Club-N%c3%a0utic-Sant-Feliu-525823567569507\/","article_modified_time":"2022-08-04T15:07:37+00:00","twitter_card":"summary_large_image","twitter_site":"@NauticSantFeliu","schema":{"@context":"https:\/\/schema.org","@graph":[{"@type":"WebPage","@id":"https:\/\/cnsfg.cat\/en\/cookie-policy\/","url":"https:\/\/cnsfg.cat\/en\/cookie-policy\/","name":"Cookie policy - Club N\u00e0utic Sant Feliu de Guixols","isPartOf":{"@id":"https:\/\/cnsfg.cat\/en\/#website"},"datePublished":"2021-08-09T16:52:43+00:00","dateModified":"2022-08-04T15:07:37+00:00","description":"Pol\u00edtica de Cookies del Club N\u00e0utic Sant Feliu de Gu\u00edxols, Girona-Costa Brava.","breadcrumb":{"@id":"https:\/\/cnsfg.cat\/en\/cookie-policy\/#breadcrumb"},"inLanguage":"en-US","potentialAction":[{"@type":"ReadAction","target":["https:\/\/cnsfg.cat\/en\/cookie-policy\/"]}]},{"@type":"BreadcrumbList","@id":"https:\/\/cnsfg.cat\/en\/cookie-policy\/#breadcrumb","itemListElement":[{"@type":"ListItem","position":1,"name":"Portada","item":"https:\/\/cnsfg.cat\/en\/"},{"@type":"ListItem","position":2,"name":"Cookie policy"}]},{"@type":"WebSite","@id":"https:\/\/cnsfg.cat\/en\/#website","url":"https:\/\/cnsfg.cat\/en\/","name":"Club N\u00e0utic Sant Feliu de Guixols","description":"Club n\u00e0utic amb m\u00e9s de 400 amarradors a Sant Feliu de Guixols, Costa Brava.","publisher":{"@id":"https:\/\/cnsfg.cat\/en\/#organization"},"potentialAction":[{"@type":"SearchAction","target":{"@type":"EntryPoint","urlTemplate":"https:\/\/cnsfg.cat\/en\/?s={search_term_string}"},"query-input":{"@type":"PropertyValueSpecification","valueRequired":true,"valueName":"search_term_string"}}],"inLanguage":"en-US"},{"@type":"Organization","@id":"https:\/\/cnsfg.cat\/en\/#organization","name":"Club Na\u00f9tic Sant Feliu de Guixols","url":"https:\/\/cnsfg.cat\/en\/","logo":{"@type":"ImageObject","inLanguage":"en-US","@id":"https:\/\/cnsfg.cat\/en\/#\/schema\/logo\/image\/","url":"https:\/\/cnsfg.cat\/wp-content\/uploads\/2020\/03\/LOGO_CNSFG_180.png","contentUrl":"https:\/\/cnsfg.cat\/wp-content\/uploads\/2020\/03\/LOGO_CNSFG_180.png","width":180,"height":71,"caption":"Club Na\u00f9tic Sant Feliu de Guixols"},"image":{"@id":"https:\/\/cnsfg.cat\/en\/#\/schema\/logo\/image\/"},"sameAs":["https:\/\/www.facebook.com\/Club-N\u00e0utic-Sant-Feliu-525823567569507\/","https:\/\/x.com\/NauticSantFeliu"]}]}},"_links":{"self":[{"href":"https:\/\/cnsfg.cat\/en\/wp-json\/wp\/v2\/pages\/350717","targetHints":{"allow":["GET"]}}],"collection":[{"href":"https:\/\/cnsfg.cat\/en\/wp-json\/wp\/v2\/pages"}],"about":[{"href":"https:\/\/cnsfg.cat\/en\/wp-json\/wp\/v2\/types\/page"}],"author":[{"embeddable":true,"href":"https:\/\/cnsfg.cat\/en\/wp-json\/wp\/v2\/users\/5"}],"replies":[{"embeddable":true,"href":"https:\/\/cnsfg.cat\/en\/wp-json\/wp\/v2\/comments?post=350717"}],"version-history":[{"count":0,"href":"https:\/\/cnsfg.cat\/en\/wp-json\/wp\/v2\/pages\/350717\/revisions"}],"wp:attachment":[{"href":"https:\/\/cnsfg.cat\/en\/wp-json\/wp\/v2\/media?parent=350717"}],"wp:term":[{"taxonomy":"difl_page_category","embeddable":true,"href":"https:\/\/cnsfg.cat\/en\/wp-json\/wp\/v2\/difl_page_category?post=350717"}],"curies":[{"name":"wp","href":"https:\/\/api.w.org\/{rel}","templated":true}]}}