{"id":350753,"date":"2020-03-27T08:35:27","date_gmt":"2020-03-27T07:35:27","guid":{"rendered":"https:\/\/cnsfg.cat\/sailing-races\/calendar\/"},"modified":"2025-02-14T16:47:31","modified_gmt":"2025-02-14T15:47:31","slug":"calendar","status":"publish","type":"page","link":"https:\/\/cnsfg.cat\/en\/sailing-races\/calendar\/","title":{"rendered":"Calendar"},"content":{"rendered":"<p>[et_pb_section fb_built=&#8221;1&#8243; admin_label=&#8221;imagen&#8221; module_class=&#8221;tina_careers_header&#8221; _builder_version=&#8221;4.16&#8243; background_image=&#8221;https:\/\/cnsfg.cat\/wp-content\/uploads\/2021\/07\/calendari.jpg&#8221; background_position=&#8221;bottom_right&#8221; height=&#8221;450px&#8221; height_tablet=&#8221;350px&#8221; height_phone=&#8221;188px&#8221; height_last_edited=&#8221;on|phone&#8221; custom_margin_tablet=&#8221;&#8221; custom_margin_phone=&#8221;70px||||false|false&#8221; custom_margin_last_edited=&#8221;on|phone&#8221; custom_padding=&#8221;0px||0px||false|false&#8221; background_last_edited=&#8221;on|desktop&#8221; locked=&#8221;off&#8221; global_colors_info=&#8221;{}&#8221;][\/et_pb_section][et_pb_section fb_built=&#8221;1&#8243; _builder_version=&#8221;4.27.2&#8243; _module_preset=&#8221;823a4ffd-90f5-4a00-a2e7-b31f4bace74d&#8221; custom_margin=&#8221;0px||||false|false&#8221; custom_margin_tablet=&#8221;&#8221; custom_margin_phone=&#8221;0px||0px||false|false&#8221; custom_margin_last_edited=&#8221;on|phone&#8221; hover_enabled=&#8221;0&#8243; locked=&#8221;off&#8221; collapsed=&#8221;off&#8221; global_colors_info=&#8221;{}&#8221; sticky_enabled=&#8221;0&#8243;][et_pb_row _builder_version=&#8221;4.27.2&#8243; _module_preset=&#8221;a5ffc339-760b-420b-ab1c-74de3f804064&#8243; hover_enabled=&#8221;0&#8243; global_colors_info=&#8221;{}&#8221; sticky_enabled=&#8221;0&#8243;][et_pb_column type=&#8221;4_4&#8243; _builder_version=&#8221;4.16&#8243; _module_preset=&#8221;default&#8221; global_colors_info=&#8221;{}&#8221;][et_pb_text admin_label=&#8221;contacta Text&#8221; _builder_version=&#8221;4.27.2&#8243; _module_preset=&#8221;f1e0e75e-444a-45fd-a7a1-01dd37f8b987&#8243; custom_margin=&#8221;||||false|false&#8221; hover_enabled=&#8221;0&#8243; global_colors_info=&#8221;{}&#8221; sticky_enabled=&#8221;0&#8243;]<\/p>\n<h1>Race Calendar<\/h1>\n<p>[\/et_pb_text][et_pb_text _builder_version=&#8221;4.27.2&#8243; _module_preset=&#8221;default&#8221; hover_enabled=&#8221;0&#8243; global_colors_info=&#8221;{}&#8221; sticky_enabled=&#8221;0&#8243;]<\/p>\n<p>The Club N\u00e0utic Sant Feliu de Gu\u00edxols organizes a social cruise regatta every month, as well as other scoring races in the FCV and RFEV circuit. Among them, the Gu\u00edxolsMedes regatta that is the oldest uninterruptedly organized regatta in Catalonia, with more than 50 years of history.<\/p>\n<p>Here you will find the calendar of scoring races, the Official Notice Board of each regatta, you can register and see the results, etc.<\/p>\n<p>[\/et_pb_text][\/et_pb_column][\/et_pb_row][\/et_pb_section][et_pb_section fb_built=&#8221;1&#8243; custom_padding_last_edited=&#8221;on|phone&#8221; admin_label=&#8221;Know Girl Content &#8211; Tina&#8221; module_class=&#8221;tina_know_girl_content&#8221; _builder_version=&#8221;4.16&#8243; background_enable_image=&#8221;off&#8221; custom_padding=&#8221;0px||4px||false|false&#8221; custom_padding_tablet=&#8221;0px||20px||false|false&#8221; custom_padding_phone=&#8221;||30px||false|false&#8221; collapsed=&#8221;off&#8221; global_colors_info=&#8221;{}&#8221;][et_pb_row _builder_version=&#8221;4.16&#8243; _module_preset=&#8221;default&#8221; custom_padding=&#8221;0px|||||&#8221; global_colors_info=&#8221;{}&#8221;][et_pb_column type=&#8221;4_4&#8243; _builder_version=&#8221;4.16&#8243; _module_preset=&#8221;default&#8221; global_colors_info=&#8221;{}&#8221;][et_pb_code module_class=&#8221;iframe-container&#8221; _builder_version=&#8221;4.16&#8243; _module_preset=&#8221;default&#8221; global_colors_info=&#8221;{}&#8221;]<\/p>\n<div style=\"width:100%;height:700px; position:relative; overflow:hidden\"><!-- [et_pb_line_break_holder] -->         <!-- [et_pb_line_break_holder] -->          <?php if (qtrans_getLanguage()==\"ca\") :?><!-- [et_pb_line_break_holder] -->            <iframe loading=\"lazy\" src=\"https:\/\/cnsfg.sailti.com\/ca\/default\/races\/calendar?var={{{wpml_tag_3}}}\" style=\"top:-150px; position:absolute\" width=\"100%\" height=\"830\" scrolling=\"yes\" frameborder=\"0\" ><!-- [et_pb_line_break_holder] -->            <!-- [et_pb_line_break_holder] -->            <?php else : ?><!-- [et_pb_line_break_holder] --><!-- [et_pb_line_break_holder] -->             <iframe loading=\"lazy\" src=\"https:\/\/cnsfg.sailti.com\/ca\/default\/races\/calendar?var=%7B%7B%7Bwpml_tag_6%7D%7D%7D\" style=\"top:-150px; position:absolute\" width=\"100%\" height=\"830\" scrolling=\"yes\" frameborder=\"0\"><!-- [et_pb_line_break_holder] -->           <!-- [et_pb_line_break_holder] --><!-- [et_pb_line_break_holder] -->          <?php endif; ?><!-- [et_pb_line_break_holder] -->    <\/iframe><\/div>\n<p>[\/et_pb_code][\/et_pb_column][\/et_pb_row][\/et_pb_section][et_pb_section fb_built=&#8221;1&#8243; custom_padding_last_edited=&#8221;on|tablet&#8221; admin_label=&#8221;Regates Links&#8221; module_class=&#8221;tina_finest_girl_content&#8221; _builder_version=&#8221;4.18.0&#8243; background_color=&#8221;#65ADD2&#8243; custom_padding=&#8221;0px||90px||false|false&#8221; custom_padding_tablet=&#8221;40px||40px||false|false&#8221; custom_padding_phone=&#8221;40px||40px||false|false&#8221; global_module=&#8221;343579&#8243; saved_tabs=&#8221;all&#8221; collapsed=&#8221;off&#8221; global_colors_info=&#8221;{}&#8221;][et_pb_row column_structure=&#8221;1_4,1_4,1_4,1_4&#8243; use_custom_gutter=&#8221;on&#8221; gutter_width=&#8221;2&#8243; make_equal=&#8221;on&#8221; admin_label=&#8221;Para cambiar color linea animada ir a &#8211; Advanced &#8211; Custom CSS &#8211; Before&#8221; _builder_version=&#8221;4.16&#8243; width=&#8221;90%&#8221; custom_padding=&#8221;80px||||false|false&#8221; custom_css_main_element=&#8221;counter-reset:counter;&#8221; global_colors_info=&#8221;{}&#8221;][et_pb_column type=&#8221;1_4&#8243; _builder_version=&#8221;4.16&#8243; custom_padding_tablet=&#8221;35px|25px|35px|25px|true|true&#8221; custom_padding_last_edited=&#8221;off|desktop&#8221; border_color_all=&#8221;#e5e5e5&#8243; global_colors_info=&#8221;{}&#8221;][et_pb_blurb title=&#8221;Calendar&#8221; url=&#8221;@ET-DC@eyJkeW5hbWljIjp0cnVlLCJjb250ZW50IjoicG9zdF9saW5rX3VybF9wYWdlIiwic2V0dGluZ3MiOnsicG9zdF9pZCI6IjI2NTE5NSJ9fQ==@&#8221; use_icon=&#8221;on&#8221; font_icon=&#8221;&#xe025;||divi||400&#8243; icon_color=&#8221;#002E5B&#8221; icon_alignment=&#8221;left&#8221; content_max_width=&#8221;100%&#8221; admin_label=&#8221;calendari &#8211; image 60x92px&#8221; _builder_version=&#8221;4.27.2&#8243; _dynamic_attributes=&#8221;url,link_option_url&#8221; header_level=&#8221;h3&#8243; header_font=&#8221;|700|||||||&#8221; header_text_color=&#8221;#1e1e26&#8243; body_font=&#8221;Roboto||||||||&#8221; body_text_color=&#8221;#9b9b9b&#8221; body_font_size=&#8221;16px&#8221; body_line_height=&#8221;167%&#8221; background_color=&#8221;#ffffff&#8221; custom_padding=&#8221;35px|20px|63px|30px|false|false&#8221; custom_padding_tablet=&#8221;40px|30px|40px|30px|false|false&#8221; custom_padding_phone=&#8221;&#8221; custom_padding_last_edited=&#8221;on|tablet&#8221; animation=&#8221;off&#8221; link_option_url=&#8221;@ET-DC@eyJkeW5hbWljIjp0cnVlLCJjb250ZW50IjoicG9zdF9saW5rX3VybF9wYWdlIiwic2V0dGluZ3MiOnsicG9zdF9pZCI6IjI2NTE5NSJ9fQ==@&#8221; custom_css_before=&#8221;background: #ffd620;&#8221; custom_css_main_element=&#8221;font-weight: 400;&#8221; custom_css_blurb_image=&#8221;    margin-bottom: 60px;&#8221; custom_css_blurb_title=&#8221;position: relative;||font-weight: 800;||padding-top: 27px;||&#8221; custom_css_blurb_content=&#8221;font-weight: 400;||&#8221; border_width_all=&#8221;1px&#8221; border_color_all=&#8221;#e5e5e5&#8243; global_colors_info=&#8221;{}&#8221;][\/et_pb_blurb][\/et_pb_column][et_pb_column type=&#8221;1_4&#8243; _builder_version=&#8221;4.16&#8243; border_color_all=&#8221;#e5e5e5&#8243; global_colors_info=&#8221;{}&#8221;][et_pb_blurb title=&#8221;News&#8221; url=&#8221;@ET-DC@eyJkeW5hbWljIjp0cnVlLCJjb250ZW50IjoicG9zdF9saW5rX3VybF9wYWdlIiwic2V0dGluZ3MiOnsicG9zdF9pZCI6IjI2NTE5NyJ9fQ==@&#8221; use_icon=&#8221;on&#8221; font_icon=&#8221;&#x69;||divi||400&#8243; icon_color=&#8221;#002E5B&#8221; icon_alignment=&#8221;left&#8221; content_max_width=&#8221;100%&#8221; admin_label=&#8221;noticies&#8221; _builder_version=&#8221;4.27.2&#8243; _dynamic_attributes=&#8221;url,link_option_url&#8221; header_level=&#8221;h3&#8243; header_font=&#8221;|700|||||||&#8221; header_text_color=&#8221;#1e1e26&#8243; body_font=&#8221;Roboto||||||||&#8221; body_text_color=&#8221;#9b9b9b&#8221; body_font_size=&#8221;16px&#8221; body_line_height=&#8221;167%&#8221; background_color=&#8221;#ffffff&#8221; custom_padding=&#8221;35px|20px|63px|30px|false|false&#8221; custom_padding_tablet=&#8221;40px|30px|40px|30px|false|false&#8221; custom_padding_phone=&#8221;&#8221; custom_padding_last_edited=&#8221;on|tablet&#8221; animation=&#8221;off&#8221; link_option_url=&#8221;@ET-DC@eyJkeW5hbWljIjp0cnVlLCJjb250ZW50IjoicG9zdF9saW5rX3VybF9wYWdlIiwic2V0dGluZ3MiOnsicG9zdF9pZCI6IjI2NTE5NyJ9fQ==@&#8221; custom_css_before=&#8221;background: #ffd620;&#8221; custom_css_main_element=&#8221;font-weight: 400;&#8221; custom_css_blurb_image=&#8221;    margin-bottom: 60px;&#8221; custom_css_blurb_title=&#8221;position: relative;||font-weight: 800;||padding-top: 27px;||&#8221; custom_css_blurb_content=&#8221;font-weight: 400;||&#8221; border_width_all=&#8221;1px&#8221; border_color_all=&#8221;#e5e5e5&#8243; locked=&#8221;off&#8221; global_colors_info=&#8221;{}&#8221;][\/et_pb_blurb][\/et_pb_column][et_pb_column type=&#8221;1_4&#8243; _builder_version=&#8221;4.16&#8243; border_color_all=&#8221;#e5e5e5&#8243; global_colors_info=&#8221;{}&#8221;][et_pb_blurb title=&#8221;Galer\u00eda&#8221; url=&#8221;@ET-DC@eyJkeW5hbWljIjp0cnVlLCJjb250ZW50IjoicG9zdF9saW5rX3VybF9wYWdlIiwic2V0dGluZ3MiOnsicG9zdF9pZCI6IjM1MTQ0MSJ9fQ==@&#8221; use_icon=&#8221;on&#8221; font_icon=&#8221;&#xe006;||divi||400&#8243; icon_color=&#8221;#002E5B&#8221; icon_alignment=&#8221;left&#8221; content_max_width=&#8221;100%&#8221; admin_label=&#8221;galeria &#8211; image &#8221; _builder_version=&#8221;4.18.0&#8243; _dynamic_attributes=&#8221;url,link_option_url&#8221; header_level=&#8221;h3&#8243; header_font=&#8221;|700|||||||&#8221; header_text_color=&#8221;#1e1e26&#8243; body_font=&#8221;Roboto||||||||&#8221; body_text_color=&#8221;#9b9b9b&#8221; body_font_size=&#8221;16px&#8221; body_line_height=&#8221;167%&#8221; background_color=&#8221;#ffffff&#8221; custom_padding=&#8221;35px|20px|63px|30px|false|false&#8221; custom_padding_tablet=&#8221;40px|30px|40px|30px|false|false&#8221; custom_padding_phone=&#8221;&#8221; custom_padding_last_edited=&#8221;on|tablet&#8221; animation=&#8221;off&#8221; link_option_url=&#8221;@ET-DC@eyJkeW5hbWljIjp0cnVlLCJjb250ZW50IjoicG9zdF9saW5rX3VybF9wYWdlIiwic2V0dGluZ3MiOnsicG9zdF9pZCI6IjM1MTQ0MSJ9fQ==@&#8221; custom_css_before=&#8221;background: #ffd620;&#8221; custom_css_main_element=&#8221;font-weight: 400;&#8221; custom_css_blurb_image=&#8221;    margin-bottom: 60px;&#8221; custom_css_blurb_title=&#8221;position: relative;||font-weight: 800;||padding-top: 27px;||&#8221; custom_css_blurb_content=&#8221;font-weight: 400;||&#8221; border_width_all=&#8221;1px&#8221; border_color_all=&#8221;#e5e5e5&#8243; locked=&#8221;off&#8221; global_colors_info=&#8221;{}&#8221;][\/et_pb_blurb][\/et_pb_column][et_pb_column type=&#8221;1_4&#8243; _builder_version=&#8221;4.16&#8243; border_color_all=&#8221;#e5e5e5&#8243; global_colors_info=&#8221;{}&#8221;][et_pb_blurb title=&#8221;Crew job board&#8221; url=&#8221;@ET-DC@eyJkeW5hbWljIjp0cnVlLCJjb250ZW50IjoicG9zdF9saW5rX3VybF9wYWdlIiwic2V0dGluZ3MiOnsicG9zdF9pZCI6IjI2NTIwMSJ9fQ==@&#8221; use_icon=&#8221;on&#8221; font_icon=&#8221;&#xe108;||divi||400&#8243; icon_color=&#8221;#002E5B&#8221; icon_alignment=&#8221;left&#8221; content_max_width=&#8221;100%&#8221; admin_label=&#8221;borsa tripulants &#8211; image 60x92px&#8221; _builder_version=&#8221;4.18.0&#8243; _dynamic_attributes=&#8221;url,link_option_url&#8221; header_level=&#8221;h3&#8243; header_font=&#8221;|700|||||||&#8221; header_text_color=&#8221;#1e1e26&#8243; body_font=&#8221;Roboto||||||||&#8221; body_text_color=&#8221;#9b9b9b&#8221; body_font_size=&#8221;16px&#8221; body_line_height=&#8221;167%&#8221; background_color=&#8221;#ffffff&#8221; custom_padding=&#8221;35px|20px|63px|30px|false|false&#8221; custom_padding_tablet=&#8221;40px|30px|40px|30px|false|false&#8221; custom_padding_phone=&#8221;&#8221; custom_padding_last_edited=&#8221;on|tablet&#8221; animation=&#8221;off&#8221; link_option_url=&#8221;@ET-DC@eyJkeW5hbWljIjp0cnVlLCJjb250ZW50IjoicG9zdF9saW5rX3VybF9wYWdlIiwic2V0dGluZ3MiOnsicG9zdF9pZCI6IjI2NTIwMSJ9fQ==@&#8221; custom_css_before=&#8221;background: #ffd620;&#8221; custom_css_main_element=&#8221;font-weight: 400;&#8221; custom_css_blurb_image=&#8221;    margin-bottom: 60px;&#8221; custom_css_blurb_title=&#8221;position: relative;||font-weight: 800;||padding-top: 27px;||&#8221; custom_css_blurb_content=&#8221;font-weight: 400;||&#8221; border_width_all=&#8221;1px&#8221; border_color_all=&#8221;#e5e5e5&#8243; global_colors_info=&#8221;{}&#8221;][\/et_pb_blurb][\/et_pb_column][\/et_pb_row][\/et_pb_section]<\/p>\n","protected":false},"excerpt":{"rendered":"<p>Race CalendarThe Club N\u00e0utic Sant Feliu de Gu\u00edxols organizes a social cruise regatta every month, as well as other scoring races in the FCV and RFEV circuit. Among them, the [&hellip;]<\/p>\n","protected":false},"author":5,"featured_media":350763,"parent":349945,"menu_order":0,"comment_status":"closed","ping_status":"closed","template":"","meta":{"_et_pb_use_builder":"on","_et_pb_old_content":"","_et_gb_content_width":"","footnotes":""},"difl_page_category":[],"class_list":["post-350753","page","type-page","status-publish","has-post-thumbnail","hentry"],"yoast_head":"<!-- This site is optimized with the Yoast SEO plugin v27.3 - https:\/\/yoast.com\/product\/yoast-seo-wordpress\/ -->\n<title>Calendar - Club N\u00e0utic Sant Feliu de Guixols<\/title>\n<meta name=\"description\" content=\"In our racing calendar the sailing races are published, you can register for the races, find the scores ...\" \/>\n<meta name=\"robots\" content=\"index, follow, max-snippet:-1, max-image-preview:large, max-video-preview:-1\" \/>\n<link rel=\"canonical\" href=\"https:\/\/cnsfg.cat\/en\/sailing-races\/calendar\/\" \/>\n<meta property=\"og:locale\" content=\"en_US\" \/>\n<meta property=\"og:type\" content=\"article\" \/>\n<meta property=\"og:title\" content=\"Calendar - Club N\u00e0utic Sant Feliu de Guixols\" \/>\n<meta property=\"og:description\" content=\"In our racing calendar the sailing races are published, you can register for the races, find the scores ...\" \/>\n<meta property=\"og:url\" content=\"https:\/\/cnsfg.cat\/en\/sailing-races\/calendar\/\" \/>\n<meta property=\"og:site_name\" content=\"Club N\u00e0utic Sant Feliu de Guixols\" \/>\n<meta property=\"article:publisher\" content=\"https:\/\/www.facebook.com\/Club-N%c3%a0utic-Sant-Feliu-525823567569507\/\" \/>\n<meta property=\"article:modified_time\" content=\"2025-02-14T15:47:31+00:00\" \/>\n<meta property=\"og:image\" content=\"https:\/\/cnsfg.cat\/wp-content\/uploads\/2021\/08\/201909_RegataGM_0710-1920px.jpg\" \/>\n\t<meta property=\"og:image:width\" content=\"1920\" \/>\n\t<meta property=\"og:image:height\" content=\"1280\" \/>\n\t<meta property=\"og:image:type\" content=\"image\/jpeg\" \/>\n<meta name=\"twitter:card\" content=\"summary_large_image\" \/>\n<meta name=\"twitter:site\" content=\"@NauticSantFeliu\" \/>\n<script type=\"application\/ld+json\" class=\"yoast-schema-graph\">{\"@context\":\"https:\\\/\\\/schema.org\",\"@graph\":[{\"@type\":\"WebPage\",\"@id\":\"https:\\\/\\\/cnsfg.cat\\\/en\\\/sailing-races\\\/calendar\\\/\",\"url\":\"https:\\\/\\\/cnsfg.cat\\\/en\\\/sailing-races\\\/calendar\\\/\",\"name\":\"Calendar - Club N\u00e0utic Sant Feliu de Guixols\",\"isPartOf\":{\"@id\":\"https:\\\/\\\/cnsfg.cat\\\/en\\\/#website\"},\"primaryImageOfPage\":{\"@id\":\"https:\\\/\\\/cnsfg.cat\\\/en\\\/sailing-races\\\/calendar\\\/#primaryimage\"},\"image\":{\"@id\":\"https:\\\/\\\/cnsfg.cat\\\/en\\\/sailing-races\\\/calendar\\\/#primaryimage\"},\"thumbnailUrl\":\"https:\\\/\\\/cnsfg.cat\\\/wp-content\\\/uploads\\\/2021\\\/08\\\/201909_RegataGM_0710-1920px.jpg\",\"datePublished\":\"2020-03-27T07:35:27+00:00\",\"dateModified\":\"2025-02-14T15:47:31+00:00\",\"description\":\"In our racing calendar the sailing races are published, you can register for the races, find the scores ...\",\"breadcrumb\":{\"@id\":\"https:\\\/\\\/cnsfg.cat\\\/en\\\/sailing-races\\\/calendar\\\/#breadcrumb\"},\"inLanguage\":\"en-US\",\"potentialAction\":[{\"@type\":\"ReadAction\",\"target\":[\"https:\\\/\\\/cnsfg.cat\\\/en\\\/sailing-races\\\/calendar\\\/\"]}]},{\"@type\":\"ImageObject\",\"inLanguage\":\"en-US\",\"@id\":\"https:\\\/\\\/cnsfg.cat\\\/en\\\/sailing-races\\\/calendar\\\/#primaryimage\",\"url\":\"https:\\\/\\\/cnsfg.cat\\\/wp-content\\\/uploads\\\/2021\\\/08\\\/201909_RegataGM_0710-1920px.jpg\",\"contentUrl\":\"https:\\\/\\\/cnsfg.cat\\\/wp-content\\\/uploads\\\/2021\\\/08\\\/201909_RegataGM_0710-1920px.jpg\",\"width\":1920,\"height\":1280},{\"@type\":\"BreadcrumbList\",\"@id\":\"https:\\\/\\\/cnsfg.cat\\\/en\\\/sailing-races\\\/calendar\\\/#breadcrumb\",\"itemListElement\":[{\"@type\":\"ListItem\",\"position\":1,\"name\":\"Portada\",\"item\":\"https:\\\/\\\/cnsfg.cat\\\/en\\\/\"},{\"@type\":\"ListItem\",\"position\":2,\"name\":\"Sailing races\",\"item\":\"https:\\\/\\\/cnsfg.cat\\\/en\\\/sailing-races\\\/\"},{\"@type\":\"ListItem\",\"position\":3,\"name\":\"Calendar\"}]},{\"@type\":\"WebSite\",\"@id\":\"https:\\\/\\\/cnsfg.cat\\\/en\\\/#website\",\"url\":\"https:\\\/\\\/cnsfg.cat\\\/en\\\/\",\"name\":\"Club N\u00e0utic Sant Feliu de Guixols\",\"description\":\"Club n\u00e0utic amb m\u00e9s de 400 amarradors a Sant Feliu de Guixols, Costa Brava.\",\"publisher\":{\"@id\":\"https:\\\/\\\/cnsfg.cat\\\/en\\\/#organization\"},\"potentialAction\":[{\"@type\":\"SearchAction\",\"target\":{\"@type\":\"EntryPoint\",\"urlTemplate\":\"https:\\\/\\\/cnsfg.cat\\\/en\\\/?s={search_term_string}\"},\"query-input\":{\"@type\":\"PropertyValueSpecification\",\"valueRequired\":true,\"valueName\":\"search_term_string\"}}],\"inLanguage\":\"en-US\"},{\"@type\":\"Organization\",\"@id\":\"https:\\\/\\\/cnsfg.cat\\\/en\\\/#organization\",\"name\":\"Club Na\u00f9tic Sant Feliu de Guixols\",\"url\":\"https:\\\/\\\/cnsfg.cat\\\/en\\\/\",\"logo\":{\"@type\":\"ImageObject\",\"inLanguage\":\"en-US\",\"@id\":\"https:\\\/\\\/cnsfg.cat\\\/en\\\/#\\\/schema\\\/logo\\\/image\\\/\",\"url\":\"https:\\\/\\\/cnsfg.cat\\\/wp-content\\\/uploads\\\/2020\\\/03\\\/LOGO_CNSFG_180.png\",\"contentUrl\":\"https:\\\/\\\/cnsfg.cat\\\/wp-content\\\/uploads\\\/2020\\\/03\\\/LOGO_CNSFG_180.png\",\"width\":180,\"height\":71,\"caption\":\"Club Na\u00f9tic Sant Feliu de Guixols\"},\"image\":{\"@id\":\"https:\\\/\\\/cnsfg.cat\\\/en\\\/#\\\/schema\\\/logo\\\/image\\\/\"},\"sameAs\":[\"https:\\\/\\\/www.facebook.com\\\/Club-N\u00e0utic-Sant-Feliu-525823567569507\\\/\",\"https:\\\/\\\/x.com\\\/NauticSantFeliu\"]}]}<\/script>\n<!-- \/ Yoast SEO plugin. -->","yoast_head_json":{"title":"Calendar - Club N\u00e0utic Sant Feliu de Guixols","description":"In our racing calendar the sailing races are published, you can register for the races, find the scores ...","robots":{"index":"index","follow":"follow","max-snippet":"max-snippet:-1","max-image-preview":"max-image-preview:large","max-video-preview":"max-video-preview:-1"},"canonical":"https:\/\/cnsfg.cat\/en\/sailing-races\/calendar\/","og_locale":"en_US","og_type":"article","og_title":"Calendar - Club N\u00e0utic Sant Feliu de Guixols","og_description":"In our racing calendar the sailing races are published, you can register for the races, find the scores ...","og_url":"https:\/\/cnsfg.cat\/en\/sailing-races\/calendar\/","og_site_name":"Club N\u00e0utic Sant Feliu de Guixols","article_publisher":"https:\/\/www.facebook.com\/Club-N%c3%a0utic-Sant-Feliu-525823567569507\/","article_modified_time":"2025-02-14T15:47:31+00:00","og_image":[{"width":1920,"height":1280,"url":"https:\/\/cnsfg.cat\/wp-content\/uploads\/2021\/08\/201909_RegataGM_0710-1920px.jpg","type":"image\/jpeg"}],"twitter_card":"summary_large_image","twitter_site":"@NauticSantFeliu","schema":{"@context":"https:\/\/schema.org","@graph":[{"@type":"WebPage","@id":"https:\/\/cnsfg.cat\/en\/sailing-races\/calendar\/","url":"https:\/\/cnsfg.cat\/en\/sailing-races\/calendar\/","name":"Calendar - Club N\u00e0utic Sant Feliu de Guixols","isPartOf":{"@id":"https:\/\/cnsfg.cat\/en\/#website"},"primaryImageOfPage":{"@id":"https:\/\/cnsfg.cat\/en\/sailing-races\/calendar\/#primaryimage"},"image":{"@id":"https:\/\/cnsfg.cat\/en\/sailing-races\/calendar\/#primaryimage"},"thumbnailUrl":"https:\/\/cnsfg.cat\/wp-content\/uploads\/2021\/08\/201909_RegataGM_0710-1920px.jpg","datePublished":"2020-03-27T07:35:27+00:00","dateModified":"2025-02-14T15:47:31+00:00","description":"In our racing calendar the sailing races are published, you can register for the races, find the scores ...","breadcrumb":{"@id":"https:\/\/cnsfg.cat\/en\/sailing-races\/calendar\/#breadcrumb"},"inLanguage":"en-US","potentialAction":[{"@type":"ReadAction","target":["https:\/\/cnsfg.cat\/en\/sailing-races\/calendar\/"]}]},{"@type":"ImageObject","inLanguage":"en-US","@id":"https:\/\/cnsfg.cat\/en\/sailing-races\/calendar\/#primaryimage","url":"https:\/\/cnsfg.cat\/wp-content\/uploads\/2021\/08\/201909_RegataGM_0710-1920px.jpg","contentUrl":"https:\/\/cnsfg.cat\/wp-content\/uploads\/2021\/08\/201909_RegataGM_0710-1920px.jpg","width":1920,"height":1280},{"@type":"BreadcrumbList","@id":"https:\/\/cnsfg.cat\/en\/sailing-races\/calendar\/#breadcrumb","itemListElement":[{"@type":"ListItem","position":1,"name":"Portada","item":"https:\/\/cnsfg.cat\/en\/"},{"@type":"ListItem","position":2,"name":"Sailing races","item":"https:\/\/cnsfg.cat\/en\/sailing-races\/"},{"@type":"ListItem","position":3,"name":"Calendar"}]},{"@type":"WebSite","@id":"https:\/\/cnsfg.cat\/en\/#website","url":"https:\/\/cnsfg.cat\/en\/","name":"Club N\u00e0utic Sant Feliu de Guixols","description":"Club n\u00e0utic amb m\u00e9s de 400 amarradors a Sant Feliu de Guixols, Costa Brava.","publisher":{"@id":"https:\/\/cnsfg.cat\/en\/#organization"},"potentialAction":[{"@type":"SearchAction","target":{"@type":"EntryPoint","urlTemplate":"https:\/\/cnsfg.cat\/en\/?s={search_term_string}"},"query-input":{"@type":"PropertyValueSpecification","valueRequired":true,"valueName":"search_term_string"}}],"inLanguage":"en-US"},{"@type":"Organization","@id":"https:\/\/cnsfg.cat\/en\/#organization","name":"Club Na\u00f9tic Sant Feliu de Guixols","url":"https:\/\/cnsfg.cat\/en\/","logo":{"@type":"ImageObject","inLanguage":"en-US","@id":"https:\/\/cnsfg.cat\/en\/#\/schema\/logo\/image\/","url":"https:\/\/cnsfg.cat\/wp-content\/uploads\/2020\/03\/LOGO_CNSFG_180.png","contentUrl":"https:\/\/cnsfg.cat\/wp-content\/uploads\/2020\/03\/LOGO_CNSFG_180.png","width":180,"height":71,"caption":"Club Na\u00f9tic Sant Feliu de Guixols"},"image":{"@id":"https:\/\/cnsfg.cat\/en\/#\/schema\/logo\/image\/"},"sameAs":["https:\/\/www.facebook.com\/Club-N\u00e0utic-Sant-Feliu-525823567569507\/","https:\/\/x.com\/NauticSantFeliu"]}]}},"_links":{"self":[{"href":"https:\/\/cnsfg.cat\/en\/wp-json\/wp\/v2\/pages\/350753","targetHints":{"allow":["GET"]}}],"collection":[{"href":"https:\/\/cnsfg.cat\/en\/wp-json\/wp\/v2\/pages"}],"about":[{"href":"https:\/\/cnsfg.cat\/en\/wp-json\/wp\/v2\/types\/page"}],"author":[{"embeddable":true,"href":"https:\/\/cnsfg.cat\/en\/wp-json\/wp\/v2\/users\/5"}],"replies":[{"embeddable":true,"href":"https:\/\/cnsfg.cat\/en\/wp-json\/wp\/v2\/comments?post=350753"}],"version-history":[{"count":7,"href":"https:\/\/cnsfg.cat\/en\/wp-json\/wp\/v2\/pages\/350753\/revisions"}],"predecessor-version":[{"id":406247,"href":"https:\/\/cnsfg.cat\/en\/wp-json\/wp\/v2\/pages\/350753\/revisions\/406247"}],"up":[{"embeddable":true,"href":"https:\/\/cnsfg.cat\/en\/wp-json\/wp\/v2\/pages\/349945"}],"wp:featuredmedia":[{"embeddable":true,"href":"https:\/\/cnsfg.cat\/en\/wp-json\/wp\/v2\/media\/350763"}],"wp:attachment":[{"href":"https:\/\/cnsfg.cat\/en\/wp-json\/wp\/v2\/media?parent=350753"}],"wp:term":[{"taxonomy":"difl_page_category","embeddable":true,"href":"https:\/\/cnsfg.cat\/en\/wp-json\/wp\/v2\/difl_page_category?post=350753"}],"curies":[{"name":"wp","href":"https:\/\/api.w.org\/{rel}","templated":true}]}}