{"id":354982,"date":"2022-05-05T10:14:57","date_gmt":"2022-05-05T08:14:57","guid":{"rendered":"https:\/\/cnsfg.cat\/canal-etic\/"},"modified":"2022-08-17T04:25:11","modified_gmt":"2022-08-17T02:25:11","slug":"ethic-channel","status":"publish","type":"page","link":"https:\/\/cnsfg.cat\/en\/the-club\/ethic-channel\/","title":{"rendered":"Ethical channel"},"content":{"rendered":"<p>[et_pb_section fb_built=&#8221;1&#8243; admin_label=&#8221;imagen&#8221; module_class=&#8221;tina_careers_header&#8221; _builder_version=&#8221;4.16&#8243; background_image=&#8221;https:\/\/cnsfg.cat\/wp-content\/uploads\/2021\/06\/elclub.jpg&#8221; background_position=&#8221;bottom_right&#8221; height=&#8221;450px&#8221; height_tablet=&#8221;350px&#8221; height_phone=&#8221;188px&#8221; height_last_edited=&#8221;on|phone&#8221; custom_margin_tablet=&#8221;&#8221; custom_margin_phone=&#8221;70px||||false|false&#8221; custom_margin_last_edited=&#8221;on|phone&#8221; custom_padding=&#8221;0px||0px||false|false&#8221; background_last_edited=&#8221;on|desktop&#8221; locked=&#8221;off&#8221; global_colors_info=&#8221;{}&#8221;][\/et_pb_section][et_pb_section fb_built=&#8221;1&#8243; custom_padding_last_edited=&#8221;on|desktop&#8221; admin_label=&#8221;T\u00edtol&#8221; module_class=&#8221;tina_flowing_persons&#8221; _builder_version=&#8221;4.16&#8243; custom_margin_tablet=&#8221;&#8221; custom_margin_phone=&#8221;0px||0px||false|false&#8221; custom_margin_last_edited=&#8221;on|phone&#8221; custom_padding=&#8221;0px||0px||false|false&#8221; custom_padding_tablet=&#8221;0px||0px||false|false&#8221; custom_padding_phone=&#8221;&#8221; saved_tabs=&#8221;all&#8221; locked=&#8221;off&#8221; collapsed=&#8221;off&#8221; global_colors_info=&#8221;{}&#8221;][et_pb_row _builder_version=&#8221;4.16&#8243; _module_preset=&#8221;a5ffc339-760b-420b-ab1c-74de3f804064&#8243; global_colors_info=&#8221;{}&#8221;][et_pb_column type=&#8221;4_4&#8243; _builder_version=&#8221;4.16&#8243; _module_preset=&#8221;default&#8221; global_colors_info=&#8221;{}&#8221;][et_pb_text admin_label=&#8221;Canal \u00e8tic&#8221; _builder_version=&#8221;4.17.4&#8243; _module_preset=&#8221;f1e0e75e-444a-45fd-a7a1-01dd37f8b987&#8243; global_colors_info=&#8221;{}&#8221;]<\/p>\n<h1>Ethical channel<\/h1>\n<p>[\/et_pb_text][\/et_pb_column][\/et_pb_row][\/et_pb_section][et_pb_section fb_built=&#8221;1&#8243; module_id=&#8221;canal-etic&#8221; _builder_version=&#8221;4.17.3&#8243; _module_preset=&#8221;default&#8221; custom_padding=&#8221;||||false|false&#8221; global_colors_info=&#8221;{}&#8221;][et_pb_row _builder_version=&#8221;4.17.3&#8243; _module_preset=&#8221;default&#8221; global_colors_info=&#8221;{}&#8221;][et_pb_column type=&#8221;4_4&#8243; _builder_version=&#8221;4.17.3&#8243; _module_preset=&#8221;default&#8221; global_colors_info=&#8221;{}&#8221;][et_pb_text admin_label=&#8221;Titol&#8221; _builder_version=&#8221;4.17.4&#8243; _module_preset=&#8221;default&#8221; module_alignment=&#8221;center&#8221; locked=&#8221;off&#8221; global_colors_info=&#8221;{}&#8221;]<\/p>\n<div id=\"Content\">\n<div id=\"banner\">\n<p>The Club N\u00e0utic Sant Feliu de Gu\u00edxols acts according to the highest standards of commitment to ethical and responsible action. Likewise, we express our strongest rejection of facts or actions that may be considered crimes or contrary to the laws and regulatory frameworks that apply to our activities and operations.<\/p>\n<p>In relation to this commitment, we promote communication in general, the right and duty to communicate or report any act or fact that may involve the commission of crimes, breaches of the laws and regulations that apply to us, as well as conduct contrary to our codes, protocols and internal rules of action. For this reason, the entity has implemented a voluntary anonymity channel, respecting data protection and the protection of the complainant. All this to provide the maximum guarantees and rights to the communicators and those affected.<\/p>\n<p>You can send us your concerns through the attached form.<\/p>\n<\/div>\n<\/div>\n<p>[\/et_pb_text][et_pb_button button_text=&#8221;Anonymous complaint form&#8221; admin_label=&#8221;Bot\u00f3n formulario an\u00f3nimo&#8221; module_class=&#8221;btn-form-canal-etic&#8221; _builder_version=&#8221;4.17.4&#8243; _module_preset=&#8221;default&#8221; custom_button=&#8221;on&#8221; button_text_size=&#8221;20px&#8221; button_text_color=&#8221;#FFFFFF&#8221; button_bg_color=&#8221;#001f5b&#8221; button_border_width=&#8221;0px&#8221; button_border_color=&#8221;RGBA(255,255,255,0)&#8221; button_font=&#8221;Cormorant Garamond||||||||&#8221; button_icon=&#8221;&#xf21b;||fa||900&#8243; button_icon_placement=&#8221;left&#8221; button_on_hover=&#8221;off&#8221; global_colors_info=&#8221;{}&#8221;][\/et_pb_button][et_pb_code module_class=&#8221;s-form-canal-etic&#8221; _builder_version=&#8221;4.18.0&#8243; _module_preset=&#8221;default&#8221; hover_enabled=&#8221;0&#8243; custom_css_main_element=&#8221;display:none;&#8221; global_colors_info=&#8221;{}&#8221; sticky_enabled=&#8221;0&#8243;]<div class=\"wpforms-container wpforms-container-full\" id=\"wpforms-370724\"><form id=\"wpforms-form-370724\" class=\"wpforms-validate wpforms-form\" data-formid=\"370724\" method=\"post\" enctype=\"multipart\/form-data\" action=\"\/en\/wp-json\/wp\/v2\/pages\/354982\" data-token=\"252a18f4e39a58c9daa1cb1f2f61f1fb\" data-token-time=\"1776021518\"><noscript class=\"wpforms-error-noscript\">Please enable JavaScript in your browser to complete this form.<\/noscript><div class=\"wpforms-field-container\"><div id=\"wpforms-370724-field_0-container\" class=\"wpforms-field wpforms-field-select wpforms-field-select-style-classic\" data-field-id=\"0\"><label class=\"wpforms-field-label\" for=\"wpforms-370724-field_0\">What is your relationship with Club Nautic Sant Feliu de Guixols?<\/label><select id=\"wpforms-370724-field_0\" class=\"wpforms-field-medium\" name=\"wpforms[fields][0]\"><option value=\"Customer\"  class=\"choice-1 depth-1\"  >Customer<\/option><option value=\"Collaborator\"  class=\"choice-2 depth-1\"  >Collaborator<\/option><option value=\"Supplier\"  class=\"choice-3 depth-1\"  >Supplier<\/option><option value=\"Employee\"  class=\"choice-4 depth-1\"  >Employee<\/option><option value=\"Manager\"  class=\"choice-5 depth-1\"  >Manager<\/option><option value=\"Volunteer\"  class=\"choice-6 depth-1\"  >Volunteer<\/option><option value=\"Other\"  class=\"choice-7 depth-1\"  >Other<\/option><\/select><\/div><div id=\"wpforms-370724-field_1-container\" class=\"wpforms-field wpforms-field-checkbox wpforms-list-2-columns\" data-field-id=\"1\"><label class=\"wpforms-field-label\">Profile of the people involved.<\/label><ul id=\"wpforms-370724-field_1\"><li class=\"choice-1 depth-1\"><input type=\"checkbox\" id=\"wpforms-370724-field_1_1\" name=\"wpforms[fields][1][]\" value=\"Customer\"  ><label class=\"wpforms-field-label-inline\" for=\"wpforms-370724-field_1_1\">Customer<\/label><\/li><li class=\"choice-2 depth-1\"><input type=\"checkbox\" id=\"wpforms-370724-field_1_2\" name=\"wpforms[fields][1][]\" value=\"Collaborator\"  ><label class=\"wpforms-field-label-inline\" for=\"wpforms-370724-field_1_2\">Collaborator<\/label><\/li><li class=\"choice-3 depth-1\"><input type=\"checkbox\" id=\"wpforms-370724-field_1_3\" name=\"wpforms[fields][1][]\" value=\"Supplier\"  ><label class=\"wpforms-field-label-inline\" for=\"wpforms-370724-field_1_3\">Supplier<\/label><\/li><li class=\"choice-4 depth-1\"><input type=\"checkbox\" id=\"wpforms-370724-field_1_4\" name=\"wpforms[fields][1][]\" value=\"Employee\"  ><label class=\"wpforms-field-label-inline\" for=\"wpforms-370724-field_1_4\">Employee<\/label><\/li><li class=\"choice-5 depth-1\"><input type=\"checkbox\" id=\"wpforms-370724-field_1_5\" name=\"wpforms[fields][1][]\" value=\"Manager\"  ><label class=\"wpforms-field-label-inline\" for=\"wpforms-370724-field_1_5\">Manager<\/label><\/li><li class=\"choice-6 depth-1\"><input type=\"checkbox\" id=\"wpforms-370724-field_1_6\" name=\"wpforms[fields][1][]\" value=\"Volunteer\"  ><label class=\"wpforms-field-label-inline\" for=\"wpforms-370724-field_1_6\">Volunteer<\/label><\/li><li class=\"choice-7 depth-1\"><input type=\"checkbox\" id=\"wpforms-370724-field_1_7\" name=\"wpforms[fields][1][]\" value=\"Other\"  ><label class=\"wpforms-field-label-inline\" for=\"wpforms-370724-field_1_7\">Other<\/label><\/li><\/ul><\/div><div id=\"wpforms-370724-field_2-container\" class=\"wpforms-field wpforms-field-date-time\" data-field-id=\"2\"><label class=\"wpforms-field-label\">Do you know the date of the incident?<\/label><div class=\"wpforms-field-row wpforms-field-medium\"><div class=\"wpforms-field-row-block wpforms-date-type-datepicker\"><div class=\"wpforms-datepicker-wrap\"><input type=\"text\" id=\"wpforms-370724-field_2\" class=\"wpforms-field-date-time-date wpforms-datepicker\" data-date-format=\"m\/d\/Y\" data-disable-past-dates=\"0\" data-input=\"true\" name=\"wpforms[fields][2][date]\" ><a title=\"Clear Date\" data-clear role=\"button\" tabindex=\"0\" class=\"wpforms-datepicker-clear\" aria-label=\"Clear Date\" style=\"display:none;\"><\/a><\/div><label for=\"wpforms-370724-field_2\" class=\"wpforms-field-sublabel after\">Date<\/label><\/div><div class=\"wpforms-field-row-block\"><input type=\"text\" id=\"wpforms-370724-field_2-time\" class=\"wpforms-field-date-time-time wpforms-timepicker\" data-time-format=\"g:i A\" data-step=\"30\" data-rule-time12h=\"true\" name=\"wpforms[fields][2][time]\" ><label for=\"wpforms-370724-field_2-time\" class=\"wpforms-field-sublabel after\">Time<\/label><\/div><\/div><\/div><div id=\"wpforms-370724-field_3-container\" class=\"wpforms-field wpforms-field-textarea\" data-field-id=\"3\"><label class=\"wpforms-field-label\" for=\"wpforms-370724-field_3\">Comments <span class=\"wpforms-required-label\">*<\/span><\/label><textarea id=\"wpforms-370724-field_3\" class=\"wpforms-field-medium wpforms-field-required\" name=\"wpforms[fields][3]\" required><\/textarea><\/div><div id=\"wpforms-370724-field_4-container\" class=\"wpforms-field wpforms-field-checkbox wpforms-conditional-trigger\" data-field-id=\"4\"><label class=\"wpforms-field-label wpforms-label-hide\">Remain anonymous<\/label><ul id=\"wpforms-370724-field_4\"><li class=\"choice-1 depth-1 wpforms-selected\"><input type=\"checkbox\" id=\"wpforms-370724-field_4_1\" name=\"wpforms[fields][4][]\" value=\"I wish to remain anonymous\"   checked='checked'><label class=\"wpforms-field-label-inline\" for=\"wpforms-370724-field_4_1\">I wish to remain anonymous<\/label><\/li><\/ul><\/div><div id=\"wpforms-370724-field_5-container\" class=\"wpforms-field wpforms-field-name wpforms-conditional-field wpforms-conditional-hide\" data-field-id=\"5\"><label class=\"wpforms-field-label\" for=\"wpforms-370724-field_5\">Name<\/label><input type=\"text\" id=\"wpforms-370724-field_5\" class=\"wpforms-field-medium\" name=\"wpforms[fields][5]\" ><\/div><div id=\"wpforms-370724-field_6-container\" class=\"wpforms-field wpforms-field-phone wpforms-conditional-field wpforms-conditional-hide\" data-field-id=\"6\"><label class=\"wpforms-field-label\" for=\"wpforms-370724-field_6\">Phone<\/label><input type=\"tel\" id=\"wpforms-370724-field_6\" class=\"wpforms-field-medium\" data-rule-int-phone-field=\"true\" name=\"wpforms[fields][6]\" aria-label=\"Phone\" ><\/div><div id=\"wpforms-370724-field_7-container\" class=\"wpforms-field wpforms-field-email wpforms-conditional-field wpforms-conditional-hide\" data-field-id=\"7\"><label class=\"wpforms-field-label\" for=\"wpforms-370724-field_7\">Email<\/label><input type=\"email\" id=\"wpforms-370724-field_7\" class=\"wpforms-field-medium\" name=\"wpforms[fields][7]\" spellcheck=\"false\" ><\/div><div id=\"wpforms-370724-field_8-container\" class=\"wpforms-field wpforms-field-gdpr-checkbox\" data-field-id=\"8\"><label class=\"wpforms-field-label wpforms-label-hide\">GDPR Agreement <span class=\"wpforms-required-label\">*<\/span><\/label><ul id=\"wpforms-370724-field_8\" class=\"wpforms-field-required\"><li class=\"choice-1\"><input type=\"checkbox\" id=\"wpforms-370724-field_8_1\" name=\"wpforms[fields][8][]\" value=\"I have read and understand the Privacy Policy and I accept the terms and conditions\" required ><label class=\"wpforms-field-label-inline\" for=\"wpforms-370724-field_8_1\">I have read and understand the Privacy Policy and I accept the terms and conditions <span class=\"wpforms-required-label\">*<\/span><\/label><\/li><\/ul><\/div><\/div><!-- .wpforms-field-container --><div class=\"wpforms-submit-container\" ><input type=\"hidden\" name=\"wpforms[id]\" value=\"370724\"><input type=\"hidden\" name=\"page_title\" value=\"\"><input type=\"hidden\" name=\"page_url\" value=\"https:\/\/cnsfg.cat\/en\/wp-json\/wp\/v2\/pages\/354982\"><input type=\"hidden\" name=\"url_referer\" value=\"\"><button type=\"submit\" name=\"wpforms[submit]\" id=\"wpforms-submit-370724\" class=\"wpforms-submit\" aria-live=\"assertive\" value=\"wpforms-submit\">Submit<\/button><\/div><\/form><\/div>  <!-- .wpforms-container -->[\/et_pb_code][et_pb_code _builder_version=&#8221;4.17.3&#8243; _module_preset=&#8221;default&#8221; global_colors_info=&#8221;{}&#8221;]<script><!-- [et_pb_line_break_holder] --><!-- [et_pb_line_break_holder] -->jQuery(\".btn-form-canal-etic\").click(function(ev){<!-- [et_pb_line_break_holder] -->    ev.preventDefault();<!-- [et_pb_line_break_holder] -->    jQuery(\".s-form-canal-etic\").fadeIn(200);<!-- [et_pb_line_break_holder] -->    <!-- [et_pb_line_break_holder] -->    window.scroll({<!-- [et_pb_line_break_holder] -->      top: jQuery(\".s-form-canal-etic\").offset().top-200, <!-- [et_pb_line_break_holder] -->      left: 0, <!-- [et_pb_line_break_holder] -->      behavior: 'smooth'<!-- [et_pb_line_break_holder] -->    });<!-- [et_pb_line_break_holder] -->})<!-- [et_pb_line_break_holder] --><\/script>[\/et_pb_code][\/et_pb_column][\/et_pb_row][\/et_pb_section]<\/p>\n","protected":false},"excerpt":{"rendered":"<p>Ethical channel The Club N\u00e0utic Sant Feliu de Gu\u00edxols acts according to the highest standards of commitment to ethical and responsible action. Likewise, we express our strongest rejection of facts [&hellip;]<\/p>\n","protected":false},"author":13,"featured_media":0,"parent":349295,"menu_order":0,"comment_status":"closed","ping_status":"closed","template":"","meta":{"_et_pb_use_builder":"on","_et_pb_old_content":"","_et_gb_content_width":"","footnotes":""},"difl_page_category":[],"class_list":["post-354982","page","type-page","status-publish","hentry"],"yoast_head":"<!-- This site is optimized with the Yoast SEO plugin v27.3 - https:\/\/yoast.com\/product\/yoast-seo-wordpress\/ -->\n<title>Ethical channel - Club N\u00e0utic Sant Feliu de Guixols<\/title>\n<meta name=\"description\" content=\"The Club N\u00e0utic Sant Feliu de Gu\u00edxols acts according to the highest standards of commitment to ethical and responsible action.\" \/>\n<meta name=\"robots\" content=\"index, follow, max-snippet:-1, max-image-preview:large, max-video-preview:-1\" \/>\n<link rel=\"canonical\" href=\"https:\/\/cnsfg.cat\/en\/the-club\/ethic-channel\/\" \/>\n<meta property=\"og:locale\" content=\"en_US\" \/>\n<meta property=\"og:type\" content=\"article\" \/>\n<meta property=\"og:title\" content=\"Ethical channel - Club N\u00e0utic Sant Feliu de Guixols\" \/>\n<meta property=\"og:description\" content=\"The Club N\u00e0utic Sant Feliu de Gu\u00edxols acts according to the highest standards of commitment to ethical and responsible action.\" \/>\n<meta property=\"og:url\" content=\"https:\/\/cnsfg.cat\/en\/the-club\/ethic-channel\/\" \/>\n<meta property=\"og:site_name\" content=\"Club N\u00e0utic Sant Feliu de Guixols\" \/>\n<meta property=\"article:publisher\" content=\"https:\/\/www.facebook.com\/Club-N%c3%a0utic-Sant-Feliu-525823567569507\/\" \/>\n<meta property=\"article:modified_time\" content=\"2022-08-17T02:25:11+00:00\" \/>\n<meta name=\"twitter:card\" content=\"summary_large_image\" \/>\n<meta name=\"twitter:site\" content=\"@NauticSantFeliu\" \/>\n<script type=\"application\/ld+json\" class=\"yoast-schema-graph\">{\"@context\":\"https:\\\/\\\/schema.org\",\"@graph\":[{\"@type\":\"WebPage\",\"@id\":\"https:\\\/\\\/cnsfg.cat\\\/en\\\/the-club\\\/ethic-channel\\\/\",\"url\":\"https:\\\/\\\/cnsfg.cat\\\/en\\\/the-club\\\/ethic-channel\\\/\",\"name\":\"Ethical channel - Club N\u00e0utic Sant Feliu de Guixols\",\"isPartOf\":{\"@id\":\"https:\\\/\\\/cnsfg.cat\\\/en\\\/#website\"},\"datePublished\":\"2022-05-05T08:14:57+00:00\",\"dateModified\":\"2022-08-17T02:25:11+00:00\",\"description\":\"The Club N\u00e0utic Sant Feliu de Gu\u00edxols acts according to the highest standards of commitment to ethical and responsible action.\",\"breadcrumb\":{\"@id\":\"https:\\\/\\\/cnsfg.cat\\\/en\\\/the-club\\\/ethic-channel\\\/#breadcrumb\"},\"inLanguage\":\"en-US\",\"potentialAction\":[{\"@type\":\"ReadAction\",\"target\":[\"https:\\\/\\\/cnsfg.cat\\\/en\\\/the-club\\\/ethic-channel\\\/\"]}]},{\"@type\":\"BreadcrumbList\",\"@id\":\"https:\\\/\\\/cnsfg.cat\\\/en\\\/the-club\\\/ethic-channel\\\/#breadcrumb\",\"itemListElement\":[{\"@type\":\"ListItem\",\"position\":1,\"name\":\"Portada\",\"item\":\"https:\\\/\\\/cnsfg.cat\\\/en\\\/\"},{\"@type\":\"ListItem\",\"position\":2,\"name\":\"The club\",\"item\":\"https:\\\/\\\/cnsfg.cat\\\/en\\\/el-club\\\/\"},{\"@type\":\"ListItem\",\"position\":3,\"name\":\"Ethical channel\"}]},{\"@type\":\"WebSite\",\"@id\":\"https:\\\/\\\/cnsfg.cat\\\/en\\\/#website\",\"url\":\"https:\\\/\\\/cnsfg.cat\\\/en\\\/\",\"name\":\"Club N\u00e0utic Sant Feliu de Guixols\",\"description\":\"Club n\u00e0utic amb m\u00e9s de 400 amarradors a Sant Feliu de Guixols, Costa Brava.\",\"publisher\":{\"@id\":\"https:\\\/\\\/cnsfg.cat\\\/en\\\/#organization\"},\"potentialAction\":[{\"@type\":\"SearchAction\",\"target\":{\"@type\":\"EntryPoint\",\"urlTemplate\":\"https:\\\/\\\/cnsfg.cat\\\/en\\\/?s={search_term_string}\"},\"query-input\":{\"@type\":\"PropertyValueSpecification\",\"valueRequired\":true,\"valueName\":\"search_term_string\"}}],\"inLanguage\":\"en-US\"},{\"@type\":\"Organization\",\"@id\":\"https:\\\/\\\/cnsfg.cat\\\/en\\\/#organization\",\"name\":\"Club Na\u00f9tic Sant Feliu de Guixols\",\"url\":\"https:\\\/\\\/cnsfg.cat\\\/en\\\/\",\"logo\":{\"@type\":\"ImageObject\",\"inLanguage\":\"en-US\",\"@id\":\"https:\\\/\\\/cnsfg.cat\\\/en\\\/#\\\/schema\\\/logo\\\/image\\\/\",\"url\":\"https:\\\/\\\/cnsfg.cat\\\/wp-content\\\/uploads\\\/2020\\\/03\\\/LOGO_CNSFG_180.png\",\"contentUrl\":\"https:\\\/\\\/cnsfg.cat\\\/wp-content\\\/uploads\\\/2020\\\/03\\\/LOGO_CNSFG_180.png\",\"width\":180,\"height\":71,\"caption\":\"Club Na\u00f9tic Sant Feliu de Guixols\"},\"image\":{\"@id\":\"https:\\\/\\\/cnsfg.cat\\\/en\\\/#\\\/schema\\\/logo\\\/image\\\/\"},\"sameAs\":[\"https:\\\/\\\/www.facebook.com\\\/Club-N\u00e0utic-Sant-Feliu-525823567569507\\\/\",\"https:\\\/\\\/x.com\\\/NauticSantFeliu\"]}]}<\/script>\n<!-- \/ Yoast SEO plugin. -->","yoast_head_json":{"title":"Ethical channel - Club N\u00e0utic Sant Feliu de Guixols","description":"The Club N\u00e0utic Sant Feliu de Gu\u00edxols acts according to the highest standards of commitment to ethical and responsible action.","robots":{"index":"index","follow":"follow","max-snippet":"max-snippet:-1","max-image-preview":"max-image-preview:large","max-video-preview":"max-video-preview:-1"},"canonical":"https:\/\/cnsfg.cat\/en\/the-club\/ethic-channel\/","og_locale":"en_US","og_type":"article","og_title":"Ethical channel - Club N\u00e0utic Sant Feliu de Guixols","og_description":"The Club N\u00e0utic Sant Feliu de Gu\u00edxols acts according to the highest standards of commitment to ethical and responsible action.","og_url":"https:\/\/cnsfg.cat\/en\/the-club\/ethic-channel\/","og_site_name":"Club N\u00e0utic Sant Feliu de Guixols","article_publisher":"https:\/\/www.facebook.com\/Club-N%c3%a0utic-Sant-Feliu-525823567569507\/","article_modified_time":"2022-08-17T02:25:11+00:00","twitter_card":"summary_large_image","twitter_site":"@NauticSantFeliu","schema":{"@context":"https:\/\/schema.org","@graph":[{"@type":"WebPage","@id":"https:\/\/cnsfg.cat\/en\/the-club\/ethic-channel\/","url":"https:\/\/cnsfg.cat\/en\/the-club\/ethic-channel\/","name":"Ethical channel - Club N\u00e0utic Sant Feliu de Guixols","isPartOf":{"@id":"https:\/\/cnsfg.cat\/en\/#website"},"datePublished":"2022-05-05T08:14:57+00:00","dateModified":"2022-08-17T02:25:11+00:00","description":"The Club N\u00e0utic Sant Feliu de Gu\u00edxols acts according to the highest standards of commitment to ethical and responsible action.","breadcrumb":{"@id":"https:\/\/cnsfg.cat\/en\/the-club\/ethic-channel\/#breadcrumb"},"inLanguage":"en-US","potentialAction":[{"@type":"ReadAction","target":["https:\/\/cnsfg.cat\/en\/the-club\/ethic-channel\/"]}]},{"@type":"BreadcrumbList","@id":"https:\/\/cnsfg.cat\/en\/the-club\/ethic-channel\/#breadcrumb","itemListElement":[{"@type":"ListItem","position":1,"name":"Portada","item":"https:\/\/cnsfg.cat\/en\/"},{"@type":"ListItem","position":2,"name":"The club","item":"https:\/\/cnsfg.cat\/en\/el-club\/"},{"@type":"ListItem","position":3,"name":"Ethical channel"}]},{"@type":"WebSite","@id":"https:\/\/cnsfg.cat\/en\/#website","url":"https:\/\/cnsfg.cat\/en\/","name":"Club N\u00e0utic Sant Feliu de Guixols","description":"Club n\u00e0utic amb m\u00e9s de 400 amarradors a Sant Feliu de Guixols, Costa Brava.","publisher":{"@id":"https:\/\/cnsfg.cat\/en\/#organization"},"potentialAction":[{"@type":"SearchAction","target":{"@type":"EntryPoint","urlTemplate":"https:\/\/cnsfg.cat\/en\/?s={search_term_string}"},"query-input":{"@type":"PropertyValueSpecification","valueRequired":true,"valueName":"search_term_string"}}],"inLanguage":"en-US"},{"@type":"Organization","@id":"https:\/\/cnsfg.cat\/en\/#organization","name":"Club Na\u00f9tic Sant Feliu de Guixols","url":"https:\/\/cnsfg.cat\/en\/","logo":{"@type":"ImageObject","inLanguage":"en-US","@id":"https:\/\/cnsfg.cat\/en\/#\/schema\/logo\/image\/","url":"https:\/\/cnsfg.cat\/wp-content\/uploads\/2020\/03\/LOGO_CNSFG_180.png","contentUrl":"https:\/\/cnsfg.cat\/wp-content\/uploads\/2020\/03\/LOGO_CNSFG_180.png","width":180,"height":71,"caption":"Club Na\u00f9tic Sant Feliu de Guixols"},"image":{"@id":"https:\/\/cnsfg.cat\/en\/#\/schema\/logo\/image\/"},"sameAs":["https:\/\/www.facebook.com\/Club-N\u00e0utic-Sant-Feliu-525823567569507\/","https:\/\/x.com\/NauticSantFeliu"]}]}},"_links":{"self":[{"href":"https:\/\/cnsfg.cat\/en\/wp-json\/wp\/v2\/pages\/354982","targetHints":{"allow":["GET"]}}],"collection":[{"href":"https:\/\/cnsfg.cat\/en\/wp-json\/wp\/v2\/pages"}],"about":[{"href":"https:\/\/cnsfg.cat\/en\/wp-json\/wp\/v2\/types\/page"}],"author":[{"embeddable":true,"href":"https:\/\/cnsfg.cat\/en\/wp-json\/wp\/v2\/users\/13"}],"replies":[{"embeddable":true,"href":"https:\/\/cnsfg.cat\/en\/wp-json\/wp\/v2\/comments?post=354982"}],"version-history":[{"count":0,"href":"https:\/\/cnsfg.cat\/en\/wp-json\/wp\/v2\/pages\/354982\/revisions"}],"up":[{"embeddable":true,"href":"https:\/\/cnsfg.cat\/en\/wp-json\/wp\/v2\/pages\/349295"}],"wp:attachment":[{"href":"https:\/\/cnsfg.cat\/en\/wp-json\/wp\/v2\/media?parent=354982"}],"wp:term":[{"taxonomy":"difl_page_category","embeddable":true,"href":"https:\/\/cnsfg.cat\/en\/wp-json\/wp\/v2\/difl_page_category?post=354982"}],"curies":[{"name":"wp","href":"https:\/\/api.w.org\/{rel}","templated":true}]}}