{"id":356354,"date":"2022-05-09T08:31:10","date_gmt":"2022-05-09T06:31:10","guid":{"rendered":"https:\/\/cnsfg.cat\/?page_id=356354"},"modified":"2025-01-08T16:36:53","modified_gmt":"2025-01-08T15:36:53","slug":"special-offers","status":"publish","type":"page","link":"https:\/\/cnsfg.cat\/en\/members-area\/special-offers\/","title":{"rendered":"Special offers"},"content":{"rendered":"<p>[et_pb_section fb_built=&#8221;1&#8243; admin_label=&#8221;Menu &#8211; tabs&#8221; _builder_version=&#8221;4.17.3&#8243; _module_preset=&#8221;default&#8221; width=&#8221;100%&#8221; max_width=&#8221;100%&#8221; custom_margin=&#8221;0px||0px||false|false&#8221; custom_padding=&#8221;0px||0px||false|false&#8221; locked=&#8221;off&#8221; global_colors_info=&#8221;{}&#8221;][et_pb_row _builder_version=&#8221;4.17.3&#8243; _module_preset=&#8221;default&#8221; width=&#8221;85%&#8221; max_width=&#8221;100%&#8221; custom_margin=&#8221;0px||0px||false|false&#8221; custom_padding=&#8221;0px||0px||false|false&#8221; global_colors_info=&#8221;{}&#8221;][et_pb_column type=&#8221;4_4&#8243; _builder_version=&#8221;4.17.3&#8243; _module_preset=&#8221;default&#8221; global_colors_info=&#8221;{}&#8221;][et_pb_code admin_label=&#8221;Shortcode menu&#8221; _builder_version=&#8221;4.17.3&#8243; _module_preset=&#8221;default&#8221; global_colors_info=&#8221;{}&#8221;]<div class='menu-tab-socis'><div class='tab-item tab-item-documentacio'><a href='https:\/\/cnsfg.cat\/socis\/documentacio\/'><img src='https:\/\/cnsfg.cat\/wp-content\/uploads\/2021\/08\/user.png' alt='documentacio'>Documentation<\/a><\/div><div class='tab-item tab-item-formularis'><a href='https:\/\/cnsfg.cat\/socis\/formularis\/'><img src='https:\/\/cnsfg.cat\/wp-content\/uploads\/2021\/04\/documentacio-1.png' alt='formularis'>Forms<\/a><\/div><div class='tab-item tab-item-tarifes'><a href='https:\/\/cnsfg.cat\/socis\/tarifes\/'><img src='https:\/\/cnsfg.cat\/wp-content\/uploads\/2021\/04\/003-contrato.png' alt='tarifes'>Rates<\/a><\/div><div class='tab-item tab-item-ofertes-especials selected'><a href='https:\/\/cnsfg.cat\/socis\/ofertes-especials\/'><img src='https:\/\/cnsfg.cat\/wp-content\/uploads\/2021\/08\/bolsa-de-la-compra.png' alt='ofertes-especials'>Special offers<\/a><\/div><div class='tab-item tab-item-tauler-anuncis'><a href='https:\/\/cnsfg.cat\/socis\/tauler-anuncis\/'><img src='https:\/\/cnsfg.cat\/wp-content\/uploads\/2021\/08\/etiqueta-de-precio.png' alt='tauler-anuncis'>Bulletin Board<\/a><\/div><div class='tab-item tab-item-renovacio-concessio'><a href='https:\/\/cnsfg.cat\/en\/members-area\/special-offers\/'><img src='https:\/\/cnsfg.cat\/wp-content\/uploads\/2021\/08\/yacht.png' alt='renovacio-concessio'>Concession renewal<\/a><\/div><div class='tab-item tab-item-dades-soci'><a href='https:\/\/cnsfg.cat\/socis\/dades-soci\/'><img src='https:\/\/cnsfg.cat\/wp-content\/uploads\/2021\/04\/002-mano.png' alt='dades-soci'>Member Data<\/a><\/div><\/div>[\/et_pb_code][\/et_pb_column][\/et_pb_row][\/et_pb_section][et_pb_section fb_built=&#8221;1&#8243; admin_label=&#8221;Content tab&#8221; _builder_version=&#8221;4.17.3&#8243; width=&#8221;100%&#8221; max_width=&#8221;100%&#8221; custom_padding=&#8221;0px||||false|false&#8221; locked=&#8221;off&#8221; global_colors_info=&#8221;{}&#8221;][et_pb_row _builder_version=&#8221;4.17.3&#8243; background_color=&#8221;#e0e0e0&#8243; background_size=&#8221;initial&#8221; background_position=&#8221;top_left&#8221; background_repeat=&#8221;repeat&#8221; width=&#8221;85%&#8221; max_width=&#8221;100%&#8221; custom_padding=&#8221;23px|30px|23px|30px|true|true&#8221; global_colors_info=&#8221;{}&#8221;][et_pb_column type=&#8221;4_4&#8243; _builder_version=&#8221;4.16&#8243; custom_padding=&#8221;|||&#8221; global_colors_info=&#8221;{}&#8221; custom_padding__hover=&#8221;|||&#8221;][et_pb_text admin_label=&#8221;Titol ofertes especials&#8221; _builder_version=&#8221;4.17.3&#8243; _module_preset=&#8221;default&#8221; global_colors_info=&#8221;{}&#8221;]<\/p>\n<h2 style=\"text-align: center;\"><strong>Exclusive offers for members.<\/strong><\/h2>\n<p>[\/et_pb_text][\/et_pb_column][\/et_pb_row][et_pb_row column_structure=&#8221;1_2,1_2&#8243; use_custom_gutter=&#8221;on&#8221; gutter_width=&#8221;2&#8243; _builder_version=&#8221;4.17.4&#8243; _module_preset=&#8221;default&#8221; background_color=&#8221;#e0e0e0&#8243; background_size=&#8221;initial&#8221; background_position=&#8221;top_left&#8221; background_repeat=&#8221;repeat&#8221; width=&#8221;85%&#8221; max_width=&#8221;100%&#8221; custom_padding=&#8221;0px|30px|26px|30px|false|true&#8221; locked=&#8221;off&#8221; global_colors_info=&#8221;{}&#8221;][et_pb_column type=&#8221;1_2&#8243; _builder_version=&#8221;4.17.4&#8243; _module_preset=&#8221;default&#8221; global_colors_info=&#8221;{}&#8221;][et_pb_blurb title=&#8221;Bisc residence offer&#8221; image=&#8221;https:\/\/cnsfg.cat\/wp-content\/uploads\/2022\/06\/pdf_icon.png&#8221; icon_placement=&#8221;left&#8221; admin_label=&#8221;Anuncio &#8211; Bisc&#8221; module_class=&#8221;blurb-descarrega&#8221; _builder_version=&#8221;4.17.4&#8243; _module_preset=&#8221;default&#8221; global_colors_info=&#8221;{}&#8221;]<\/p>\n<div class=\"document-desc\">\n<p>The Barcelona International Sailing Center (<strong>BISC<\/strong>) offers a new <strong>student residence<\/strong> service. In this way, the BISC, in addition to being a perfect center to achieve sporting objectives, will now also be a center in the educational aspect. An ideal space for <strong>sports<\/strong>, for <strong>studying<\/strong> and for leading a <strong>healthy and balanced lifestyle<\/strong>.<\/p>\n<p>That is why, from the Federation, we encourage you to share this information with your partners or subscribers. <strong><u>The federated members will enjoy free registration<\/u><\/strong>.<\/p>\n<p>This service is for people over 18 years old and you will find the services and prices on the <strong><a href=\"https:\/\/www.bisc.cat\/allotjat\/resid%C3%A8ncia\" data-saferedirecturl=\"https:\/\/www.google.com\/url?q=https:\/\/www.bisc.cat\/allotjat\/resid%25C3%25A8ncia&amp;source=gmail&amp;ust=1651135988989000&amp;usg=AOvVaw1vHnQlZib78wiwaaoELlax\">website<\/a><a href=\"https:\/\/www.bisc.cat\/allotjat\/resid%C3%A8ncia\" data-saferedirecturl=\"https:\/\/www.google.com\/url?q=https:\/\/www.bisc.cat\/allotjat\/resid%25C3%25A8ncia&amp;source=gmail&amp;ust=1651135988989000&amp;usg=AOvVaw1vHnQlZib78wiwaaoELlax\"> of the residence<\/a> hall.<\/strong> If you need more information, you can contact them by sending an email to <strong><a href=\"mailto:hola@bisc.cat\">the hola@bisc.cat<\/a> address,<\/strong> or by calling Bisc on (+34)<strong>93 35 638 58.<\/strong><\/p>\n<p>You can download the dossier with extended information in the &#8220;download&#8221; button.<\/p>\n<\/div>\n<p><a class=\"download-btn\" href=\"https:\/\/cnsfg.cat\/wp-content\/uploads\/2022\/04\/2204_Cataleg-Residencia-estudiants-BISC-2.pdf\" target=\"_blank\" rel=\"noopener\">Download<\/a><\/p>\n<p>[\/et_pb_blurb][\/et_pb_column][et_pb_column type=&#8221;1_2&#8243; _builder_version=&#8221;4.17.4&#8243; _module_preset=&#8221;default&#8221; global_colors_info=&#8221;{}&#8221;][et_pb_blurb title=&#8221;Offers restaurants, sailing school and diving&#8221; image=&#8221;https:\/\/cnsfg.cat\/wp-content\/uploads\/2022\/06\/pdf_icon.png&#8221; icon_placement=&#8221;left&#8221; admin_label=&#8221;Anuncio &#8211; Serveis del club ofertes&#8221; module_class=&#8221;blurb-descarrega&#8221; _builder_version=&#8221;4.18.0&#8243; _module_preset=&#8221;default&#8221; global_colors_info=&#8221;{}&#8221;]<\/p>\n<div class=\"document-desc\">\n<p>Members will be able to enjoy the Club and Piscis Diving services with special discounts specified in the attached PDF (2022 conditions).<\/p>\n<\/div>\n<p><a class=\"download-btn\" href=\"https:\/\/cnsfg.cat\/wp-content\/uploads\/2022\/08\/Descomptes-serveis-club-i-piscis-diving_CA-ES-2022.pdf\" target=\"_blank\" rel=\"noopener\">Download<\/a><\/p>\n<p>[\/et_pb_blurb][et_pb_blurb title=&#8221;Special conditions %22The Caixa%22&#8243; image=&#8221;https:\/\/cnsfg.cat\/wp-content\/uploads\/2022\/06\/pdf_icon.png&#8221; icon_placement=&#8221;left&#8221; admin_label=&#8221;Anuncio &#8211; La Caixa&#8221; module_class=&#8221;blurb-descarrega&#8221; _builder_version=&#8221;4.27.0&#8243; _module_preset=&#8221;default&#8221; hover_enabled=&#8221;0&#8243; global_colors_info=&#8221;{}&#8221; sticky_enabled=&#8221;0&#8243;]<\/p>\n<div class=\"document-desc\">Exclusive offers and special &#8220;La Caixa&#8221; conditions for club members.<\/div>\n<p><a class=\"download-btn\" href=\"https:\/\/www.caixabank.cat\/particular\/colectivos\/club-nautic-sant-feliu-de-guixols_ca.html\" target=\"_blank\" rel=\"noopener\">See Conditions<\/a><\/p>\n<p>[\/et_pb_blurb][\/et_pb_column][\/et_pb_row][\/et_pb_section]<\/p>\n","protected":false},"excerpt":{"rendered":"<p><div class='menu-tab-socis'><div class='tab-item tab-item-documentacio'><a href='https:\/\/cnsfg.cat\/socis\/documentacio\/'><img src='https:\/\/cnsfg.cat\/wp-content\/uploads\/2021\/08\/user.png' alt='documentacio'>Documentation<\/a><\/div><div class='tab-item tab-item-formularis'><a href='https:\/\/cnsfg.cat\/socis\/formularis\/'><img src='https:\/\/cnsfg.cat\/wp-content\/uploads\/2021\/04\/documentacio-1.png' alt='formularis'>Forms<\/a><\/div><div class='tab-item tab-item-tarifes'><a href='https:\/\/cnsfg.cat\/socis\/tarifes\/'><img src='https:\/\/cnsfg.cat\/wp-content\/uploads\/2021\/04\/003-contrato.png' alt='tarifes'>Rates<\/a><\/div><div class='tab-item tab-item-ofertes-especials selected'><a href='https:\/\/cnsfg.cat\/socis\/ofertes-especials\/'><img src='https:\/\/cnsfg.cat\/wp-content\/uploads\/2021\/08\/bolsa-de-la-compra.png' alt='ofertes-especials'>Special offers<\/a><\/div><div class='tab-item tab-item-tauler-anuncis'><a href='https:\/\/cnsfg.cat\/socis\/tauler-anuncis\/'><img src='https:\/\/cnsfg.cat\/wp-content\/uploads\/2021\/08\/etiqueta-de-precio.png' alt='tauler-anuncis'>Bulletin Board<\/a><\/div><div class='tab-item tab-item-renovacio-concessio'><a href='https:\/\/cnsfg.cat\/en\/et_pb_layout\/calendari-noticies-galeria\/'><img src='https:\/\/cnsfg.cat\/wp-content\/uploads\/2021\/08\/yacht.png' alt='renovacio-concessio'>Concession renewal<\/a><\/div><div class='tab-item tab-item-dades-soci'><a href='https:\/\/cnsfg.cat\/socis\/dades-soci\/'><img src='https:\/\/cnsfg.cat\/wp-content\/uploads\/2021\/04\/002-mano.png' alt='dades-soci'>Member Data<\/a><\/div><\/div>Exclusive offers for members. The Barcelona International Sailing Center (BISC) offers a new student residence service. In this way, the BISC, in addition to being a perfect center to [&hellip;]<\/p>\n","protected":false},"author":13,"featured_media":0,"parent":356236,"menu_order":0,"comment_status":"closed","ping_status":"closed","template":"","meta":{"_et_pb_use_builder":"on","_et_pb_old_content":"[et_pb_section fb_built=\"1\" admin_label=\"Menu - tabs\" _builder_version=\"4.17.3\" _module_preset=\"default\" width=\"100%\" max_width=\"100%\" custom_margin=\"0px||0px||false|false\" custom_padding=\"0px||0px||false|false\" locked=\"off\" global_colors_info=\"{}\" theme_builder_area=\"post_content\"][et_pb_row _builder_version=\"4.17.3\" _module_preset=\"default\" width=\"85%\" max_width=\"100%\" custom_margin=\"0px||0px||false|false\" custom_padding=\"0px||0px||false|false\" global_colors_info=\"{}\" theme_builder_area=\"post_content\"][et_pb_column type=\"4_4\" _builder_version=\"4.17.3\" _module_preset=\"default\" global_colors_info=\"{}\" theme_builder_area=\"post_content\"][et_pb_code admin_label=\"Shortcode menu\" _builder_version=\"4.17.3\" _module_preset=\"default\" hover_enabled=\"0\" global_colors_info=\"{}\" theme_builder_area=\"post_content\" sticky_enabled=\"0\"][socis_menu item=\"ofertes-especials\"][\/et_pb_code][\/et_pb_column][\/et_pb_row][\/et_pb_section][et_pb_section fb_built=\"1\" admin_label=\"Content tab\" _builder_version=\"4.17.3\" width=\"100%\" max_width=\"100%\" custom_padding=\"0px||||false|false\" locked=\"off\" global_colors_info=\"{}\" theme_builder_area=\"post_content\"][et_pb_row _builder_version=\"4.17.3\" background_color=\"#e0e0e0\" background_size=\"initial\" background_position=\"top_left\" background_repeat=\"repeat\" width=\"85%\" max_width=\"100%\" custom_padding=\"23px|30px|23px|30px|true|true\" global_colors_info=\"{}\" theme_builder_area=\"post_content\"][et_pb_column type=\"4_4\" _builder_version=\"4.16\" custom_padding=\"|||\" global_colors_info=\"{}\" custom_padding__hover=\"|||\" theme_builder_area=\"post_content\"][et_pb_text admin_label=\"Titol ofertes especials\" _builder_version=\"4.17.3\" _module_preset=\"default\" hover_enabled=\"0\" global_colors_info=\"{}\" theme_builder_area=\"post_content\" sticky_enabled=\"0\"]<h2 style=\"text-align: center;\"><strong>Ofertes exclusives per als socis.<\/strong><\/h2>[\/et_pb_text][et_pb_text admin_label=\"Ofertes\" _builder_version=\"4.17.3\" _module_preset=\"default\" custom_margin=\"||0px||false|false\" hover_enabled=\"0\" global_colors_info=\"{}\" theme_builder_area=\"post_content\" sticky_enabled=\"0\"][wpdm_category id=\"134\" order=\"asc\" toolbar=\"0\" cols=1 colspad=2 colsphone=1][\/et_pb_text][\/et_pb_column][\/et_pb_row][\/et_pb_section]","_et_gb_content_width":"","footnotes":""},"difl_page_category":[],"class_list":["post-356354","page","type-page","status-publish","hentry"],"yoast_head":"<!-- This site is optimized with the Yoast SEO plugin v27.3 - https:\/\/yoast.com\/product\/yoast-seo-wordpress\/ -->\n<title>Special offers - Club N\u00e0utic Sant Feliu de Guixols<\/title>\n<meta name=\"robots\" content=\"index, follow, max-snippet:-1, max-image-preview:large, max-video-preview:-1\" \/>\n<link rel=\"canonical\" href=\"https:\/\/cnsfg.cat\/en\/members-area\/special-offers\/\" \/>\n<meta property=\"og:locale\" content=\"en_US\" \/>\n<meta property=\"og:type\" content=\"article\" \/>\n<meta property=\"og:title\" content=\"Special offers - Club N\u00e0utic Sant Feliu de Guixols\" \/>\n<meta property=\"og:url\" content=\"https:\/\/cnsfg.cat\/en\/members-area\/special-offers\/\" \/>\n<meta property=\"og:site_name\" content=\"Club N\u00e0utic Sant Feliu de Guixols\" \/>\n<meta property=\"article:publisher\" content=\"https:\/\/www.facebook.com\/Club-N%c3%a0utic-Sant-Feliu-525823567569507\/\" \/>\n<meta property=\"article:modified_time\" content=\"2025-01-08T15:36:53+00:00\" \/>\n<meta name=\"twitter:card\" content=\"summary_large_image\" \/>\n<meta name=\"twitter:site\" content=\"@NauticSantFeliu\" \/>\n<script type=\"application\/ld+json\" class=\"yoast-schema-graph\">{\"@context\":\"https:\\\/\\\/schema.org\",\"@graph\":[{\"@type\":\"WebPage\",\"@id\":\"https:\\\/\\\/cnsfg.cat\\\/en\\\/members-area\\\/special-offers\\\/\",\"url\":\"https:\\\/\\\/cnsfg.cat\\\/en\\\/members-area\\\/special-offers\\\/\",\"name\":\"Special offers - Club N\u00e0utic Sant Feliu de Guixols\",\"isPartOf\":{\"@id\":\"https:\\\/\\\/cnsfg.cat\\\/en\\\/#website\"},\"datePublished\":\"2022-05-09T06:31:10+00:00\",\"dateModified\":\"2025-01-08T15:36:53+00:00\",\"breadcrumb\":{\"@id\":\"https:\\\/\\\/cnsfg.cat\\\/en\\\/members-area\\\/special-offers\\\/#breadcrumb\"},\"inLanguage\":\"en-US\",\"potentialAction\":[{\"@type\":\"ReadAction\",\"target\":[\"https:\\\/\\\/cnsfg.cat\\\/en\\\/members-area\\\/special-offers\\\/\"]}]},{\"@type\":\"BreadcrumbList\",\"@id\":\"https:\\\/\\\/cnsfg.cat\\\/en\\\/members-area\\\/special-offers\\\/#breadcrumb\",\"itemListElement\":[{\"@type\":\"ListItem\",\"position\":1,\"name\":\"Portada\",\"item\":\"https:\\\/\\\/cnsfg.cat\\\/en\\\/\"},{\"@type\":\"ListItem\",\"position\":2,\"name\":\"Private member area\",\"item\":\"https:\\\/\\\/cnsfg.cat\\\/en\\\/members-area\\\/\"},{\"@type\":\"ListItem\",\"position\":3,\"name\":\"Special offers\"}]},{\"@type\":\"WebSite\",\"@id\":\"https:\\\/\\\/cnsfg.cat\\\/en\\\/#website\",\"url\":\"https:\\\/\\\/cnsfg.cat\\\/en\\\/\",\"name\":\"Club N\u00e0utic Sant Feliu de Guixols\",\"description\":\"Club n\u00e0utic amb m\u00e9s de 400 amarradors a Sant Feliu de Guixols, Costa Brava.\",\"publisher\":{\"@id\":\"https:\\\/\\\/cnsfg.cat\\\/en\\\/#organization\"},\"potentialAction\":[{\"@type\":\"SearchAction\",\"target\":{\"@type\":\"EntryPoint\",\"urlTemplate\":\"https:\\\/\\\/cnsfg.cat\\\/en\\\/?s={search_term_string}\"},\"query-input\":{\"@type\":\"PropertyValueSpecification\",\"valueRequired\":true,\"valueName\":\"search_term_string\"}}],\"inLanguage\":\"en-US\"},{\"@type\":\"Organization\",\"@id\":\"https:\\\/\\\/cnsfg.cat\\\/en\\\/#organization\",\"name\":\"Club Na\u00f9tic Sant Feliu de Guixols\",\"url\":\"https:\\\/\\\/cnsfg.cat\\\/en\\\/\",\"logo\":{\"@type\":\"ImageObject\",\"inLanguage\":\"en-US\",\"@id\":\"https:\\\/\\\/cnsfg.cat\\\/en\\\/#\\\/schema\\\/logo\\\/image\\\/\",\"url\":\"https:\\\/\\\/cnsfg.cat\\\/wp-content\\\/uploads\\\/2020\\\/03\\\/LOGO_CNSFG_180.png\",\"contentUrl\":\"https:\\\/\\\/cnsfg.cat\\\/wp-content\\\/uploads\\\/2020\\\/03\\\/LOGO_CNSFG_180.png\",\"width\":180,\"height\":71,\"caption\":\"Club Na\u00f9tic Sant Feliu de Guixols\"},\"image\":{\"@id\":\"https:\\\/\\\/cnsfg.cat\\\/en\\\/#\\\/schema\\\/logo\\\/image\\\/\"},\"sameAs\":[\"https:\\\/\\\/www.facebook.com\\\/Club-N\u00e0utic-Sant-Feliu-525823567569507\\\/\",\"https:\\\/\\\/x.com\\\/NauticSantFeliu\"]}]}<\/script>\n<!-- \/ Yoast SEO plugin. -->","yoast_head_json":{"title":"Special offers - Club N\u00e0utic Sant Feliu de Guixols","robots":{"index":"index","follow":"follow","max-snippet":"max-snippet:-1","max-image-preview":"max-image-preview:large","max-video-preview":"max-video-preview:-1"},"canonical":"https:\/\/cnsfg.cat\/en\/members-area\/special-offers\/","og_locale":"en_US","og_type":"article","og_title":"Special offers - Club N\u00e0utic Sant Feliu de Guixols","og_url":"https:\/\/cnsfg.cat\/en\/members-area\/special-offers\/","og_site_name":"Club N\u00e0utic Sant Feliu de Guixols","article_publisher":"https:\/\/www.facebook.com\/Club-N%c3%a0utic-Sant-Feliu-525823567569507\/","article_modified_time":"2025-01-08T15:36:53+00:00","twitter_card":"summary_large_image","twitter_site":"@NauticSantFeliu","schema":{"@context":"https:\/\/schema.org","@graph":[{"@type":"WebPage","@id":"https:\/\/cnsfg.cat\/en\/members-area\/special-offers\/","url":"https:\/\/cnsfg.cat\/en\/members-area\/special-offers\/","name":"Special offers - Club N\u00e0utic Sant Feliu de Guixols","isPartOf":{"@id":"https:\/\/cnsfg.cat\/en\/#website"},"datePublished":"2022-05-09T06:31:10+00:00","dateModified":"2025-01-08T15:36:53+00:00","breadcrumb":{"@id":"https:\/\/cnsfg.cat\/en\/members-area\/special-offers\/#breadcrumb"},"inLanguage":"en-US","potentialAction":[{"@type":"ReadAction","target":["https:\/\/cnsfg.cat\/en\/members-area\/special-offers\/"]}]},{"@type":"BreadcrumbList","@id":"https:\/\/cnsfg.cat\/en\/members-area\/special-offers\/#breadcrumb","itemListElement":[{"@type":"ListItem","position":1,"name":"Portada","item":"https:\/\/cnsfg.cat\/en\/"},{"@type":"ListItem","position":2,"name":"Private member area","item":"https:\/\/cnsfg.cat\/en\/members-area\/"},{"@type":"ListItem","position":3,"name":"Special offers"}]},{"@type":"WebSite","@id":"https:\/\/cnsfg.cat\/en\/#website","url":"https:\/\/cnsfg.cat\/en\/","name":"Club N\u00e0utic Sant Feliu de Guixols","description":"Club n\u00e0utic amb m\u00e9s de 400 amarradors a Sant Feliu de Guixols, Costa Brava.","publisher":{"@id":"https:\/\/cnsfg.cat\/en\/#organization"},"potentialAction":[{"@type":"SearchAction","target":{"@type":"EntryPoint","urlTemplate":"https:\/\/cnsfg.cat\/en\/?s={search_term_string}"},"query-input":{"@type":"PropertyValueSpecification","valueRequired":true,"valueName":"search_term_string"}}],"inLanguage":"en-US"},{"@type":"Organization","@id":"https:\/\/cnsfg.cat\/en\/#organization","name":"Club Na\u00f9tic Sant Feliu de Guixols","url":"https:\/\/cnsfg.cat\/en\/","logo":{"@type":"ImageObject","inLanguage":"en-US","@id":"https:\/\/cnsfg.cat\/en\/#\/schema\/logo\/image\/","url":"https:\/\/cnsfg.cat\/wp-content\/uploads\/2020\/03\/LOGO_CNSFG_180.png","contentUrl":"https:\/\/cnsfg.cat\/wp-content\/uploads\/2020\/03\/LOGO_CNSFG_180.png","width":180,"height":71,"caption":"Club Na\u00f9tic Sant Feliu de Guixols"},"image":{"@id":"https:\/\/cnsfg.cat\/en\/#\/schema\/logo\/image\/"},"sameAs":["https:\/\/www.facebook.com\/Club-N\u00e0utic-Sant-Feliu-525823567569507\/","https:\/\/x.com\/NauticSantFeliu"]}]}},"_links":{"self":[{"href":"https:\/\/cnsfg.cat\/en\/wp-json\/wp\/v2\/pages\/356354","targetHints":{"allow":["GET"]}}],"collection":[{"href":"https:\/\/cnsfg.cat\/en\/wp-json\/wp\/v2\/pages"}],"about":[{"href":"https:\/\/cnsfg.cat\/en\/wp-json\/wp\/v2\/types\/page"}],"author":[{"embeddable":true,"href":"https:\/\/cnsfg.cat\/en\/wp-json\/wp\/v2\/users\/13"}],"replies":[{"embeddable":true,"href":"https:\/\/cnsfg.cat\/en\/wp-json\/wp\/v2\/comments?post=356354"}],"version-history":[{"count":5,"href":"https:\/\/cnsfg.cat\/en\/wp-json\/wp\/v2\/pages\/356354\/revisions"}],"predecessor-version":[{"id":405585,"href":"https:\/\/cnsfg.cat\/en\/wp-json\/wp\/v2\/pages\/356354\/revisions\/405585"}],"up":[{"embeddable":true,"href":"https:\/\/cnsfg.cat\/en\/wp-json\/wp\/v2\/pages\/356236"}],"wp:attachment":[{"href":"https:\/\/cnsfg.cat\/en\/wp-json\/wp\/v2\/media?parent=356354"}],"wp:term":[{"taxonomy":"difl_page_category","embeddable":true,"href":"https:\/\/cnsfg.cat\/en\/wp-json\/wp\/v2\/difl_page_category?post=356354"}],"curies":[{"name":"wp","href":"https:\/\/api.w.org\/{rel}","templated":true}]}}