{"id":390404,"date":"2023-10-18T10:48:33","date_gmt":"2023-10-18T08:48:33","guid":{"rendered":"https:\/\/cnsfg.cat\/suppliers\/"},"modified":"2023-10-18T11:22:56","modified_gmt":"2023-10-18T09:22:56","slug":"suppliers","status":"publish","type":"page","link":"https:\/\/cnsfg.cat\/en\/suppliers\/","title":{"rendered":"Suppliers"},"content":{"rendered":"<p>[et_pb_section fb_built=&#8221;1&#8243; admin_label=&#8221;El club header&#8221; module_class=&#8221;tina_careers_header&#8221; _builder_version=&#8221;4.16&#8243; custom_padding=&#8221;0px||0px||false|false&#8221; locked=&#8221;off&#8221; global_colors_info=&#8221;{}&#8221;][et_pb_row admin_label=&#8221;El club header &#8211; Row&#8221; _builder_version=&#8221;4.16&#8243; width=&#8221;100%&#8221; max_width=&#8221;100%&#8221; custom_padding=&#8221;0px||0px||false|false&#8221; global_colors_info=&#8221;{}&#8221;][et_pb_column type=&#8221;4_4&#8243; _builder_version=&#8221;4.16&#8243; global_colors_info=&#8221;{}&#8221;][et_pb_image src=&#8221;https:\/\/cnsfg.cat\/wp-content\/uploads\/2021\/06\/gestio-elclub.jpg&#8221; title_text=&#8221;management-elclub&#8221; admin_label=&#8221;El club header &#8211; Image &#8211; 1900x429px&#8221; _builder_version=&#8221;4.16&#8243; global_colors_info=&#8221;{}&#8221;][\/et_pb_image][\/et_pb_column][\/et_pb_row][\/et_pb_section][et_pb_section fb_built=&#8221;1&#8243; _builder_version=&#8221;4.16&#8243; _module_preset=&#8221;default&#8221; global_colors_info=&#8221;{}&#8221;][et_pb_row _builder_version=&#8221;4.16&#8243; _module_preset=&#8221;default&#8221; global_colors_info=&#8221;{}&#8221;][et_pb_column type=&#8221;4_4&#8243; _builder_version=&#8221;4.16&#8243; _module_preset=&#8221;default&#8221; global_colors_info=&#8221;{}&#8221;][et_pb_text admin_label=&#8221;El club header &#8211; Text&#8221; _builder_version=&#8221;4.22.2&#8243; text_font=&#8221;Cormorant Garamond|700|||||||&#8221; text_text_color=&#8221;#002E5B&#8221; text_font_size=&#8221;58px&#8221; text_line_height=&#8221;120%&#8221; header_font=&#8221;Cormorant Garamond|700|||||||&#8221; header_text_color=&#8221;#001F5B&#8221; header_font_size=&#8221;58px&#8221; header_line_height=&#8221;1.2em&#8221; custom_margin=&#8221;||||false|false&#8221; custom_margin_tablet=&#8221;-60px||||false|false&#8221; custom_margin_phone=&#8221;50px||||false|false&#8221; custom_margin_last_edited=&#8221;on|phone&#8221; hover_enabled=&#8221;0&#8243; text_font_size_tablet=&#8221;90px&#8221; text_font_size_phone=&#8221;40px&#8221; text_font_size_last_edited=&#8221;on|phone&#8221; global_colors_info=&#8221;{}&#8221; sticky_enabled=&#8221;0&#8243;]<\/p>\n<h1>Suppliers<\/h1>\n<p>[\/et_pb_text][\/et_pb_column][\/et_pb_row][et_pb_row column_structure=&#8221;1_4,3_4&#8243; _builder_version=&#8221;4.16&#8243; _module_preset=&#8221;default&#8221; custom_padding=&#8221;||0px|||&#8221; global_colors_info=&#8221;{}&#8221;][et_pb_column type=&#8221;1_4&#8243; _builder_version=&#8221;4.16&#8243; _module_preset=&#8221;default&#8221; global_colors_info=&#8221;{}&#8221;][et_pb_text admin_label=&#8221;Know Girl Content &#8211; Tina &#8211; Text&#8221; _builder_version=&#8221;4.22.2&#8243; _module_preset=&#8221;a9637137-e175-4c07-942f-c294692118b6&#8243; text_text_color=&#8221;#002850&#8243; text_line_height=&#8221;150%&#8221; hover_enabled=&#8221;0&#8243; text_font_size_tablet=&#8221;22px&#8221; text_font_size_phone=&#8221;18px&#8221; text_font_size_last_edited=&#8221;on|phone&#8221; global_colors_info=&#8221;{}&#8221; sticky_enabled=&#8221;0&#8243;]<\/p>\n<p>Information for our suppliers<\/p>\n<p>[\/et_pb_text][\/et_pb_column][et_pb_column type=&#8221;3_4&#8243; _builder_version=&#8221;4.16&#8243; _module_preset=&#8221;default&#8221; global_colors_info=&#8221;{}&#8221;][et_pb_text admin_label=&#8221;Know Girl Content &#8211; Tina &#8211; Text&#8221; _builder_version=&#8221;4.22.2&#8243; text_font=&#8221;||||||||&#8221; text_text_color=&#8221;#9b9b9b&#8221; text_font_size=&#8221;16px&#8221; text_line_height=&#8221;167%&#8221; hover_enabled=&#8221;0&#8243; text_font_size_phone=&#8221;14px&#8221; text_font_size_last_edited=&#8221;off|phone&#8221; custom_css_main_element=&#8221;    font-weight: 400 !important;&#8221; global_colors_info=&#8221;{}&#8221; sticky_enabled=&#8221;0&#8243;]<\/p>\n<div class=\"post\">\n<h2>Evaluation of the quality and products of our suppliers.<\/h2>\n<p class=\"p1\">Gentlemen, we inform you that the assessment of the quality of your service \/ product will be evaluated through the periodic monitoring of the incidents that may have occurred. In the event that it is considered necessary to provide corrective actions, it will be communicated via e-mail.<\/p>\n<p>For any questions, you can contact us by email: info@cnsfg.cat<\/p>\n<\/div>\n<p>&nbsp;<\/p>\n<p>[\/et_pb_text][\/et_pb_column][\/et_pb_row][\/et_pb_section]<\/p>\n","protected":false},"excerpt":{"rendered":"<p>SuppliersInformation for our suppliers Evaluation of the quality and products of our suppliers. Gentlemen, we inform you that the assessment of the quality of your service \/ product will be [&hellip;]<\/p>\n","protected":false},"author":5,"featured_media":0,"parent":0,"menu_order":0,"comment_status":"closed","ping_status":"closed","template":"","meta":{"_et_pb_use_builder":"on","_et_pb_old_content":"","_et_gb_content_width":"","footnotes":""},"difl_page_category":[],"class_list":["post-390404","page","type-page","status-publish","hentry"],"yoast_head":"<!-- This site is optimized with the Yoast SEO plugin v27.5 - https:\/\/yoast.com\/product\/yoast-seo-wordpress\/ -->\n<title>Suppliers - Club N\u00e0utic Sant Feliu de Guixols<\/title>\n<meta name=\"description\" content=\"Information for our suppliers.\" \/>\n<meta name=\"robots\" content=\"index, follow, max-snippet:-1, max-image-preview:large, max-video-preview:-1\" \/>\n<link rel=\"canonical\" href=\"https:\/\/cnsfg.cat\/en\/suppliers\/\" \/>\n<meta property=\"og:locale\" content=\"en_US\" \/>\n<meta property=\"og:type\" content=\"article\" \/>\n<meta property=\"og:title\" content=\"Suppliers - Club N\u00e0utic Sant Feliu de Guixols\" \/>\n<meta property=\"og:description\" content=\"Information for our suppliers.\" \/>\n<meta property=\"og:url\" content=\"https:\/\/cnsfg.cat\/en\/suppliers\/\" \/>\n<meta property=\"og:site_name\" content=\"Club N\u00e0utic Sant Feliu de Guixols\" \/>\n<meta property=\"article:publisher\" content=\"https:\/\/www.facebook.com\/Club-N%c3%a0utic-Sant-Feliu-525823567569507\/\" \/>\n<meta property=\"article:modified_time\" content=\"2023-10-18T09:22:56+00:00\" \/>\n<meta name=\"twitter:card\" content=\"summary_large_image\" \/>\n<meta name=\"twitter:site\" content=\"@NauticSantFeliu\" \/>\n<script type=\"application\/ld+json\" class=\"yoast-schema-graph\">{\"@context\":\"https:\\\/\\\/schema.org\",\"@graph\":[{\"@type\":\"WebPage\",\"@id\":\"https:\\\/\\\/cnsfg.cat\\\/en\\\/suppliers\\\/\",\"url\":\"https:\\\/\\\/cnsfg.cat\\\/en\\\/suppliers\\\/\",\"name\":\"Suppliers - Club N\u00e0utic Sant Feliu de Guixols\",\"isPartOf\":{\"@id\":\"https:\\\/\\\/cnsfg.cat\\\/en\\\/#website\"},\"datePublished\":\"2023-10-18T08:48:33+00:00\",\"dateModified\":\"2023-10-18T09:22:56+00:00\",\"description\":\"Information for our suppliers.\",\"breadcrumb\":{\"@id\":\"https:\\\/\\\/cnsfg.cat\\\/en\\\/suppliers\\\/#breadcrumb\"},\"inLanguage\":\"en-US\",\"potentialAction\":[{\"@type\":\"ReadAction\",\"target\":[\"https:\\\/\\\/cnsfg.cat\\\/en\\\/suppliers\\\/\"]}]},{\"@type\":\"BreadcrumbList\",\"@id\":\"https:\\\/\\\/cnsfg.cat\\\/en\\\/suppliers\\\/#breadcrumb\",\"itemListElement\":[{\"@type\":\"ListItem\",\"position\":1,\"name\":\"Portada\",\"item\":\"https:\\\/\\\/cnsfg.cat\\\/en\\\/\"},{\"@type\":\"ListItem\",\"position\":2,\"name\":\"Suppliers\"}]},{\"@type\":\"WebSite\",\"@id\":\"https:\\\/\\\/cnsfg.cat\\\/en\\\/#website\",\"url\":\"https:\\\/\\\/cnsfg.cat\\\/en\\\/\",\"name\":\"Club N\u00e0utic Sant Feliu de Guixols\",\"description\":\"Club n\u00e0utic amb m\u00e9s de 400 amarradors a Sant Feliu de Guixols, Costa Brava.\",\"publisher\":{\"@id\":\"https:\\\/\\\/cnsfg.cat\\\/en\\\/#organization\"},\"potentialAction\":[{\"@type\":\"SearchAction\",\"target\":{\"@type\":\"EntryPoint\",\"urlTemplate\":\"https:\\\/\\\/cnsfg.cat\\\/en\\\/?s={search_term_string}\"},\"query-input\":{\"@type\":\"PropertyValueSpecification\",\"valueRequired\":true,\"valueName\":\"search_term_string\"}}],\"inLanguage\":\"en-US\"},{\"@type\":\"Organization\",\"@id\":\"https:\\\/\\\/cnsfg.cat\\\/en\\\/#organization\",\"name\":\"Club Na\u00f9tic Sant Feliu de Guixols\",\"url\":\"https:\\\/\\\/cnsfg.cat\\\/en\\\/\",\"logo\":{\"@type\":\"ImageObject\",\"inLanguage\":\"en-US\",\"@id\":\"https:\\\/\\\/cnsfg.cat\\\/en\\\/#\\\/schema\\\/logo\\\/image\\\/\",\"url\":\"https:\\\/\\\/cnsfg.cat\\\/wp-content\\\/uploads\\\/2020\\\/03\\\/LOGO_CNSFG_180.png\",\"contentUrl\":\"https:\\\/\\\/cnsfg.cat\\\/wp-content\\\/uploads\\\/2020\\\/03\\\/LOGO_CNSFG_180.png\",\"width\":180,\"height\":71,\"caption\":\"Club Na\u00f9tic Sant Feliu de Guixols\"},\"image\":{\"@id\":\"https:\\\/\\\/cnsfg.cat\\\/en\\\/#\\\/schema\\\/logo\\\/image\\\/\"},\"sameAs\":[\"https:\\\/\\\/www.facebook.com\\\/Club-N\u00e0utic-Sant-Feliu-525823567569507\\\/\",\"https:\\\/\\\/x.com\\\/NauticSantFeliu\"]}]}<\/script>\n<!-- \/ Yoast SEO plugin. -->","yoast_head_json":{"title":"Suppliers - Club N\u00e0utic Sant Feliu de Guixols","description":"Information for our suppliers.","robots":{"index":"index","follow":"follow","max-snippet":"max-snippet:-1","max-image-preview":"max-image-preview:large","max-video-preview":"max-video-preview:-1"},"canonical":"https:\/\/cnsfg.cat\/en\/suppliers\/","og_locale":"en_US","og_type":"article","og_title":"Suppliers - Club N\u00e0utic Sant Feliu de Guixols","og_description":"Information for our suppliers.","og_url":"https:\/\/cnsfg.cat\/en\/suppliers\/","og_site_name":"Club N\u00e0utic Sant Feliu de Guixols","article_publisher":"https:\/\/www.facebook.com\/Club-N%c3%a0utic-Sant-Feliu-525823567569507\/","article_modified_time":"2023-10-18T09:22:56+00:00","twitter_card":"summary_large_image","twitter_site":"@NauticSantFeliu","schema":{"@context":"https:\/\/schema.org","@graph":[{"@type":"WebPage","@id":"https:\/\/cnsfg.cat\/en\/suppliers\/","url":"https:\/\/cnsfg.cat\/en\/suppliers\/","name":"Suppliers - Club N\u00e0utic Sant Feliu de Guixols","isPartOf":{"@id":"https:\/\/cnsfg.cat\/en\/#website"},"datePublished":"2023-10-18T08:48:33+00:00","dateModified":"2023-10-18T09:22:56+00:00","description":"Information for our suppliers.","breadcrumb":{"@id":"https:\/\/cnsfg.cat\/en\/suppliers\/#breadcrumb"},"inLanguage":"en-US","potentialAction":[{"@type":"ReadAction","target":["https:\/\/cnsfg.cat\/en\/suppliers\/"]}]},{"@type":"BreadcrumbList","@id":"https:\/\/cnsfg.cat\/en\/suppliers\/#breadcrumb","itemListElement":[{"@type":"ListItem","position":1,"name":"Portada","item":"https:\/\/cnsfg.cat\/en\/"},{"@type":"ListItem","position":2,"name":"Suppliers"}]},{"@type":"WebSite","@id":"https:\/\/cnsfg.cat\/en\/#website","url":"https:\/\/cnsfg.cat\/en\/","name":"Club N\u00e0utic Sant Feliu de Guixols","description":"Club n\u00e0utic amb m\u00e9s de 400 amarradors a Sant Feliu de Guixols, Costa Brava.","publisher":{"@id":"https:\/\/cnsfg.cat\/en\/#organization"},"potentialAction":[{"@type":"SearchAction","target":{"@type":"EntryPoint","urlTemplate":"https:\/\/cnsfg.cat\/en\/?s={search_term_string}"},"query-input":{"@type":"PropertyValueSpecification","valueRequired":true,"valueName":"search_term_string"}}],"inLanguage":"en-US"},{"@type":"Organization","@id":"https:\/\/cnsfg.cat\/en\/#organization","name":"Club Na\u00f9tic Sant Feliu de Guixols","url":"https:\/\/cnsfg.cat\/en\/","logo":{"@type":"ImageObject","inLanguage":"en-US","@id":"https:\/\/cnsfg.cat\/en\/#\/schema\/logo\/image\/","url":"https:\/\/cnsfg.cat\/wp-content\/uploads\/2020\/03\/LOGO_CNSFG_180.png","contentUrl":"https:\/\/cnsfg.cat\/wp-content\/uploads\/2020\/03\/LOGO_CNSFG_180.png","width":180,"height":71,"caption":"Club Na\u00f9tic Sant Feliu de Guixols"},"image":{"@id":"https:\/\/cnsfg.cat\/en\/#\/schema\/logo\/image\/"},"sameAs":["https:\/\/www.facebook.com\/Club-N\u00e0utic-Sant-Feliu-525823567569507\/","https:\/\/x.com\/NauticSantFeliu"]}]}},"_links":{"self":[{"href":"https:\/\/cnsfg.cat\/en\/wp-json\/wp\/v2\/pages\/390404","targetHints":{"allow":["GET"]}}],"collection":[{"href":"https:\/\/cnsfg.cat\/en\/wp-json\/wp\/v2\/pages"}],"about":[{"href":"https:\/\/cnsfg.cat\/en\/wp-json\/wp\/v2\/types\/page"}],"author":[{"embeddable":true,"href":"https:\/\/cnsfg.cat\/en\/wp-json\/wp\/v2\/users\/5"}],"replies":[{"embeddable":true,"href":"https:\/\/cnsfg.cat\/en\/wp-json\/wp\/v2\/comments?post=390404"}],"version-history":[{"count":2,"href":"https:\/\/cnsfg.cat\/en\/wp-json\/wp\/v2\/pages\/390404\/revisions"}],"predecessor-version":[{"id":390406,"href":"https:\/\/cnsfg.cat\/en\/wp-json\/wp\/v2\/pages\/390404\/revisions\/390406"}],"wp:attachment":[{"href":"https:\/\/cnsfg.cat\/en\/wp-json\/wp\/v2\/media?parent=390404"}],"wp:term":[{"taxonomy":"difl_page_category","embeddable":true,"href":"https:\/\/cnsfg.cat\/en\/wp-json\/wp\/v2\/difl_page_category?post=390404"}],"curies":[{"name":"wp","href":"https:\/\/api.w.org\/{rel}","templated":true}]}}