{"id":350775,"date":"2020-03-27T08:35:27","date_gmt":"2020-03-27T07:35:27","guid":{"rendered":"https:\/\/cnsfg.cat\/regatas\/calendario\/"},"modified":"2025-02-14T16:47:53","modified_gmt":"2025-02-14T15:47:53","slug":"calendario","status":"publish","type":"page","link":"https:\/\/cnsfg.cat\/es\/regatas\/calendario\/","title":{"rendered":"Calendario"},"content":{"rendered":"<p>[et_pb_section fb_built=\u00bb1&#8243; admin_label=\u00bbimagen\u00bb module_class=\u00bbtina_careers_header\u00bb _builder_version=\u00bb4.16&#8243; background_image=\u00bbhttps:\/\/cnsfg.cat\/wp-content\/uploads\/2021\/07\/calendari.jpg\u00bb background_position=\u00bbbottom_right\u00bb height=\u00bb450px\u00bb height_tablet=\u00bb350px\u00bb height_phone=\u00bb188px\u00bb height_last_edited=\u00bbon|phone\u00bb custom_margin_tablet=\u00bb\u00bb custom_margin_phone=\u00bb70px||||false|false\u00bb custom_margin_last_edited=\u00bbon|phone\u00bb custom_padding=\u00bb0px||0px||false|false\u00bb background_last_edited=\u00bbon|desktop\u00bb locked=\u00bboff\u00bb global_colors_info=\u00bb{}\u00bb][\/et_pb_section][et_pb_section fb_built=\u00bb1&#8243; _builder_version=\u00bb4.27.2&#8243; _module_preset=\u00bb823a4ffd-90f5-4a00-a2e7-b31f4bace74d\u00bb custom_margin=\u00bb0px||||false|false\u00bb custom_margin_tablet=\u00bb\u00bb custom_margin_phone=\u00bb0px||0px||false|false\u00bb custom_margin_last_edited=\u00bbon|phone\u00bb hover_enabled=\u00bb0&#8243; locked=\u00bboff\u00bb collapsed=\u00bboff\u00bb global_colors_info=\u00bb{}\u00bb sticky_enabled=\u00bb0&#8243;][et_pb_row _builder_version=\u00bb4.27.2&#8243; _module_preset=\u00bba5ffc339-760b-420b-ab1c-74de3f804064&#8243; hover_enabled=\u00bb0&#8243; global_colors_info=\u00bb{}\u00bb sticky_enabled=\u00bb0&#8243;][et_pb_column type=\u00bb4_4&#8243; _builder_version=\u00bb4.16&#8243; _module_preset=\u00bbdefault\u00bb global_colors_info=\u00bb{}\u00bb][et_pb_text admin_label=\u00bbcontacta Text\u00bb _builder_version=\u00bb4.27.2&#8243; _module_preset=\u00bbf1e0e75e-444a-45fd-a7a1-01dd37f8b987&#8243; custom_margin=\u00bb||||false|false\u00bb hover_enabled=\u00bb0&#8243; global_colors_info=\u00bb{}\u00bb sticky_enabled=\u00bb0&#8243;]<\/p>\n<h1>Calendario de Regatas<\/h1>\n<p>[\/et_pb_text][et_pb_text _builder_version=\u00bb4.27.2&#8243; _module_preset=\u00bbdefault\u00bb hover_enabled=\u00bb0&#8243; global_colors_info=\u00bb{}\u00bb sticky_enabled=\u00bb0&#8243;]<\/p>\n<p>El Club N\u00e1utico Sant Feliu de Gu\u00edxols organiza una regata social de crucero cada mes, as\u00ed como de otras regatas puntuables en el circuito de la FCV y RFEV. Entre ellas, la regata Gu\u00edxolsMedes que es la regata organizada ininterrumpidamente m\u00e1s antigua de Catalu\u00f1a, con m\u00e1s de 50 a\u00f1os de historia.<\/p>\n<p>Aqu\u00ed encontrar\u00e1s el calendario de regatas puntuables, el Tabl\u00f3n Oficial de Anuncios de cada regata, podr\u00e1s hacer tu inscripci\u00f3n y ver los resultados, etc.<\/p>\n<p>[\/et_pb_text][\/et_pb_column][\/et_pb_row][\/et_pb_section][et_pb_section fb_built=\u00bb1&#8243; custom_padding_last_edited=\u00bbon|phone\u00bb admin_label=\u00bbKnow Girl Content &#8211; Tina\u00bb module_class=\u00bbtina_know_girl_content\u00bb _builder_version=\u00bb4.16&#8243; background_enable_image=\u00bboff\u00bb custom_padding=\u00bb0px||4px||false|false\u00bb custom_padding_tablet=\u00bb0px||20px||false|false\u00bb custom_padding_phone=\u00bb||30px||false|false\u00bb collapsed=\u00bboff\u00bb global_colors_info=\u00bb{}\u00bb][et_pb_row _builder_version=\u00bb4.16&#8243; _module_preset=\u00bbdefault\u00bb custom_padding=\u00bb0px|||||\u00bb global_colors_info=\u00bb{}\u00bb][et_pb_column type=\u00bb4_4&#8243; _builder_version=\u00bb4.16&#8243; _module_preset=\u00bbdefault\u00bb global_colors_info=\u00bb{}\u00bb][et_pb_code module_class=\u00bbiframe-container\u00bb _builder_version=\u00bb4.16&#8243; _module_preset=\u00bbdefault\u00bb global_colors_info=\u00bb{}\u00bb]<\/p>\n<div style=\"width:100%;height:700px; position:relative; overflow:hidden\"><!-- [et_pb_line_break_holder] -->         <!-- [et_pb_line_break_holder] -->          <?php if (qtrans_getLanguage()==\"ca\") :?><!-- [et_pb_line_break_holder] -->            <iframe loading=\"lazy\" src=\"https:\/\/cnsfg.sailti.com\/ca\/default\/races\/calendar?var={{{wpml_tag_3}}}\" style=\"top:-150px; position:absolute\" width=\"100%\" height=\"830\" scrolling=\"yes\" frameborder=\"0\" ><!-- [et_pb_line_break_holder] -->            <!-- [et_pb_line_break_holder] -->            <?php else : ?><!-- [et_pb_line_break_holder] --><!-- [et_pb_line_break_holder] -->             <iframe loading=\"lazy\" src=\"https:\/\/cnsfg.sailti.com\/ca\/default\/races\/calendar?var=%7B%7B%7Bwpml_tag_6%7D%7D%7D\" style=\"top:-150px; position:absolute\" width=\"100%\" height=\"830\" scrolling=\"yes\" frameborder=\"0\"><!-- [et_pb_line_break_holder] -->           <!-- [et_pb_line_break_holder] --><!-- [et_pb_line_break_holder] -->          <?php endif; ?><!-- [et_pb_line_break_holder] -->    <\/iframe><\/div>\n<p>[\/et_pb_code][\/et_pb_column][\/et_pb_row][\/et_pb_section][et_pb_section fb_built=\u00bb1&#8243; custom_padding_last_edited=\u00bbon|tablet\u00bb admin_label=\u00bbRegates Links\u00bb module_class=\u00bbtina_finest_girl_content\u00bb _builder_version=\u00bb4.18.0&#8243; background_color=\u00bb#65ADD2&#8243; custom_padding=\u00bb0px||90px||false|false\u00bb custom_padding_tablet=\u00bb40px||40px||false|false\u00bb custom_padding_phone=\u00bb40px||40px||false|false\u00bb global_module=\u00bb343579&#8243; saved_tabs=\u00bball\u00bb collapsed=\u00bboff\u00bb global_colors_info=\u00bb{}\u00bb][et_pb_row column_structure=\u00bb1_4,1_4,1_4,1_4&#8243; use_custom_gutter=\u00bbon\u00bb gutter_width=\u00bb2&#8243; make_equal=\u00bbon\u00bb admin_label=\u00bbPara cambiar la l\u00ednea animada de color ir a &#8211; Avanzado &#8211; CSS personalizado &#8211; Antes\u00bb _builder_version=\u00bb4.16&#8243; width=\u00bb90%\u00bb custom_padding=\u00bb80px||||false|false\u00bb custom_css_main_element=\u00bbcounter-reset:counter;\u00bb global_colors_info=\u00bb{}\u00bb][et_pb_column type=\u00bb1_4&#8243; _builder_version=\u00bb4.16&#8243; custom_padding_tablet=\u00bb35px|25px|35px|25px|true|true\u00bb custom_padding_last_edited=\u00bboff|desktop\u00bb border_color_all=\u00bb#e5e5e5&#8243; global_colors_info=\u00bb{}\u00bb][et_pb_blurb title=\u00bbCalendario\u00bb url=\u00bb@ET-DC@eyJkeW5hbWljIjp0cnVlLCJjb250ZW50IjoicG9zdF9saW5rX3VybF9wYWdlIiwic2V0dGluZ3MiOnsicG9zdF9pZCI6IjI2NTE5NSJ9fQ==@\u00bb use_icon=\u00bbon\u00bb font_icon=\u00bb&#xe025;||divi||400&#8243; icon_color=\u00bb#002E5B\u00bb icon_alignment=\u00bbleft\u00bb content_max_width=\u00bb100%\u00bb admin_label=\u00bbcalendari &#8211; image 60x92px\u00bb _builder_version=\u00bb4.27.2&#8243; _dynamic_attributes=\u00bburl,link_option_url\u00bb header_level=\u00bbh3&#8243; header_font=\u00bb|700|||||||\u00bb header_text_color=\u00bb#1e1e26&#8243; body_font=\u00bbRoboto||||||||\u00bb body_text_color=\u00bb#9b9b9b\u00bb body_font_size=\u00bb16px\u00bb body_line_height=\u00bb167%\u00bb background_color=\u00bb#ffffff\u00bb custom_padding=\u00bb35px|20px|63px|30px|false|false\u00bb custom_padding_tablet=\u00bb40px|30px|40px|30px|false|false\u00bb custom_padding_phone=\u00bb\u00bb custom_padding_last_edited=\u00bbon|tablet\u00bb animation=\u00bboff\u00bb link_option_url=\u00bb@ET-DC@eyJkeW5hbWljIjp0cnVlLCJjb250ZW50IjoicG9zdF9saW5rX3VybF9wYWdlIiwic2V0dGluZ3MiOnsicG9zdF9pZCI6IjI2NTE5NSJ9fQ==@\u00bb custom_css_before=\u00bbbackground: #ffd620;\u00bb custom_css_main_element=\u00bbfont-weight: 400;\u00bb custom_css_blurb_image=\u00bb    margin-bottom: 60px;\u00bb custom_css_blurb_title=\u00bbposition: relative;||font-weight: 800;||padding-top: 27px;||\u00bb custom_css_blurb_content=\u00bbfont-weight: 400;||\u00bb border_width_all=\u00bb1px\u00bb border_color_all=\u00bb#e5e5e5&#8243; global_colors_info=\u00bb{}\u00bb][\/et_pb_blurb][\/et_pb_column][et_pb_column type=\u00bb1_4&#8243; _builder_version=\u00bb4.16&#8243; border_color_all=\u00bb#e5e5e5&#8243; global_colors_info=\u00bb{}\u00bb][et_pb_blurb title=\u00bbNot\u00edcias\u00bb url=\u00bb@ET-DC@eyJkeW5hbWljIjp0cnVlLCJjb250ZW50IjoicG9zdF9saW5rX3VybF9wYWdlIiwic2V0dGluZ3MiOnsicG9zdF9pZCI6IjI2NTE5NyJ9fQ==@\u00bb use_icon=\u00bbon\u00bb font_icon=\u00bb&#x69;||divi||400&#8243; icon_color=\u00bb#002E5B\u00bb icon_alignment=\u00bbleft\u00bb content_max_width=\u00bb100%\u00bb admin_label=\u00bbnoticies\u00bb _builder_version=\u00bb4.27.2&#8243; _dynamic_attributes=\u00bburl,link_option_url\u00bb header_level=\u00bbh3&#8243; header_font=\u00bb|700|||||||\u00bb header_text_color=\u00bb#1e1e26&#8243; body_font=\u00bbRoboto||||||||\u00bb body_text_color=\u00bb#9b9b9b\u00bb body_font_size=\u00bb16px\u00bb body_line_height=\u00bb167%\u00bb background_color=\u00bb#ffffff\u00bb custom_padding=\u00bb35px|20px|63px|30px|false|false\u00bb custom_padding_tablet=\u00bb40px|30px|40px|30px|false|false\u00bb custom_padding_phone=\u00bb\u00bb custom_padding_last_edited=\u00bbon|tablet\u00bb animation=\u00bboff\u00bb link_option_url=\u00bb@ET-DC@eyJkeW5hbWljIjp0cnVlLCJjb250ZW50IjoicG9zdF9saW5rX3VybF9wYWdlIiwic2V0dGluZ3MiOnsicG9zdF9pZCI6IjI2NTE5NyJ9fQ==@\u00bb custom_css_before=\u00bbbackground: #ffd620;\u00bb custom_css_main_element=\u00bbfont-weight: 400;\u00bb custom_css_blurb_image=\u00bb    margin-bottom: 60px;\u00bb custom_css_blurb_title=\u00bbposition: relative;||font-weight: 800;||padding-top: 27px;||\u00bb custom_css_blurb_content=\u00bbfont-weight: 400;||\u00bb border_width_all=\u00bb1px\u00bb border_color_all=\u00bb#e5e5e5&#8243; locked=\u00bboff\u00bb global_colors_info=\u00bb{}\u00bb][\/et_pb_blurb][\/et_pb_column][et_pb_column type=\u00bb1_4&#8243; _builder_version=\u00bb4.16&#8243; border_color_all=\u00bb#e5e5e5&#8243; global_colors_info=\u00bb{}\u00bb][et_pb_blurb title=\u00bbGaler\u00eda\u00bb url=\u00bb@ET-DC@eyJkeW5hbWljIjp0cnVlLCJjb250ZW50IjoicG9zdF9saW5rX3VybF9wYWdlIiwic2V0dGluZ3MiOnsicG9zdF9pZCI6IjM1MTQ0MSJ9fQ==@\u00bb use_icon=\u00bbon\u00bb font_icon=\u00bb&#xe006;||divi||400&#8243; icon_color=\u00bb#002E5B\u00bb icon_alignment=\u00bbleft\u00bb content_max_width=\u00bb100%\u00bb admin_label=\u00bbgaleria &#8211; image \u00bb _builder_version=\u00bb4.18.0&#8243; _dynamic_attributes=\u00bburl,link_option_url\u00bb header_level=\u00bbh3&#8243; header_font=\u00bb|700|||||||\u00bb header_text_color=\u00bb#1e1e26&#8243; body_font=\u00bbRoboto||||||||\u00bb body_text_color=\u00bb#9b9b9b\u00bb body_font_size=\u00bb16px\u00bb body_line_height=\u00bb167%\u00bb background_color=\u00bb#ffffff\u00bb custom_padding=\u00bb35px|20px|63px|30px|false|false\u00bb custom_padding_tablet=\u00bb40px|30px|40px|30px|false|false\u00bb custom_padding_phone=\u00bb\u00bb custom_padding_last_edited=\u00bbon|tablet\u00bb animation=\u00bboff\u00bb link_option_url=\u00bb@ET-DC@eyJkeW5hbWljIjp0cnVlLCJjb250ZW50IjoicG9zdF9saW5rX3VybF9wYWdlIiwic2V0dGluZ3MiOnsicG9zdF9pZCI6IjM1MTQ0MSJ9fQ==@\u00bb custom_css_before=\u00bbbackground: #ffd620;\u00bb custom_css_main_element=\u00bbfont-weight: 400;\u00bb custom_css_blurb_image=\u00bb    margin-bottom: 60px;\u00bb custom_css_blurb_title=\u00bbposition: relative;||font-weight: 800;||padding-top: 27px;||\u00bb custom_css_blurb_content=\u00bbfont-weight: 400;||\u00bb border_width_all=\u00bb1px\u00bb border_color_all=\u00bb#e5e5e5&#8243; locked=\u00bboff\u00bb global_colors_info=\u00bb{}\u00bb][\/et_pb_blurb][\/et_pb_column][et_pb_column type=\u00bb1_4&#8243; _builder_version=\u00bb4.16&#8243; border_color_all=\u00bb#e5e5e5&#8243; global_colors_info=\u00bb{}\u00bb][et_pb_blurb title=\u00bbBolsa tripulaci\u00f3n\u00bb url=\u00bb@ET-DC@eyJkeW5hbWljIjp0cnVlLCJjb250ZW50IjoicG9zdF9saW5rX3VybF9wYWdlIiwic2V0dGluZ3MiOnsicG9zdF9pZCI6IjI2NTIwMSJ9fQ==@\u00bb use_icon=\u00bbon\u00bb font_icon=\u00bb&#xe108;||divi||400&#8243; icon_color=\u00bb#002E5B\u00bb icon_alignment=\u00bbleft\u00bb content_max_width=\u00bb100%\u00bb admin_label=\u00bbborsa tripulants &#8211; image 60x92px\u00bb _builder_version=\u00bb4.18.0&#8243; _dynamic_attributes=\u00bburl,link_option_url\u00bb header_level=\u00bbh3&#8243; header_font=\u00bb|700|||||||\u00bb header_text_color=\u00bb#1e1e26&#8243; body_font=\u00bbRoboto||||||||\u00bb body_text_color=\u00bb#9b9b9b\u00bb body_font_size=\u00bb16px\u00bb body_line_height=\u00bb167%\u00bb background_color=\u00bb#ffffff\u00bb custom_padding=\u00bb35px|20px|63px|30px|false|false\u00bb custom_padding_tablet=\u00bb40px|30px|40px|30px|false|false\u00bb custom_padding_phone=\u00bb\u00bb custom_padding_last_edited=\u00bbon|tablet\u00bb animation=\u00bboff\u00bb link_option_url=\u00bb@ET-DC@eyJkeW5hbWljIjp0cnVlLCJjb250ZW50IjoicG9zdF9saW5rX3VybF9wYWdlIiwic2V0dGluZ3MiOnsicG9zdF9pZCI6IjI2NTIwMSJ9fQ==@\u00bb custom_css_before=\u00bbbackground: #ffd620;\u00bb custom_css_main_element=\u00bbfont-weight: 400;\u00bb custom_css_blurb_image=\u00bb    margin-bottom: 60px;\u00bb custom_css_blurb_title=\u00bbposition: relative;||font-weight: 800;||padding-top: 27px;||\u00bb custom_css_blurb_content=\u00bbfont-weight: 400;||\u00bb border_width_all=\u00bb1px\u00bb border_color_all=\u00bb#e5e5e5&#8243; global_colors_info=\u00bb{}\u00bb][\/et_pb_blurb][\/et_pb_column][\/et_pb_row][\/et_pb_section]<\/p>\n","protected":false},"excerpt":{"rendered":"<p>Calendario de RegatasEl Club N\u00e1utico Sant Feliu de Gu\u00edxols organiza una regata social de crucero cada mes, as\u00ed como de otras regatas puntuables en el circuito de la FCV y [&hellip;]<\/p>\n","protected":false},"author":5,"featured_media":350766,"parent":349951,"menu_order":0,"comment_status":"closed","ping_status":"closed","template":"","meta":{"_et_pb_use_builder":"on","_et_pb_old_content":"","_et_gb_content_width":"","footnotes":""},"difl_page_category":[],"class_list":["post-350775","page","type-page","status-publish","has-post-thumbnail","hentry"],"yoast_head":"<!-- This site is optimized with the Yoast SEO plugin v27.3 - https:\/\/yoast.com\/product\/yoast-seo-wordpress\/ -->\n<title>Calendario - Club N\u00e0utic Sant Feliu de Guixols<\/title>\n<meta name=\"description\" content=\"En nuestro calendario de regatas se publican las regatas de vela, puedes inscribirte en las regatas puntuables, conocer la puntuaci\u00f3n...\" \/>\n<meta name=\"robots\" content=\"index, follow, max-snippet:-1, max-image-preview:large, max-video-preview:-1\" \/>\n<link rel=\"canonical\" href=\"https:\/\/cnsfg.cat\/es\/regatas\/calendario\/\" \/>\n<meta property=\"og:locale\" content=\"es_ES\" \/>\n<meta property=\"og:type\" content=\"article\" \/>\n<meta property=\"og:title\" content=\"Calendario - Club N\u00e0utic Sant Feliu de Guixols\" \/>\n<meta property=\"og:description\" content=\"En nuestro calendario de regatas se publican las regatas de vela, puedes inscribirte en las regatas puntuables, conocer la puntuaci\u00f3n...\" \/>\n<meta property=\"og:url\" content=\"https:\/\/cnsfg.cat\/es\/regatas\/calendario\/\" \/>\n<meta property=\"og:site_name\" content=\"Club N\u00e0utic Sant Feliu de Guixols\" \/>\n<meta property=\"article:publisher\" content=\"https:\/\/www.facebook.com\/Club-N%c3%a0utic-Sant-Feliu-525823567569507\/\" \/>\n<meta property=\"article:modified_time\" content=\"2025-02-14T15:47:53+00:00\" \/>\n<meta property=\"og:image\" content=\"https:\/\/cnsfg.cat\/wp-content\/uploads\/2021\/08\/201909_RegataGM_0710-1920px.jpg\" \/>\n\t<meta property=\"og:image:width\" content=\"1920\" \/>\n\t<meta property=\"og:image:height\" content=\"1280\" \/>\n\t<meta property=\"og:image:type\" content=\"image\/jpeg\" \/>\n<meta name=\"twitter:card\" content=\"summary_large_image\" \/>\n<meta name=\"twitter:site\" content=\"@NauticSantFeliu\" \/>\n<script type=\"application\/ld+json\" class=\"yoast-schema-graph\">{\"@context\":\"https:\\\/\\\/schema.org\",\"@graph\":[{\"@type\":\"WebPage\",\"@id\":\"https:\\\/\\\/cnsfg.cat\\\/es\\\/regatas\\\/calendario\\\/\",\"url\":\"https:\\\/\\\/cnsfg.cat\\\/es\\\/regatas\\\/calendario\\\/\",\"name\":\"Calendario - Club N\u00e0utic Sant Feliu de Guixols\",\"isPartOf\":{\"@id\":\"https:\\\/\\\/cnsfg.cat\\\/es\\\/#website\"},\"primaryImageOfPage\":{\"@id\":\"https:\\\/\\\/cnsfg.cat\\\/es\\\/regatas\\\/calendario\\\/#primaryimage\"},\"image\":{\"@id\":\"https:\\\/\\\/cnsfg.cat\\\/es\\\/regatas\\\/calendario\\\/#primaryimage\"},\"thumbnailUrl\":\"https:\\\/\\\/cnsfg.cat\\\/wp-content\\\/uploads\\\/2021\\\/08\\\/201909_RegataGM_0710-1920px.jpg\",\"datePublished\":\"2020-03-27T07:35:27+00:00\",\"dateModified\":\"2025-02-14T15:47:53+00:00\",\"description\":\"En nuestro calendario de regatas se publican las regatas de vela, puedes inscribirte en las regatas puntuables, conocer la puntuaci\u00f3n...\",\"breadcrumb\":{\"@id\":\"https:\\\/\\\/cnsfg.cat\\\/es\\\/regatas\\\/calendario\\\/#breadcrumb\"},\"inLanguage\":\"es\",\"potentialAction\":[{\"@type\":\"ReadAction\",\"target\":[\"https:\\\/\\\/cnsfg.cat\\\/es\\\/regatas\\\/calendario\\\/\"]}]},{\"@type\":\"ImageObject\",\"inLanguage\":\"es\",\"@id\":\"https:\\\/\\\/cnsfg.cat\\\/es\\\/regatas\\\/calendario\\\/#primaryimage\",\"url\":\"https:\\\/\\\/cnsfg.cat\\\/wp-content\\\/uploads\\\/2021\\\/08\\\/201909_RegataGM_0710-1920px.jpg\",\"contentUrl\":\"https:\\\/\\\/cnsfg.cat\\\/wp-content\\\/uploads\\\/2021\\\/08\\\/201909_RegataGM_0710-1920px.jpg\",\"width\":1920,\"height\":1280},{\"@type\":\"BreadcrumbList\",\"@id\":\"https:\\\/\\\/cnsfg.cat\\\/es\\\/regatas\\\/calendario\\\/#breadcrumb\",\"itemListElement\":[{\"@type\":\"ListItem\",\"position\":1,\"name\":\"Portada\",\"item\":\"https:\\\/\\\/cnsfg.cat\\\/es\\\/\"},{\"@type\":\"ListItem\",\"position\":2,\"name\":\"Regatas\",\"item\":\"https:\\\/\\\/cnsfg.cat\\\/es\\\/regatas\\\/\"},{\"@type\":\"ListItem\",\"position\":3,\"name\":\"Calendario\"}]},{\"@type\":\"WebSite\",\"@id\":\"https:\\\/\\\/cnsfg.cat\\\/es\\\/#website\",\"url\":\"https:\\\/\\\/cnsfg.cat\\\/es\\\/\",\"name\":\"Club N\u00e0utic Sant Feliu de Guixols\",\"description\":\"Club N\u00e0utic Sant Feliu de Guixols\",\"publisher\":{\"@id\":\"https:\\\/\\\/cnsfg.cat\\\/es\\\/#organization\"},\"potentialAction\":[{\"@type\":\"SearchAction\",\"target\":{\"@type\":\"EntryPoint\",\"urlTemplate\":\"https:\\\/\\\/cnsfg.cat\\\/es\\\/?s={search_term_string}\"},\"query-input\":{\"@type\":\"PropertyValueSpecification\",\"valueRequired\":true,\"valueName\":\"search_term_string\"}}],\"inLanguage\":\"es\"},{\"@type\":\"Organization\",\"@id\":\"https:\\\/\\\/cnsfg.cat\\\/es\\\/#organization\",\"name\":\"Club Na\u00f9tic Sant Feliu de Guixols\",\"url\":\"https:\\\/\\\/cnsfg.cat\\\/es\\\/\",\"logo\":{\"@type\":\"ImageObject\",\"inLanguage\":\"es\",\"@id\":\"https:\\\/\\\/cnsfg.cat\\\/es\\\/#\\\/schema\\\/logo\\\/image\\\/\",\"url\":\"https:\\\/\\\/cnsfg.cat\\\/wp-content\\\/uploads\\\/2020\\\/03\\\/LOGO_CNSFG_180.png\",\"contentUrl\":\"https:\\\/\\\/cnsfg.cat\\\/wp-content\\\/uploads\\\/2020\\\/03\\\/LOGO_CNSFG_180.png\",\"width\":180,\"height\":71,\"caption\":\"Club Na\u00f9tic Sant Feliu de Guixols\"},\"image\":{\"@id\":\"https:\\\/\\\/cnsfg.cat\\\/es\\\/#\\\/schema\\\/logo\\\/image\\\/\"},\"sameAs\":[\"https:\\\/\\\/www.facebook.com\\\/Club-N\u00e0utic-Sant-Feliu-525823567569507\\\/\",\"https:\\\/\\\/x.com\\\/NauticSantFeliu\"]}]}<\/script>\n<!-- \/ Yoast SEO plugin. -->","yoast_head_json":{"title":"Calendario - Club N\u00e0utic Sant Feliu de Guixols","description":"En nuestro calendario de regatas se publican las regatas de vela, puedes inscribirte en las regatas puntuables, conocer la puntuaci\u00f3n...","robots":{"index":"index","follow":"follow","max-snippet":"max-snippet:-1","max-image-preview":"max-image-preview:large","max-video-preview":"max-video-preview:-1"},"canonical":"https:\/\/cnsfg.cat\/es\/regatas\/calendario\/","og_locale":"es_ES","og_type":"article","og_title":"Calendario - Club N\u00e0utic Sant Feliu de Guixols","og_description":"En nuestro calendario de regatas se publican las regatas de vela, puedes inscribirte en las regatas puntuables, conocer la puntuaci\u00f3n...","og_url":"https:\/\/cnsfg.cat\/es\/regatas\/calendario\/","og_site_name":"Club N\u00e0utic Sant Feliu de Guixols","article_publisher":"https:\/\/www.facebook.com\/Club-N%c3%a0utic-Sant-Feliu-525823567569507\/","article_modified_time":"2025-02-14T15:47:53+00:00","og_image":[{"width":1920,"height":1280,"url":"https:\/\/cnsfg.cat\/wp-content\/uploads\/2021\/08\/201909_RegataGM_0710-1920px.jpg","type":"image\/jpeg"}],"twitter_card":"summary_large_image","twitter_site":"@NauticSantFeliu","schema":{"@context":"https:\/\/schema.org","@graph":[{"@type":"WebPage","@id":"https:\/\/cnsfg.cat\/es\/regatas\/calendario\/","url":"https:\/\/cnsfg.cat\/es\/regatas\/calendario\/","name":"Calendario - Club N\u00e0utic Sant Feliu de Guixols","isPartOf":{"@id":"https:\/\/cnsfg.cat\/es\/#website"},"primaryImageOfPage":{"@id":"https:\/\/cnsfg.cat\/es\/regatas\/calendario\/#primaryimage"},"image":{"@id":"https:\/\/cnsfg.cat\/es\/regatas\/calendario\/#primaryimage"},"thumbnailUrl":"https:\/\/cnsfg.cat\/wp-content\/uploads\/2021\/08\/201909_RegataGM_0710-1920px.jpg","datePublished":"2020-03-27T07:35:27+00:00","dateModified":"2025-02-14T15:47:53+00:00","description":"En nuestro calendario de regatas se publican las regatas de vela, puedes inscribirte en las regatas puntuables, conocer la puntuaci\u00f3n...","breadcrumb":{"@id":"https:\/\/cnsfg.cat\/es\/regatas\/calendario\/#breadcrumb"},"inLanguage":"es","potentialAction":[{"@type":"ReadAction","target":["https:\/\/cnsfg.cat\/es\/regatas\/calendario\/"]}]},{"@type":"ImageObject","inLanguage":"es","@id":"https:\/\/cnsfg.cat\/es\/regatas\/calendario\/#primaryimage","url":"https:\/\/cnsfg.cat\/wp-content\/uploads\/2021\/08\/201909_RegataGM_0710-1920px.jpg","contentUrl":"https:\/\/cnsfg.cat\/wp-content\/uploads\/2021\/08\/201909_RegataGM_0710-1920px.jpg","width":1920,"height":1280},{"@type":"BreadcrumbList","@id":"https:\/\/cnsfg.cat\/es\/regatas\/calendario\/#breadcrumb","itemListElement":[{"@type":"ListItem","position":1,"name":"Portada","item":"https:\/\/cnsfg.cat\/es\/"},{"@type":"ListItem","position":2,"name":"Regatas","item":"https:\/\/cnsfg.cat\/es\/regatas\/"},{"@type":"ListItem","position":3,"name":"Calendario"}]},{"@type":"WebSite","@id":"https:\/\/cnsfg.cat\/es\/#website","url":"https:\/\/cnsfg.cat\/es\/","name":"Club N\u00e0utic Sant Feliu de Guixols","description":"Club N\u00e0utic Sant Feliu de Guixols","publisher":{"@id":"https:\/\/cnsfg.cat\/es\/#organization"},"potentialAction":[{"@type":"SearchAction","target":{"@type":"EntryPoint","urlTemplate":"https:\/\/cnsfg.cat\/es\/?s={search_term_string}"},"query-input":{"@type":"PropertyValueSpecification","valueRequired":true,"valueName":"search_term_string"}}],"inLanguage":"es"},{"@type":"Organization","@id":"https:\/\/cnsfg.cat\/es\/#organization","name":"Club Na\u00f9tic Sant Feliu de Guixols","url":"https:\/\/cnsfg.cat\/es\/","logo":{"@type":"ImageObject","inLanguage":"es","@id":"https:\/\/cnsfg.cat\/es\/#\/schema\/logo\/image\/","url":"https:\/\/cnsfg.cat\/wp-content\/uploads\/2020\/03\/LOGO_CNSFG_180.png","contentUrl":"https:\/\/cnsfg.cat\/wp-content\/uploads\/2020\/03\/LOGO_CNSFG_180.png","width":180,"height":71,"caption":"Club Na\u00f9tic Sant Feliu de Guixols"},"image":{"@id":"https:\/\/cnsfg.cat\/es\/#\/schema\/logo\/image\/"},"sameAs":["https:\/\/www.facebook.com\/Club-N\u00e0utic-Sant-Feliu-525823567569507\/","https:\/\/x.com\/NauticSantFeliu"]}]}},"_links":{"self":[{"href":"https:\/\/cnsfg.cat\/es\/wp-json\/wp\/v2\/pages\/350775","targetHints":{"allow":["GET"]}}],"collection":[{"href":"https:\/\/cnsfg.cat\/es\/wp-json\/wp\/v2\/pages"}],"about":[{"href":"https:\/\/cnsfg.cat\/es\/wp-json\/wp\/v2\/types\/page"}],"author":[{"embeddable":true,"href":"https:\/\/cnsfg.cat\/es\/wp-json\/wp\/v2\/users\/5"}],"replies":[{"embeddable":true,"href":"https:\/\/cnsfg.cat\/es\/wp-json\/wp\/v2\/comments?post=350775"}],"version-history":[{"count":7,"href":"https:\/\/cnsfg.cat\/es\/wp-json\/wp\/v2\/pages\/350775\/revisions"}],"predecessor-version":[{"id":406252,"href":"https:\/\/cnsfg.cat\/es\/wp-json\/wp\/v2\/pages\/350775\/revisions\/406252"}],"up":[{"embeddable":true,"href":"https:\/\/cnsfg.cat\/es\/wp-json\/wp\/v2\/pages\/349951"}],"wp:featuredmedia":[{"embeddable":true,"href":"https:\/\/cnsfg.cat\/es\/wp-json\/wp\/v2\/media\/350766"}],"wp:attachment":[{"href":"https:\/\/cnsfg.cat\/es\/wp-json\/wp\/v2\/media?parent=350775"}],"wp:term":[{"taxonomy":"difl_page_category","embeddable":true,"href":"https:\/\/cnsfg.cat\/es\/wp-json\/wp\/v2\/difl_page_category?post=350775"}],"curies":[{"name":"wp","href":"https:\/\/api.w.org\/{rel}","templated":true}]}}