{"id":354985,"date":"2022-05-05T10:14:57","date_gmt":"2022-05-05T08:14:57","guid":{"rendered":"https:\/\/cnsfg.cat\/canal-etic\/"},"modified":"2022-08-17T03:56:40","modified_gmt":"2022-08-17T01:56:40","slug":"canal-etico","status":"publish","type":"page","link":"https:\/\/cnsfg.cat\/es\/el-club\/canal-etico\/","title":{"rendered":"Canal \u00e9tico"},"content":{"rendered":"<p>[et_pb_section fb_built=\u00bb1&#8243; admin_label=\u00bbimagen\u00bb module_class=\u00bbtina_careers_header\u00bb _builder_version=\u00bb4.16&#8243; background_image=\u00bbhttps:\/\/cnsfg.cat\/wp-content\/uploads\/2021\/06\/elclub.jpg\u00bb background_position=\u00bbbottom_right\u00bb height=\u00bb450px\u00bb height_tablet=\u00bb350px\u00bb height_phone=\u00bb188px\u00bb height_last_edited=\u00bbon|phone\u00bb custom_margin_tablet=\u00bb\u00bb custom_margin_phone=\u00bb70px||||false|false\u00bb custom_margin_last_edited=\u00bbon|phone\u00bb custom_padding=\u00bb0px||0px||false|false\u00bb background_last_edited=\u00bbon|desktop\u00bb locked=\u00bboff\u00bb global_colors_info=\u00bb{}\u00bb][\/et_pb_section][et_pb_section fb_built=\u00bb1&#8243; custom_padding_last_edited=\u00bbon|desktop\u00bb admin_label=\u00bbT\u00edtol\u00bb module_class=\u00bbtina_flowing_persons\u00bb _builder_version=\u00bb4.16&#8243; custom_margin_tablet=\u00bb\u00bb custom_margin_phone=\u00bb0px||0px||false|false\u00bb custom_margin_last_edited=\u00bbon|phone\u00bb custom_padding=\u00bb0px||0px||false|false\u00bb custom_padding_tablet=\u00bb0px||0px||false|false\u00bb custom_padding_phone=\u00bb\u00bb saved_tabs=\u00bball\u00bb locked=\u00bboff\u00bb collapsed=\u00bboff\u00bb global_colors_info=\u00bb{}\u00bb][et_pb_row _builder_version=\u00bb4.16&#8243; _module_preset=\u00bba5ffc339-760b-420b-ab1c-74de3f804064&#8243; global_colors_info=\u00bb{}\u00bb][et_pb_column type=\u00bb4_4&#8243; _builder_version=\u00bb4.16&#8243; _module_preset=\u00bbdefault\u00bb global_colors_info=\u00bb{}\u00bb][et_pb_text admin_label=\u00bbCanal \u00e8tic\u00bb _builder_version=\u00bb4.17.4&#8243; _module_preset=\u00bbf1e0e75e-444a-45fd-a7a1-01dd37f8b987&#8243; global_colors_info=\u00bb{}\u00bb]<\/p>\n<h1>Canal \u00e9tico<\/h1>\n<p>[\/et_pb_text][\/et_pb_column][\/et_pb_row][\/et_pb_section][et_pb_section fb_built=\u00bb1&#8243; module_id=\u00bbcanal-etic\u00bb _builder_version=\u00bb4.17.3&#8243; _module_preset=\u00bbdefault\u00bb custom_padding=\u00bb||||false|false\u00bb global_colors_info=\u00bb{}\u00bb][et_pb_row _builder_version=\u00bb4.17.3&#8243; _module_preset=\u00bbdefault\u00bb global_colors_info=\u00bb{}\u00bb][et_pb_column type=\u00bb4_4&#8243; _builder_version=\u00bb4.17.3&#8243; _module_preset=\u00bbdefault\u00bb global_colors_info=\u00bb{}\u00bb][et_pb_text admin_label=\u00bbTitol\u00bb _builder_version=\u00bb4.17.4&#8243; _module_preset=\u00bbdefault\u00bb module_alignment=\u00bbcenter\u00bb locked=\u00bboff\u00bb global_colors_info=\u00bb{}\u00bb]<\/p>\n<div id=\"Content\">\n<div id=\"banner\">\n<p>El Club N\u00e1utico Sant Feliu de Gu\u00edxols act\u00faa seg\u00fan los est\u00e1ndares m\u00e1s altos de compromiso de actuaci\u00f3n \u00e9tica y responsable. Asimismo, manifestamos nuestro m\u00e1s firme rechazo a hechos o acciones que puedan ser consideradas delitos o contrarias a las leyes y marcos normativos que nos son aplicables a nuestras actividades y operaciones.<\/p>\n<p>En relaci\u00f3n con este compromiso, fomentamos la comunicaci\u00f3n en general, el derecho y el deber de comunicar o denunciar cualquier acto o hecho que pueda implicar a la comisi\u00f3n de delitos, incumplimientos de las leyes y normas que nos son aplicables, as\u00ed como conductas contrarias a nuestros c\u00f3digos, protocolos y normas internas de actuaci\u00f3n. Por eso, la entidad ha implementado un canal de anonimato voluntario, respetando la protecci\u00f3n de datos y la protecci\u00f3n del denunciante. Todo ello para aportar las m\u00e1ximas garant\u00edas y derechos a los comunicantes y afectados.<\/p>\n<p>Podr\u00e1 enviarnos sus inquietudes al formulario adjunto.<\/p>\n<\/div>\n<\/div>\n<p>[\/et_pb_text][et_pb_button button_text=\u00bbFormulario an\u00f3nimo de denuncias\u00bb admin_label=\u00bbBot\u00f3n formulario an\u00f3nimo\u00bb module_class=\u00bbbtn-form-canal-etic\u00bb _builder_version=\u00bb4.17.4&#8243; _module_preset=\u00bbdefault\u00bb custom_button=\u00bbon\u00bb button_text_size=\u00bb20px\u00bb button_text_color=\u00bb#FFFFFF\u00bb button_bg_color=\u00bb#001f5b\u00bb button_border_width=\u00bb0px\u00bb button_border_color=\u00bbRGBA(255,255,255,0)\u00bb button_font=\u00bbCormorant Garamond||||||||\u00bb button_icon=\u00bb&#xf21b;||fa||900&#8243; button_icon_placement=\u00bbleft\u00bb button_on_hover=\u00bboff\u00bb global_colors_info=\u00bb{}\u00bb][\/et_pb_button][et_pb_code module_class=\u00bbs-form-canal-etic\u00bb _builder_version=\u00bb4.18.0&#8243; _module_preset=\u00bbdefault\u00bb hover_enabled=\u00bb0&#8243; custom_css_main_element=\u00bbdisplay:none;\u00bb global_colors_info=\u00bb{}\u00bb sticky_enabled=\u00bb0&#8243;]<div class=\"wpforms-container wpforms-container-full\" id=\"wpforms-370727\"><form id=\"wpforms-form-370727\" class=\"wpforms-validate wpforms-form wpforms-ajax-form\" data-formid=\"370727\" method=\"post\" enctype=\"multipart\/form-data\" action=\"\/es\/wp-json\/wp\/v2\/pages\/354985\" data-token=\"99f3cb2f31013c6a1f8c483bc17b9b92\" data-token-time=\"1778626774\"><noscript class=\"wpforms-error-noscript\">Por favor, activa JavaScript en tu navegador para completar este formulario.<\/noscript><div class=\"wpforms-field-container\"><div id=\"wpforms-370727-field_1-container\" class=\"wpforms-field wpforms-field-select wpforms-field-select-style-classic\" data-field-id=\"1\"><label class=\"wpforms-field-label\" for=\"wpforms-370727-field_1\">\u00bfQue relaci\u00f3n tienes con el Club Nautic Sant Feliu de Guixols?<\/label><select id=\"wpforms-370727-field_1\" class=\"wpforms-field-medium\" name=\"wpforms[fields][1]\"><option value=\"Cliente\"  class=\"choice-1 depth-1\"  >Cliente<\/option><option value=\"Colaborador\"  class=\"choice-2 depth-1\"  >Colaborador<\/option><option value=\"Proveedor\"  class=\"choice-3 depth-1\"  >Proveedor<\/option><option value=\"Empleado\"  class=\"choice-4 depth-1\"  >Empleado<\/option><option value=\"Directivo\"  class=\"choice-5 depth-1\"  >Directivo<\/option><option value=\"Voluntario\"  class=\"choice-6 depth-1\"  >Voluntario<\/option><option value=\"Otros\"  class=\"choice-7 depth-1\"  >Otros<\/option><\/select><\/div><div id=\"wpforms-370727-field_4-container\" class=\"wpforms-field wpforms-field-checkbox wpforms-list-2-columns\" data-field-id=\"4\"><label class=\"wpforms-field-label\">Perfil de las personas implicadas.<\/label><ul id=\"wpforms-370727-field_4\"><li class=\"choice-1 depth-1\"><input type=\"checkbox\" id=\"wpforms-370727-field_4_1\" name=\"wpforms[fields][4][]\" value=\"Cliente\"  ><label class=\"wpforms-field-label-inline\" for=\"wpforms-370727-field_4_1\">Cliente<\/label><\/li><li class=\"choice-2 depth-1\"><input type=\"checkbox\" id=\"wpforms-370727-field_4_2\" name=\"wpforms[fields][4][]\" value=\"Colaborador\"  ><label class=\"wpforms-field-label-inline\" for=\"wpforms-370727-field_4_2\">Colaborador<\/label><\/li><li class=\"choice-3 depth-1\"><input type=\"checkbox\" id=\"wpforms-370727-field_4_3\" name=\"wpforms[fields][4][]\" value=\"Proveedor\"  ><label class=\"wpforms-field-label-inline\" for=\"wpforms-370727-field_4_3\">Proveedor<\/label><\/li><li class=\"choice-4 depth-1\"><input type=\"checkbox\" id=\"wpforms-370727-field_4_4\" name=\"wpforms[fields][4][]\" value=\"Empleado\"  ><label class=\"wpforms-field-label-inline\" for=\"wpforms-370727-field_4_4\">Empleado<\/label><\/li><li class=\"choice-5 depth-1\"><input type=\"checkbox\" id=\"wpforms-370727-field_4_5\" name=\"wpforms[fields][4][]\" value=\"Directivo\"  ><label class=\"wpforms-field-label-inline\" for=\"wpforms-370727-field_4_5\">Directivo<\/label><\/li><li class=\"choice-6 depth-1\"><input type=\"checkbox\" id=\"wpforms-370727-field_4_6\" name=\"wpforms[fields][4][]\" value=\"Voluntario\"  ><label class=\"wpforms-field-label-inline\" for=\"wpforms-370727-field_4_6\">Voluntario<\/label><\/li><li class=\"choice-7 depth-1\"><input type=\"checkbox\" id=\"wpforms-370727-field_4_7\" name=\"wpforms[fields][4][]\" value=\"Otros\"  ><label class=\"wpforms-field-label-inline\" for=\"wpforms-370727-field_4_7\">Otros<\/label><\/li><\/ul><\/div><div id=\"wpforms-370727-field_5-container\" class=\"wpforms-field wpforms-field-date-time\" data-field-id=\"5\"><label class=\"wpforms-field-label\">\u00bfTiene conocimiento de la fecha del incidente?<\/label><div class=\"wpforms-field-row wpforms-field-medium\"><div class=\"wpforms-field-row-block wpforms-date-type-datepicker\"><div class=\"wpforms-datepicker-wrap\"><input type=\"text\" id=\"wpforms-370727-field_5\" class=\"wpforms-field-date-time-date wpforms-datepicker\" data-date-format=\"d\/m\/Y\" data-disable-past-dates=\"0\" data-input=\"true\" name=\"wpforms[fields][5][date]\" ><a title=\"Borrar fecha\" data-clear role=\"button\" tabindex=\"0\" class=\"wpforms-datepicker-clear\" aria-label=\"Borrar fecha\" style=\"display:none;\"><\/a><\/div><label for=\"wpforms-370727-field_5\" class=\"wpforms-field-sublabel after\">Fecha<\/label><\/div><div class=\"wpforms-field-row-block\"><input type=\"text\" id=\"wpforms-370727-field_5-time\" class=\"wpforms-field-date-time-time wpforms-timepicker\" data-time-format=\"g:i A\" data-step=\"30\" data-rule-time12h=\"true\" name=\"wpforms[fields][5][time]\" ><label for=\"wpforms-370727-field_5-time\" class=\"wpforms-field-sublabel after\">Hora<\/label><\/div><\/div><\/div><div id=\"wpforms-370727-field_6-container\" class=\"wpforms-field wpforms-field-textarea\" data-field-id=\"6\"><label class=\"wpforms-field-label\" for=\"wpforms-370727-field_6\">Comentarios <span class=\"wpforms-required-label\">*<\/span><\/label><textarea id=\"wpforms-370727-field_6\" class=\"wpforms-field-medium wpforms-field-required\" name=\"wpforms[fields][6]\" required><\/textarea><\/div><div id=\"wpforms-370727-field_7-container\" class=\"wpforms-field wpforms-field-checkbox wpforms-conditional-trigger\" data-field-id=\"7\"><label class=\"wpforms-field-label wpforms-label-hide\">Permanecer an\u00f3nimo<\/label><ul id=\"wpforms-370727-field_7\"><li class=\"choice-1 depth-1 wpforms-selected\"><input type=\"checkbox\" id=\"wpforms-370727-field_7_1\" name=\"wpforms[fields][7][]\" value=\"Deseo permanecer an\u00f3nimo\"   checked='checked'><label class=\"wpforms-field-label-inline\" for=\"wpforms-370727-field_7_1\">Deseo permanecer an\u00f3nimo<\/label><\/li><\/ul><\/div><div id=\"wpforms-370727-field_8-container\" class=\"wpforms-field wpforms-field-name wpforms-conditional-field wpforms-conditional-hide\" data-field-id=\"8\"><label class=\"wpforms-field-label\" for=\"wpforms-370727-field_8\">Nombre<\/label><input type=\"text\" id=\"wpforms-370727-field_8\" class=\"wpforms-field-medium\" name=\"wpforms[fields][8]\" ><\/div><div id=\"wpforms-370727-field_9-container\" class=\"wpforms-field wpforms-field-phone wpforms-conditional-field wpforms-conditional-hide\" data-field-id=\"9\"><label class=\"wpforms-field-label\" for=\"wpforms-370727-field_9\">Tel\u00e9fono<\/label><input type=\"tel\" id=\"wpforms-370727-field_9\" class=\"wpforms-field-medium\" data-rule-int-phone-field=\"true\" name=\"wpforms[fields][9]\" aria-label=\"Tel\u00e9fono\" ><\/div><div id=\"wpforms-370727-field_10-container\" class=\"wpforms-field wpforms-field-email wpforms-conditional-field wpforms-conditional-hide\" data-field-id=\"10\"><label class=\"wpforms-field-label\" for=\"wpforms-370727-field_10\">Email<\/label><input type=\"email\" id=\"wpforms-370727-field_10\" class=\"wpforms-field-medium\" name=\"wpforms[fields][10]\" spellcheck=\"false\" ><\/div><div id=\"wpforms-370727-field_11-container\" class=\"wpforms-field wpforms-field-gdpr-checkbox\" data-field-id=\"11\"><label class=\"wpforms-field-label wpforms-label-hide\">GDPR Agreement <span class=\"wpforms-required-label\">*<\/span><\/label><ul id=\"wpforms-370727-field_11\" class=\"wpforms-field-required\"><li class=\"choice-1\"><input type=\"checkbox\" id=\"wpforms-370727-field_11_1\" name=\"wpforms[fields][11][]\" value=\"He le\u00eddo y entendido la Pol\u00edtica de Privacidad y acepto los t\u00e9rminos y condiciones\" required ><label class=\"wpforms-field-label-inline\" for=\"wpforms-370727-field_11_1\">He le\u00eddo y entendido la Pol\u00edtica de Privacidad y acepto los t\u00e9rminos y condiciones <span class=\"wpforms-required-label\">*<\/span><\/label><\/li><\/ul><\/div><\/div><!-- .wpforms-field-container --><div class=\"wpforms-submit-container\" ><input type=\"hidden\" name=\"wpforms[id]\" value=\"370727\"><input type=\"hidden\" name=\"page_title\" value=\"\"><input type=\"hidden\" name=\"page_url\" value=\"https:\/\/cnsfg.cat\/es\/wp-json\/wp\/v2\/pages\/354985\"><input type=\"hidden\" name=\"url_referer\" value=\"\"><button type=\"submit\" name=\"wpforms[submit]\" id=\"wpforms-submit-370727\" class=\"wpforms-submit\" data-alt-text=\"Enviant...\" data-submit-text=\"Enviar\" aria-live=\"assertive\" value=\"wpforms-submit\">Enviar<\/button><img loading=\"lazy\" decoding=\"async\" src=\"https:\/\/cnsfg.cat\/wp-content\/plugins\/wpforms\/assets\/images\/submit-spin.svg\" class=\"wpforms-submit-spinner\" style=\"display: none;\" width=\"26\" height=\"26\" alt=\"Cargando\"><\/div><\/form><\/div>  <!-- .wpforms-container -->[\/et_pb_code][et_pb_code _builder_version=\u00bb4.17.3&#8243; _module_preset=\u00bbdefault\u00bb global_colors_info=\u00bb{}\u00bb]<script><!-- [et_pb_line_break_holder] --><!-- [et_pb_line_break_holder] -->jQuery(\".btn-form-canal-etic\").click(function(ev){<!-- [et_pb_line_break_holder] -->    ev.preventDefault();<!-- [et_pb_line_break_holder] -->    jQuery(\".s-form-canal-etic\").fadeIn(200);<!-- [et_pb_line_break_holder] -->    <!-- [et_pb_line_break_holder] -->    window.scroll({<!-- [et_pb_line_break_holder] -->      top: jQuery(\".s-form-canal-etic\").offset().top-200, <!-- [et_pb_line_break_holder] -->      left: 0, <!-- [et_pb_line_break_holder] -->      behavior: 'smooth'<!-- [et_pb_line_break_holder] -->    });<!-- [et_pb_line_break_holder] -->})<!-- [et_pb_line_break_holder] --><\/script>[\/et_pb_code][\/et_pb_column][\/et_pb_row][\/et_pb_section]<\/p>\n","protected":false},"excerpt":{"rendered":"<p>Canal \u00e9tico El Club N\u00e1utico Sant Feliu de Gu\u00edxols act\u00faa seg\u00fan los est\u00e1ndares m\u00e1s altos de compromiso de actuaci\u00f3n \u00e9tica y responsable. Asimismo, manifestamos nuestro m\u00e1s firme rechazo a hechos [&hellip;]<\/p>\n","protected":false},"author":13,"featured_media":0,"parent":349697,"menu_order":0,"comment_status":"closed","ping_status":"closed","template":"","meta":{"_et_pb_use_builder":"on","_et_pb_old_content":"","_et_gb_content_width":"","footnotes":""},"difl_page_category":[],"class_list":["post-354985","page","type-page","status-publish","hentry"],"yoast_head":"<!-- This site is optimized with the Yoast SEO plugin v27.5 - https:\/\/yoast.com\/product\/yoast-seo-wordpress\/ -->\n<title>Canal \u00e9tico - Club N\u00e0utic Sant Feliu de Guixols<\/title>\n<meta name=\"description\" content=\"El Club N\u00e1utico Sant Feliu de Gu\u00edxols act\u00faa seg\u00fan los est\u00e1ndares m\u00e1s altos de compromiso de actuaci\u00f3n \u00e9tica y responsable.\" \/>\n<meta name=\"robots\" content=\"index, follow, max-snippet:-1, max-image-preview:large, max-video-preview:-1\" \/>\n<link rel=\"canonical\" href=\"https:\/\/cnsfg.cat\/es\/el-club\/canal-etico\/\" \/>\n<meta property=\"og:locale\" content=\"es_ES\" \/>\n<meta property=\"og:type\" content=\"article\" \/>\n<meta property=\"og:title\" content=\"Canal \u00e9tico - Club N\u00e0utic Sant Feliu de Guixols\" \/>\n<meta property=\"og:description\" content=\"El Club N\u00e1utico Sant Feliu de Gu\u00edxols act\u00faa seg\u00fan los est\u00e1ndares m\u00e1s altos de compromiso de actuaci\u00f3n \u00e9tica y responsable.\" \/>\n<meta property=\"og:url\" content=\"https:\/\/cnsfg.cat\/es\/el-club\/canal-etico\/\" \/>\n<meta property=\"og:site_name\" content=\"Club N\u00e0utic Sant Feliu de Guixols\" \/>\n<meta property=\"article:publisher\" content=\"https:\/\/www.facebook.com\/Club-N%c3%a0utic-Sant-Feliu-525823567569507\/\" \/>\n<meta property=\"article:modified_time\" content=\"2022-08-17T01:56:40+00:00\" \/>\n<meta name=\"twitter:card\" content=\"summary_large_image\" \/>\n<meta name=\"twitter:site\" content=\"@NauticSantFeliu\" \/>\n<script type=\"application\/ld+json\" class=\"yoast-schema-graph\">{\"@context\":\"https:\\\/\\\/schema.org\",\"@graph\":[{\"@type\":\"WebPage\",\"@id\":\"https:\\\/\\\/cnsfg.cat\\\/es\\\/el-club\\\/canal-etico\\\/\",\"url\":\"https:\\\/\\\/cnsfg.cat\\\/es\\\/el-club\\\/canal-etico\\\/\",\"name\":\"Canal \u00e9tico - Club N\u00e0utic Sant Feliu de Guixols\",\"isPartOf\":{\"@id\":\"https:\\\/\\\/cnsfg.cat\\\/es\\\/#website\"},\"datePublished\":\"2022-05-05T08:14:57+00:00\",\"dateModified\":\"2022-08-17T01:56:40+00:00\",\"description\":\"El Club N\u00e1utico Sant Feliu de Gu\u00edxols act\u00faa seg\u00fan los est\u00e1ndares m\u00e1s altos de compromiso de actuaci\u00f3n \u00e9tica y responsable.\",\"breadcrumb\":{\"@id\":\"https:\\\/\\\/cnsfg.cat\\\/es\\\/el-club\\\/canal-etico\\\/#breadcrumb\"},\"inLanguage\":\"es\",\"potentialAction\":[{\"@type\":\"ReadAction\",\"target\":[\"https:\\\/\\\/cnsfg.cat\\\/es\\\/el-club\\\/canal-etico\\\/\"]}]},{\"@type\":\"BreadcrumbList\",\"@id\":\"https:\\\/\\\/cnsfg.cat\\\/es\\\/el-club\\\/canal-etico\\\/#breadcrumb\",\"itemListElement\":[{\"@type\":\"ListItem\",\"position\":1,\"name\":\"Portada\",\"item\":\"https:\\\/\\\/cnsfg.cat\\\/es\\\/\"},{\"@type\":\"ListItem\",\"position\":2,\"name\":\"El club\",\"item\":\"https:\\\/\\\/cnsfg.cat\\\/es\\\/el-club\\\/\"},{\"@type\":\"ListItem\",\"position\":3,\"name\":\"Canal \u00e9tico\"}]},{\"@type\":\"WebSite\",\"@id\":\"https:\\\/\\\/cnsfg.cat\\\/es\\\/#website\",\"url\":\"https:\\\/\\\/cnsfg.cat\\\/es\\\/\",\"name\":\"Club N\u00e0utic Sant Feliu de Guixols\",\"description\":\"Club N\u00e0utic Sant Feliu de Guixols\",\"publisher\":{\"@id\":\"https:\\\/\\\/cnsfg.cat\\\/es\\\/#organization\"},\"potentialAction\":[{\"@type\":\"SearchAction\",\"target\":{\"@type\":\"EntryPoint\",\"urlTemplate\":\"https:\\\/\\\/cnsfg.cat\\\/es\\\/?s={search_term_string}\"},\"query-input\":{\"@type\":\"PropertyValueSpecification\",\"valueRequired\":true,\"valueName\":\"search_term_string\"}}],\"inLanguage\":\"es\"},{\"@type\":\"Organization\",\"@id\":\"https:\\\/\\\/cnsfg.cat\\\/es\\\/#organization\",\"name\":\"Club Na\u00f9tic Sant Feliu de Guixols\",\"url\":\"https:\\\/\\\/cnsfg.cat\\\/es\\\/\",\"logo\":{\"@type\":\"ImageObject\",\"inLanguage\":\"es\",\"@id\":\"https:\\\/\\\/cnsfg.cat\\\/es\\\/#\\\/schema\\\/logo\\\/image\\\/\",\"url\":\"https:\\\/\\\/cnsfg.cat\\\/wp-content\\\/uploads\\\/2020\\\/03\\\/LOGO_CNSFG_180.png\",\"contentUrl\":\"https:\\\/\\\/cnsfg.cat\\\/wp-content\\\/uploads\\\/2020\\\/03\\\/LOGO_CNSFG_180.png\",\"width\":180,\"height\":71,\"caption\":\"Club Na\u00f9tic Sant Feliu de Guixols\"},\"image\":{\"@id\":\"https:\\\/\\\/cnsfg.cat\\\/es\\\/#\\\/schema\\\/logo\\\/image\\\/\"},\"sameAs\":[\"https:\\\/\\\/www.facebook.com\\\/Club-N\u00e0utic-Sant-Feliu-525823567569507\\\/\",\"https:\\\/\\\/x.com\\\/NauticSantFeliu\"]}]}<\/script>\n<!-- \/ Yoast SEO plugin. -->","yoast_head_json":{"title":"Canal \u00e9tico - Club N\u00e0utic Sant Feliu de Guixols","description":"El Club N\u00e1utico Sant Feliu de Gu\u00edxols act\u00faa seg\u00fan los est\u00e1ndares m\u00e1s altos de compromiso de actuaci\u00f3n \u00e9tica y responsable.","robots":{"index":"index","follow":"follow","max-snippet":"max-snippet:-1","max-image-preview":"max-image-preview:large","max-video-preview":"max-video-preview:-1"},"canonical":"https:\/\/cnsfg.cat\/es\/el-club\/canal-etico\/","og_locale":"es_ES","og_type":"article","og_title":"Canal \u00e9tico - Club N\u00e0utic Sant Feliu de Guixols","og_description":"El Club N\u00e1utico Sant Feliu de Gu\u00edxols act\u00faa seg\u00fan los est\u00e1ndares m\u00e1s altos de compromiso de actuaci\u00f3n \u00e9tica y responsable.","og_url":"https:\/\/cnsfg.cat\/es\/el-club\/canal-etico\/","og_site_name":"Club N\u00e0utic Sant Feliu de Guixols","article_publisher":"https:\/\/www.facebook.com\/Club-N%c3%a0utic-Sant-Feliu-525823567569507\/","article_modified_time":"2022-08-17T01:56:40+00:00","twitter_card":"summary_large_image","twitter_site":"@NauticSantFeliu","schema":{"@context":"https:\/\/schema.org","@graph":[{"@type":"WebPage","@id":"https:\/\/cnsfg.cat\/es\/el-club\/canal-etico\/","url":"https:\/\/cnsfg.cat\/es\/el-club\/canal-etico\/","name":"Canal \u00e9tico - Club N\u00e0utic Sant Feliu de Guixols","isPartOf":{"@id":"https:\/\/cnsfg.cat\/es\/#website"},"datePublished":"2022-05-05T08:14:57+00:00","dateModified":"2022-08-17T01:56:40+00:00","description":"El Club N\u00e1utico Sant Feliu de Gu\u00edxols act\u00faa seg\u00fan los est\u00e1ndares m\u00e1s altos de compromiso de actuaci\u00f3n \u00e9tica y responsable.","breadcrumb":{"@id":"https:\/\/cnsfg.cat\/es\/el-club\/canal-etico\/#breadcrumb"},"inLanguage":"es","potentialAction":[{"@type":"ReadAction","target":["https:\/\/cnsfg.cat\/es\/el-club\/canal-etico\/"]}]},{"@type":"BreadcrumbList","@id":"https:\/\/cnsfg.cat\/es\/el-club\/canal-etico\/#breadcrumb","itemListElement":[{"@type":"ListItem","position":1,"name":"Portada","item":"https:\/\/cnsfg.cat\/es\/"},{"@type":"ListItem","position":2,"name":"El club","item":"https:\/\/cnsfg.cat\/es\/el-club\/"},{"@type":"ListItem","position":3,"name":"Canal \u00e9tico"}]},{"@type":"WebSite","@id":"https:\/\/cnsfg.cat\/es\/#website","url":"https:\/\/cnsfg.cat\/es\/","name":"Club N\u00e0utic Sant Feliu de Guixols","description":"Club N\u00e0utic Sant Feliu de Guixols","publisher":{"@id":"https:\/\/cnsfg.cat\/es\/#organization"},"potentialAction":[{"@type":"SearchAction","target":{"@type":"EntryPoint","urlTemplate":"https:\/\/cnsfg.cat\/es\/?s={search_term_string}"},"query-input":{"@type":"PropertyValueSpecification","valueRequired":true,"valueName":"search_term_string"}}],"inLanguage":"es"},{"@type":"Organization","@id":"https:\/\/cnsfg.cat\/es\/#organization","name":"Club Na\u00f9tic Sant Feliu de Guixols","url":"https:\/\/cnsfg.cat\/es\/","logo":{"@type":"ImageObject","inLanguage":"es","@id":"https:\/\/cnsfg.cat\/es\/#\/schema\/logo\/image\/","url":"https:\/\/cnsfg.cat\/wp-content\/uploads\/2020\/03\/LOGO_CNSFG_180.png","contentUrl":"https:\/\/cnsfg.cat\/wp-content\/uploads\/2020\/03\/LOGO_CNSFG_180.png","width":180,"height":71,"caption":"Club Na\u00f9tic Sant Feliu de Guixols"},"image":{"@id":"https:\/\/cnsfg.cat\/es\/#\/schema\/logo\/image\/"},"sameAs":["https:\/\/www.facebook.com\/Club-N\u00e0utic-Sant-Feliu-525823567569507\/","https:\/\/x.com\/NauticSantFeliu"]}]}},"_links":{"self":[{"href":"https:\/\/cnsfg.cat\/es\/wp-json\/wp\/v2\/pages\/354985","targetHints":{"allow":["GET"]}}],"collection":[{"href":"https:\/\/cnsfg.cat\/es\/wp-json\/wp\/v2\/pages"}],"about":[{"href":"https:\/\/cnsfg.cat\/es\/wp-json\/wp\/v2\/types\/page"}],"author":[{"embeddable":true,"href":"https:\/\/cnsfg.cat\/es\/wp-json\/wp\/v2\/users\/13"}],"replies":[{"embeddable":true,"href":"https:\/\/cnsfg.cat\/es\/wp-json\/wp\/v2\/comments?post=354985"}],"version-history":[{"count":0,"href":"https:\/\/cnsfg.cat\/es\/wp-json\/wp\/v2\/pages\/354985\/revisions"}],"up":[{"embeddable":true,"href":"https:\/\/cnsfg.cat\/es\/wp-json\/wp\/v2\/pages\/349697"}],"wp:attachment":[{"href":"https:\/\/cnsfg.cat\/es\/wp-json\/wp\/v2\/media?parent=354985"}],"wp:term":[{"taxonomy":"difl_page_category","embeddable":true,"href":"https:\/\/cnsfg.cat\/es\/wp-json\/wp\/v2\/difl_page_category?post=354985"}],"curies":[{"name":"wp","href":"https:\/\/api.w.org\/{rel}","templated":true}]}}