{"id":355680,"date":"2022-05-09T08:23:09","date_gmt":"2022-05-09T06:23:09","guid":{"rendered":"https:\/\/cnsfg.cat\/socios-t\/tarifes\/"},"modified":"2025-01-23T16:32:44","modified_gmt":"2025-01-23T15:32:44","slug":"tarifas","status":"publish","type":"page","link":"https:\/\/cnsfg.cat\/es\/socios\/tarifas\/","title":{"rendered":"Tarifas"},"content":{"rendered":"<p>[et_pb_section fb_built=\u00bb1&#8243; admin_label=\u00bbMenu &#8211; tabs\u00bb _builder_version=\u00bb4.17.3&#8243; _module_preset=\u00bbdefault\u00bb width=\u00bb100%\u00bb max_width=\u00bb100%\u00bb custom_margin=\u00bb0px||0px||false|false\u00bb custom_padding=\u00bb0px||0px||false|false\u00bb locked=\u00bboff\u00bb global_colors_info=\u00bb{}\u00bb][et_pb_row _builder_version=\u00bb4.17.3&#8243; _module_preset=\u00bbdefault\u00bb width=\u00bb85%\u00bb max_width=\u00bb100%\u00bb custom_margin=\u00bb0px||0px||false|false\u00bb custom_padding=\u00bb0px||0px||false|false\u00bb global_colors_info=\u00bb{}\u00bb][et_pb_column type=\u00bb4_4&#8243; _builder_version=\u00bb4.17.3&#8243; _module_preset=\u00bbdefault\u00bb global_colors_info=\u00bb{}\u00bb][et_pb_code admin_label=\u00bbShortcode menu\u00bb _builder_version=\u00bb4.17.3&#8243; _module_preset=\u00bbdefault\u00bb global_colors_info=\u00bb{}\u00bb]<div class='menu-tab-socis'><div class='tab-item tab-item-documentacio'><a href='https:\/\/cnsfg.cat\/socis\/documentacio\/'><img src='https:\/\/cnsfg.cat\/wp-content\/uploads\/2021\/08\/user.png' alt='documentacio'>Documentaci\u00f3n<\/a><\/div><div class='tab-item tab-item-formularis'><a href='https:\/\/cnsfg.cat\/socis\/formularis\/'><img src='https:\/\/cnsfg.cat\/wp-content\/uploads\/2021\/04\/documentacio-1.png' alt='formularis'>Formularios<\/a><\/div><div class='tab-item tab-item-tarifes selected'><a href='https:\/\/cnsfg.cat\/socis\/tarifes\/'><img src='https:\/\/cnsfg.cat\/wp-content\/uploads\/2021\/04\/003-contrato.png' alt='tarifes'>Tarifas<\/a><\/div><div class='tab-item tab-item-ofertes-especials'><a href='https:\/\/cnsfg.cat\/socis\/ofertes-especials\/'><img src='https:\/\/cnsfg.cat\/wp-content\/uploads\/2021\/08\/bolsa-de-la-compra.png' alt='ofertes-especials'>Ofertas especiales<\/a><\/div><div class='tab-item tab-item-tauler-anuncis'><a href='https:\/\/cnsfg.cat\/socis\/tauler-anuncis\/'><img src='https:\/\/cnsfg.cat\/wp-content\/uploads\/2021\/08\/etiqueta-de-precio.png' alt='tauler-anuncis'>Tabl\u00f3n de anuncios<\/a><\/div><div class='tab-item tab-item-renovacio-concessio'><a href='https:\/\/cnsfg.cat\/es\/socios\/tarifas\/'><img src='https:\/\/cnsfg.cat\/wp-content\/uploads\/2021\/08\/yacht.png' alt='renovacio-concessio'>Renovaci\u00f3n de Concesi\u00f3n<\/a><\/div><div class='tab-item tab-item-dades-soci'><a href='https:\/\/cnsfg.cat\/socis\/dades-soci\/'><img src='https:\/\/cnsfg.cat\/wp-content\/uploads\/2021\/04\/002-mano.png' alt='dades-soci'>Datos de los miembros<\/a><\/div><\/div>[\/et_pb_code][\/et_pb_column][\/et_pb_row][\/et_pb_section][et_pb_section fb_built=\u00bb1&#8243; admin_label=\u00bbContent tab\u00bb _builder_version=\u00bb4.17.3&#8243; width=\u00bb100%\u00bb max_width=\u00bb100%\u00bb custom_padding=\u00bb0px||||false|false\u00bb locked=\u00bboff\u00bb global_colors_info=\u00bb{}\u00bb][et_pb_row _builder_version=\u00bb4.17.3&#8243; background_color=\u00bb#e0e0e0&#8243; background_size=\u00bbinitial\u00bb background_position=\u00bbtop_left\u00bb background_repeat=\u00bbrepeat\u00bb width=\u00bb85%\u00bb max_width=\u00bb100%\u00bb custom_padding=\u00bb23px|30px|23px|30px|true|true\u00bb global_colors_info=\u00bb{}\u00bb][et_pb_column type=\u00bb4_4&#8243; _builder_version=\u00bb4.16&#8243; custom_padding=\u00bb|||\u00bb global_colors_info=\u00bb{}\u00bb custom_padding__hover=\u00bb|||\u00bb][et_pb_text admin_label=\u00bbTitol Tarifes\u00bb _builder_version=\u00bb4.17.3&#8243; _module_preset=\u00bbdefault\u00bb custom_margin=\u00bb27px|||||\u00bb global_colors_info=\u00bb{}\u00bb]<\/p>\n<h2 style=\"text-align: center;\">\n            <strong>Tarifas: Servicios de gr\u00faa, escar, mariner\u00eda, pintura, calendario de pagos, cuotas de mantenimiento, &#8230;<\/strong><br \/>\n          <\/h2>\n<p>[\/et_pb_text][et_pb_text admin_label=\u00bbT\u00edtol &#8211; Documentaci\u00f3 del club\u00bb _builder_version=\u00bb4.17.4&#8243; _module_preset=\u00bbdefault\u00bb custom_margin=\u00bb||0px||false|false\u00bb locked=\u00bboff\u00bb global_colors_info=\u00bb{}\u00bb]<\/p>\n<h3 style=\"text-align: left;\">Tarifas<\/h3>\n<p>[\/et_pb_text][\/et_pb_column][\/et_pb_row][et_pb_row column_structure=\u00bb1_2,1_2&#8243; use_custom_gutter=\u00bbon\u00bb gutter_width=\u00bb2&#8243; _builder_version=\u00bb4.17.4&#8243; _module_preset=\u00bbdefault\u00bb background_color=\u00bb#e0e0e0&#8243; background_size=\u00bbinitial\u00bb background_position=\u00bbtop_left\u00bb background_repeat=\u00bbrepeat\u00bb width=\u00bb85%\u00bb max_width=\u00bb100%\u00bb custom_padding=\u00bb0px|30px|26px|30px|false|true\u00bb locked=\u00bboff\u00bb global_colors_info=\u00bb{}\u00bb][et_pb_column type=\u00bb1_2&#8243; _builder_version=\u00bb4.17.4&#8243; _module_preset=\u00bbdefault\u00bb global_colors_info=\u00bb{}\u00bb][et_pb_blurb title=\u00bbTarifas servicio mariner\u00eda socios\u00bb image=\u00bbhttps:\/\/cnsfg.cat\/wp-content\/uploads\/2022\/06\/pdf_icon.png\u00bb icon_placement=\u00bbleft\u00bb disabled_on=\u00bboff|off|off\u00bb module_class=\u00bbblurb-descarrega\u00bb _builder_version=\u00bb4.27.4&#8243; _module_preset=\u00bbdefault\u00bb global_colors_info=\u00bb{}\u00bb]<\/p>\n<div class=\"document-desc\">\n            <span>Los socios activos del club n\u00e1utico con derecho de uso disfrutan de un descuento del 25% en los servicios de mariner\u00eda por los trabajos realizados en la embarcaci\u00f3n que utiliza el derecho de uso de amarre de socio<\/span>\n          <\/div>\n<p>\n            <a href=\"https:\/\/cnsfg.cat\/wp-content\/uploads\/2025\/01\/SERVEIS-SOCIS-2025.pdf\" class=\"download-btn\" target=\"_blank\" rel=\"noopener\">Descarga tarifas servicios socios<\/a>\n          <\/p>\n<p>\n            <a href=\"https:\/\/cnsfg.cat\/wp-content\/uploads\/2025\/01\/SERVEIS-SOCIS-ALTRES-2025.pdf\" class=\"download-btn\" target=\"_blank\" rel=\"noopener\">Descarga tarifas otros servicios<\/a>\n          <\/p>\n<p>[\/et_pb_blurb][\/et_pb_column][et_pb_column type=\u00bb1_2&#8243; _builder_version=\u00bb4.17.4&#8243; _module_preset=\u00bbdefault\u00bb global_colors_info=\u00bb{}\u00bb][et_pb_blurb title=\u00bbCalendario de facturaci\u00f3n\u00bb image=\u00bbhttps:\/\/cnsfg.cat\/wp-content\/uploads\/2022\/06\/pdf_icon.png\u00bb icon_placement=\u00bbleft\u00bb admin_label=\u00bbCalendari facturaci\u00f3\u00bb module_class=\u00bbblurb-descarrega\u00bb _builder_version=\u00bb4.18.0&#8243; _module_preset=\u00bbdefault\u00bb global_colors_info=\u00bb{}\u00bb]<\/p>\n<div class=\"document-desc\">\n<p>En este enlace ten\u00e9is informaci\u00f3n de las fechas de facturaci\u00f3n de las cuotas del club n\u00e1utico.<\/p>\n<\/p><\/div>\n<p>\n            <a class=\"download-btn\" href=\"https:\/\/cnsfg.cat\/wp-content\/uploads\/2022\/08\/7.-CNSFG-CALENDARI-DE-FACTURACIO-2021.pdf\" target=\"_blank\" rel=\"noopener\">Descarga<\/a>\n          <\/p>\n<p>[\/et_pb_blurb][et_pb_blurb title=\u00bbCuotas de mantenimiento de amarre\u00bb image=\u00bbhttps:\/\/cnsfg.cat\/wp-content\/uploads\/2022\/06\/pdf_icon.png\u00bb icon_placement=\u00bbleft\u00bb disabled_on=\u00bboff|off|off\u00bb module_class=\u00bbblurb-descarrega\u00bb _builder_version=\u00bb4.27.4&#8243; _module_preset=\u00bbdefault\u00bb hover_enabled=\u00bb0&#8243; global_colors_info=\u00bb{}\u00bb sticky_enabled=\u00bb0&#8243;]<\/p>\n<div class=\"document-desc\">En este enlace encontrar\u00e9is las cuotas vigentes de mantenimiento de amarre por esloras.<\/div>\n<p>\n            <a class=\"download-btn\" href=\"https:\/\/cnsfg.cat\/wp-content\/uploads\/2025\/01\/CNSFG-quotes-de-manteniment-de-amarrador-2025.pdf\" target=\"_blank\" rel=\"noopener\">Descarga<\/a>\n          <\/p>\n<p>[\/et_pb_blurb][\/et_pb_column][\/et_pb_row][\/et_pb_section]<\/p>\n","protected":false},"excerpt":{"rendered":"<p><div class='menu-tab-socis'><div class='tab-item tab-item-documentacio'><a href='https:\/\/cnsfg.cat\/socis\/documentacio\/'><img src='https:\/\/cnsfg.cat\/wp-content\/uploads\/2021\/08\/user.png' alt='documentacio'>Documentaci\u00f3n<\/a><\/div><div class='tab-item tab-item-formularis'><a href='https:\/\/cnsfg.cat\/socis\/formularis\/'><img src='https:\/\/cnsfg.cat\/wp-content\/uploads\/2021\/04\/documentacio-1.png' alt='formularis'>Formularios<\/a><\/div><div class='tab-item tab-item-tarifes selected'><a href='https:\/\/cnsfg.cat\/socis\/tarifes\/'><img src='https:\/\/cnsfg.cat\/wp-content\/uploads\/2021\/04\/003-contrato.png' alt='tarifes'>Tarifas<\/a><\/div><div class='tab-item tab-item-ofertes-especials'><a href='https:\/\/cnsfg.cat\/socis\/ofertes-especials\/'><img src='https:\/\/cnsfg.cat\/wp-content\/uploads\/2021\/08\/bolsa-de-la-compra.png' alt='ofertes-especials'>Ofertas especiales<\/a><\/div><div class='tab-item tab-item-tauler-anuncis'><a href='https:\/\/cnsfg.cat\/socis\/tauler-anuncis\/'><img src='https:\/\/cnsfg.cat\/wp-content\/uploads\/2021\/08\/etiqueta-de-precio.png' alt='tauler-anuncis'>Tabl\u00f3n de anuncios<\/a><\/div><div class='tab-item tab-item-renovacio-concessio'><a href='https:\/\/cnsfg.cat\/es\/et_pb_layout\/calendari-noticies-galeria\/'><img src='https:\/\/cnsfg.cat\/wp-content\/uploads\/2021\/08\/yacht.png' alt='renovacio-concessio'>Renovaci\u00f3n de Concesi\u00f3n<\/a><\/div><div class='tab-item tab-item-dades-soci'><a href='https:\/\/cnsfg.cat\/socis\/dades-soci\/'><img src='https:\/\/cnsfg.cat\/wp-content\/uploads\/2021\/04\/002-mano.png' alt='dades-soci'>Datos de los miembros<\/a><\/div><\/div> Tarifas: Servicios de gr\u00faa, escar, mariner\u00eda, pintura, calendario de pagos, cuotas de mantenimiento, &#8230; Tarifas Los socios activos del club n\u00e1utico con derecho de uso disfrutan de un [&hellip;]<\/p>\n","protected":false},"author":13,"featured_media":0,"parent":355515,"menu_order":0,"comment_status":"closed","ping_status":"closed","template":"","meta":{"_et_pb_use_builder":"on","_et_pb_old_content":"","_et_gb_content_width":"","footnotes":""},"difl_page_category":[],"class_list":["post-355680","page","type-page","status-publish","hentry"],"yoast_head":"<!-- This site is optimized with the Yoast SEO plugin v27.4 - https:\/\/yoast.com\/product\/yoast-seo-wordpress\/ -->\n<title>Tarifas - Club N\u00e0utic Sant Feliu de Guixols<\/title>\n<meta name=\"robots\" content=\"index, follow, max-snippet:-1, max-image-preview:large, max-video-preview:-1\" \/>\n<link rel=\"canonical\" href=\"https:\/\/cnsfg.cat\/es\/socios\/tarifas\/\" \/>\n<meta property=\"og:locale\" content=\"es_ES\" \/>\n<meta property=\"og:type\" content=\"article\" \/>\n<meta property=\"og:title\" content=\"Tarifas - Club N\u00e0utic Sant Feliu de Guixols\" \/>\n<meta property=\"og:url\" content=\"https:\/\/cnsfg.cat\/es\/socios\/tarifas\/\" \/>\n<meta property=\"og:site_name\" content=\"Club N\u00e0utic Sant Feliu de Guixols\" \/>\n<meta property=\"article:publisher\" content=\"https:\/\/www.facebook.com\/Club-N%c3%a0utic-Sant-Feliu-525823567569507\/\" \/>\n<meta property=\"article:modified_time\" content=\"2025-01-23T15:32:44+00:00\" \/>\n<meta name=\"twitter:card\" content=\"summary_large_image\" \/>\n<meta name=\"twitter:site\" content=\"@NauticSantFeliu\" \/>\n<script type=\"application\/ld+json\" class=\"yoast-schema-graph\">{\"@context\":\"https:\\\/\\\/schema.org\",\"@graph\":[{\"@type\":\"WebPage\",\"@id\":\"https:\\\/\\\/cnsfg.cat\\\/es\\\/socios\\\/tarifas\\\/\",\"url\":\"https:\\\/\\\/cnsfg.cat\\\/es\\\/socios\\\/tarifas\\\/\",\"name\":\"Tarifas - Club N\u00e0utic Sant Feliu de Guixols\",\"isPartOf\":{\"@id\":\"https:\\\/\\\/cnsfg.cat\\\/es\\\/#website\"},\"datePublished\":\"2022-05-09T06:23:09+00:00\",\"dateModified\":\"2025-01-23T15:32:44+00:00\",\"breadcrumb\":{\"@id\":\"https:\\\/\\\/cnsfg.cat\\\/es\\\/socios\\\/tarifas\\\/#breadcrumb\"},\"inLanguage\":\"es\",\"potentialAction\":[{\"@type\":\"ReadAction\",\"target\":[\"https:\\\/\\\/cnsfg.cat\\\/es\\\/socios\\\/tarifas\\\/\"]}]},{\"@type\":\"BreadcrumbList\",\"@id\":\"https:\\\/\\\/cnsfg.cat\\\/es\\\/socios\\\/tarifas\\\/#breadcrumb\",\"itemListElement\":[{\"@type\":\"ListItem\",\"position\":1,\"name\":\"Portada\",\"item\":\"https:\\\/\\\/cnsfg.cat\\\/es\\\/\"},{\"@type\":\"ListItem\",\"position\":2,\"name\":\"\u00c1rea privada de socios\",\"item\":\"https:\\\/\\\/cnsfg.cat\\\/es\\\/socios\\\/\"},{\"@type\":\"ListItem\",\"position\":3,\"name\":\"Tarifas\"}]},{\"@type\":\"WebSite\",\"@id\":\"https:\\\/\\\/cnsfg.cat\\\/es\\\/#website\",\"url\":\"https:\\\/\\\/cnsfg.cat\\\/es\\\/\",\"name\":\"Club N\u00e0utic Sant Feliu de Guixols\",\"description\":\"Club N\u00e0utic Sant Feliu de Guixols\",\"publisher\":{\"@id\":\"https:\\\/\\\/cnsfg.cat\\\/es\\\/#organization\"},\"potentialAction\":[{\"@type\":\"SearchAction\",\"target\":{\"@type\":\"EntryPoint\",\"urlTemplate\":\"https:\\\/\\\/cnsfg.cat\\\/es\\\/?s={search_term_string}\"},\"query-input\":{\"@type\":\"PropertyValueSpecification\",\"valueRequired\":true,\"valueName\":\"search_term_string\"}}],\"inLanguage\":\"es\"},{\"@type\":\"Organization\",\"@id\":\"https:\\\/\\\/cnsfg.cat\\\/es\\\/#organization\",\"name\":\"Club Na\u00f9tic Sant Feliu de Guixols\",\"url\":\"https:\\\/\\\/cnsfg.cat\\\/es\\\/\",\"logo\":{\"@type\":\"ImageObject\",\"inLanguage\":\"es\",\"@id\":\"https:\\\/\\\/cnsfg.cat\\\/es\\\/#\\\/schema\\\/logo\\\/image\\\/\",\"url\":\"https:\\\/\\\/cnsfg.cat\\\/wp-content\\\/uploads\\\/2020\\\/03\\\/LOGO_CNSFG_180.png\",\"contentUrl\":\"https:\\\/\\\/cnsfg.cat\\\/wp-content\\\/uploads\\\/2020\\\/03\\\/LOGO_CNSFG_180.png\",\"width\":180,\"height\":71,\"caption\":\"Club Na\u00f9tic Sant Feliu de Guixols\"},\"image\":{\"@id\":\"https:\\\/\\\/cnsfg.cat\\\/es\\\/#\\\/schema\\\/logo\\\/image\\\/\"},\"sameAs\":[\"https:\\\/\\\/www.facebook.com\\\/Club-N\u00e0utic-Sant-Feliu-525823567569507\\\/\",\"https:\\\/\\\/x.com\\\/NauticSantFeliu\"]}]}<\/script>\n<!-- \/ Yoast SEO plugin. -->","yoast_head_json":{"title":"Tarifas - Club N\u00e0utic Sant Feliu de Guixols","robots":{"index":"index","follow":"follow","max-snippet":"max-snippet:-1","max-image-preview":"max-image-preview:large","max-video-preview":"max-video-preview:-1"},"canonical":"https:\/\/cnsfg.cat\/es\/socios\/tarifas\/","og_locale":"es_ES","og_type":"article","og_title":"Tarifas - Club N\u00e0utic Sant Feliu de Guixols","og_url":"https:\/\/cnsfg.cat\/es\/socios\/tarifas\/","og_site_name":"Club N\u00e0utic Sant Feliu de Guixols","article_publisher":"https:\/\/www.facebook.com\/Club-N%c3%a0utic-Sant-Feliu-525823567569507\/","article_modified_time":"2025-01-23T15:32:44+00:00","twitter_card":"summary_large_image","twitter_site":"@NauticSantFeliu","schema":{"@context":"https:\/\/schema.org","@graph":[{"@type":"WebPage","@id":"https:\/\/cnsfg.cat\/es\/socios\/tarifas\/","url":"https:\/\/cnsfg.cat\/es\/socios\/tarifas\/","name":"Tarifas - Club N\u00e0utic Sant Feliu de Guixols","isPartOf":{"@id":"https:\/\/cnsfg.cat\/es\/#website"},"datePublished":"2022-05-09T06:23:09+00:00","dateModified":"2025-01-23T15:32:44+00:00","breadcrumb":{"@id":"https:\/\/cnsfg.cat\/es\/socios\/tarifas\/#breadcrumb"},"inLanguage":"es","potentialAction":[{"@type":"ReadAction","target":["https:\/\/cnsfg.cat\/es\/socios\/tarifas\/"]}]},{"@type":"BreadcrumbList","@id":"https:\/\/cnsfg.cat\/es\/socios\/tarifas\/#breadcrumb","itemListElement":[{"@type":"ListItem","position":1,"name":"Portada","item":"https:\/\/cnsfg.cat\/es\/"},{"@type":"ListItem","position":2,"name":"\u00c1rea privada de socios","item":"https:\/\/cnsfg.cat\/es\/socios\/"},{"@type":"ListItem","position":3,"name":"Tarifas"}]},{"@type":"WebSite","@id":"https:\/\/cnsfg.cat\/es\/#website","url":"https:\/\/cnsfg.cat\/es\/","name":"Club N\u00e0utic Sant Feliu de Guixols","description":"Club N\u00e0utic Sant Feliu de Guixols","publisher":{"@id":"https:\/\/cnsfg.cat\/es\/#organization"},"potentialAction":[{"@type":"SearchAction","target":{"@type":"EntryPoint","urlTemplate":"https:\/\/cnsfg.cat\/es\/?s={search_term_string}"},"query-input":{"@type":"PropertyValueSpecification","valueRequired":true,"valueName":"search_term_string"}}],"inLanguage":"es"},{"@type":"Organization","@id":"https:\/\/cnsfg.cat\/es\/#organization","name":"Club Na\u00f9tic Sant Feliu de Guixols","url":"https:\/\/cnsfg.cat\/es\/","logo":{"@type":"ImageObject","inLanguage":"es","@id":"https:\/\/cnsfg.cat\/es\/#\/schema\/logo\/image\/","url":"https:\/\/cnsfg.cat\/wp-content\/uploads\/2020\/03\/LOGO_CNSFG_180.png","contentUrl":"https:\/\/cnsfg.cat\/wp-content\/uploads\/2020\/03\/LOGO_CNSFG_180.png","width":180,"height":71,"caption":"Club Na\u00f9tic Sant Feliu de Guixols"},"image":{"@id":"https:\/\/cnsfg.cat\/es\/#\/schema\/logo\/image\/"},"sameAs":["https:\/\/www.facebook.com\/Club-N\u00e0utic-Sant-Feliu-525823567569507\/","https:\/\/x.com\/NauticSantFeliu"]}]}},"_links":{"self":[{"href":"https:\/\/cnsfg.cat\/es\/wp-json\/wp\/v2\/pages\/355680","targetHints":{"allow":["GET"]}}],"collection":[{"href":"https:\/\/cnsfg.cat\/es\/wp-json\/wp\/v2\/pages"}],"about":[{"href":"https:\/\/cnsfg.cat\/es\/wp-json\/wp\/v2\/types\/page"}],"author":[{"embeddable":true,"href":"https:\/\/cnsfg.cat\/es\/wp-json\/wp\/v2\/users\/13"}],"replies":[{"embeddable":true,"href":"https:\/\/cnsfg.cat\/es\/wp-json\/wp\/v2\/comments?post=355680"}],"version-history":[{"count":29,"href":"https:\/\/cnsfg.cat\/es\/wp-json\/wp\/v2\/pages\/355680\/revisions"}],"predecessor-version":[{"id":405969,"href":"https:\/\/cnsfg.cat\/es\/wp-json\/wp\/v2\/pages\/355680\/revisions\/405969"}],"up":[{"embeddable":true,"href":"https:\/\/cnsfg.cat\/es\/wp-json\/wp\/v2\/pages\/355515"}],"wp:attachment":[{"href":"https:\/\/cnsfg.cat\/es\/wp-json\/wp\/v2\/media?parent=355680"}],"wp:term":[{"taxonomy":"difl_page_category","embeddable":true,"href":"https:\/\/cnsfg.cat\/es\/wp-json\/wp\/v2\/difl_page_category?post=355680"}],"curies":[{"name":"wp","href":"https:\/\/api.w.org\/{rel}","templated":true}]}}