{"id":357654,"date":"2021-10-14T19:41:37","date_gmt":"2021-10-14T17:41:37","guid":{"rendered":"https:\/\/cnsfg.cat\/el-club\/galeria\/"},"modified":"2025-07-22T14:38:45","modified_gmt":"2025-07-22T12:38:45","slug":"galeria","status":"publish","type":"page","link":"https:\/\/cnsfg.cat\/es\/el-club\/galeria\/","title":{"rendered":"Galer\u00eda"},"content":{"rendered":"<p>[et_pb_section fb_built=\u00bb1&#8243; admin_label=\u00bbimagen\u00bb module_class=\u00bbtina_careers_header\u00bb _builder_version=\u00bb4.27.4&#8243; height_tablet=\u00bb350px\u00bb height_phone=\u00bb188px\u00bb height_last_edited=\u00bbon|phone\u00bb custom_padding=\u00bb0px||0px||false|false\u00bb locked=\u00bboff\u00bb collapsed=\u00bboff\u00bb global_colors_info=\u00bb{}\u00bb use_background_color_gradient=\u00bbon\u00bb background_last_edited=\u00bbon|desktop\u00bb background_color_gradient_stops=\u00bbrgba(255,255,255,0) 50%|#ffffff 100%\u00bb background_color_gradient_overlays_image=\u00bbon\u00bb background_image=\u00bbhttps:\/\/cnsfg.cat\/wp-content\/uploads\/2024\/08\/202408_CNS_CalaVigata_7D_0005-3000px-scaled.jpg\u00bb min_height=\u00bb450px\u00bb hover_enabled=\u00bb0&#8243; sticky_enabled=\u00bb0&#8243; title_text=\u00bb202408_CNS_CalaVigata_7D_0005-3000px\u00bb][\/et_pb_section][et_pb_section fb_built=\u00bb1&#8243; _builder_version=\u00bb4.16&#8243; _module_preset=\u00bb823a4ffd-90f5-4a00-a2e7-b31f4bace74d\u00bb custom_margin=\u00bb0px||||false|false\u00bb custom_margin_tablet=\u00bb\u00bb custom_margin_phone=\u00bb0px||0px||false|false\u00bb custom_margin_last_edited=\u00bbon|phone\u00bb locked=\u00bboff\u00bb collapsed=\u00bboff\u00bb global_colors_info=\u00bb{}\u00bb][et_pb_row _builder_version=\u00bb4.27.2&#8243; _module_preset=\u00bba5ffc339-760b-420b-ab1c-74de3f804064&#8243; global_colors_info=\u00bb{}\u00bb][et_pb_column type=\u00bb4_4&#8243; _builder_version=\u00bb4.16&#8243; _module_preset=\u00bbdefault\u00bb global_colors_info=\u00bb{}\u00bb][et_pb_text admin_label=\u00bbGaleria titulo\u00bb _builder_version=\u00bb4.27.2&#8243; _module_preset=\u00bbf1e0e75e-444a-45fd-a7a1-01dd37f8b987&#8243; custom_margin=\u00bb-25px||||false|false\u00bb global_colors_info=\u00bb{}\u00bb]<\/p>\n<h1>Galer\u00eda<\/h1>\n<p>[\/et_pb_text][\/et_pb_column][\/et_pb_row][\/et_pb_section][et_pb_section fb_built=\u00bb1&#8243; disabled_on=\u00bboff|off|off\u00bb _builder_version=\u00bb4.27.4&#8243; _module_preset=\u00bbdefault\u00bb global_colors_info=\u00bb{}\u00bb][et_pb_row _builder_version=\u00bb4.27.4&#8243; _module_preset=\u00bbdefault\u00bb global_colors_info=\u00bb{}\u00bb][et_pb_column type=\u00bb4_4&#8243; _builder_version=\u00bb4.27.4&#8243; _module_preset=\u00bbdefault\u00bb global_colors_info=\u00bb{}\u00bb][et_pb_text admin_label=\u00bbEns trassladem H2&#8243; _builder_version=\u00bb4.27.4&#8243; _module_preset=\u00bbdefault\u00bb global_colors_info=\u00bb{}\u00bb]<\/p>\n<h2>\u00a1Nos trasladamos a Flickr!<\/h2>\n<p>[\/et_pb_text][et_pb_text admin_label=\u00bbtexto\u00bb _builder_version=\u00bb4.27.4&#8243; _module_preset=\u00bbdefault\u00bb global_colors_info=\u00bb{}\u00bb]<\/p>\n<p>A partir de enero de 2025, encontrar\u00e9is todas las galer\u00edes en nuestra p\u00e1gina de Flickr.<\/p>\n<p>[\/et_pb_text][et_pb_button button_url=\u00bbhttps:\/\/www.flickr.com\/photos\/cnsfg\/albums\u00bb url_new_window=\u00bbon\u00bb button_text=\u00bbVer galer\u00eda de Flickr\u00bb _builder_version=\u00bb4.27.4&#8243; _module_preset=\u00bbdefault\u00bb global_colors_info=\u00bb{}\u00bb][\/et_pb_button][\/et_pb_column][\/et_pb_row][\/et_pb_section][et_pb_section fb_built=\u00bb1&#8243; disabled_on=\u00bbon|on|on\u00bb admin_label=\u00bbportfolio socis\u00bb _builder_version=\u00bb4.27.2&#8243; _module_preset=\u00bbdefault\u00bb display_conditions=\u00bbW3siaWQiOiJkNjQwMDIzMi00YzA1LTQxZTctOTM5Ny00MTVmNzY3ODUwNzMiLCJjb25kaXRpb24iOiJ1c2VyUm9sZSIsImNvbmRpdGlvblNldHRpbmdzIjp7ImRpc3BsYXlSdWxlIjoiaXMiLCJ1c2VyUm9sZXMiOlt7ImxhYmVsIjoiU29jaXMiLCJ2YWx1ZSI6InVtX3NvY2lzIn0seyJsYWJlbCI6IkFkbWluaXN0cmF0b3IiLCJ2YWx1ZSI6ImFkbWluaXN0cmF0b3IifV0sInVzZXJJZHMiOiJVc2VyIElEcyBzZXBhcmF0ZWQgYnkgY29tbWFzIiwiYWRtaW5MYWJlbCI6IlVzZXIgUm9sZSIsImVuYWJsZUNvbmRpdGlvbiI6Im9uIn0sIm9wZXJhdG9yIjoiT1IifV0=\u00bb custom_margin=\u00bb-250px||||false|false\u00bb custom_padding=\u00bb2px|||||\u00bb disabled=\u00bbon\u00bb locked=\u00bboff\u00bb global_colors_info=\u00bb{}\u00bb][et_pb_row use_custom_gutter=\u00bbon\u00bb gutter_width=\u00bb2&#8243; _builder_version=\u00bb4.16&#8243; _module_preset=\u00bbdefault\u00bb width=\u00bb100%\u00bb max_width=\u00bb80%\u00bb custom_margin=\u00bb||||false|false\u00bb global_colors_info=\u00bb{}\u00bb][et_pb_column type=\u00bb4_4&#8243; _builder_version=\u00bb4.16&#8243; _module_preset=\u00bbdefault\u00bb global_colors_info=\u00bb{}\u00bb][et_pb_filterable_portfolio fullwidth=\u00bboff\u00bb posts_number=\u00bb12&#8243; include_categories=\u00bb44,45,439,47,440,46,669,1136,1309&#8243; show_categories=\u00bboff\u00bb zoom_icon_color=\u00bbrgba(255,217,18,0.73)\u00bb hover_overlay_color=\u00bbrgba(25,51,79,0.67)\u00bb hover_icon=\u00bb\ue042||divi||400&#8243; disabled_on=\u00bboff|off|off\u00bb module_class=\u00bblwp-col-portfolio-old three-column-grid\u00bb _builder_version=\u00bb4.27.0&#8243; _module_preset=\u00bbdefault\u00bb filter_font=\u00bb|600|||||||\u00bb caption_font=\u00bb|600||on|||||\u00bb caption_text_align=\u00bbcenter\u00bb caption_text_color=\u00bb#909090&#8243; caption_font_size=\u00bb17px\u00bb text_orientation=\u00bbcenter\u00bb width=\u00bb100%\u00bb max_width=\u00bb100%\u00bb custom_margin=\u00bb||||false|false\u00bb custom_padding=\u00bb||||false|false\u00bb global_colors_info=\u00bb{}\u00bb][\/et_pb_filterable_portfolio][\/et_pb_column][\/et_pb_row][\/et_pb_section]<\/p>\n","protected":false},"excerpt":{"rendered":"<p>Galer\u00eda\u00a1Nos trasladamos a Flickr!A partir de enero de 2025, encontrar\u00e9is todas las galer\u00edes en nuestra p\u00e1gina de Flickr.<\/p>\n","protected":false},"author":5,"featured_media":401614,"parent":349697,"menu_order":0,"comment_status":"closed","ping_status":"closed","template":"","meta":{"_et_pb_use_builder":"on","_et_pb_old_content":"","_et_gb_content_width":"","footnotes":""},"difl_page_category":[],"class_list":["post-357654","page","type-page","status-publish","has-post-thumbnail","hentry"],"yoast_head":"<!-- This site is optimized with the Yoast SEO plugin v27.4 - https:\/\/yoast.com\/product\/yoast-seo-wordpress\/ -->\n<title>Galer\u00eda - Club N\u00e0utic Sant Feliu de Guixols<\/title>\n<meta name=\"description\" content=\"Galer\u00eda de fotograf\u00edas y v\u00eddeos de las regatas, de los acontecimientos, de la escuela de vela y otras actividades del club n\u00e1utico Sant Feliu.\" \/>\n<meta name=\"robots\" content=\"index, follow, max-snippet:-1, max-image-preview:large, max-video-preview:-1\" \/>\n<link rel=\"canonical\" href=\"https:\/\/cnsfg.cat\/es\/el-club\/galeria\/\" \/>\n<meta property=\"og:locale\" content=\"es_ES\" \/>\n<meta property=\"og:type\" content=\"article\" \/>\n<meta property=\"og:title\" content=\"Galer\u00eda - Club N\u00e0utic Sant Feliu de Guixols\" \/>\n<meta property=\"og:description\" content=\"Galer\u00eda de fotograf\u00edas y v\u00eddeos de las regatas, de los acontecimientos, de la escuela de vela y otras actividades del club n\u00e1utico Sant Feliu.\" \/>\n<meta property=\"og:url\" content=\"https:\/\/cnsfg.cat\/es\/el-club\/galeria\/\" \/>\n<meta property=\"og:site_name\" content=\"Club N\u00e0utic Sant Feliu de Guixols\" \/>\n<meta property=\"article:publisher\" content=\"https:\/\/www.facebook.com\/Club-N%c3%a0utic-Sant-Feliu-525823567569507\/\" \/>\n<meta property=\"article:modified_time\" content=\"2025-07-22T12:38:45+00:00\" \/>\n<meta property=\"og:image\" content=\"https:\/\/cnsfg.cat\/wp-content\/uploads\/2024\/08\/202408_CNS_CalaVigata_7D_0005-3000px-scaled.jpg\" \/>\n\t<meta property=\"og:image:width\" content=\"2560\" \/>\n\t<meta property=\"og:image:height\" content=\"1707\" \/>\n\t<meta property=\"og:image:type\" content=\"image\/jpeg\" \/>\n<meta name=\"twitter:card\" content=\"summary_large_image\" \/>\n<meta name=\"twitter:site\" content=\"@NauticSantFeliu\" \/>\n<script type=\"application\/ld+json\" class=\"yoast-schema-graph\">{\"@context\":\"https:\\\/\\\/schema.org\",\"@graph\":[{\"@type\":\"WebPage\",\"@id\":\"https:\\\/\\\/cnsfg.cat\\\/es\\\/el-club\\\/galeria\\\/\",\"url\":\"https:\\\/\\\/cnsfg.cat\\\/es\\\/el-club\\\/galeria\\\/\",\"name\":\"Galer\u00eda - Club N\u00e0utic Sant Feliu de Guixols\",\"isPartOf\":{\"@id\":\"https:\\\/\\\/cnsfg.cat\\\/es\\\/#website\"},\"primaryImageOfPage\":{\"@id\":\"https:\\\/\\\/cnsfg.cat\\\/es\\\/el-club\\\/galeria\\\/#primaryimage\"},\"image\":{\"@id\":\"https:\\\/\\\/cnsfg.cat\\\/es\\\/el-club\\\/galeria\\\/#primaryimage\"},\"thumbnailUrl\":\"https:\\\/\\\/cnsfg.cat\\\/wp-content\\\/uploads\\\/2024\\\/08\\\/202408_CNS_CalaVigata_7D_0005-3000px-scaled.jpg\",\"datePublished\":\"2021-10-14T17:41:37+00:00\",\"dateModified\":\"2025-07-22T12:38:45+00:00\",\"description\":\"Galer\u00eda de fotograf\u00edas y v\u00eddeos de las regatas, de los acontecimientos, de la escuela de vela y otras actividades del club n\u00e1utico Sant Feliu.\",\"breadcrumb\":{\"@id\":\"https:\\\/\\\/cnsfg.cat\\\/es\\\/el-club\\\/galeria\\\/#breadcrumb\"},\"inLanguage\":\"es\",\"potentialAction\":[{\"@type\":\"ReadAction\",\"target\":[\"https:\\\/\\\/cnsfg.cat\\\/es\\\/el-club\\\/galeria\\\/\"]}]},{\"@type\":\"ImageObject\",\"inLanguage\":\"es\",\"@id\":\"https:\\\/\\\/cnsfg.cat\\\/es\\\/el-club\\\/galeria\\\/#primaryimage\",\"url\":\"https:\\\/\\\/cnsfg.cat\\\/wp-content\\\/uploads\\\/2024\\\/08\\\/202408_CNS_CalaVigata_7D_0005-3000px-scaled.jpg\",\"contentUrl\":\"https:\\\/\\\/cnsfg.cat\\\/wp-content\\\/uploads\\\/2024\\\/08\\\/202408_CNS_CalaVigata_7D_0005-3000px-scaled.jpg\",\"width\":2560,\"height\":1707},{\"@type\":\"BreadcrumbList\",\"@id\":\"https:\\\/\\\/cnsfg.cat\\\/es\\\/el-club\\\/galeria\\\/#breadcrumb\",\"itemListElement\":[{\"@type\":\"ListItem\",\"position\":1,\"name\":\"Portada\",\"item\":\"https:\\\/\\\/cnsfg.cat\\\/es\\\/\"},{\"@type\":\"ListItem\",\"position\":2,\"name\":\"El club\",\"item\":\"https:\\\/\\\/cnsfg.cat\\\/es\\\/el-club\\\/\"},{\"@type\":\"ListItem\",\"position\":3,\"name\":\"Galer\u00eda\"}]},{\"@type\":\"WebSite\",\"@id\":\"https:\\\/\\\/cnsfg.cat\\\/es\\\/#website\",\"url\":\"https:\\\/\\\/cnsfg.cat\\\/es\\\/\",\"name\":\"Club N\u00e0utic Sant Feliu de Guixols\",\"description\":\"Club N\u00e0utic Sant Feliu de Guixols\",\"publisher\":{\"@id\":\"https:\\\/\\\/cnsfg.cat\\\/es\\\/#organization\"},\"potentialAction\":[{\"@type\":\"SearchAction\",\"target\":{\"@type\":\"EntryPoint\",\"urlTemplate\":\"https:\\\/\\\/cnsfg.cat\\\/es\\\/?s={search_term_string}\"},\"query-input\":{\"@type\":\"PropertyValueSpecification\",\"valueRequired\":true,\"valueName\":\"search_term_string\"}}],\"inLanguage\":\"es\"},{\"@type\":\"Organization\",\"@id\":\"https:\\\/\\\/cnsfg.cat\\\/es\\\/#organization\",\"name\":\"Club Na\u00f9tic Sant Feliu de Guixols\",\"url\":\"https:\\\/\\\/cnsfg.cat\\\/es\\\/\",\"logo\":{\"@type\":\"ImageObject\",\"inLanguage\":\"es\",\"@id\":\"https:\\\/\\\/cnsfg.cat\\\/es\\\/#\\\/schema\\\/logo\\\/image\\\/\",\"url\":\"https:\\\/\\\/cnsfg.cat\\\/wp-content\\\/uploads\\\/2020\\\/03\\\/LOGO_CNSFG_180.png\",\"contentUrl\":\"https:\\\/\\\/cnsfg.cat\\\/wp-content\\\/uploads\\\/2020\\\/03\\\/LOGO_CNSFG_180.png\",\"width\":180,\"height\":71,\"caption\":\"Club Na\u00f9tic Sant Feliu de Guixols\"},\"image\":{\"@id\":\"https:\\\/\\\/cnsfg.cat\\\/es\\\/#\\\/schema\\\/logo\\\/image\\\/\"},\"sameAs\":[\"https:\\\/\\\/www.facebook.com\\\/Club-N\u00e0utic-Sant-Feliu-525823567569507\\\/\",\"https:\\\/\\\/x.com\\\/NauticSantFeliu\"]}]}<\/script>\n<!-- \/ Yoast SEO plugin. -->","yoast_head_json":{"title":"Galer\u00eda - Club N\u00e0utic Sant Feliu de Guixols","description":"Galer\u00eda de fotograf\u00edas y v\u00eddeos de las regatas, de los acontecimientos, de la escuela de vela y otras actividades del club n\u00e1utico Sant Feliu.","robots":{"index":"index","follow":"follow","max-snippet":"max-snippet:-1","max-image-preview":"max-image-preview:large","max-video-preview":"max-video-preview:-1"},"canonical":"https:\/\/cnsfg.cat\/es\/el-club\/galeria\/","og_locale":"es_ES","og_type":"article","og_title":"Galer\u00eda - Club N\u00e0utic Sant Feliu de Guixols","og_description":"Galer\u00eda de fotograf\u00edas y v\u00eddeos de las regatas, de los acontecimientos, de la escuela de vela y otras actividades del club n\u00e1utico Sant Feliu.","og_url":"https:\/\/cnsfg.cat\/es\/el-club\/galeria\/","og_site_name":"Club N\u00e0utic Sant Feliu de Guixols","article_publisher":"https:\/\/www.facebook.com\/Club-N%c3%a0utic-Sant-Feliu-525823567569507\/","article_modified_time":"2025-07-22T12:38:45+00:00","og_image":[{"width":2560,"height":1707,"url":"https:\/\/cnsfg.cat\/wp-content\/uploads\/2024\/08\/202408_CNS_CalaVigata_7D_0005-3000px-scaled.jpg","type":"image\/jpeg"}],"twitter_card":"summary_large_image","twitter_site":"@NauticSantFeliu","schema":{"@context":"https:\/\/schema.org","@graph":[{"@type":"WebPage","@id":"https:\/\/cnsfg.cat\/es\/el-club\/galeria\/","url":"https:\/\/cnsfg.cat\/es\/el-club\/galeria\/","name":"Galer\u00eda - Club N\u00e0utic Sant Feliu de Guixols","isPartOf":{"@id":"https:\/\/cnsfg.cat\/es\/#website"},"primaryImageOfPage":{"@id":"https:\/\/cnsfg.cat\/es\/el-club\/galeria\/#primaryimage"},"image":{"@id":"https:\/\/cnsfg.cat\/es\/el-club\/galeria\/#primaryimage"},"thumbnailUrl":"https:\/\/cnsfg.cat\/wp-content\/uploads\/2024\/08\/202408_CNS_CalaVigata_7D_0005-3000px-scaled.jpg","datePublished":"2021-10-14T17:41:37+00:00","dateModified":"2025-07-22T12:38:45+00:00","description":"Galer\u00eda de fotograf\u00edas y v\u00eddeos de las regatas, de los acontecimientos, de la escuela de vela y otras actividades del club n\u00e1utico Sant Feliu.","breadcrumb":{"@id":"https:\/\/cnsfg.cat\/es\/el-club\/galeria\/#breadcrumb"},"inLanguage":"es","potentialAction":[{"@type":"ReadAction","target":["https:\/\/cnsfg.cat\/es\/el-club\/galeria\/"]}]},{"@type":"ImageObject","inLanguage":"es","@id":"https:\/\/cnsfg.cat\/es\/el-club\/galeria\/#primaryimage","url":"https:\/\/cnsfg.cat\/wp-content\/uploads\/2024\/08\/202408_CNS_CalaVigata_7D_0005-3000px-scaled.jpg","contentUrl":"https:\/\/cnsfg.cat\/wp-content\/uploads\/2024\/08\/202408_CNS_CalaVigata_7D_0005-3000px-scaled.jpg","width":2560,"height":1707},{"@type":"BreadcrumbList","@id":"https:\/\/cnsfg.cat\/es\/el-club\/galeria\/#breadcrumb","itemListElement":[{"@type":"ListItem","position":1,"name":"Portada","item":"https:\/\/cnsfg.cat\/es\/"},{"@type":"ListItem","position":2,"name":"El club","item":"https:\/\/cnsfg.cat\/es\/el-club\/"},{"@type":"ListItem","position":3,"name":"Galer\u00eda"}]},{"@type":"WebSite","@id":"https:\/\/cnsfg.cat\/es\/#website","url":"https:\/\/cnsfg.cat\/es\/","name":"Club N\u00e0utic Sant Feliu de Guixols","description":"Club N\u00e0utic Sant Feliu de Guixols","publisher":{"@id":"https:\/\/cnsfg.cat\/es\/#organization"},"potentialAction":[{"@type":"SearchAction","target":{"@type":"EntryPoint","urlTemplate":"https:\/\/cnsfg.cat\/es\/?s={search_term_string}"},"query-input":{"@type":"PropertyValueSpecification","valueRequired":true,"valueName":"search_term_string"}}],"inLanguage":"es"},{"@type":"Organization","@id":"https:\/\/cnsfg.cat\/es\/#organization","name":"Club Na\u00f9tic Sant Feliu de Guixols","url":"https:\/\/cnsfg.cat\/es\/","logo":{"@type":"ImageObject","inLanguage":"es","@id":"https:\/\/cnsfg.cat\/es\/#\/schema\/logo\/image\/","url":"https:\/\/cnsfg.cat\/wp-content\/uploads\/2020\/03\/LOGO_CNSFG_180.png","contentUrl":"https:\/\/cnsfg.cat\/wp-content\/uploads\/2020\/03\/LOGO_CNSFG_180.png","width":180,"height":71,"caption":"Club Na\u00f9tic Sant Feliu de Guixols"},"image":{"@id":"https:\/\/cnsfg.cat\/es\/#\/schema\/logo\/image\/"},"sameAs":["https:\/\/www.facebook.com\/Club-N\u00e0utic-Sant-Feliu-525823567569507\/","https:\/\/x.com\/NauticSantFeliu"]}]}},"_links":{"self":[{"href":"https:\/\/cnsfg.cat\/es\/wp-json\/wp\/v2\/pages\/357654","targetHints":{"allow":["GET"]}}],"collection":[{"href":"https:\/\/cnsfg.cat\/es\/wp-json\/wp\/v2\/pages"}],"about":[{"href":"https:\/\/cnsfg.cat\/es\/wp-json\/wp\/v2\/types\/page"}],"author":[{"embeddable":true,"href":"https:\/\/cnsfg.cat\/es\/wp-json\/wp\/v2\/users\/5"}],"replies":[{"embeddable":true,"href":"https:\/\/cnsfg.cat\/es\/wp-json\/wp\/v2\/comments?post=357654"}],"version-history":[{"count":15,"href":"https:\/\/cnsfg.cat\/es\/wp-json\/wp\/v2\/pages\/357654\/revisions"}],"predecessor-version":[{"id":407310,"href":"https:\/\/cnsfg.cat\/es\/wp-json\/wp\/v2\/pages\/357654\/revisions\/407310"}],"up":[{"embeddable":true,"href":"https:\/\/cnsfg.cat\/es\/wp-json\/wp\/v2\/pages\/349697"}],"wp:featuredmedia":[{"embeddable":true,"href":"https:\/\/cnsfg.cat\/es\/wp-json\/wp\/v2\/media\/401614"}],"wp:attachment":[{"href":"https:\/\/cnsfg.cat\/es\/wp-json\/wp\/v2\/media?parent=357654"}],"wp:term":[{"taxonomy":"difl_page_category","embeddable":true,"href":"https:\/\/cnsfg.cat\/es\/wp-json\/wp\/v2\/difl_page_category?post=357654"}],"curies":[{"name":"wp","href":"https:\/\/api.w.org\/{rel}","templated":true}]}}