{"id":370374,"date":"2021-08-09T18:46:21","date_gmt":"2021-08-09T16:46:21","guid":{"rendered":"https:\/\/cnsfg.cat\/aviso-legal\/"},"modified":"2022-08-04T17:01:05","modified_gmt":"2022-08-04T15:01:05","slug":"aviso-legal","status":"publish","type":"page","link":"https:\/\/cnsfg.cat\/es\/aviso-legal\/","title":{"rendered":"Aviso legal"},"content":{"rendered":"<p>[et_pb_section fb_built=\u00bb1&#8243; admin_label=\u00bbEl club header\u00bb module_class=\u00bbtina_careers_header\u00bb _builder_version=\u00bb4.16&#8243; custom_padding=\u00bb0px||0px||false|false\u00bb locked=\u00bboff\u00bb global_colors_info=\u00bb{}\u00bb][et_pb_row admin_label=\u00bbEl club header &#8211; Row\u00bb _builder_version=\u00bb4.16&#8243; width=\u00bb100%\u00bb max_width=\u00bb100%\u00bb custom_padding=\u00bb0px||0px||false|false\u00bb global_colors_info=\u00bb{}\u00bb][et_pb_column type=\u00bb4_4&#8243; _builder_version=\u00bb4.16&#8243; global_colors_info=\u00bb{}\u00bb][et_pb_image src=\u00bbhttps:\/\/cnsfg.cat\/wp-content\/uploads\/2021\/06\/gestio-elclub.jpg\u00bb title_text=\u00bbgestio-elclub\u00bb admin_label=\u00bbEl club header &#8211; Image &#8211; 1900x429px\u00bb _builder_version=\u00bb4.16&#8243; global_colors_info=\u00bb{}\u00bb][\/et_pb_image][\/et_pb_column][\/et_pb_row][\/et_pb_section][et_pb_section fb_built=\u00bb1&#8243; _builder_version=\u00bb4.16&#8243; _module_preset=\u00bbdefault\u00bb global_colors_info=\u00bb{}\u00bb][et_pb_row _builder_version=\u00bb4.16&#8243; _module_preset=\u00bbdefault\u00bb global_colors_info=\u00bb{}\u00bb][et_pb_column type=\u00bb4_4&#8243; _builder_version=\u00bb4.16&#8243; _module_preset=\u00bbdefault\u00bb global_colors_info=\u00bb{}\u00bb][et_pb_text admin_label=\u00bbEl club header &#8211; Text\u00bb _builder_version=\u00bb4.16&#8243; text_font=\u00bbCormorant Garamond|700|||||||\u00bb text_text_color=\u00bb#002E5B\u00bb text_font_size=\u00bb58px\u00bb text_line_height=\u00bb120%\u00bb header_font=\u00bb|700|||||||\u00bb header_text_color=\u00bb#001F5B\u00bb header_font_size=\u00bb58px\u00bb custom_margin=\u00bb||||false|false\u00bb custom_margin_tablet=\u00bb-60px||||false|false\u00bb custom_margin_phone=\u00bb50px||||false|false\u00bb custom_margin_last_edited=\u00bbon|phone\u00bb text_font_size_tablet=\u00bb90px\u00bb text_font_size_phone=\u00bb40px\u00bb text_font_size_last_edited=\u00bbon|phone\u00bb global_colors_info=\u00bb{}\u00bb]<\/p>\n<h1>Aviso legal<\/h1>\n<p>[\/et_pb_text][\/et_pb_column][\/et_pb_row][et_pb_row column_structure=\u00bb1_4,3_4&#8243; _builder_version=\u00bb4.16&#8243; _module_preset=\u00bbdefault\u00bb custom_padding=\u00bb||0px|||\u00bb global_colors_info=\u00bb{}\u00bb][et_pb_column type=\u00bb1_4&#8243; _builder_version=\u00bb4.16&#8243; _module_preset=\u00bbdefault\u00bb global_colors_info=\u00bb{}\u00bb][et_pb_text admin_label=\u00bbKnow Girl Content &#8211; Tina &#8211; Text\u00bb _builder_version=\u00bb4.16&#8243; _module_preset=\u00bba9637137-e175-4c07-942f-c294692118b6&#8243; text_text_color=\u00bb#002850&#8243; text_line_height=\u00bb150%\u00bb text_font_size_tablet=\u00bb22px\u00bb text_font_size_phone=\u00bb18px\u00bb text_font_size_last_edited=\u00bbon|phone\u00bb global_colors_info=\u00bb{}\u00bb]<\/p>\n<p>act. 01\/2022<\/p>\n<p>[\/et_pb_text][\/et_pb_column][et_pb_column type=\u00bb3_4&#8243; _builder_version=\u00bb4.16&#8243; _module_preset=\u00bbdefault\u00bb global_colors_info=\u00bb{}\u00bb][et_pb_text admin_label=\u00bbKnow Girl Content &#8211; Tina &#8211; Text\u00bb _builder_version=\u00bb4.17.6&#8243; text_font=\u00bb||||||||\u00bb text_text_color=\u00bb#9b9b9b\u00bb text_font_size=\u00bb16px\u00bb text_line_height=\u00bb167%\u00bb hover_enabled=\u00bb0&#8243; text_font_size_phone=\u00bb14px\u00bb text_font_size_last_edited=\u00bboff|phone\u00bb custom_css_main_element=\u00bb    font-weight: 400 !important;\u00bb global_colors_info=\u00bb{}\u00bb sticky_enabled=\u00bb0&#8243;]<\/p>\n<div class=\"post\">\n<div class=\"post\">\n<p>En cumplimiento con el deber de informaci\u00f3n recogido en el art\u00edculo 10 de la Ley 34\/2002, de 11 de Julio, de Servicios de la Informaci\u00f3n y del Comercio Electr\u00f3nico, le informamos que el sitio web y el portal de Internet www.cnsfg.cat (en adelante, el \u00abWeb\u00bb) es titularidad de Club N\u00e1utico Sant Feliu de Gu\u00edxols, con domicilio social en Escullera del Port s\/n, 17220, SANT FELIU DE GU\u00cdXOLS con CIF n\u00ba G17057241. El presente aviso legal regula las condiciones de uso del citado portal de Internet .<\/p>\n<p>&nbsp;<\/p>\n<h2>Ley aplicable y jurisdicci\u00f3n<\/h2>\n<p>Con car\u00e1cter general las relaciones entre Club N\u00e1utico Sant Feliu de Gu\u00edxols y los usuarios de los servicios telem\u00e1ticos, presentes en la Web, se encuentran sometidas a la legislaci\u00f3n y jurisdicci\u00f3n espa\u00f1olas.<\/p>\n<p>Las partes renuncian expresamente al fuero que les pueda corresponder y someten expresamente a los Juzgados y tribunales de Sant Feliu de Gu\u00edxols para resolver cualquier controversia que pueda surgir en la interpretaci\u00f3n o ejecuci\u00f3n de las presentes condiciones contractuales.<\/p>\n<p>&nbsp;<\/p>\n<h2>Aceptaci\u00f3n del usuario<\/h2>\n<p>Este Aviso Legal regula el acceso y utilizaci\u00f3n de la p\u00e1gina web que Club N\u00e1utico Sant Feliu de Gu\u00edxols pone a disposici\u00f3n de los usuarios de Internet . Se considera usuario a la persona que acceda, navegue, utilice o participe en los servicios y actividades de la p\u00e1gina web.<\/p>\n<p>El usuario queda informado, y acepta, de que el acceso a la presente web no supone, en modo alguno, el inicio de una relaci\u00f3n comercial con Club N\u00e1utico Sant Feliu de Gu\u00edxols.<\/p>\n<p>El acceso y navegaci\u00f3n al sitio web por parte del usuario supone la aceptaci\u00f3n de la totalidad de las presentes Condiciones de Uso. En caso de desacuerdo con las condiciones debe abstenerse a usar el sitio web.<\/p>\n<p>&nbsp;<\/p>\n<h2>Acceso a la web<\/h2>\n<p>El acceso a la p\u00e1gina web por parte de los usuarios es de car\u00e1cter libre y gratuito . Algunos servicios pueden encontrarse sujetos a contrataci\u00f3n previa del servicio.<\/p>\n<p>En caso de ser necesario que el usuario aporte datos personales para acceder a alguno de los servicios, la recogida y el tratamiento de los datos se realizar\u00e1 de conformidad con la normativa vigente, en concreto con el RGPD. Para m\u00e1s informaci\u00f3n, consulte nuestra pol\u00edtica de privacidad www.cnsfg.cat\/politica-privacitat.<\/p>\n<p>&nbsp;<\/p>\n<h2>Contenido y uso<\/h2>\n<p>La visita al sitio web por parte del usuario deber\u00e1 hacerse de forma responsable y de conformidad a la legalidad vigente, la buena fe, el presente Aviso Legal y respetando los derechos de propiedad intelectual e industrial de titularidad de Club N\u00e1utico Sant Feliu de Gu\u00edxols o cualesquiera otras personas f\u00edsicas o jur\u00eddicas.<\/p>\n<p>El uso de cualquiera de los contenidos del sitio web con fines que sean o pudieran ser il\u00edcitos queda totalmente prohibido, as\u00ed como la realizaci\u00f3n de cualquier acci\u00f3n que cause o pueda causar da\u00f1os o alteraciones de cualquier tipo no consentidas por Club N\u00e1utico Sant Feliu de Gu\u00edxols, en el sitio web o en sus contenidos.<\/p>\n<p>El titular de la web no se identifica con las opiniones vertidas en el mismo por sus colaboradores. La empresa se reserva el derecho a efectuar sin previo aviso las modificaciones que considere oportunas en su Web, pudiendo cambiar, suprimir o a\u00f1adir tanto los contenidos y servicios que se prestan a trav\u00e9s de la misma como la forma en la que \u00e9stos aparezcan presentados o localizados en sus servidores.<\/p>\n<p>La visita al sitio web por parte del usuario deber\u00e1 hacerse de forma responsable y de conformidad a la legalidad vigente, la buena fe, el presente Aviso Legal y respetando los derechos de propiedad intelectual e industrial de titularidad de Club N\u00e1utico Sant Feliu de Gu\u00edxols o cualesquiera otras personas f\u00edsicas o jur\u00eddicas.<\/p>\n<p>El uso de cualquiera de los contenidos del sitio web con fines que sean o pudieran ser il\u00edcitos queda totalmente prohibido, as\u00ed como la realizaci\u00f3n de cualquier acci\u00f3n que cause o pueda causar da\u00f1os o alteraciones de cualquier tipo no consentidas por Club N\u00e1utico Sant Feliu de Gu\u00edxols, en el sitio web o en sus contenidos.<\/p>\n<p>&nbsp;<\/p>\n<h2>Propiedad intelectual e industrial<\/h2>\n<p>Los derechos de propiedad intelectual del contenido de las p\u00e1ginas web, su dise\u00f1o gr\u00e1fico y c\u00f3digos son titularidad de Club N\u00e1utico Sant Feliu de Gu\u00edxols y, por lo tanto, queda prohibida su reproducci\u00f3n, distribuci\u00f3n, comunicaci\u00f3n p\u00fablica, transformaci\u00f3n o cualquier otra actividad que se realice con los contenidos de la p\u00e1gina web, aunque se citen las fuentes,  excepto que se cuente con el consentimiento previo, expreso y por escrito de Club N\u00e1utico Sant Feliu de Gu\u00edxols. Todos los nombres comerciales, marcas o signos distintivos de cualquier clase contenidos en las p\u00e1ginas web de la empresa son propiedad de sus due\u00f1os y est\u00e1n protegidos por ley.<\/p>\n<p>Club N\u00e1utico Sant Feliu de Gu\u00edxols no concede ninguna licencia o autorizaci\u00f3n de uso de ninguna clase sobre sus derechos de propiedad intelectual e industrial o sobre cualquier otra propiedad o derecho relacionado con el sitio web, y en ning\u00fan caso se entender\u00e1 que el acceso y navegaci\u00f3n de los usuarios implica una renuncia, transmisi\u00f3n, licencia o cesi\u00f3n total ni parcial de estos derechos por parte de Club N\u00e1utico Sant Feliu de Gu\u00edxols.<\/p>\n<p>Cualquier uso de estos contenidos no autorizados previamente por parte de Club N\u00e1utico Sant Feliu de Gu\u00edxols ser\u00e1 considerado un incumplimiento grave de los derechos de propiedad intelectual o industrial y dar\u00e1 lugar a las responsabilidades legalmente establecidas. Club N\u00e1utico Sant Feliu de Gu\u00edxols se reserva el derecho de ejercitar frente al usuario las acciones judiciales y extrajudiciales que correspondan.<\/p>\n<p>&nbsp;<\/p>\n<h2>Responsabilidad y garant\u00edas<\/h2>\n<p>Club N\u00e1utico Sant Feliu de Gu\u00edxols declara que ha adoptado las medidas necesarias que, dentro de sus posibilidades y el estado de la tecnolog\u00eda, permiten el correcto funcionamiento de su sitio web as\u00ed como la ausencia de virus y componentes nocivos. No obstante, Club N\u00e1utico Sant Feliu de Gu\u00edxols no puede hacerse responsable de las siguientes situaciones que se enumeran a t\u00edtulo enunciativo, pero no limitativo:<\/p>\n<ul>\n<li>La continuidad y disponibilidad de los Contenidos.<\/li>\n<li>La ausencia de errores en los Contenidos ni la correcci\u00f3n de cualquier defecto que pudiera ocurrir.<\/li>\n<li>La ausencia de virus y\/u otros componentes nocivos.<\/li>\n<li>Los da\u00f1os o perjuicios que cause cualquier persona que vulnere los sistemas de seguridad de Club N\u00e1utico Sant Feliu de Gu\u00edxols.<\/li>\n<li>El uso que los usuarios puedan hacer de los contenidos incluidos en la web. En consecuencia, Club N\u00e1utico Sant Feliu de Gu\u00edxols no garantiza que el uso que los usuarios puedan hacer de los contenidos que en su caso se incluyan en el sitio web se ajusten al presente aviso legal ni que el uso del sitio web se realice de forma diligente .<\/li>\n<li>El uso por menores de edad del sitio web o del env\u00edo de sus datos personales sin el permiso de sus tutores, siendo los tutores responsables del uso que hagan de Internet .<\/li>\n<li>Los contenidos a los que el usuario pueda acceder a trav\u00e9s de enlaces no autorizados o introducidos por usuarios mediante comentarios o herramientas similares.<\/li>\n<li>La introducci\u00f3n de datos err\u00f3neos por parte del usuario o de un tercero.<\/li>\n<\/ul>\n<p>&nbsp;<\/p>\n<p>Club N\u00e1utico Sant Feliu de Gu\u00edxols podr\u00e1 suspender temporalmente y sin previo aviso, la accesibilidad al sitio web con motivo de operaciones de mantenimiento, reparaci\u00f3n, actualizaci\u00f3n o mejora. No obstante, siempre que las circunstancias lo permitan, Club N\u00e1utico Sant Feliu de Gu\u00edxols comunicar\u00e1 al usuario, con antelaci\u00f3n suficiente, la fecha prevista para la suspensi\u00f3n de los contenidos.<\/p>\n<p>Igualmente, de conformidad con los arts. 11 y 16 de la Ley 34\/2002, de 11 de julio, de servicios de la sociedad de la informaci\u00f3n y de comercio electr\u00f3nico, Club N\u00e1utico Sant Feliu de Gu\u00edxols se compromete a la eliminaci\u00f3n o, en su caso, el bloqueo de los contenidos que pudieran afectar o ser contrarios a la legislaci\u00f3n vigente, los derechos de terceros o la moral y orden p\u00fablico.<\/p>\n<p>&nbsp;<\/p>\n<h2>Cookies<\/h2>\n<p>Club N\u00e1utico Sant Feliu de Gu\u00edxols utiliza cookies, a efectos de optimizar y personalizar su navegaci\u00f3n por el sitio web. Las cookies son ficheros f\u00edsicos de informaci\u00f3n que se alojan en el mismo terminal del usuario, la informaci\u00f3n recogida mediante las cookies sirve para facilitar la navegaci\u00f3n del usuario por el portal y optimizar la experiencia de navegaci\u00f3n. Los datos recopilados mediante las cookies pueden ser compartidos con los creadores de las mismas, pero en ning\u00fan caso la informaci\u00f3n obtenida por las mismas ser\u00e1 asociada a datos personales ni a datos que pueden identificar al usuario.<\/p>\n<p>No obstante, si el usuario no desea que se instalen cookies en su disco duro, tiene la posibilidad de configurar el navegador de tal manera que impida la instalaci\u00f3n de estos archivos. Para obtener m\u00e1s informaci\u00f3n consulte nuestra Pol\u00edtica de Cookies https:\/\/cnsfg.cat\/es\/politica-de-cookies\/.<\/p>\n<p>&nbsp;<\/p>\n<h2>Enlaces (links)<\/h2>\n<p>La presencia de enlaces (links) en la p\u00e1gina web de Club N\u00e1utico Sant Feliu de Gu\u00edxols hacia otros sitios de Internet tiene finalidad meramente informativa y en ning\u00fan caso suponen sugerencia, invitaci\u00f3n o recomendaci\u00f3n sobre los mismos. Club N\u00e1utico Sant Feliu de Gu\u00edxols no asumir\u00e1 responsabilidad por los contenidos de un enlace perteneciente a un sitio web ajeno, ni garantizar\u00e1 la fiabilidad, exactitud, amplitud, veracidad, validez y disponibilidad t\u00e9cnica.<\/p>\n<p>En el caso de que en otros sitios webs se establezcan enlaces a la p\u00e1gina web de Club N\u00e1utico Sant Feliu de Gu\u00edxols, no se entender\u00e1 que Club N\u00e1utico Sant Feliu de Gu\u00edxols ha autorizado el enlace o el contenido del sitio web en el que se contiene el enlace, tampoco se podr\u00e1 incluir en la p\u00e1gina del enlace contenidos inapropiados,  difamatorios, ilegales, obscenos o il\u00edcitos, ni otros contenidos que sean contrarios a la legalidad vigente .<\/p>\n<p>Club N\u00e1utico Sant Feliu de Gu\u00edxols se reserva la posibilidad de contactar con el propietario del sitio web en el que se establezca el enlace si considera que se incumple la normativa, as\u00ed como de ejercitar las correspondientes acciones judiciales y extrajudiciales.<\/p>\n<p>&nbsp;<\/p>\n<h2>Modificaci\u00f3n de las condiciones<\/h2>\n<p>Club N\u00e1utico Sant Feliu de Gu\u00edxols se reserva expresamente el derecho a modificar unilateralmente, total o parcialmente, sin necesidad de previo aviso, el presente Aviso Legal. El usuario reconoce y acepta que es responsabilidad suya revisar peri\u00f3dicamente el presente Aviso Legal.<\/p>\n<h2>Nota:<\/h2>\n<p>Texto original creado en catal\u00e1n. El Club N\u00e1utico Sant Feliu de Gu\u00edxols no se hace responsable de las traducciones a otros idiomas de este texto, ante un conflicto el texto de referencia siempre ser\u00e1 el que es p\u00fablica en idioma Catal\u00e1n.<\/p>\n<\/div>\n<\/div>\n<p>[\/et_pb_text][\/et_pb_column][\/et_pb_row][\/et_pb_section]<\/p>\n","protected":false},"excerpt":{"rendered":"<p>Aviso legalact. 01\/2022 En cumplimiento con el deber de informaci\u00f3n recogido en el art\u00edculo 10 de la Ley 34\/2002, de 11 de Julio, de Servicios de la Informaci\u00f3n y del [&hellip;]<\/p>\n","protected":false},"author":5,"featured_media":0,"parent":0,"menu_order":0,"comment_status":"closed","ping_status":"closed","template":"","meta":{"_et_pb_use_builder":"on","_et_pb_old_content":"","_et_gb_content_width":"","footnotes":""},"difl_page_category":[],"class_list":["post-370374","page","type-page","status-publish","hentry"],"yoast_head":"<!-- This site is optimized with the Yoast SEO plugin v27.3 - https:\/\/yoast.com\/product\/yoast-seo-wordpress\/ -->\n<title>Aviso legal - Club N\u00e0utic Sant Feliu de Guixols<\/title>\n<meta name=\"description\" content=\"Aviso legal del club n\u00e1utico Sant Feliu de Gu\u00edxols.\" \/>\n<meta name=\"robots\" content=\"index, follow, max-snippet:-1, max-image-preview:large, max-video-preview:-1\" \/>\n<link rel=\"canonical\" href=\"https:\/\/cnsfg.cat\/es\/aviso-legal\/\" \/>\n<meta property=\"og:locale\" content=\"es_ES\" \/>\n<meta property=\"og:type\" content=\"article\" \/>\n<meta property=\"og:title\" content=\"Aviso legal - Club N\u00e0utic Sant Feliu de Guixols\" \/>\n<meta property=\"og:description\" content=\"Aviso legal del club n\u00e1utico Sant Feliu de Gu\u00edxols.\" \/>\n<meta property=\"og:url\" content=\"https:\/\/cnsfg.cat\/es\/aviso-legal\/\" \/>\n<meta property=\"og:site_name\" content=\"Club N\u00e0utic Sant Feliu de Guixols\" \/>\n<meta property=\"article:publisher\" content=\"https:\/\/www.facebook.com\/Club-N%c3%a0utic-Sant-Feliu-525823567569507\/\" \/>\n<meta property=\"article:modified_time\" content=\"2022-08-04T15:01:05+00:00\" \/>\n<meta name=\"twitter:card\" content=\"summary_large_image\" \/>\n<meta name=\"twitter:site\" content=\"@NauticSantFeliu\" \/>\n<script type=\"application\/ld+json\" class=\"yoast-schema-graph\">{\"@context\":\"https:\\\/\\\/schema.org\",\"@graph\":[{\"@type\":\"WebPage\",\"@id\":\"https:\\\/\\\/cnsfg.cat\\\/es\\\/aviso-legal\\\/\",\"url\":\"https:\\\/\\\/cnsfg.cat\\\/es\\\/aviso-legal\\\/\",\"name\":\"Aviso legal - Club N\u00e0utic Sant Feliu de Guixols\",\"isPartOf\":{\"@id\":\"https:\\\/\\\/cnsfg.cat\\\/es\\\/#website\"},\"datePublished\":\"2021-08-09T16:46:21+00:00\",\"dateModified\":\"2022-08-04T15:01:05+00:00\",\"description\":\"Aviso legal del club n\u00e1utico Sant Feliu de Gu\u00edxols.\",\"breadcrumb\":{\"@id\":\"https:\\\/\\\/cnsfg.cat\\\/es\\\/aviso-legal\\\/#breadcrumb\"},\"inLanguage\":\"es\",\"potentialAction\":[{\"@type\":\"ReadAction\",\"target\":[\"https:\\\/\\\/cnsfg.cat\\\/es\\\/aviso-legal\\\/\"]}]},{\"@type\":\"BreadcrumbList\",\"@id\":\"https:\\\/\\\/cnsfg.cat\\\/es\\\/aviso-legal\\\/#breadcrumb\",\"itemListElement\":[{\"@type\":\"ListItem\",\"position\":1,\"name\":\"Portada\",\"item\":\"https:\\\/\\\/cnsfg.cat\\\/es\\\/\"},{\"@type\":\"ListItem\",\"position\":2,\"name\":\"Aviso legal\"}]},{\"@type\":\"WebSite\",\"@id\":\"https:\\\/\\\/cnsfg.cat\\\/es\\\/#website\",\"url\":\"https:\\\/\\\/cnsfg.cat\\\/es\\\/\",\"name\":\"Club N\u00e0utic Sant Feliu de Guixols\",\"description\":\"Club N\u00e0utic Sant Feliu de Guixols\",\"publisher\":{\"@id\":\"https:\\\/\\\/cnsfg.cat\\\/es\\\/#organization\"},\"potentialAction\":[{\"@type\":\"SearchAction\",\"target\":{\"@type\":\"EntryPoint\",\"urlTemplate\":\"https:\\\/\\\/cnsfg.cat\\\/es\\\/?s={search_term_string}\"},\"query-input\":{\"@type\":\"PropertyValueSpecification\",\"valueRequired\":true,\"valueName\":\"search_term_string\"}}],\"inLanguage\":\"es\"},{\"@type\":\"Organization\",\"@id\":\"https:\\\/\\\/cnsfg.cat\\\/es\\\/#organization\",\"name\":\"Club Na\u00f9tic Sant Feliu de Guixols\",\"url\":\"https:\\\/\\\/cnsfg.cat\\\/es\\\/\",\"logo\":{\"@type\":\"ImageObject\",\"inLanguage\":\"es\",\"@id\":\"https:\\\/\\\/cnsfg.cat\\\/es\\\/#\\\/schema\\\/logo\\\/image\\\/\",\"url\":\"https:\\\/\\\/cnsfg.cat\\\/wp-content\\\/uploads\\\/2020\\\/03\\\/LOGO_CNSFG_180.png\",\"contentUrl\":\"https:\\\/\\\/cnsfg.cat\\\/wp-content\\\/uploads\\\/2020\\\/03\\\/LOGO_CNSFG_180.png\",\"width\":180,\"height\":71,\"caption\":\"Club Na\u00f9tic Sant Feliu de Guixols\"},\"image\":{\"@id\":\"https:\\\/\\\/cnsfg.cat\\\/es\\\/#\\\/schema\\\/logo\\\/image\\\/\"},\"sameAs\":[\"https:\\\/\\\/www.facebook.com\\\/Club-N\u00e0utic-Sant-Feliu-525823567569507\\\/\",\"https:\\\/\\\/x.com\\\/NauticSantFeliu\"]}]}<\/script>\n<!-- \/ Yoast SEO plugin. -->","yoast_head_json":{"title":"Aviso legal - Club N\u00e0utic Sant Feliu de Guixols","description":"Aviso legal del club n\u00e1utico Sant Feliu de Gu\u00edxols.","robots":{"index":"index","follow":"follow","max-snippet":"max-snippet:-1","max-image-preview":"max-image-preview:large","max-video-preview":"max-video-preview:-1"},"canonical":"https:\/\/cnsfg.cat\/es\/aviso-legal\/","og_locale":"es_ES","og_type":"article","og_title":"Aviso legal - Club N\u00e0utic Sant Feliu de Guixols","og_description":"Aviso legal del club n\u00e1utico Sant Feliu de Gu\u00edxols.","og_url":"https:\/\/cnsfg.cat\/es\/aviso-legal\/","og_site_name":"Club N\u00e0utic Sant Feliu de Guixols","article_publisher":"https:\/\/www.facebook.com\/Club-N%c3%a0utic-Sant-Feliu-525823567569507\/","article_modified_time":"2022-08-04T15:01:05+00:00","twitter_card":"summary_large_image","twitter_site":"@NauticSantFeliu","schema":{"@context":"https:\/\/schema.org","@graph":[{"@type":"WebPage","@id":"https:\/\/cnsfg.cat\/es\/aviso-legal\/","url":"https:\/\/cnsfg.cat\/es\/aviso-legal\/","name":"Aviso legal - Club N\u00e0utic Sant Feliu de Guixols","isPartOf":{"@id":"https:\/\/cnsfg.cat\/es\/#website"},"datePublished":"2021-08-09T16:46:21+00:00","dateModified":"2022-08-04T15:01:05+00:00","description":"Aviso legal del club n\u00e1utico Sant Feliu de Gu\u00edxols.","breadcrumb":{"@id":"https:\/\/cnsfg.cat\/es\/aviso-legal\/#breadcrumb"},"inLanguage":"es","potentialAction":[{"@type":"ReadAction","target":["https:\/\/cnsfg.cat\/es\/aviso-legal\/"]}]},{"@type":"BreadcrumbList","@id":"https:\/\/cnsfg.cat\/es\/aviso-legal\/#breadcrumb","itemListElement":[{"@type":"ListItem","position":1,"name":"Portada","item":"https:\/\/cnsfg.cat\/es\/"},{"@type":"ListItem","position":2,"name":"Aviso legal"}]},{"@type":"WebSite","@id":"https:\/\/cnsfg.cat\/es\/#website","url":"https:\/\/cnsfg.cat\/es\/","name":"Club N\u00e0utic Sant Feliu de Guixols","description":"Club N\u00e0utic Sant Feliu de Guixols","publisher":{"@id":"https:\/\/cnsfg.cat\/es\/#organization"},"potentialAction":[{"@type":"SearchAction","target":{"@type":"EntryPoint","urlTemplate":"https:\/\/cnsfg.cat\/es\/?s={search_term_string}"},"query-input":{"@type":"PropertyValueSpecification","valueRequired":true,"valueName":"search_term_string"}}],"inLanguage":"es"},{"@type":"Organization","@id":"https:\/\/cnsfg.cat\/es\/#organization","name":"Club Na\u00f9tic Sant Feliu de Guixols","url":"https:\/\/cnsfg.cat\/es\/","logo":{"@type":"ImageObject","inLanguage":"es","@id":"https:\/\/cnsfg.cat\/es\/#\/schema\/logo\/image\/","url":"https:\/\/cnsfg.cat\/wp-content\/uploads\/2020\/03\/LOGO_CNSFG_180.png","contentUrl":"https:\/\/cnsfg.cat\/wp-content\/uploads\/2020\/03\/LOGO_CNSFG_180.png","width":180,"height":71,"caption":"Club Na\u00f9tic Sant Feliu de Guixols"},"image":{"@id":"https:\/\/cnsfg.cat\/es\/#\/schema\/logo\/image\/"},"sameAs":["https:\/\/www.facebook.com\/Club-N\u00e0utic-Sant-Feliu-525823567569507\/","https:\/\/x.com\/NauticSantFeliu"]}]}},"_links":{"self":[{"href":"https:\/\/cnsfg.cat\/es\/wp-json\/wp\/v2\/pages\/370374","targetHints":{"allow":["GET"]}}],"collection":[{"href":"https:\/\/cnsfg.cat\/es\/wp-json\/wp\/v2\/pages"}],"about":[{"href":"https:\/\/cnsfg.cat\/es\/wp-json\/wp\/v2\/types\/page"}],"author":[{"embeddable":true,"href":"https:\/\/cnsfg.cat\/es\/wp-json\/wp\/v2\/users\/5"}],"replies":[{"embeddable":true,"href":"https:\/\/cnsfg.cat\/es\/wp-json\/wp\/v2\/comments?post=370374"}],"version-history":[{"count":0,"href":"https:\/\/cnsfg.cat\/es\/wp-json\/wp\/v2\/pages\/370374\/revisions"}],"wp:attachment":[{"href":"https:\/\/cnsfg.cat\/es\/wp-json\/wp\/v2\/media?parent=370374"}],"wp:term":[{"taxonomy":"difl_page_category","embeddable":true,"href":"https:\/\/cnsfg.cat\/es\/wp-json\/wp\/v2\/difl_page_category?post=370374"}],"curies":[{"name":"wp","href":"https:\/\/api.w.org\/{rel}","templated":true}]}}