{"id":354983,"date":"2022-05-05T10:14:57","date_gmt":"2022-05-05T08:14:57","guid":{"rendered":"https:\/\/cnsfg.cat\/canal-etic\/"},"modified":"2022-07-26T13:23:31","modified_gmt":"2022-07-26T11:23:31","slug":"canal-etanche","status":"publish","type":"page","link":"https:\/\/cnsfg.cat\/fr\/le-club\/canal-etanche\/","title":{"rendered":"Canal \u00e9thique"},"content":{"rendered":"<p>[et_pb_section fb_built=\u00a0\u00bb1&Prime; admin_label=\u00a0\u00bbimagen\u00a0\u00bb module_class=\u00a0\u00bbtina_careers_header\u00a0\u00bb _builder_version=\u00a0\u00bb4.16&Prime; background_image=\u00a0\u00bbhttps:\/\/cnsfg.cat\/wp-content\/uploads\/2021\/06\/elclub.jpg\u00a0\u00bb background_position=\u00a0\u00bbbottom_right\u00a0\u00bb height=\u00a0\u00bb450px\u00a0\u00bb height_tablet=\u00a0\u00bb350px\u00a0\u00bb height_phone=\u00a0\u00bb188px\u00a0\u00bb height_last_edited=\u00a0\u00bbon|phone\u00a0\u00bb custom_margin_tablet=\u00a0\u00bb\u00a0\u00bb custom_margin_phone=\u00a0\u00bb70px||||false|false\u00a0\u00bb custom_margin_last_edited=\u00a0\u00bbon|phone\u00a0\u00bb custom_padding=\u00a0\u00bb0px||0px||false|false\u00a0\u00bb background_last_edited=\u00a0\u00bbon|desktop\u00a0\u00bb locked=\u00a0\u00bboff\u00a0\u00bb global_colors_info=\u00a0\u00bb{}\u00a0\u00bb][\/et_pb_section][et_pb_section fb_built=\u00a0\u00bb1&Prime; custom_padding_last_edited=\u00a0\u00bbon|desktop\u00a0\u00bb admin_label=\u00a0\u00bbT\u00edtol\u00a0\u00bb module_class=\u00a0\u00bbtina_flowing_persons\u00a0\u00bb _builder_version=\u00a0\u00bb4.16&Prime; custom_margin_tablet=\u00a0\u00bb\u00a0\u00bb custom_margin_phone=\u00a0\u00bb0px||0px||false|false\u00a0\u00bb custom_margin_last_edited=\u00a0\u00bbon|phone\u00a0\u00bb custom_padding=\u00a0\u00bb0px||0px||false|false\u00a0\u00bb custom_padding_tablet=\u00a0\u00bb0px||0px||false|false\u00a0\u00bb custom_padding_phone=\u00a0\u00bb\u00a0\u00bb saved_tabs=\u00a0\u00bball\u00a0\u00bb locked=\u00a0\u00bboff\u00a0\u00bb collapsed=\u00a0\u00bboff\u00a0\u00bb global_colors_info=\u00a0\u00bb{}\u00a0\u00bb][et_pb_row _builder_version=\u00a0\u00bb4.16&Prime; _module_preset=\u00a0\u00bba5ffc339-760b-420b-ab1c-74de3f804064&Prime; global_colors_info=\u00a0\u00bb{}\u00a0\u00bb][et_pb_column type=\u00a0\u00bb4_4&Prime; _builder_version=\u00a0\u00bb4.16&Prime; _module_preset=\u00a0\u00bbdefault\u00a0\u00bb global_colors_info=\u00a0\u00bb{}\u00a0\u00bb][et_pb_text admin_label=\u00a0\u00bbCanal \u00e8tic\u00a0\u00bb _builder_version=\u00a0\u00bb4.17.4&Prime; _module_preset=\u00a0\u00bbf1e0e75e-444a-45fd-a7a1-01dd37f8b987&Prime; global_colors_info=\u00a0\u00bb{}\u00a0\u00bb]<\/p>\n<h1>Canal \u00e9thique<\/h1>\n<p>[\/et_pb_text][\/et_pb_column][\/et_pb_row][\/et_pb_section][et_pb_section fb_built=\u00a0\u00bb1&Prime; module_id=\u00a0\u00bbcanal-etic\u00a0\u00bb _builder_version=\u00a0\u00bb4.17.3&Prime; _module_preset=\u00a0\u00bbdefault\u00a0\u00bb custom_padding=\u00a0\u00bb||||false|false\u00a0\u00bb global_colors_info=\u00a0\u00bb{}\u00a0\u00bb][et_pb_row _builder_version=\u00a0\u00bb4.17.3&Prime; _module_preset=\u00a0\u00bbdefault\u00a0\u00bb global_colors_info=\u00a0\u00bb{}\u00a0\u00bb][et_pb_column type=\u00a0\u00bb4_4&Prime; _builder_version=\u00a0\u00bb4.17.3&Prime; _module_preset=\u00a0\u00bbdefault\u00a0\u00bb global_colors_info=\u00a0\u00bb{}\u00a0\u00bb][et_pb_text admin_label=\u00a0\u00bbTitol\u00a0\u00bb _builder_version=\u00a0\u00bb4.17.4&Prime; _module_preset=\u00a0\u00bbdefault\u00a0\u00bb module_alignment=\u00a0\u00bbcenter\u00a0\u00bb locked=\u00a0\u00bboff\u00a0\u00bb global_colors_info=\u00a0\u00bb{}\u00a0\u00bb]<\/p>\n<div id=\"Content\">\n<div id=\"banner\">\n<p>Le Club N\u00e0utique Sant Feliu de Gu\u00edxols agit selon les normes les plus \u00e9lev\u00e9es d\u2019engagement pour une action \u00e9thique et responsable. De m\u00eame, nous exprimons notre plus grand rejet des faits ou des actions qui peuvent \u00eatre consid\u00e9r\u00e9s comme des crimes ou contraires aux lois et aux cadres r\u00e9glementaires qui s\u2019appliquent \u00e0 nos activit\u00e9s et op\u00e9rations.<\/p>\n<p>En ce qui concerne cet engagement, nous promouvons la communication en g\u00e9n\u00e9ral, le droit et le devoir de communiquer ou de signaler tout acte ou fait pouvant impliquer la commission de crimes, les violations des lois et r\u00e8glements qui s\u2019appliquent \u00e0 nous, ainsi que les comportements contraires \u00e0 nos codes, protocoles et r\u00e8gles d\u2019action internes. Pour cette raison, l\u2019entit\u00e9 a mis en place un canal d\u2019anonymat volontaire, respectant la protection des donn\u00e9es et la protection du plaignant. Tout cela pour fournir le maximum de garanties et de droits aux communicateurs et aux personnes concern\u00e9es.<\/p>\n<p>Vous pouvez nous faire part de vos pr\u00e9occupations au formulaire ci-joint.<\/p>\n<\/div>\n<\/div>\n<p>[\/et_pb_text][et_pb_button button_text=\u00a0\u00bbFormulaire de d\u00e9nonciation anonyme\u00a0\u00bb module_class=\u00a0\u00bbbtn-form-canal-etic\u00a0\u00bb _builder_version=\u00a0\u00bb4.17.4&Prime; _module_preset=\u00a0\u00bbdefault\u00a0\u00bb custom_button=\u00a0\u00bbon\u00a0\u00bb button_text_size=\u00a0\u00bb20px\u00a0\u00bb button_text_color=\u00a0\u00bb#FFFFFF\u00a0\u00bb button_bg_color=\u00a0\u00bb#001f5b\u00a0\u00bb button_border_width=\u00a0\u00bb0px\u00a0\u00bb button_border_color=\u00a0\u00bbRGBA(255,255,255,0)\u00a0\u00bb button_font=\u00a0\u00bbCormorant Garamond||||||||\u00a0\u00bb button_icon=\u00a0\u00bb&#xf21b;||fa||900&Prime; button_icon_placement=\u00a0\u00bbleft\u00a0\u00bb button_on_hover=\u00a0\u00bboff\u00a0\u00bb hover_enabled=\u00a0\u00bb0&Prime; global_colors_info=\u00a0\u00bb{}\u00a0\u00bb sticky_enabled=\u00a0\u00bb0&Prime; admin_label=\u00a0\u00bbBot\u00f3n formulario an\u00f3nimo\u00a0\u00bb][\/et_pb_button][et_pb_code module_class=\u00a0\u00bbs-form-canal-etic\u00a0\u00bb _builder_version=\u00a0\u00bb4.17.3&Prime; _module_preset=\u00a0\u00bbdefault\u00a0\u00bb hover_enabled=\u00a0\u00bb0&Prime; custom_css_main_element=\u00a0\u00bbdisplay:none;\u00a0\u00bb global_colors_info=\u00a0\u00bb{}\u00a0\u00bb sticky_enabled=\u00a0\u00bb0&Prime;]<div class=\"wpforms-container wpforms-container-full\" id=\"wpforms-355069\"><form id=\"wpforms-form-355069\" class=\"wpforms-validate wpforms-form wpforms-ajax-form\" data-formid=\"355069\" method=\"post\" enctype=\"multipart\/form-data\" action=\"\/fr\/wp-json\/wp\/v2\/pages\/354983\" data-token=\"1f46e4c3432094b5dc506510f8dcd2c5\" data-token-time=\"1776371777\"><noscript class=\"wpforms-error-noscript\">Veuillez activer JavaScript dans votre navigateur pour remplir ce formulaire.<\/noscript><div class=\"wpforms-field-container\"><div id=\"wpforms-355069-field_1-container\" class=\"wpforms-field wpforms-field-select wpforms-field-select-style-classic\" data-field-id=\"1\"><label class=\"wpforms-field-label\" for=\"wpforms-355069-field_1\">Quelle relation entretenez-vous avec le Club Nautic Sant Feliu de Guixols ?<\/label><select id=\"wpforms-355069-field_1\" class=\"wpforms-field-medium\" name=\"wpforms[fields][1]\"><option value=\"Client\"  class=\"choice-1 depth-1\"  >Client<\/option><option value=\"Collaborateur\"  class=\"choice-2 depth-1\"  >Collaborateur<\/option><option value=\"Fournisseur\"  class=\"choice-3 depth-1\"  >Fournisseur<\/option><option value=\"Employ\u00e9\"  class=\"choice-4 depth-1\"  >Employ\u00e9<\/option><option value=\"Directorial\"  class=\"choice-5 depth-1\"  >Directorial<\/option><option value=\"Volontaire\"  class=\"choice-6 depth-1\"  >Volontaire<\/option><option value=\"Autrui\"  class=\"choice-7 depth-1\"  >Autrui<\/option><\/select><\/div><div id=\"wpforms-355069-field_4-container\" class=\"wpforms-field wpforms-field-checkbox wpforms-list-2-columns\" data-field-id=\"4\"><label class=\"wpforms-field-label\">Prefil des personnes impliqu\u00e9es.<\/label><ul id=\"wpforms-355069-field_4\"><li class=\"choice-1 depth-1\"><input type=\"checkbox\" id=\"wpforms-355069-field_4_1\" name=\"wpforms[fields][4][]\" value=\"Client\"  ><label class=\"wpforms-field-label-inline\" for=\"wpforms-355069-field_4_1\">Client<\/label><\/li><li class=\"choice-2 depth-1\"><input type=\"checkbox\" id=\"wpforms-355069-field_4_2\" name=\"wpforms[fields][4][]\" value=\"Collaborateur\"  ><label class=\"wpforms-field-label-inline\" for=\"wpforms-355069-field_4_2\">Collaborateur<\/label><\/li><li class=\"choice-3 depth-1\"><input type=\"checkbox\" id=\"wpforms-355069-field_4_3\" name=\"wpforms[fields][4][]\" value=\"Fournisseur\"  ><label class=\"wpforms-field-label-inline\" for=\"wpforms-355069-field_4_3\">Fournisseur<\/label><\/li><li class=\"choice-4 depth-1\"><input type=\"checkbox\" id=\"wpforms-355069-field_4_4\" name=\"wpforms[fields][4][]\" value=\"Employ\u00e9\"  ><label class=\"wpforms-field-label-inline\" for=\"wpforms-355069-field_4_4\">Employ\u00e9<\/label><\/li><li class=\"choice-5 depth-1\"><input type=\"checkbox\" id=\"wpforms-355069-field_4_5\" name=\"wpforms[fields][4][]\" value=\"Directorial\"  ><label class=\"wpforms-field-label-inline\" for=\"wpforms-355069-field_4_5\">Directorial<\/label><\/li><li class=\"choice-6 depth-1\"><input type=\"checkbox\" id=\"wpforms-355069-field_4_6\" name=\"wpforms[fields][4][]\" value=\"Volontaire\"  ><label class=\"wpforms-field-label-inline\" for=\"wpforms-355069-field_4_6\">Volontaire<\/label><\/li><li class=\"choice-7 depth-1\"><input type=\"checkbox\" id=\"wpforms-355069-field_4_7\" name=\"wpforms[fields][4][]\" value=\"Autrui\"  ><label class=\"wpforms-field-label-inline\" for=\"wpforms-355069-field_4_7\">Autrui<\/label><\/li><\/ul><\/div><div id=\"wpforms-355069-field_5-container\" class=\"wpforms-field wpforms-field-date-time\" data-field-id=\"5\"><label class=\"wpforms-field-label\">Connaissez-vous la date de l\u2019incident?<\/label><div class=\"wpforms-field-row wpforms-field-medium\"><div class=\"wpforms-field-row-block wpforms-date-type-datepicker\"><div class=\"wpforms-datepicker-wrap\"><input type=\"text\" id=\"wpforms-355069-field_5\" class=\"wpforms-field-date-time-date wpforms-datepicker\" data-date-format=\"d\/m\/Y\" data-disable-past-dates=\"0\" data-input=\"true\" name=\"wpforms[fields][5][date]\" ><a title=\"Effacer la date\" data-clear role=\"button\" tabindex=\"0\" class=\"wpforms-datepicker-clear\" aria-label=\"Effacer la date\" style=\"display:none;\"><\/a><\/div><label for=\"wpforms-355069-field_5\" class=\"wpforms-field-sublabel after\">Date<\/label><\/div><div class=\"wpforms-field-row-block\"><input type=\"text\" id=\"wpforms-355069-field_5-time\" class=\"wpforms-field-date-time-time wpforms-timepicker\" data-time-format=\"g:i A\" data-step=\"30\" data-rule-time12h=\"true\" name=\"wpforms[fields][5][time]\" ><label for=\"wpforms-355069-field_5-time\" class=\"wpforms-field-sublabel after\">Heure<\/label><\/div><\/div><\/div><div id=\"wpforms-355069-field_6-container\" class=\"wpforms-field wpforms-field-textarea\" data-field-id=\"6\"><label class=\"wpforms-field-label\" for=\"wpforms-355069-field_6\">Commentaires clients <span class=\"wpforms-required-label\">*<\/span><\/label><textarea id=\"wpforms-355069-field_6\" class=\"wpforms-field-medium wpforms-field-required\" name=\"wpforms[fields][6]\" required><\/textarea><\/div><div id=\"wpforms-355069-field_7-container\" class=\"wpforms-field wpforms-field-checkbox wpforms-conditional-trigger\" data-field-id=\"7\"><label class=\"wpforms-field-label wpforms-label-hide\">Restez anonyme<\/label><ul id=\"wpforms-355069-field_7\"><li class=\"choice-1 depth-1 wpforms-selected\"><input type=\"checkbox\" id=\"wpforms-355069-field_7_1\" name=\"wpforms[fields][7][]\" value=\" Je souhaite rester anonyme\"   checked='checked'><label class=\"wpforms-field-label-inline\" for=\"wpforms-355069-field_7_1\">Je souhaite rester anonyme<\/label><\/li><\/ul><\/div><div id=\"wpforms-355069-field_8-container\" class=\"wpforms-field wpforms-field-name wpforms-conditional-field wpforms-conditional-hide\" data-field-id=\"8\"><label class=\"wpforms-field-label\" for=\"wpforms-355069-field_8\">Nom<\/label><input type=\"text\" id=\"wpforms-355069-field_8\" class=\"wpforms-field-medium\" name=\"wpforms[fields][8]\" ><\/div><div id=\"wpforms-355069-field_9-container\" class=\"wpforms-field wpforms-field-phone wpforms-conditional-field wpforms-conditional-hide\" data-field-id=\"9\"><label class=\"wpforms-field-label\" for=\"wpforms-355069-field_9\">T\u00e9l\u00e9phone<\/label><input type=\"tel\" id=\"wpforms-355069-field_9\" class=\"wpforms-field-medium\" data-rule-int-phone-field=\"true\" name=\"wpforms[fields][9]\" aria-label=\"T\u00e9l\u00e9phone\" ><\/div><div id=\"wpforms-355069-field_10-container\" class=\"wpforms-field wpforms-field-email wpforms-conditional-field wpforms-conditional-hide\" data-field-id=\"10\"><label class=\"wpforms-field-label\" for=\"wpforms-355069-field_10\">E-mail<\/label><input type=\"email\" id=\"wpforms-355069-field_10\" class=\"wpforms-field-medium\" name=\"wpforms[fields][10]\" spellcheck=\"false\" ><\/div><div id=\"wpforms-355069-field_11-container\" class=\"wpforms-field wpforms-field-gdpr-checkbox\" data-field-id=\"11\"><label class=\"wpforms-field-label wpforms-label-hide\">Accord RGPD <span class=\"wpforms-required-label\">*<\/span><\/label><ul id=\"wpforms-355069-field_11\" class=\"wpforms-field-required\"><li class=\"choice-1\"><input type=\"checkbox\" id=\"wpforms-355069-field_11_1\" name=\"wpforms[fields][11][]\" value=\"J\u2019ai lu et compris la politique de confidentialit\u00e9 et j\u2019accepte les termes et conditions\" required ><label class=\"wpforms-field-label-inline\" for=\"wpforms-355069-field_11_1\">J\u2019ai lu et compris la politique de confidentialit\u00e9 et j\u2019accepte les termes et conditions <span class=\"wpforms-required-label\">*<\/span><\/label><\/li><\/ul><\/div><\/div><!-- .wpforms-field-container --><div class=\"wpforms-submit-container\" ><input type=\"hidden\" name=\"wpforms[id]\" value=\"355069\"><input type=\"hidden\" name=\"page_title\" value=\"\"><input type=\"hidden\" name=\"page_url\" value=\"https:\/\/cnsfg.cat\/fr\/wp-json\/wp\/v2\/pages\/354983\"><input type=\"hidden\" name=\"url_referer\" value=\"\"><button type=\"submit\" name=\"wpforms[submit]\" id=\"wpforms-submit-355069\" class=\"wpforms-submit\" data-alt-text=\"Envoi...\" data-submit-text=\"Envoyer\" aria-live=\"assertive\" value=\"wpforms-submit\">Envoyer<\/button><img loading=\"lazy\" decoding=\"async\" src=\"https:\/\/cnsfg.cat\/wp-content\/plugins\/wpforms\/assets\/images\/submit-spin.svg\" class=\"wpforms-submit-spinner\" style=\"display: none;\" width=\"26\" height=\"26\" alt=\"Chargement en cours\"><\/div><\/form><\/div>  <!-- .wpforms-container -->[\/et_pb_code][et_pb_code _builder_version=\u00a0\u00bb4.17.3&Prime; _module_preset=\u00a0\u00bbdefault\u00a0\u00bb hover_enabled=\u00a0\u00bb0&Prime; global_colors_info=\u00a0\u00bb{}\u00a0\u00bb sticky_enabled=\u00a0\u00bb0&Prime;]<script><!-- [et_pb_line_break_holder] --><!-- [et_pb_line_break_holder] -->jQuery(\".btn-form-canal-etic\").click(function(ev){<!-- [et_pb_line_break_holder] -->    ev.preventDefault();<!-- [et_pb_line_break_holder] -->    jQuery(\".s-form-canal-etic\").fadeIn(200);<!-- [et_pb_line_break_holder] -->    <!-- [et_pb_line_break_holder] -->    window.scroll({<!-- [et_pb_line_break_holder] -->      top: jQuery(\".s-form-canal-etic\").offset().top-200, <!-- [et_pb_line_break_holder] -->      left: 0, <!-- [et_pb_line_break_holder] -->      behavior: 'smooth'<!-- [et_pb_line_break_holder] -->    });<!-- [et_pb_line_break_holder] -->})<!-- [et_pb_line_break_holder] --><\/script>[\/et_pb_code][\/et_pb_column][\/et_pb_row][\/et_pb_section]<\/p>\n","protected":false},"excerpt":{"rendered":"<p>Canal \u00e9thique Le Club N\u00e0utique Sant Feliu de Gu\u00edxols agit selon les normes les plus \u00e9lev\u00e9es d\u2019engagement pour une action \u00e9thique et responsable. De m\u00eame, nous exprimons notre plus grand [&hellip;]<\/p>\n","protected":false},"author":13,"featured_media":0,"parent":351916,"menu_order":0,"comment_status":"closed","ping_status":"closed","template":"","meta":{"_et_pb_use_builder":"on","_et_pb_old_content":"","_et_gb_content_width":"","footnotes":""},"difl_page_category":[],"class_list":["post-354983","page","type-page","status-publish","hentry"],"yoast_head":"<!-- This site is optimized with the Yoast SEO plugin v27.3 - https:\/\/yoast.com\/product\/yoast-seo-wordpress\/ -->\n<title>Canal \u00e9thique - Club N\u00e0utic Sant Feliu de Guixols<\/title>\n<meta name=\"description\" content=\"El Club N\u00e0utic Sant Feliu de Gu\u00edxols agit selon les normes les plus \u00e9lev\u00e9es d\u2019engagement pour une action \u00e9thique et responsable.\" \/>\n<meta name=\"robots\" content=\"index, follow, max-snippet:-1, max-image-preview:large, max-video-preview:-1\" \/>\n<link rel=\"canonical\" href=\"https:\/\/cnsfg.cat\/fr\/le-club\/canal-etanche\/\" \/>\n<meta property=\"og:locale\" content=\"fr_FR\" \/>\n<meta property=\"og:type\" content=\"article\" \/>\n<meta property=\"og:title\" content=\"Canal \u00e9thique - Club N\u00e0utic Sant Feliu de Guixols\" \/>\n<meta property=\"og:description\" content=\"El Club N\u00e0utic Sant Feliu de Gu\u00edxols agit selon les normes les plus \u00e9lev\u00e9es d\u2019engagement pour une action \u00e9thique et responsable.\" \/>\n<meta property=\"og:url\" content=\"https:\/\/cnsfg.cat\/fr\/le-club\/canal-etanche\/\" \/>\n<meta property=\"og:site_name\" content=\"Club N\u00e0utic Sant Feliu de Guixols\" \/>\n<meta property=\"article:publisher\" content=\"https:\/\/www.facebook.com\/Club-N%c3%a0utic-Sant-Feliu-525823567569507\/\" \/>\n<meta property=\"article:modified_time\" content=\"2022-07-26T11:23:31+00:00\" \/>\n<meta name=\"twitter:card\" content=\"summary_large_image\" \/>\n<meta name=\"twitter:site\" content=\"@NauticSantFeliu\" \/>\n<script type=\"application\/ld+json\" class=\"yoast-schema-graph\">{\"@context\":\"https:\\\/\\\/schema.org\",\"@graph\":[{\"@type\":\"WebPage\",\"@id\":\"https:\\\/\\\/cnsfg.cat\\\/fr\\\/le-club\\\/canal-etanche\\\/\",\"url\":\"https:\\\/\\\/cnsfg.cat\\\/fr\\\/le-club\\\/canal-etanche\\\/\",\"name\":\"Canal \u00e9thique - Club N\u00e0utic Sant Feliu de Guixols\",\"isPartOf\":{\"@id\":\"https:\\\/\\\/cnsfg.cat\\\/fr\\\/#website\"},\"datePublished\":\"2022-05-05T08:14:57+00:00\",\"dateModified\":\"2022-07-26T11:23:31+00:00\",\"description\":\"El Club N\u00e0utic Sant Feliu de Gu\u00edxols agit selon les normes les plus \u00e9lev\u00e9es d\u2019engagement pour une action \u00e9thique et responsable.\",\"breadcrumb\":{\"@id\":\"https:\\\/\\\/cnsfg.cat\\\/fr\\\/le-club\\\/canal-etanche\\\/#breadcrumb\"},\"inLanguage\":\"fr-FR\",\"potentialAction\":[{\"@type\":\"ReadAction\",\"target\":[\"https:\\\/\\\/cnsfg.cat\\\/fr\\\/le-club\\\/canal-etanche\\\/\"]}]},{\"@type\":\"BreadcrumbList\",\"@id\":\"https:\\\/\\\/cnsfg.cat\\\/fr\\\/le-club\\\/canal-etanche\\\/#breadcrumb\",\"itemListElement\":[{\"@type\":\"ListItem\",\"position\":1,\"name\":\"Portada\",\"item\":\"https:\\\/\\\/cnsfg.cat\\\/fr\\\/\"},{\"@type\":\"ListItem\",\"position\":2,\"name\":\"Le club\",\"item\":\"https:\\\/\\\/cnsfg.cat\\\/fr\\\/el-club\\\/\"},{\"@type\":\"ListItem\",\"position\":3,\"name\":\"Canal \u00e9thique\"}]},{\"@type\":\"WebSite\",\"@id\":\"https:\\\/\\\/cnsfg.cat\\\/fr\\\/#website\",\"url\":\"https:\\\/\\\/cnsfg.cat\\\/fr\\\/\",\"name\":\"Club N\u00e0utic Sant Feliu de Guixols\",\"description\":\"Club n\u00e0utic amb m\u00e9s de 400 amarradors a Sant Feliu de Guixols, Costa Brava.\",\"publisher\":{\"@id\":\"https:\\\/\\\/cnsfg.cat\\\/fr\\\/#organization\"},\"potentialAction\":[{\"@type\":\"SearchAction\",\"target\":{\"@type\":\"EntryPoint\",\"urlTemplate\":\"https:\\\/\\\/cnsfg.cat\\\/fr\\\/?s={search_term_string}\"},\"query-input\":{\"@type\":\"PropertyValueSpecification\",\"valueRequired\":true,\"valueName\":\"search_term_string\"}}],\"inLanguage\":\"fr-FR\"},{\"@type\":\"Organization\",\"@id\":\"https:\\\/\\\/cnsfg.cat\\\/fr\\\/#organization\",\"name\":\"Club Na\u00f9tic Sant Feliu de Guixols\",\"url\":\"https:\\\/\\\/cnsfg.cat\\\/fr\\\/\",\"logo\":{\"@type\":\"ImageObject\",\"inLanguage\":\"fr-FR\",\"@id\":\"https:\\\/\\\/cnsfg.cat\\\/fr\\\/#\\\/schema\\\/logo\\\/image\\\/\",\"url\":\"https:\\\/\\\/cnsfg.cat\\\/wp-content\\\/uploads\\\/2020\\\/03\\\/LOGO_CNSFG_180.png\",\"contentUrl\":\"https:\\\/\\\/cnsfg.cat\\\/wp-content\\\/uploads\\\/2020\\\/03\\\/LOGO_CNSFG_180.png\",\"width\":180,\"height\":71,\"caption\":\"Club Na\u00f9tic Sant Feliu de Guixols\"},\"image\":{\"@id\":\"https:\\\/\\\/cnsfg.cat\\\/fr\\\/#\\\/schema\\\/logo\\\/image\\\/\"},\"sameAs\":[\"https:\\\/\\\/www.facebook.com\\\/Club-N\u00e0utic-Sant-Feliu-525823567569507\\\/\",\"https:\\\/\\\/x.com\\\/NauticSantFeliu\"]}]}<\/script>\n<!-- \/ Yoast SEO plugin. -->","yoast_head_json":{"title":"Canal \u00e9thique - Club N\u00e0utic Sant Feliu de Guixols","description":"El Club N\u00e0utic Sant Feliu de Gu\u00edxols agit selon les normes les plus \u00e9lev\u00e9es d\u2019engagement pour une action \u00e9thique et responsable.","robots":{"index":"index","follow":"follow","max-snippet":"max-snippet:-1","max-image-preview":"max-image-preview:large","max-video-preview":"max-video-preview:-1"},"canonical":"https:\/\/cnsfg.cat\/fr\/le-club\/canal-etanche\/","og_locale":"fr_FR","og_type":"article","og_title":"Canal \u00e9thique - Club N\u00e0utic Sant Feliu de Guixols","og_description":"El Club N\u00e0utic Sant Feliu de Gu\u00edxols agit selon les normes les plus \u00e9lev\u00e9es d\u2019engagement pour une action \u00e9thique et responsable.","og_url":"https:\/\/cnsfg.cat\/fr\/le-club\/canal-etanche\/","og_site_name":"Club N\u00e0utic Sant Feliu de Guixols","article_publisher":"https:\/\/www.facebook.com\/Club-N%c3%a0utic-Sant-Feliu-525823567569507\/","article_modified_time":"2022-07-26T11:23:31+00:00","twitter_card":"summary_large_image","twitter_site":"@NauticSantFeliu","schema":{"@context":"https:\/\/schema.org","@graph":[{"@type":"WebPage","@id":"https:\/\/cnsfg.cat\/fr\/le-club\/canal-etanche\/","url":"https:\/\/cnsfg.cat\/fr\/le-club\/canal-etanche\/","name":"Canal \u00e9thique - Club N\u00e0utic Sant Feliu de Guixols","isPartOf":{"@id":"https:\/\/cnsfg.cat\/fr\/#website"},"datePublished":"2022-05-05T08:14:57+00:00","dateModified":"2022-07-26T11:23:31+00:00","description":"El Club N\u00e0utic Sant Feliu de Gu\u00edxols agit selon les normes les plus \u00e9lev\u00e9es d\u2019engagement pour une action \u00e9thique et responsable.","breadcrumb":{"@id":"https:\/\/cnsfg.cat\/fr\/le-club\/canal-etanche\/#breadcrumb"},"inLanguage":"fr-FR","potentialAction":[{"@type":"ReadAction","target":["https:\/\/cnsfg.cat\/fr\/le-club\/canal-etanche\/"]}]},{"@type":"BreadcrumbList","@id":"https:\/\/cnsfg.cat\/fr\/le-club\/canal-etanche\/#breadcrumb","itemListElement":[{"@type":"ListItem","position":1,"name":"Portada","item":"https:\/\/cnsfg.cat\/fr\/"},{"@type":"ListItem","position":2,"name":"Le club","item":"https:\/\/cnsfg.cat\/fr\/el-club\/"},{"@type":"ListItem","position":3,"name":"Canal \u00e9thique"}]},{"@type":"WebSite","@id":"https:\/\/cnsfg.cat\/fr\/#website","url":"https:\/\/cnsfg.cat\/fr\/","name":"Club N\u00e0utic Sant Feliu de Guixols","description":"Club n\u00e0utic amb m\u00e9s de 400 amarradors a Sant Feliu de Guixols, Costa Brava.","publisher":{"@id":"https:\/\/cnsfg.cat\/fr\/#organization"},"potentialAction":[{"@type":"SearchAction","target":{"@type":"EntryPoint","urlTemplate":"https:\/\/cnsfg.cat\/fr\/?s={search_term_string}"},"query-input":{"@type":"PropertyValueSpecification","valueRequired":true,"valueName":"search_term_string"}}],"inLanguage":"fr-FR"},{"@type":"Organization","@id":"https:\/\/cnsfg.cat\/fr\/#organization","name":"Club Na\u00f9tic Sant Feliu de Guixols","url":"https:\/\/cnsfg.cat\/fr\/","logo":{"@type":"ImageObject","inLanguage":"fr-FR","@id":"https:\/\/cnsfg.cat\/fr\/#\/schema\/logo\/image\/","url":"https:\/\/cnsfg.cat\/wp-content\/uploads\/2020\/03\/LOGO_CNSFG_180.png","contentUrl":"https:\/\/cnsfg.cat\/wp-content\/uploads\/2020\/03\/LOGO_CNSFG_180.png","width":180,"height":71,"caption":"Club Na\u00f9tic Sant Feliu de Guixols"},"image":{"@id":"https:\/\/cnsfg.cat\/fr\/#\/schema\/logo\/image\/"},"sameAs":["https:\/\/www.facebook.com\/Club-N\u00e0utic-Sant-Feliu-525823567569507\/","https:\/\/x.com\/NauticSantFeliu"]}]}},"_links":{"self":[{"href":"https:\/\/cnsfg.cat\/fr\/wp-json\/wp\/v2\/pages\/354983","targetHints":{"allow":["GET"]}}],"collection":[{"href":"https:\/\/cnsfg.cat\/fr\/wp-json\/wp\/v2\/pages"}],"about":[{"href":"https:\/\/cnsfg.cat\/fr\/wp-json\/wp\/v2\/types\/page"}],"author":[{"embeddable":true,"href":"https:\/\/cnsfg.cat\/fr\/wp-json\/wp\/v2\/users\/13"}],"replies":[{"embeddable":true,"href":"https:\/\/cnsfg.cat\/fr\/wp-json\/wp\/v2\/comments?post=354983"}],"version-history":[{"count":0,"href":"https:\/\/cnsfg.cat\/fr\/wp-json\/wp\/v2\/pages\/354983\/revisions"}],"up":[{"embeddable":true,"href":"https:\/\/cnsfg.cat\/fr\/wp-json\/wp\/v2\/pages\/351916"}],"wp:attachment":[{"href":"https:\/\/cnsfg.cat\/fr\/wp-json\/wp\/v2\/media?parent=354983"}],"wp:term":[{"taxonomy":"difl_page_category","embeddable":true,"href":"https:\/\/cnsfg.cat\/fr\/wp-json\/wp\/v2\/difl_page_category?post=354983"}],"curies":[{"name":"wp","href":"https:\/\/api.w.org\/{rel}","templated":true}]}}