{"id":355738,"date":"2022-05-09T10:46:07","date_gmt":"2022-05-09T08:46:07","guid":{"rendered":"https:\/\/cnsfg.cat\/anuncis\/"},"modified":"2022-05-12T09:27:01","modified_gmt":"2022-05-12T07:27:01","slug":"annonces","status":"publish","type":"page","link":"https:\/\/cnsfg.cat\/fr\/espace-membres\/tableau-affichage\/annonces\/","title":{"rendered":"annonces"},"content":{"rendered":"<p>[et_pb_section fb_built=\u00a0\u00bb1&Prime; admin_label=\u00a0\u00bbContent tab\u00a0\u00bb _builder_version=\u00a0\u00bb4.17.3&Prime; width=\u00a0\u00bb100%\u00a0\u00bb max_width=\u00a0\u00bb100%\u00a0\u00bb custom_padding=\u00a0\u00bb0px||0px||false|false\u00a0\u00bb locked=\u00a0\u00bboff\u00a0\u00bb global_colors_info=\u00a0\u00bb{}\u00a0\u00bb][et_pb_row _builder_version=\u00a0\u00bb4.17.3&Prime; background_color=\u00a0\u00bb#e0e0e0&Prime; background_size=\u00a0\u00bbinitial\u00a0\u00bb background_position=\u00a0\u00bbtop_left\u00a0\u00bb background_repeat=\u00a0\u00bbrepeat\u00a0\u00bb width=\u00a0\u00bb85%\u00a0\u00bb max_width=\u00a0\u00bb100%\u00a0\u00bb custom_padding=\u00a0\u00bb23px|30px|0px|30px|false|true\u00a0\u00bb global_colors_info=\u00a0\u00bb{}\u00a0\u00bb][et_pb_column type=\u00a0\u00bb4_4&Prime; _builder_version=\u00a0\u00bb4.16&Prime; custom_padding=\u00a0\u00bb|||\u00a0\u00bb global_colors_info=\u00a0\u00bb{}\u00a0\u00bb custom_padding__hover=\u00a0\u00bb|||\u00a0\u00bb][et_pb_text admin_label=\u00a0\u00bbAnuncis cercador\u00a0\u00bb _builder_version=\u00a0\u00bb4.17.3&Prime; _module_preset=\u00a0\u00bbdefault\u00a0\u00bb custom_margin=\u00a0\u00bb||30px||false|false\u00a0\u00bb custom_padding=\u00a0\u00bb||||false|false\u00a0\u00bb global_colors_info=\u00a0\u00bb{}\u00a0\u00bb]<\/p>\n<div class='listings_search_shortcode'><\/div>\n<p>[\/et_pb_text][\/et_pb_column][\/et_pb_row][\/et_pb_section]<\/p>\n","protected":false},"excerpt":{"rendered":"<div class='listings_search_shortcode'><\/div>\n","protected":false},"author":13,"featured_media":0,"parent":356605,"menu_order":0,"comment_status":"closed","ping_status":"closed","template":"","meta":{"_et_pb_use_builder":"on","_et_pb_old_content":"","_et_gb_content_width":"","footnotes":""},"difl_page_category":[],"class_list":["post-355738","page","type-page","status-publish","hentry"],"yoast_head":"<!-- This site is optimized with the Yoast SEO plugin v27.3 - https:\/\/yoast.com\/product\/yoast-seo-wordpress\/ -->\n<title>annonces - Club N\u00e0utic Sant Feliu de Guixols<\/title>\n<meta name=\"robots\" content=\"index, follow, max-snippet:-1, max-image-preview:large, max-video-preview:-1\" \/>\n<link rel=\"canonical\" href=\"https:\/\/cnsfg.cat\/fr\/espace-membres\/tableau-affichage\/annonces\/\" \/>\n<meta property=\"og:locale\" content=\"fr_FR\" \/>\n<meta property=\"og:type\" content=\"article\" \/>\n<meta property=\"og:title\" content=\"annonces - Club N\u00e0utic Sant Feliu de Guixols\" \/>\n<meta property=\"og:url\" content=\"https:\/\/cnsfg.cat\/fr\/espace-membres\/tableau-affichage\/annonces\/\" \/>\n<meta property=\"og:site_name\" content=\"Club N\u00e0utic Sant Feliu de Guixols\" \/>\n<meta property=\"article:publisher\" content=\"https:\/\/www.facebook.com\/Club-N%c3%a0utic-Sant-Feliu-525823567569507\/\" \/>\n<meta property=\"article:modified_time\" content=\"2022-05-12T07:27:01+00:00\" \/>\n<meta name=\"twitter:card\" content=\"summary_large_image\" \/>\n<meta name=\"twitter:site\" content=\"@NauticSantFeliu\" \/>\n<script type=\"application\/ld+json\" class=\"yoast-schema-graph\">{\"@context\":\"https:\\\/\\\/schema.org\",\"@graph\":[{\"@type\":\"WebPage\",\"@id\":\"https:\\\/\\\/cnsfg.cat\\\/fr\\\/espace-membres\\\/tableau-affichage\\\/annonces\\\/\",\"url\":\"https:\\\/\\\/cnsfg.cat\\\/fr\\\/espace-membres\\\/tableau-affichage\\\/annonces\\\/\",\"name\":\"annonces - Club N\u00e0utic Sant Feliu de Guixols\",\"isPartOf\":{\"@id\":\"https:\\\/\\\/cnsfg.cat\\\/fr\\\/#website\"},\"datePublished\":\"2022-05-09T08:46:07+00:00\",\"dateModified\":\"2022-05-12T07:27:01+00:00\",\"breadcrumb\":{\"@id\":\"https:\\\/\\\/cnsfg.cat\\\/fr\\\/espace-membres\\\/tableau-affichage\\\/annonces\\\/#breadcrumb\"},\"inLanguage\":\"fr-FR\",\"potentialAction\":[{\"@type\":\"ReadAction\",\"target\":[\"https:\\\/\\\/cnsfg.cat\\\/fr\\\/espace-membres\\\/tableau-affichage\\\/annonces\\\/\"]}]},{\"@type\":\"BreadcrumbList\",\"@id\":\"https:\\\/\\\/cnsfg.cat\\\/fr\\\/espace-membres\\\/tableau-affichage\\\/annonces\\\/#breadcrumb\",\"itemListElement\":[{\"@type\":\"ListItem\",\"position\":1,\"name\":\"Portada\",\"item\":\"https:\\\/\\\/cnsfg.cat\\\/fr\\\/\"},{\"@type\":\"ListItem\",\"position\":2,\"name\":\"Espace priv\u00e9 partenaire\",\"item\":\"https:\\\/\\\/cnsfg.cat\\\/fr\\\/espace-membres\\\/\"},{\"@type\":\"ListItem\",\"position\":3,\"name\":\"Tableau d&#8217;affichage\",\"item\":\"https:\\\/\\\/cnsfg.cat\\\/fr\\\/espace-membres\\\/tableau-affichage\\\/\"}]},{\"@type\":\"WebSite\",\"@id\":\"https:\\\/\\\/cnsfg.cat\\\/fr\\\/#website\",\"url\":\"https:\\\/\\\/cnsfg.cat\\\/fr\\\/\",\"name\":\"Club N\u00e0utic Sant Feliu de Guixols\",\"description\":\"Club n\u00e0utic amb m\u00e9s de 400 amarradors a Sant Feliu de Guixols, Costa Brava.\",\"publisher\":{\"@id\":\"https:\\\/\\\/cnsfg.cat\\\/fr\\\/#organization\"},\"potentialAction\":[{\"@type\":\"SearchAction\",\"target\":{\"@type\":\"EntryPoint\",\"urlTemplate\":\"https:\\\/\\\/cnsfg.cat\\\/fr\\\/?s={search_term_string}\"},\"query-input\":{\"@type\":\"PropertyValueSpecification\",\"valueRequired\":true,\"valueName\":\"search_term_string\"}}],\"inLanguage\":\"fr-FR\"},{\"@type\":\"Organization\",\"@id\":\"https:\\\/\\\/cnsfg.cat\\\/fr\\\/#organization\",\"name\":\"Club Na\u00f9tic Sant Feliu de Guixols\",\"url\":\"https:\\\/\\\/cnsfg.cat\\\/fr\\\/\",\"logo\":{\"@type\":\"ImageObject\",\"inLanguage\":\"fr-FR\",\"@id\":\"https:\\\/\\\/cnsfg.cat\\\/fr\\\/#\\\/schema\\\/logo\\\/image\\\/\",\"url\":\"https:\\\/\\\/cnsfg.cat\\\/wp-content\\\/uploads\\\/2020\\\/03\\\/LOGO_CNSFG_180.png\",\"contentUrl\":\"https:\\\/\\\/cnsfg.cat\\\/wp-content\\\/uploads\\\/2020\\\/03\\\/LOGO_CNSFG_180.png\",\"width\":180,\"height\":71,\"caption\":\"Club Na\u00f9tic Sant Feliu de Guixols\"},\"image\":{\"@id\":\"https:\\\/\\\/cnsfg.cat\\\/fr\\\/#\\\/schema\\\/logo\\\/image\\\/\"},\"sameAs\":[\"https:\\\/\\\/www.facebook.com\\\/Club-N\u00e0utic-Sant-Feliu-525823567569507\\\/\",\"https:\\\/\\\/x.com\\\/NauticSantFeliu\"]}]}<\/script>\n<!-- \/ Yoast SEO plugin. -->","yoast_head_json":{"title":"annonces - Club N\u00e0utic Sant Feliu de Guixols","robots":{"index":"index","follow":"follow","max-snippet":"max-snippet:-1","max-image-preview":"max-image-preview:large","max-video-preview":"max-video-preview:-1"},"canonical":"https:\/\/cnsfg.cat\/fr\/espace-membres\/tableau-affichage\/annonces\/","og_locale":"fr_FR","og_type":"article","og_title":"annonces - Club N\u00e0utic Sant Feliu de Guixols","og_url":"https:\/\/cnsfg.cat\/fr\/espace-membres\/tableau-affichage\/annonces\/","og_site_name":"Club N\u00e0utic Sant Feliu de Guixols","article_publisher":"https:\/\/www.facebook.com\/Club-N%c3%a0utic-Sant-Feliu-525823567569507\/","article_modified_time":"2022-05-12T07:27:01+00:00","twitter_card":"summary_large_image","twitter_site":"@NauticSantFeliu","schema":{"@context":"https:\/\/schema.org","@graph":[{"@type":"WebPage","@id":"https:\/\/cnsfg.cat\/fr\/espace-membres\/tableau-affichage\/annonces\/","url":"https:\/\/cnsfg.cat\/fr\/espace-membres\/tableau-affichage\/annonces\/","name":"annonces - Club N\u00e0utic Sant Feliu de Guixols","isPartOf":{"@id":"https:\/\/cnsfg.cat\/fr\/#website"},"datePublished":"2022-05-09T08:46:07+00:00","dateModified":"2022-05-12T07:27:01+00:00","breadcrumb":{"@id":"https:\/\/cnsfg.cat\/fr\/espace-membres\/tableau-affichage\/annonces\/#breadcrumb"},"inLanguage":"fr-FR","potentialAction":[{"@type":"ReadAction","target":["https:\/\/cnsfg.cat\/fr\/espace-membres\/tableau-affichage\/annonces\/"]}]},{"@type":"BreadcrumbList","@id":"https:\/\/cnsfg.cat\/fr\/espace-membres\/tableau-affichage\/annonces\/#breadcrumb","itemListElement":[{"@type":"ListItem","position":1,"name":"Portada","item":"https:\/\/cnsfg.cat\/fr\/"},{"@type":"ListItem","position":2,"name":"Espace priv\u00e9 partenaire","item":"https:\/\/cnsfg.cat\/fr\/espace-membres\/"},{"@type":"ListItem","position":3,"name":"Tableau d&#8217;affichage","item":"https:\/\/cnsfg.cat\/fr\/espace-membres\/tableau-affichage\/"}]},{"@type":"WebSite","@id":"https:\/\/cnsfg.cat\/fr\/#website","url":"https:\/\/cnsfg.cat\/fr\/","name":"Club N\u00e0utic Sant Feliu de Guixols","description":"Club n\u00e0utic amb m\u00e9s de 400 amarradors a Sant Feliu de Guixols, Costa Brava.","publisher":{"@id":"https:\/\/cnsfg.cat\/fr\/#organization"},"potentialAction":[{"@type":"SearchAction","target":{"@type":"EntryPoint","urlTemplate":"https:\/\/cnsfg.cat\/fr\/?s={search_term_string}"},"query-input":{"@type":"PropertyValueSpecification","valueRequired":true,"valueName":"search_term_string"}}],"inLanguage":"fr-FR"},{"@type":"Organization","@id":"https:\/\/cnsfg.cat\/fr\/#organization","name":"Club Na\u00f9tic Sant Feliu de Guixols","url":"https:\/\/cnsfg.cat\/fr\/","logo":{"@type":"ImageObject","inLanguage":"fr-FR","@id":"https:\/\/cnsfg.cat\/fr\/#\/schema\/logo\/image\/","url":"https:\/\/cnsfg.cat\/wp-content\/uploads\/2020\/03\/LOGO_CNSFG_180.png","contentUrl":"https:\/\/cnsfg.cat\/wp-content\/uploads\/2020\/03\/LOGO_CNSFG_180.png","width":180,"height":71,"caption":"Club Na\u00f9tic Sant Feliu de Guixols"},"image":{"@id":"https:\/\/cnsfg.cat\/fr\/#\/schema\/logo\/image\/"},"sameAs":["https:\/\/www.facebook.com\/Club-N\u00e0utic-Sant-Feliu-525823567569507\/","https:\/\/x.com\/NauticSantFeliu"]}]}},"_links":{"self":[{"href":"https:\/\/cnsfg.cat\/fr\/wp-json\/wp\/v2\/pages\/355738","targetHints":{"allow":["GET"]}}],"collection":[{"href":"https:\/\/cnsfg.cat\/fr\/wp-json\/wp\/v2\/pages"}],"about":[{"href":"https:\/\/cnsfg.cat\/fr\/wp-json\/wp\/v2\/types\/page"}],"author":[{"embeddable":true,"href":"https:\/\/cnsfg.cat\/fr\/wp-json\/wp\/v2\/users\/13"}],"replies":[{"embeddable":true,"href":"https:\/\/cnsfg.cat\/fr\/wp-json\/wp\/v2\/comments?post=355738"}],"version-history":[{"count":0,"href":"https:\/\/cnsfg.cat\/fr\/wp-json\/wp\/v2\/pages\/355738\/revisions"}],"up":[{"embeddable":true,"href":"https:\/\/cnsfg.cat\/fr\/wp-json\/wp\/v2\/pages\/356605"}],"wp:attachment":[{"href":"https:\/\/cnsfg.cat\/fr\/wp-json\/wp\/v2\/media?parent=355738"}],"wp:term":[{"taxonomy":"difl_page_category","embeddable":true,"href":"https:\/\/cnsfg.cat\/fr\/wp-json\/wp\/v2\/difl_page_category?post=355738"}],"curies":[{"name":"wp","href":"https:\/\/api.w.org\/{rel}","templated":true}]}}