{"id":356239,"date":"2022-05-06T12:40:27","date_gmt":"2022-05-06T10:40:27","guid":{"rendered":"https:\/\/cnsfg.cat\/socis-t\/"},"modified":"2024-12-23T22:16:56","modified_gmt":"2024-12-23T21:16:56","slug":"espace-membres","status":"publish","type":"page","link":"https:\/\/cnsfg.cat\/fr\/espace-membres\/","title":{"rendered":"Espace priv\u00e9 partenaire"},"content":{"rendered":"<p>[et_pb_section fb_built=\u00a0\u00bb1&Prime; admin_label=\u00a0\u00bbMenu &#8211; tabs\u00a0\u00bb _builder_version=\u00a0\u00bb4.17.3&Prime; _module_preset=\u00a0\u00bbdefault\u00a0\u00bb width=\u00a0\u00bb100%\u00a0\u00bb max_width=\u00a0\u00bb100%\u00a0\u00bb custom_margin=\u00a0\u00bb0px||0px||false|false\u00a0\u00bb custom_padding=\u00a0\u00bb0px||0px||false|false\u00a0\u00bb locked=\u00a0\u00bboff\u00a0\u00bb global_colors_info=\u00a0\u00bb{}\u00a0\u00bb][et_pb_row _builder_version=\u00a0\u00bb4.17.3&Prime; _module_preset=\u00a0\u00bbdefault\u00a0\u00bb width=\u00a0\u00bb85%\u00a0\u00bb max_width=\u00a0\u00bb100%\u00a0\u00bb custom_margin=\u00a0\u00bb0px||0px||false|false\u00a0\u00bb custom_padding=\u00a0\u00bb0px||0px||false|false\u00a0\u00bb global_colors_info=\u00a0\u00bb{}\u00a0\u00bb][et_pb_column type=\u00a0\u00bb4_4&Prime; _builder_version=\u00a0\u00bb4.17.3&Prime; _module_preset=\u00a0\u00bbdefault\u00a0\u00bb global_colors_info=\u00a0\u00bb{}\u00a0\u00bb][et_pb_code admin_label=\u00a0\u00bbMenu Shortcode\u00a0\u00bb _builder_version=\u00a0\u00bb4.17.4&Prime; _module_preset=\u00a0\u00bbdefault\u00a0\u00bb global_colors_info=\u00a0\u00bb{}\u00a0\u00bb]<div class='menu-tab-socis'><div class='tab-item tab-item-documentacio'><a href='https:\/\/cnsfg.cat\/socis\/documentacio\/'><img src='https:\/\/cnsfg.cat\/wp-content\/uploads\/2021\/08\/user.png' alt='documentacio'>Documentation<\/a><\/div><div class='tab-item tab-item-formularis'><a href='https:\/\/cnsfg.cat\/socis\/formularis\/'><img src='https:\/\/cnsfg.cat\/wp-content\/uploads\/2021\/04\/documentacio-1.png' alt='formularis'>Formulaires<\/a><\/div><div class='tab-item tab-item-tarifes'><a href='https:\/\/cnsfg.cat\/socis\/tarifes\/'><img src='https:\/\/cnsfg.cat\/wp-content\/uploads\/2021\/04\/003-contrato.png' alt='tarifes'>Tarifs<\/a><\/div><div class='tab-item tab-item-ofertes-especials'><a href='https:\/\/cnsfg.cat\/socis\/ofertes-especials\/'><img src='https:\/\/cnsfg.cat\/wp-content\/uploads\/2021\/08\/bolsa-de-la-compra.png' alt='ofertes-especials'>Offres sp\u00e9ciales<\/a><\/div><div class='tab-item tab-item-tauler-anuncis'><a href='https:\/\/cnsfg.cat\/socis\/tauler-anuncis\/'><img src='https:\/\/cnsfg.cat\/wp-content\/uploads\/2021\/08\/etiqueta-de-precio.png' alt='tauler-anuncis'>Tableau d'affichage<\/a><\/div><div class='tab-item tab-item-renovacio-concessio'><a href='https:\/\/cnsfg.cat\/fr\/espace-membres\/'><img src='https:\/\/cnsfg.cat\/wp-content\/uploads\/2021\/08\/yacht.png' alt='renovacio-concessio'>Renouvellement Concession<\/a><\/div><div class='tab-item tab-item-dades-soci'><a href='https:\/\/cnsfg.cat\/socis\/dades-soci\/'><img src='https:\/\/cnsfg.cat\/wp-content\/uploads\/2021\/04\/002-mano.png' alt='dades-soci'>Donn\u00e9es des membres<\/a><\/div><\/div>[\/et_pb_code][\/et_pb_column][\/et_pb_row][et_pb_row admin_label=\u00a0\u00bbAvantages pour les membres :\u00a0\u00bb _builder_version=\u00a0\u00bb4.16&Prime; locked=\u00a0\u00bboff\u00a0\u00bb collapsed=\u00a0\u00bboff\u00a0\u00bb global_colors_info=\u00a0\u00bb{}\u00a0\u00bb][et_pb_column type=\u00a0\u00bb4_4&Prime; _builder_version=\u00a0\u00bb4.16&Prime; global_colors_info=\u00a0\u00bb{}\u00a0\u00bb][et_pb_text _builder_version=\u00a0\u00bb4.27.4&Prime; _module_preset=\u00a0\u00bbdefault\u00a0\u00bb header_font=\u00a0\u00bb|600|||||||\u00a0\u00bb header_text_color=\u00a0\u00bb#002850&Prime; header_font_size=\u00a0\u00bb150px\u00a0\u00bb header_2_font=\u00a0\u00bb|600|||||||\u00a0\u00bb header_2_font_size=\u00a0\u00bb30px\u00a0\u00bb global_colors_info=\u00a0\u00bb{}\u00a0\u00bb]<\/p>\n<h2 style=\"text-align: left;\">Avantages pour les membres :<\/h2>\n<p>[\/et_pb_text][\/et_pb_column][\/et_pb_row][et_pb_row column_structure=\u00a0\u00bb1_2,1_2&Prime; admin_label=\u00a0\u00bbAvantages pour les membres :\u00a0\u00bb _builder_version=\u00a0\u00bb4.16&Prime; locked=\u00a0\u00bboff\u00a0\u00bb collapsed=\u00a0\u00bboff\u00a0\u00bb global_colors_info=\u00a0\u00bb{}\u00a0\u00bb][et_pb_column type=\u00a0\u00bb1_2&Prime; _builder_version=\u00a0\u00bb4.16&Prime; global_colors_info=\u00a0\u00bb{}\u00a0\u00bb][et_pb_text _builder_version=\u00a0\u00bb4.27.4&Prime; _module_preset=\u00a0\u00bbdefault\u00a0\u00bb hover_enabled=\u00a0\u00bb0&Prime; sticky_enabled=\u00a0\u00bb0&Prime;]<\/p>\n<h3><strong>Services exclusifs pour les membres :<\/strong><\/h3>\n<ul>\n<li>Voix et vote \u00e0 l\u2019Assembl\u00e9e G\u00e9n\u00e9rale des Membres<\/li>\n<li>Services gratuits d\u2019extraction de la t\u00eate d\u2019h\u00e9lice sous-marine et de r\u00e9cup\u00e9ration d\u2019objets \u00e0 l\u2019int\u00e9rieur du quai<\/li>\n<li>25% de r\u00e9duction sur les services maritimes<\/li>\n<li>Avantages et r\u00e9ductions exclusives sur l\u2019achat de produits et services dans les entreprises collaboratrices du Club.<\/li>\n<li>Pour les bateaux des membres jusqu\u2019\u00e0 10 tonnes, service de remorquage gratuit d\u2019une mont\u00e9e et d\u2019une descente par an<\/li>\n<li>Bloqu\u00e9 en cale s\u00e8che pendant trois jours en haute saison ou quinze jours en basse saison, une fois par an<\/li>\n<li>R\u00e9ductions sur les activit\u00e9s sportives et location de paddle SUP, kayak et voile l\u00e9g\u00e8re<\/li>\n<li>R\u00e9ductions dans les restaurants du club n\u00e0utic<\/li>\n<li>Acc\u00e8s \u00e0 la salle sociale<\/li>\n<li>Invitation \u00e0 des f\u00eates sociales<\/li>\n<li>R\u00e9ductions ou inscription gratuite pour les r\u00e9gates<\/li>\n<\/ul>\n<p><strong>Conditions:<\/strong><\/p>\n<ul>\n<li>Respecter les r\u00e8gles \u00e9tablies dans le r\u00e8glement et le r\u00e8glement int\u00e9rieur du club<\/li>\n<li>Payer la cotisation annuelle fix\u00e9e par l\u2019Assembl\u00e9e Ordinaire des Membres du Club<\/li>\n<\/ul>\n<p><strong>Vous pouvez \u00eatre membre du Club sans avoir de bateau ou d\u2019amarrage si vous \u00eates le conjoint ou l\u2019enfant d\u2019un membre actif.<\/strong><\/p>\n<p>[\/et_pb_text][\/et_pb_column][et_pb_column type=\u00a0\u00bb1_2&Prime; _builder_version=\u00a0\u00bb4.16&Prime; global_colors_info=\u00a0\u00bb{}\u00a0\u00bb][et_pb_text _builder_version=\u00a0\u00bb4.27.4&Prime; _module_preset=\u00a0\u00bbdefault\u00a0\u00bb hover_enabled=\u00a0\u00bb0&Prime; sticky_enabled=\u00a0\u00bb0&Prime;]<\/p>\n<h3><strong>Avantages pour les membres de la famille du Club:<\/strong><\/h3>\n<ul>\n<li>R\u00e9ductions et offres sp\u00e9ciales dans les entreprises collaborant avec le Club.<\/li>\n<li>Carte d\u2019acc\u00e8s au yacht club et parking ind\u00e9fini pour 30 \u20ac<\/li>\n<li>R\u00e9ductions dans les restaurants<\/li>\n<li>R\u00e9ductions sur les activit\u00e9s sportives<\/li>\n<li>R\u00e9ductions sur la location de kayaks, SUP paddle et voile l\u00e9g\u00e8re<\/li>\n<li>Invitation \u00e0 des f\u00eates sociales<\/li>\n<\/ul>\n<p><strong>Conditions:<\/strong><\/p>\n<ul>\n<li>La carte de membre est personnelle et non transf\u00e9rable et les avantages et r\u00e9ductions ne s\u2019appliquent qu\u2019\u00e0 son titulaire<\/li>\n<li>Pour profiter des avantages et des r\u00e9ductions, vous devez vous identifier avec la carte de membre<\/li>\n<li>Payer la redevance annuelle \u00e9tablie.<\/li>\n<li>Payer la cotisation annuelle fix\u00e9e par l\u2019Assembl\u00e9e Ordinaire des Membres du Club<\/li>\n<\/ul>\n<p><strong>Pour devenir un membre ou un membre de la famille, veuillez contacter le bureau du Club Nautique et nous vous donnerons toutes les informations n\u00e9cessaires<\/strong><\/p>\n<p>[\/et_pb_text][et_pb_button button_url=\u00a0\u00bb@ET-DC@eyJkeW5hbWljIjp0cnVlLCJjb250ZW50IjoicG9zdF9saW5rX3VybF9wYWdlIiwic2V0dGluZ3MiOnsicG9zdF9pZCI6IjI2NTIyOSJ9fQ==@\u00a0\u00bb button_text=\u00a0\u00bbOu demandez plus d\u2019informations ici\u00a0\u00bb admin_label=\u00a0\u00bbboton\u00a0\u00bb module_class=\u00a0\u00bbboto_sub\u00a0\u00bb _builder_version=\u00a0\u00bb4.27.4&Prime; _dynamic_attributes=\u00a0\u00bbbutton_url\u00a0\u00bb custom_button=\u00a0\u00bbon\u00a0\u00bb button_text_size=\u00a0\u00bb18px\u00a0\u00bb button_text_color=\u00a0\u00bb#000000&Prime; button_bg_color=\u00a0\u00bbrgba(0,0,0,0)\u00a0\u00bb button_border_width=\u00a0\u00bb0px\u00a0\u00bb button_border_color=\u00a0\u00bbgcid-a509f5b8-46a1-4f97-b6e1-9ee245c37b6f\u00a0\u00bb button_border_radius=\u00a0\u00bb0px\u00a0\u00bb button_font=\u00a0\u00bbMontserrat|600|||||||\u00a0\u00bb button_on_hover=\u00a0\u00bboff\u00a0\u00bb z_index=\u00a0\u00bb500&Prime; custom_margin=\u00a0\u00bb0px||||false|false\u00a0\u00bb custom_margin_tablet=\u00a0\u00bb35px||||false|false\u00a0\u00bb custom_margin_phone=\u00a0\u00bb0px||||false|false\u00a0\u00bb custom_margin_last_edited=\u00a0\u00bbon|phone\u00a0\u00bb custom_padding=\u00a0\u00bb0px|0px|4px|0px|false|false\u00a0\u00bb custom_css_after=\u00a0\u00bbcontent: %22%22;||display: block;||width: 30px;||height: 2px;||background-color: #1e1e26;||position: absolute;||bottom:0;||left:0 !important;||right: auto !important;||margin: 0 !important;||transition: 0.3s;\u00a0\u00bb locked=\u00a0\u00bboff\u00a0\u00bb global_colors_info=\u00a0\u00bb{%22gcid-a509f5b8-46a1-4f97-b6e1-9ee245c37b6f%22:%91%22button_border_color%22%93}\u00a0\u00bb][\/et_pb_button][\/et_pb_column][\/et_pb_row][\/et_pb_section]<\/p>\n","protected":false},"excerpt":{"rendered":"<p><div class='menu-tab-socis'><div class='tab-item tab-item-documentacio'><a href='https:\/\/cnsfg.cat\/socis\/documentacio\/'><img src='https:\/\/cnsfg.cat\/wp-content\/uploads\/2021\/08\/user.png' alt='documentacio'>Documentation<\/a><\/div><div class='tab-item tab-item-formularis'><a href='https:\/\/cnsfg.cat\/socis\/formularis\/'><img src='https:\/\/cnsfg.cat\/wp-content\/uploads\/2021\/04\/documentacio-1.png' alt='formularis'>Formulaires<\/a><\/div><div class='tab-item tab-item-tarifes'><a href='https:\/\/cnsfg.cat\/socis\/tarifes\/'><img src='https:\/\/cnsfg.cat\/wp-content\/uploads\/2021\/04\/003-contrato.png' alt='tarifes'>Tarifs<\/a><\/div><div class='tab-item tab-item-ofertes-especials'><a href='https:\/\/cnsfg.cat\/socis\/ofertes-especials\/'><img src='https:\/\/cnsfg.cat\/wp-content\/uploads\/2021\/08\/bolsa-de-la-compra.png' alt='ofertes-especials'>Offres sp\u00e9ciales<\/a><\/div><div class='tab-item tab-item-tauler-anuncis'><a href='https:\/\/cnsfg.cat\/socis\/tauler-anuncis\/'><img src='https:\/\/cnsfg.cat\/wp-content\/uploads\/2021\/08\/etiqueta-de-precio.png' alt='tauler-anuncis'>Tableau d'affichage<\/a><\/div><div class='tab-item tab-item-renovacio-concessio'><a href='https:\/\/cnsfg.cat\/fr\/et_pb_layout\/calendari-noticies-galeria\/'><img src='https:\/\/cnsfg.cat\/wp-content\/uploads\/2021\/08\/yacht.png' alt='renovacio-concessio'>Renouvellement Concession<\/a><\/div><div class='tab-item tab-item-dades-soci'><a href='https:\/\/cnsfg.cat\/socis\/dades-soci\/'><img src='https:\/\/cnsfg.cat\/wp-content\/uploads\/2021\/04\/002-mano.png' alt='dades-soci'>Donn\u00e9es des membres<\/a><\/div><\/div>Avantages pour les membres :Services exclusifs pour les membres : Voix et vote \u00e0 l\u2019Assembl\u00e9e G\u00e9n\u00e9rale des Membres Services gratuits d\u2019extraction de la t\u00eate d\u2019h\u00e9lice sous-marine et de r\u00e9cup\u00e9ration d\u2019objets [&hellip;]<\/p>\n","protected":false},"author":13,"featured_media":0,"parent":0,"menu_order":0,"comment_status":"closed","ping_status":"closed","template":"","meta":{"_et_pb_use_builder":"on","_et_pb_old_content":"","_et_gb_content_width":"","footnotes":""},"difl_page_category":[],"class_list":["post-356239","page","type-page","status-publish","hentry"],"yoast_head":"<!-- This site is optimized with the Yoast SEO plugin v27.3 - https:\/\/yoast.com\/product\/yoast-seo-wordpress\/ -->\n<title>Espace priv\u00e9 partenaire - Club N\u00e0utic Sant Feliu de Guixols<\/title>\n<meta name=\"robots\" content=\"index, follow, max-snippet:-1, max-image-preview:large, max-video-preview:-1\" \/>\n<link rel=\"canonical\" href=\"https:\/\/cnsfg.cat\/fr\/espace-membres\/\" \/>\n<meta property=\"og:locale\" content=\"fr_FR\" \/>\n<meta property=\"og:type\" content=\"article\" \/>\n<meta property=\"og:title\" content=\"Espace priv\u00e9 partenaire - Club N\u00e0utic Sant Feliu de Guixols\" \/>\n<meta property=\"og:url\" content=\"https:\/\/cnsfg.cat\/fr\/espace-membres\/\" \/>\n<meta property=\"og:site_name\" content=\"Club N\u00e0utic Sant Feliu de Guixols\" \/>\n<meta property=\"article:publisher\" content=\"https:\/\/www.facebook.com\/Club-N%c3%a0utic-Sant-Feliu-525823567569507\/\" \/>\n<meta property=\"article:modified_time\" content=\"2024-12-23T21:16:56+00:00\" \/>\n<meta name=\"twitter:card\" content=\"summary_large_image\" \/>\n<meta name=\"twitter:site\" content=\"@NauticSantFeliu\" \/>\n<script type=\"application\/ld+json\" class=\"yoast-schema-graph\">{\"@context\":\"https:\\\/\\\/schema.org\",\"@graph\":[{\"@type\":\"WebPage\",\"@id\":\"https:\\\/\\\/cnsfg.cat\\\/fr\\\/espace-membres\\\/\",\"url\":\"https:\\\/\\\/cnsfg.cat\\\/fr\\\/espace-membres\\\/\",\"name\":\"Espace priv\u00e9 partenaire - Club N\u00e0utic Sant Feliu de Guixols\",\"isPartOf\":{\"@id\":\"https:\\\/\\\/cnsfg.cat\\\/fr\\\/#website\"},\"datePublished\":\"2022-05-06T10:40:27+00:00\",\"dateModified\":\"2024-12-23T21:16:56+00:00\",\"breadcrumb\":{\"@id\":\"https:\\\/\\\/cnsfg.cat\\\/fr\\\/espace-membres\\\/#breadcrumb\"},\"inLanguage\":\"fr-FR\",\"potentialAction\":[{\"@type\":\"ReadAction\",\"target\":[\"https:\\\/\\\/cnsfg.cat\\\/fr\\\/espace-membres\\\/\"]}]},{\"@type\":\"BreadcrumbList\",\"@id\":\"https:\\\/\\\/cnsfg.cat\\\/fr\\\/espace-membres\\\/#breadcrumb\",\"itemListElement\":[{\"@type\":\"ListItem\",\"position\":1,\"name\":\"Portada\",\"item\":\"https:\\\/\\\/cnsfg.cat\\\/fr\\\/\"},{\"@type\":\"ListItem\",\"position\":2,\"name\":\"Espace priv\u00e9 partenaire\"}]},{\"@type\":\"WebSite\",\"@id\":\"https:\\\/\\\/cnsfg.cat\\\/fr\\\/#website\",\"url\":\"https:\\\/\\\/cnsfg.cat\\\/fr\\\/\",\"name\":\"Club N\u00e0utic Sant Feliu de Guixols\",\"description\":\"Club n\u00e0utic amb m\u00e9s de 400 amarradors a Sant Feliu de Guixols, Costa Brava.\",\"publisher\":{\"@id\":\"https:\\\/\\\/cnsfg.cat\\\/fr\\\/#organization\"},\"potentialAction\":[{\"@type\":\"SearchAction\",\"target\":{\"@type\":\"EntryPoint\",\"urlTemplate\":\"https:\\\/\\\/cnsfg.cat\\\/fr\\\/?s={search_term_string}\"},\"query-input\":{\"@type\":\"PropertyValueSpecification\",\"valueRequired\":true,\"valueName\":\"search_term_string\"}}],\"inLanguage\":\"fr-FR\"},{\"@type\":\"Organization\",\"@id\":\"https:\\\/\\\/cnsfg.cat\\\/fr\\\/#organization\",\"name\":\"Club Na\u00f9tic Sant Feliu de Guixols\",\"url\":\"https:\\\/\\\/cnsfg.cat\\\/fr\\\/\",\"logo\":{\"@type\":\"ImageObject\",\"inLanguage\":\"fr-FR\",\"@id\":\"https:\\\/\\\/cnsfg.cat\\\/fr\\\/#\\\/schema\\\/logo\\\/image\\\/\",\"url\":\"https:\\\/\\\/cnsfg.cat\\\/wp-content\\\/uploads\\\/2020\\\/03\\\/LOGO_CNSFG_180.png\",\"contentUrl\":\"https:\\\/\\\/cnsfg.cat\\\/wp-content\\\/uploads\\\/2020\\\/03\\\/LOGO_CNSFG_180.png\",\"width\":180,\"height\":71,\"caption\":\"Club Na\u00f9tic Sant Feliu de Guixols\"},\"image\":{\"@id\":\"https:\\\/\\\/cnsfg.cat\\\/fr\\\/#\\\/schema\\\/logo\\\/image\\\/\"},\"sameAs\":[\"https:\\\/\\\/www.facebook.com\\\/Club-N\u00e0utic-Sant-Feliu-525823567569507\\\/\",\"https:\\\/\\\/x.com\\\/NauticSantFeliu\"]}]}<\/script>\n<!-- \/ Yoast SEO plugin. -->","yoast_head_json":{"title":"Espace priv\u00e9 partenaire - Club N\u00e0utic Sant Feliu de Guixols","robots":{"index":"index","follow":"follow","max-snippet":"max-snippet:-1","max-image-preview":"max-image-preview:large","max-video-preview":"max-video-preview:-1"},"canonical":"https:\/\/cnsfg.cat\/fr\/espace-membres\/","og_locale":"fr_FR","og_type":"article","og_title":"Espace priv\u00e9 partenaire - Club N\u00e0utic Sant Feliu de Guixols","og_url":"https:\/\/cnsfg.cat\/fr\/espace-membres\/","og_site_name":"Club N\u00e0utic Sant Feliu de Guixols","article_publisher":"https:\/\/www.facebook.com\/Club-N%c3%a0utic-Sant-Feliu-525823567569507\/","article_modified_time":"2024-12-23T21:16:56+00:00","twitter_card":"summary_large_image","twitter_site":"@NauticSantFeliu","schema":{"@context":"https:\/\/schema.org","@graph":[{"@type":"WebPage","@id":"https:\/\/cnsfg.cat\/fr\/espace-membres\/","url":"https:\/\/cnsfg.cat\/fr\/espace-membres\/","name":"Espace priv\u00e9 partenaire - Club N\u00e0utic Sant Feliu de Guixols","isPartOf":{"@id":"https:\/\/cnsfg.cat\/fr\/#website"},"datePublished":"2022-05-06T10:40:27+00:00","dateModified":"2024-12-23T21:16:56+00:00","breadcrumb":{"@id":"https:\/\/cnsfg.cat\/fr\/espace-membres\/#breadcrumb"},"inLanguage":"fr-FR","potentialAction":[{"@type":"ReadAction","target":["https:\/\/cnsfg.cat\/fr\/espace-membres\/"]}]},{"@type":"BreadcrumbList","@id":"https:\/\/cnsfg.cat\/fr\/espace-membres\/#breadcrumb","itemListElement":[{"@type":"ListItem","position":1,"name":"Portada","item":"https:\/\/cnsfg.cat\/fr\/"},{"@type":"ListItem","position":2,"name":"Espace priv\u00e9 partenaire"}]},{"@type":"WebSite","@id":"https:\/\/cnsfg.cat\/fr\/#website","url":"https:\/\/cnsfg.cat\/fr\/","name":"Club N\u00e0utic Sant Feliu de Guixols","description":"Club n\u00e0utic amb m\u00e9s de 400 amarradors a Sant Feliu de Guixols, Costa Brava.","publisher":{"@id":"https:\/\/cnsfg.cat\/fr\/#organization"},"potentialAction":[{"@type":"SearchAction","target":{"@type":"EntryPoint","urlTemplate":"https:\/\/cnsfg.cat\/fr\/?s={search_term_string}"},"query-input":{"@type":"PropertyValueSpecification","valueRequired":true,"valueName":"search_term_string"}}],"inLanguage":"fr-FR"},{"@type":"Organization","@id":"https:\/\/cnsfg.cat\/fr\/#organization","name":"Club Na\u00f9tic Sant Feliu de Guixols","url":"https:\/\/cnsfg.cat\/fr\/","logo":{"@type":"ImageObject","inLanguage":"fr-FR","@id":"https:\/\/cnsfg.cat\/fr\/#\/schema\/logo\/image\/","url":"https:\/\/cnsfg.cat\/wp-content\/uploads\/2020\/03\/LOGO_CNSFG_180.png","contentUrl":"https:\/\/cnsfg.cat\/wp-content\/uploads\/2020\/03\/LOGO_CNSFG_180.png","width":180,"height":71,"caption":"Club Na\u00f9tic Sant Feliu de Guixols"},"image":{"@id":"https:\/\/cnsfg.cat\/fr\/#\/schema\/logo\/image\/"},"sameAs":["https:\/\/www.facebook.com\/Club-N\u00e0utic-Sant-Feliu-525823567569507\/","https:\/\/x.com\/NauticSantFeliu"]}]}},"_links":{"self":[{"href":"https:\/\/cnsfg.cat\/fr\/wp-json\/wp\/v2\/pages\/356239","targetHints":{"allow":["GET"]}}],"collection":[{"href":"https:\/\/cnsfg.cat\/fr\/wp-json\/wp\/v2\/pages"}],"about":[{"href":"https:\/\/cnsfg.cat\/fr\/wp-json\/wp\/v2\/types\/page"}],"author":[{"embeddable":true,"href":"https:\/\/cnsfg.cat\/fr\/wp-json\/wp\/v2\/users\/13"}],"replies":[{"embeddable":true,"href":"https:\/\/cnsfg.cat\/fr\/wp-json\/wp\/v2\/comments?post=356239"}],"version-history":[{"count":14,"href":"https:\/\/cnsfg.cat\/fr\/wp-json\/wp\/v2\/pages\/356239\/revisions"}],"predecessor-version":[{"id":405478,"href":"https:\/\/cnsfg.cat\/fr\/wp-json\/wp\/v2\/pages\/356239\/revisions\/405478"}],"wp:attachment":[{"href":"https:\/\/cnsfg.cat\/fr\/wp-json\/wp\/v2\/media?parent=356239"}],"wp:term":[{"taxonomy":"difl_page_category","embeddable":true,"href":"https:\/\/cnsfg.cat\/fr\/wp-json\/wp\/v2\/difl_page_category?post=356239"}],"curies":[{"name":"wp","href":"https:\/\/api.w.org\/{rel}","templated":true}]}}