{"id":356586,"date":"2022-05-06T16:41:18","date_gmt":"2022-05-06T14:41:18","guid":{"rendered":"https:\/\/cnsfg.cat\/espace-membres-t\/formularis\/"},"modified":"2022-06-17T19:31:49","modified_gmt":"2022-06-17T17:31:49","slug":"formulaires","status":"publish","type":"page","link":"https:\/\/cnsfg.cat\/fr\/espace-membres\/formulaires\/","title":{"rendered":"Formulaires"},"content":{"rendered":"<p>[et_pb_section fb_built=\u00a0\u00bb1&Prime; admin_label=\u00a0\u00bbMenu &#8211; tabs\u00a0\u00bb _builder_version=\u00a0\u00bb4.17.3&Prime; _module_preset=\u00a0\u00bbdefault\u00a0\u00bb width=\u00a0\u00bb100%\u00a0\u00bb max_width=\u00a0\u00bb100%\u00a0\u00bb custom_margin=\u00a0\u00bb0px||0px||false|false\u00a0\u00bb custom_padding=\u00a0\u00bb0px||0px||false|false\u00a0\u00bb locked=\u00a0\u00bboff\u00a0\u00bb global_colors_info=\u00a0\u00bb{}\u00a0\u00bb][et_pb_row _builder_version=\u00a0\u00bb4.17.3&Prime; _module_preset=\u00a0\u00bbdefault\u00a0\u00bb width=\u00a0\u00bb85%\u00a0\u00bb max_width=\u00a0\u00bb100%\u00a0\u00bb custom_margin=\u00a0\u00bb0px||0px||false|false\u00a0\u00bb custom_padding=\u00a0\u00bb0px||0px||false|false\u00a0\u00bb global_colors_info=\u00a0\u00bb{}\u00a0\u00bb][et_pb_column type=\u00a0\u00bb4_4&Prime; _builder_version=\u00a0\u00bb4.17.3&Prime; _module_preset=\u00a0\u00bbdefault\u00a0\u00bb global_colors_info=\u00a0\u00bb{}\u00a0\u00bb][et_pb_code admin_label=\u00a0\u00bbShortcode menu\u00a0\u00bb _builder_version=\u00a0\u00bb4.17.3&Prime; _module_preset=\u00a0\u00bbdefault\u00a0\u00bb global_colors_info=\u00a0\u00bb{}\u00a0\u00bb]<div class='menu-tab-socis'><div class='tab-item tab-item-documentacio'><a href='https:\/\/cnsfg.cat\/socis\/documentacio\/'><img src='https:\/\/cnsfg.cat\/wp-content\/uploads\/2021\/08\/user.png' alt='documentacio'>Documentation<\/a><\/div><div class='tab-item tab-item-formularis selected'><a href='https:\/\/cnsfg.cat\/socis\/formularis\/'><img src='https:\/\/cnsfg.cat\/wp-content\/uploads\/2021\/04\/documentacio-1.png' alt='formularis'>Formulaires<\/a><\/div><div class='tab-item tab-item-tarifes'><a href='https:\/\/cnsfg.cat\/socis\/tarifes\/'><img src='https:\/\/cnsfg.cat\/wp-content\/uploads\/2021\/04\/003-contrato.png' alt='tarifes'>Tarifs<\/a><\/div><div class='tab-item tab-item-ofertes-especials'><a href='https:\/\/cnsfg.cat\/socis\/ofertes-especials\/'><img src='https:\/\/cnsfg.cat\/wp-content\/uploads\/2021\/08\/bolsa-de-la-compra.png' alt='ofertes-especials'>Offres sp\u00e9ciales<\/a><\/div><div class='tab-item tab-item-tauler-anuncis'><a href='https:\/\/cnsfg.cat\/socis\/tauler-anuncis\/'><img src='https:\/\/cnsfg.cat\/wp-content\/uploads\/2021\/08\/etiqueta-de-precio.png' alt='tauler-anuncis'>Tableau d'affichage<\/a><\/div><div class='tab-item tab-item-renovacio-concessio'><a href='https:\/\/cnsfg.cat\/fr\/espace-membres\/formulaires\/'><img src='https:\/\/cnsfg.cat\/wp-content\/uploads\/2021\/08\/yacht.png' alt='renovacio-concessio'>Renouvellement Concession<\/a><\/div><div class='tab-item tab-item-dades-soci'><a href='https:\/\/cnsfg.cat\/socis\/dades-soci\/'><img src='https:\/\/cnsfg.cat\/wp-content\/uploads\/2021\/04\/002-mano.png' alt='dades-soci'>Donn\u00e9es des membres<\/a><\/div><\/div>[\/et_pb_code][\/et_pb_column][\/et_pb_row][\/et_pb_section][et_pb_section fb_built=\u00a0\u00bb1&Prime; admin_label=\u00a0\u00bbContent tab\u00a0\u00bb _builder_version=\u00a0\u00bb4.17.3&Prime; width=\u00a0\u00bb100%\u00a0\u00bb max_width=\u00a0\u00bb100%\u00a0\u00bb custom_padding=\u00a0\u00bb0px||||false|false\u00a0\u00bb locked=\u00a0\u00bboff\u00a0\u00bb global_colors_info=\u00a0\u00bb{}\u00a0\u00bb][et_pb_row _builder_version=\u00a0\u00bb4.17.3&Prime; background_color=\u00a0\u00bb#e0e0e0&Prime; background_size=\u00a0\u00bbinitial\u00a0\u00bb background_position=\u00a0\u00bbtop_left\u00a0\u00bb background_repeat=\u00a0\u00bbrepeat\u00a0\u00bb width=\u00a0\u00bb85%\u00a0\u00bb max_width=\u00a0\u00bb100%\u00a0\u00bb custom_padding=\u00a0\u00bb23px|30px|23px|30px|true|true\u00a0\u00bb global_colors_info=\u00a0\u00bb{}\u00a0\u00bb][et_pb_column type=\u00a0\u00bb4_4&Prime; _builder_version=\u00a0\u00bb4.16&Prime; custom_padding=\u00a0\u00bb|||\u00a0\u00bb global_colors_info=\u00a0\u00bb{}\u00a0\u00bb custom_padding__hover=\u00a0\u00bb|||\u00a0\u00bb][et_pb_text admin_label=\u00a0\u00bbTitol formularis\u00a0\u00bb _builder_version=\u00a0\u00bb4.17.3&Prime; _module_preset=\u00a0\u00bbdefault\u00a0\u00bb global_colors_info=\u00a0\u00bb{}\u00a0\u00bb]<\/p>\n<h2 style=\"text-align: center;\"><strong>Demandes d\u2019acc\u00e8s, autorisations, enregistrement et r\u00e9siliation d\u2019affiliation, inscription, &#8230;<\/strong><\/h2>\n<p>[\/et_pb_text][\/et_pb_column][\/et_pb_row][et_pb_row column_structure=\u00a0\u00bb1_2,1_2&Prime; use_custom_gutter=\u00a0\u00bbon\u00a0\u00bb gutter_width=\u00a0\u00bb2&Prime; _builder_version=\u00a0\u00bb4.17.4&Prime; _module_preset=\u00a0\u00bbdefault\u00a0\u00bb background_color=\u00a0\u00bb#e0e0e0&Prime; background_size=\u00a0\u00bbinitial\u00a0\u00bb background_position=\u00a0\u00bbtop_left\u00a0\u00bb background_repeat=\u00a0\u00bbrepeat\u00a0\u00bb width=\u00a0\u00bb85%\u00a0\u00bb max_width=\u00a0\u00bb100%\u00a0\u00bb custom_padding=\u00a0\u00bb0px|30px|26px|30px|false|true\u00a0\u00bb global_colors_info=\u00a0\u00bb{}\u00a0\u00bb][et_pb_column type=\u00a0\u00bb1_2&Prime; _builder_version=\u00a0\u00bb4.17.4&Prime; _module_preset=\u00a0\u00bbdefault\u00a0\u00bb global_colors_info=\u00a0\u00bb{}\u00a0\u00bb][et_pb_blurb title=\u00a0\u00bbAutorisations des propri\u00e9taires aux professionnels pour le travail\u00a0\u00bb image=\u00a0\u00bbhttps:\/\/cnsfg.cat\/wp-content\/uploads\/2022\/06\/pdf_icon.png\u00a0\u00bb icon_placement=\u00a0\u00bbleft\u00a0\u00bb module_class=\u00a0\u00bbblurb-descarrega\u00a0\u00bb _builder_version=\u00a0\u00bb4.17.4&Prime; _module_preset=\u00a0\u00bbdefault\u00a0\u00bb global_colors_info=\u00a0\u00bb{}\u00a0\u00bb]<\/p>\n<div class=\"document-desc\">Dans ce lien, vous trouverez un formulaire vous permettant d\u2019autoriser un ou plusieurs industriels \u00e0 acc\u00e9der \u00e0 votre bateau lorsqu\u2019il se trouve \u00e0 l\u2019int\u00e9rieur des installations du Club N\u00e0utic Sant Feliu de Gu\u00edxols.<\/div>\n<p><a class=\"download-btn\" href=\"https:\/\/cnsfg.cat\/wp-content\/uploads\/2021\/07\/5.-CNSFG-AUTORITZACIO-PROPIETARIS-A-PROFESSIONALS-PER-TREBALLAR-A-LES-EMBARCACIONS_form.pdf\" target=\"_blank\" rel=\"noopener\">T\u00e9l\u00e9charger<\/a><\/p>\n<p>[\/et_pb_blurb][et_pb_blurb title=\u00a0\u00bbDemande d\u2019acc\u00e8s des propri\u00e9taires \u00e0 la zone technique\u00a0\u00bb image=\u00a0\u00bbhttps:\/\/cnsfg.cat\/wp-content\/uploads\/2022\/06\/pdf_icon.png\u00a0\u00bb icon_placement=\u00a0\u00bbleft\u00a0\u00bb module_class=\u00a0\u00bbblurb-descarrega\u00a0\u00bb _builder_version=\u00a0\u00bb4.17.4&Prime; _module_preset=\u00a0\u00bbdefault\u00a0\u00bb global_colors_info=\u00a0\u00bb{}\u00a0\u00bb]<\/p>\n<div class=\"document-desc\">\n<p>L\u2019acc\u00e8s \u00e0 la zone technique est limit\u00e9 aux industriels qui sont \u00e0 jour conform\u00e9ment au R\u00e8glement de coordination des activit\u00e9s commerciales et aux propri\u00e9taires du navire.<\/p>\n<p>Les propri\u00e9taires du bateau avant d\u2019acc\u00e9der \u00e0 la zone technique doivent fournir \u00e0 la r\u00e9ception du Club N\u00e0utic Sant Feliu de Gu\u00edxols une autorisation expresse et exclusive pour l\u2019acc\u00e8s du partenaire et utilisateur non professionnel qui poss\u00e8de un bateau. Dans le lien suivant, vous trouverez le formulaire de demande d\u2019autorisation.<\/p>\n<\/div>\n<p><a class=\"download-btn\" href=\"https:\/\/cnsfg.cat\/wp-content\/uploads\/2021\/07\/4.-CNSFG-SOL%C2%B7LICITUD-DACCES-PROPIETARIS-A-LAREA-TECNICA_Form.pdf\" target=\"_blank\" rel=\"noopener\">T\u00e9l\u00e9charger<\/a><\/p>\n<p>[\/et_pb_blurb][\/et_pb_column][et_pb_column type=\u00a0\u00bb1_2&Prime; _builder_version=\u00a0\u00bb4.17.4&Prime; _module_preset=\u00a0\u00bbdefault\u00a0\u00bb global_colors_info=\u00a0\u00bb{}\u00a0\u00bb][et_pb_blurb title=\u00a0\u00bbNormes g\u00e9n\u00e9rales de s\u00e9curit\u00e9\u00a0\u00bb image=\u00a0\u00bbhttps:\/\/cnsfg.cat\/wp-content\/uploads\/2022\/06\/pdf_icon.png\u00a0\u00bb icon_placement=\u00a0\u00bbleft\u00a0\u00bb module_class=\u00a0\u00bbblurb-descarrega\u00a0\u00bb _builder_version=\u00a0\u00bb4.17.4&Prime; _module_preset=\u00a0\u00bbdefault\u00a0\u00bb global_colors_info=\u00a0\u00bb{}\u00a0\u00bb]<\/p>\n<div class=\"document-desc\">\n<p>Dans ce lien, vous trouverez les r\u00e8gles de sant\u00e9 et de s\u00e9curit\u00e9, de protection de l\u2019environnement, de r\u00e8gles de conduite et de mesures \u00e0 suivre en cas d\u2019urgence. Il s\u2019agit d\u2019informations pr\u00e9ventives pour les entreprises et les travailleurs ind\u00e9pendants qui exercent leur activit\u00e9 dans les installations du Club N\u00e0utic Sant Feliu de Gu\u00edxols.<\/p>\n<p>Dans le cas o\u00f9 un armateur engage un industriel pour effectuer des travaux sur son bateau, il doit demander qu\u2019avant d\u2019entrer dans le club n\u00e0utic , contactez l\u2019administration du club n\u00e0utic pour se conformer \u00e0 la loi de coordination des activit\u00e9s commerciales (CAE). Cela impliquera la livraison de certaines documentations par l\u2019industriel, entre autres l\u2019acceptation des r\u00e8gles g\u00e9n\u00e9rales que vous pouvez voir dans ce lien.<\/p>\n<\/div>\n<p><a href=\"https:\/\/cnsfg.cat\/wp-content\/uploads\/2021\/07\/3.-CNSFG-NORMES-GENERALS-SEGURETAT-PRL.pdf\" class=\"download-btn\" target=\"_blank\" rel=\"noopener\">T\u00e9l\u00e9charger<\/a><\/p>\n<p>[\/et_pb_blurb][\/et_pb_column][\/et_pb_row][\/et_pb_section]<\/p>\n","protected":false},"excerpt":{"rendered":"<p><div class='menu-tab-socis'><div class='tab-item tab-item-documentacio'><a href='https:\/\/cnsfg.cat\/socis\/documentacio\/'><img src='https:\/\/cnsfg.cat\/wp-content\/uploads\/2021\/08\/user.png' alt='documentacio'>Documentation<\/a><\/div><div class='tab-item tab-item-formularis selected'><a href='https:\/\/cnsfg.cat\/socis\/formularis\/'><img src='https:\/\/cnsfg.cat\/wp-content\/uploads\/2021\/04\/documentacio-1.png' alt='formularis'>Formulaires<\/a><\/div><div class='tab-item tab-item-tarifes'><a href='https:\/\/cnsfg.cat\/socis\/tarifes\/'><img src='https:\/\/cnsfg.cat\/wp-content\/uploads\/2021\/04\/003-contrato.png' alt='tarifes'>Tarifs<\/a><\/div><div class='tab-item tab-item-ofertes-especials'><a href='https:\/\/cnsfg.cat\/socis\/ofertes-especials\/'><img src='https:\/\/cnsfg.cat\/wp-content\/uploads\/2021\/08\/bolsa-de-la-compra.png' alt='ofertes-especials'>Offres sp\u00e9ciales<\/a><\/div><div class='tab-item tab-item-tauler-anuncis'><a href='https:\/\/cnsfg.cat\/socis\/tauler-anuncis\/'><img src='https:\/\/cnsfg.cat\/wp-content\/uploads\/2021\/08\/etiqueta-de-precio.png' alt='tauler-anuncis'>Tableau d'affichage<\/a><\/div><div class='tab-item tab-item-renovacio-concessio'><a href='https:\/\/cnsfg.cat\/fr\/et_pb_layout\/calendari-noticies-galeria\/'><img src='https:\/\/cnsfg.cat\/wp-content\/uploads\/2021\/08\/yacht.png' alt='renovacio-concessio'>Renouvellement Concession<\/a><\/div><div class='tab-item tab-item-dades-soci'><a href='https:\/\/cnsfg.cat\/socis\/dades-soci\/'><img src='https:\/\/cnsfg.cat\/wp-content\/uploads\/2021\/04\/002-mano.png' alt='dades-soci'>Donn\u00e9es des membres<\/a><\/div><\/div>Demandes d\u2019acc\u00e8s, autorisations, enregistrement et r\u00e9siliation d\u2019affiliation, inscription, &#8230;Dans ce lien, vous trouverez un formulaire vous permettant d\u2019autoriser un ou plusieurs industriels \u00e0 acc\u00e9der \u00e0 votre bateau lorsqu\u2019il se [&hellip;]<\/p>\n","protected":false},"author":13,"featured_media":0,"parent":356239,"menu_order":0,"comment_status":"closed","ping_status":"closed","template":"","meta":{"_et_pb_use_builder":"on","_et_pb_old_content":"","_et_gb_content_width":"","footnotes":""},"difl_page_category":[],"class_list":["post-356586","page","type-page","status-publish","hentry"],"yoast_head":"<!-- This site is optimized with the Yoast SEO plugin v27.3 - https:\/\/yoast.com\/product\/yoast-seo-wordpress\/ -->\n<title>Formulaires - Club N\u00e0utic Sant Feliu de Guixols<\/title>\n<meta name=\"description\" content=\"Vous trouverez ici toute la documentation et les formulaires tels que les demandes d\u2019acc\u00e8s, les autorisations, les inscriptions et annulations, les inscriptions, ...\" \/>\n<meta name=\"robots\" content=\"index, follow, max-snippet:-1, max-image-preview:large, max-video-preview:-1\" \/>\n<link rel=\"canonical\" href=\"https:\/\/cnsfg.cat\/fr\/espace-membres\/formulaires\/\" \/>\n<meta property=\"og:locale\" content=\"fr_FR\" \/>\n<meta property=\"og:type\" content=\"article\" \/>\n<meta property=\"og:title\" content=\"Formulaires - Club N\u00e0utic Sant Feliu de Guixols\" \/>\n<meta property=\"og:description\" content=\"Vous trouverez ici toute la documentation et les formulaires tels que les demandes d\u2019acc\u00e8s, les autorisations, les inscriptions et annulations, les inscriptions, ...\" \/>\n<meta property=\"og:url\" content=\"https:\/\/cnsfg.cat\/fr\/espace-membres\/formulaires\/\" \/>\n<meta property=\"og:site_name\" content=\"Club N\u00e0utic Sant Feliu de Guixols\" \/>\n<meta property=\"article:publisher\" content=\"https:\/\/www.facebook.com\/Club-N%c3%a0utic-Sant-Feliu-525823567569507\/\" \/>\n<meta property=\"article:modified_time\" content=\"2022-06-17T17:31:49+00:00\" \/>\n<meta name=\"twitter:card\" content=\"summary_large_image\" \/>\n<meta name=\"twitter:site\" content=\"@NauticSantFeliu\" \/>\n<script type=\"application\/ld+json\" class=\"yoast-schema-graph\">{\"@context\":\"https:\\\/\\\/schema.org\",\"@graph\":[{\"@type\":\"WebPage\",\"@id\":\"https:\\\/\\\/cnsfg.cat\\\/fr\\\/espace-membres\\\/formulaires\\\/\",\"url\":\"https:\\\/\\\/cnsfg.cat\\\/fr\\\/espace-membres\\\/formulaires\\\/\",\"name\":\"Formulaires - Club N\u00e0utic Sant Feliu de Guixols\",\"isPartOf\":{\"@id\":\"https:\\\/\\\/cnsfg.cat\\\/fr\\\/#website\"},\"datePublished\":\"2022-05-06T14:41:18+00:00\",\"dateModified\":\"2022-06-17T17:31:49+00:00\",\"description\":\"Vous trouverez ici toute la documentation et les formulaires tels que les demandes d\u2019acc\u00e8s, les autorisations, les inscriptions et annulations, les inscriptions, ...\",\"breadcrumb\":{\"@id\":\"https:\\\/\\\/cnsfg.cat\\\/fr\\\/espace-membres\\\/formulaires\\\/#breadcrumb\"},\"inLanguage\":\"fr-FR\",\"potentialAction\":[{\"@type\":\"ReadAction\",\"target\":[\"https:\\\/\\\/cnsfg.cat\\\/fr\\\/espace-membres\\\/formulaires\\\/\"]}]},{\"@type\":\"BreadcrumbList\",\"@id\":\"https:\\\/\\\/cnsfg.cat\\\/fr\\\/espace-membres\\\/formulaires\\\/#breadcrumb\",\"itemListElement\":[{\"@type\":\"ListItem\",\"position\":1,\"name\":\"Portada\",\"item\":\"https:\\\/\\\/cnsfg.cat\\\/fr\\\/\"},{\"@type\":\"ListItem\",\"position\":2,\"name\":\"Espace priv\u00e9 partenaire\",\"item\":\"https:\\\/\\\/cnsfg.cat\\\/fr\\\/espace-membres\\\/\"},{\"@type\":\"ListItem\",\"position\":3,\"name\":\"Formulaires\"}]},{\"@type\":\"WebSite\",\"@id\":\"https:\\\/\\\/cnsfg.cat\\\/fr\\\/#website\",\"url\":\"https:\\\/\\\/cnsfg.cat\\\/fr\\\/\",\"name\":\"Club N\u00e0utic Sant Feliu de Guixols\",\"description\":\"Club n\u00e0utic amb m\u00e9s de 400 amarradors a Sant Feliu de Guixols, Costa Brava.\",\"publisher\":{\"@id\":\"https:\\\/\\\/cnsfg.cat\\\/fr\\\/#organization\"},\"potentialAction\":[{\"@type\":\"SearchAction\",\"target\":{\"@type\":\"EntryPoint\",\"urlTemplate\":\"https:\\\/\\\/cnsfg.cat\\\/fr\\\/?s={search_term_string}\"},\"query-input\":{\"@type\":\"PropertyValueSpecification\",\"valueRequired\":true,\"valueName\":\"search_term_string\"}}],\"inLanguage\":\"fr-FR\"},{\"@type\":\"Organization\",\"@id\":\"https:\\\/\\\/cnsfg.cat\\\/fr\\\/#organization\",\"name\":\"Club Na\u00f9tic Sant Feliu de Guixols\",\"url\":\"https:\\\/\\\/cnsfg.cat\\\/fr\\\/\",\"logo\":{\"@type\":\"ImageObject\",\"inLanguage\":\"fr-FR\",\"@id\":\"https:\\\/\\\/cnsfg.cat\\\/fr\\\/#\\\/schema\\\/logo\\\/image\\\/\",\"url\":\"https:\\\/\\\/cnsfg.cat\\\/wp-content\\\/uploads\\\/2020\\\/03\\\/LOGO_CNSFG_180.png\",\"contentUrl\":\"https:\\\/\\\/cnsfg.cat\\\/wp-content\\\/uploads\\\/2020\\\/03\\\/LOGO_CNSFG_180.png\",\"width\":180,\"height\":71,\"caption\":\"Club Na\u00f9tic Sant Feliu de Guixols\"},\"image\":{\"@id\":\"https:\\\/\\\/cnsfg.cat\\\/fr\\\/#\\\/schema\\\/logo\\\/image\\\/\"},\"sameAs\":[\"https:\\\/\\\/www.facebook.com\\\/Club-N\u00e0utic-Sant-Feliu-525823567569507\\\/\",\"https:\\\/\\\/x.com\\\/NauticSantFeliu\"]}]}<\/script>\n<!-- \/ Yoast SEO plugin. -->","yoast_head_json":{"title":"Formulaires - Club N\u00e0utic Sant Feliu de Guixols","description":"Vous trouverez ici toute la documentation et les formulaires tels que les demandes d\u2019acc\u00e8s, les autorisations, les inscriptions et annulations, les inscriptions, ...","robots":{"index":"index","follow":"follow","max-snippet":"max-snippet:-1","max-image-preview":"max-image-preview:large","max-video-preview":"max-video-preview:-1"},"canonical":"https:\/\/cnsfg.cat\/fr\/espace-membres\/formulaires\/","og_locale":"fr_FR","og_type":"article","og_title":"Formulaires - Club N\u00e0utic Sant Feliu de Guixols","og_description":"Vous trouverez ici toute la documentation et les formulaires tels que les demandes d\u2019acc\u00e8s, les autorisations, les inscriptions et annulations, les inscriptions, ...","og_url":"https:\/\/cnsfg.cat\/fr\/espace-membres\/formulaires\/","og_site_name":"Club N\u00e0utic Sant Feliu de Guixols","article_publisher":"https:\/\/www.facebook.com\/Club-N%c3%a0utic-Sant-Feliu-525823567569507\/","article_modified_time":"2022-06-17T17:31:49+00:00","twitter_card":"summary_large_image","twitter_site":"@NauticSantFeliu","schema":{"@context":"https:\/\/schema.org","@graph":[{"@type":"WebPage","@id":"https:\/\/cnsfg.cat\/fr\/espace-membres\/formulaires\/","url":"https:\/\/cnsfg.cat\/fr\/espace-membres\/formulaires\/","name":"Formulaires - Club N\u00e0utic Sant Feliu de Guixols","isPartOf":{"@id":"https:\/\/cnsfg.cat\/fr\/#website"},"datePublished":"2022-05-06T14:41:18+00:00","dateModified":"2022-06-17T17:31:49+00:00","description":"Vous trouverez ici toute la documentation et les formulaires tels que les demandes d\u2019acc\u00e8s, les autorisations, les inscriptions et annulations, les inscriptions, ...","breadcrumb":{"@id":"https:\/\/cnsfg.cat\/fr\/espace-membres\/formulaires\/#breadcrumb"},"inLanguage":"fr-FR","potentialAction":[{"@type":"ReadAction","target":["https:\/\/cnsfg.cat\/fr\/espace-membres\/formulaires\/"]}]},{"@type":"BreadcrumbList","@id":"https:\/\/cnsfg.cat\/fr\/espace-membres\/formulaires\/#breadcrumb","itemListElement":[{"@type":"ListItem","position":1,"name":"Portada","item":"https:\/\/cnsfg.cat\/fr\/"},{"@type":"ListItem","position":2,"name":"Espace priv\u00e9 partenaire","item":"https:\/\/cnsfg.cat\/fr\/espace-membres\/"},{"@type":"ListItem","position":3,"name":"Formulaires"}]},{"@type":"WebSite","@id":"https:\/\/cnsfg.cat\/fr\/#website","url":"https:\/\/cnsfg.cat\/fr\/","name":"Club N\u00e0utic Sant Feliu de Guixols","description":"Club n\u00e0utic amb m\u00e9s de 400 amarradors a Sant Feliu de Guixols, Costa Brava.","publisher":{"@id":"https:\/\/cnsfg.cat\/fr\/#organization"},"potentialAction":[{"@type":"SearchAction","target":{"@type":"EntryPoint","urlTemplate":"https:\/\/cnsfg.cat\/fr\/?s={search_term_string}"},"query-input":{"@type":"PropertyValueSpecification","valueRequired":true,"valueName":"search_term_string"}}],"inLanguage":"fr-FR"},{"@type":"Organization","@id":"https:\/\/cnsfg.cat\/fr\/#organization","name":"Club Na\u00f9tic Sant Feliu de Guixols","url":"https:\/\/cnsfg.cat\/fr\/","logo":{"@type":"ImageObject","inLanguage":"fr-FR","@id":"https:\/\/cnsfg.cat\/fr\/#\/schema\/logo\/image\/","url":"https:\/\/cnsfg.cat\/wp-content\/uploads\/2020\/03\/LOGO_CNSFG_180.png","contentUrl":"https:\/\/cnsfg.cat\/wp-content\/uploads\/2020\/03\/LOGO_CNSFG_180.png","width":180,"height":71,"caption":"Club Na\u00f9tic Sant Feliu de Guixols"},"image":{"@id":"https:\/\/cnsfg.cat\/fr\/#\/schema\/logo\/image\/"},"sameAs":["https:\/\/www.facebook.com\/Club-N\u00e0utic-Sant-Feliu-525823567569507\/","https:\/\/x.com\/NauticSantFeliu"]}]}},"_links":{"self":[{"href":"https:\/\/cnsfg.cat\/fr\/wp-json\/wp\/v2\/pages\/356586","targetHints":{"allow":["GET"]}}],"collection":[{"href":"https:\/\/cnsfg.cat\/fr\/wp-json\/wp\/v2\/pages"}],"about":[{"href":"https:\/\/cnsfg.cat\/fr\/wp-json\/wp\/v2\/types\/page"}],"author":[{"embeddable":true,"href":"https:\/\/cnsfg.cat\/fr\/wp-json\/wp\/v2\/users\/13"}],"replies":[{"embeddable":true,"href":"https:\/\/cnsfg.cat\/fr\/wp-json\/wp\/v2\/comments?post=356586"}],"version-history":[{"count":0,"href":"https:\/\/cnsfg.cat\/fr\/wp-json\/wp\/v2\/pages\/356586\/revisions"}],"up":[{"embeddable":true,"href":"https:\/\/cnsfg.cat\/fr\/wp-json\/wp\/v2\/pages\/356239"}],"wp:attachment":[{"href":"https:\/\/cnsfg.cat\/fr\/wp-json\/wp\/v2\/media?parent=356586"}],"wp:term":[{"taxonomy":"difl_page_category","embeddable":true,"href":"https:\/\/cnsfg.cat\/fr\/wp-json\/wp\/v2\/difl_page_category?post=356586"}],"curies":[{"name":"wp","href":"https:\/\/api.w.org\/{rel}","templated":true}]}}