{"id":356592,"date":"2022-05-09T08:23:09","date_gmt":"2022-05-09T06:23:09","guid":{"rendered":"https:\/\/cnsfg.cat\/?page_id=356592"},"modified":"2025-01-23T16:32:16","modified_gmt":"2025-01-23T15:32:16","slug":"tarifs","status":"publish","type":"page","link":"https:\/\/cnsfg.cat\/fr\/espace-membres\/tarifs\/","title":{"rendered":"Tarifs"},"content":{"rendered":"<p>[et_pb_section fb_built=\u00a0\u00bb1&Prime; admin_label=\u00a0\u00bbMenu &#8211; tabs\u00a0\u00bb _builder_version=\u00a0\u00bb4.17.3&Prime; _module_preset=\u00a0\u00bbdefault\u00a0\u00bb width=\u00a0\u00bb100%\u00a0\u00bb max_width=\u00a0\u00bb100%\u00a0\u00bb custom_margin=\u00a0\u00bb0px||0px||false|false\u00a0\u00bb custom_padding=\u00a0\u00bb0px||0px||false|false\u00a0\u00bb locked=\u00a0\u00bboff\u00a0\u00bb global_colors_info=\u00a0\u00bb{}\u00a0\u00bb][et_pb_row _builder_version=\u00a0\u00bb4.17.3&Prime; _module_preset=\u00a0\u00bbdefault\u00a0\u00bb width=\u00a0\u00bb85%\u00a0\u00bb max_width=\u00a0\u00bb100%\u00a0\u00bb custom_margin=\u00a0\u00bb0px||0px||false|false\u00a0\u00bb custom_padding=\u00a0\u00bb0px||0px||false|false\u00a0\u00bb global_colors_info=\u00a0\u00bb{}\u00a0\u00bb][et_pb_column type=\u00a0\u00bb4_4&Prime; _builder_version=\u00a0\u00bb4.17.3&Prime; _module_preset=\u00a0\u00bbdefault\u00a0\u00bb global_colors_info=\u00a0\u00bb{}\u00a0\u00bb][et_pb_code admin_label=\u00a0\u00bbMenu Shortcode\u00a0\u00bb _builder_version=\u00a0\u00bb4.17.3&Prime; _module_preset=\u00a0\u00bbdefault\u00a0\u00bb global_colors_info=\u00a0\u00bb{}\u00a0\u00bb]<div class='menu-tab-socis'><div class='tab-item tab-item-documentacio'><a href='https:\/\/cnsfg.cat\/socis\/documentacio\/'><img src='https:\/\/cnsfg.cat\/wp-content\/uploads\/2021\/08\/user.png' alt='documentacio'>Documentation<\/a><\/div><div class='tab-item tab-item-formularis'><a href='https:\/\/cnsfg.cat\/socis\/formularis\/'><img src='https:\/\/cnsfg.cat\/wp-content\/uploads\/2021\/04\/documentacio-1.png' alt='formularis'>Formulaires<\/a><\/div><div class='tab-item tab-item-tarifes selected'><a href='https:\/\/cnsfg.cat\/socis\/tarifes\/'><img src='https:\/\/cnsfg.cat\/wp-content\/uploads\/2021\/04\/003-contrato.png' alt='tarifes'>Tarifs<\/a><\/div><div class='tab-item tab-item-ofertes-especials'><a href='https:\/\/cnsfg.cat\/socis\/ofertes-especials\/'><img src='https:\/\/cnsfg.cat\/wp-content\/uploads\/2021\/08\/bolsa-de-la-compra.png' alt='ofertes-especials'>Offres sp\u00e9ciales<\/a><\/div><div class='tab-item tab-item-tauler-anuncis'><a href='https:\/\/cnsfg.cat\/socis\/tauler-anuncis\/'><img src='https:\/\/cnsfg.cat\/wp-content\/uploads\/2021\/08\/etiqueta-de-precio.png' alt='tauler-anuncis'>Tableau d'affichage<\/a><\/div><div class='tab-item tab-item-renovacio-concessio'><a href='https:\/\/cnsfg.cat\/fr\/espace-membres\/tarifs\/'><img src='https:\/\/cnsfg.cat\/wp-content\/uploads\/2021\/08\/yacht.png' alt='renovacio-concessio'>Renouvellement Concession<\/a><\/div><div class='tab-item tab-item-dades-soci'><a href='https:\/\/cnsfg.cat\/socis\/dades-soci\/'><img src='https:\/\/cnsfg.cat\/wp-content\/uploads\/2021\/04\/002-mano.png' alt='dades-soci'>Donn\u00e9es des membres<\/a><\/div><\/div>[\/et_pb_code][\/et_pb_column][\/et_pb_row][\/et_pb_section][et_pb_section fb_built=\u00a0\u00bb1&Prime; admin_label=\u00a0\u00bbContent tab\u00a0\u00bb _builder_version=\u00a0\u00bb4.17.3&Prime; width=\u00a0\u00bb100%\u00a0\u00bb max_width=\u00a0\u00bb100%\u00a0\u00bb custom_padding=\u00a0\u00bb0px||||false|false\u00a0\u00bb locked=\u00a0\u00bboff\u00a0\u00bb global_colors_info=\u00a0\u00bb{}\u00a0\u00bb][et_pb_row _builder_version=\u00a0\u00bb4.17.3&Prime; background_color=\u00a0\u00bb#e0e0e0&Prime; background_size=\u00a0\u00bbinitial\u00a0\u00bb background_position=\u00a0\u00bbtop_left\u00a0\u00bb background_repeat=\u00a0\u00bbrepeat\u00a0\u00bb width=\u00a0\u00bb85%\u00a0\u00bb max_width=\u00a0\u00bb100%\u00a0\u00bb custom_padding=\u00a0\u00bb23px|30px|23px|30px|true|true\u00a0\u00bb global_colors_info=\u00a0\u00bb{}\u00a0\u00bb][et_pb_column type=\u00a0\u00bb4_4&Prime; _builder_version=\u00a0\u00bb4.16&Prime; custom_padding=\u00a0\u00bb|||\u00a0\u00bb global_colors_info=\u00a0\u00bb{}\u00a0\u00bb custom_padding__hover=\u00a0\u00bb|||\u00a0\u00bb][et_pb_text admin_label=\u00a0\u00bbTitol Tarifes\u00a0\u00bb _builder_version=\u00a0\u00bb4.17.3&Prime; _module_preset=\u00a0\u00bbdefault\u00a0\u00bb custom_margin=\u00a0\u00bb27px|||||\u00a0\u00bb global_colors_info=\u00a0\u00bb{}\u00a0\u00bb]<\/p>\n<h2 style=\"text-align: center;\">\n            <strong>Tarifs : Services de grue, navigation de plaisance, voile, peinture, \u00e9ch\u00e9ancier de paiement, frais d\u2019entretien, &#8230;<\/strong><br \/>\n          <\/h2>\n<p>[\/et_pb_text][et_pb_text admin_label=\u00a0\u00bbT\u00edtol &#8211; Documentaci\u00f3 del club\u00a0\u00bb _builder_version=\u00a0\u00bb4.17.4&Prime; _module_preset=\u00a0\u00bbdefault\u00a0\u00bb custom_margin=\u00a0\u00bb||0px||false|false\u00a0\u00bb locked=\u00a0\u00bboff\u00a0\u00bb global_colors_info=\u00a0\u00bb{}\u00a0\u00bb]<\/p>\n<h3 style=\"text-align: left;\">Tarifs<\/h3>\n<p>[\/et_pb_text][\/et_pb_column][\/et_pb_row][et_pb_row column_structure=\u00a0\u00bb1_2,1_2&Prime; use_custom_gutter=\u00a0\u00bbon\u00a0\u00bb gutter_width=\u00a0\u00bb2&Prime; _builder_version=\u00a0\u00bb4.17.4&Prime; _module_preset=\u00a0\u00bbdefault\u00a0\u00bb background_color=\u00a0\u00bb#e0e0e0&Prime; background_size=\u00a0\u00bbinitial\u00a0\u00bb background_position=\u00a0\u00bbtop_left\u00a0\u00bb background_repeat=\u00a0\u00bbrepeat\u00a0\u00bb width=\u00a0\u00bb85%\u00a0\u00bb max_width=\u00a0\u00bb100%\u00a0\u00bb custom_padding=\u00a0\u00bb0px|30px|26px|30px|false|true\u00a0\u00bb locked=\u00a0\u00bboff\u00a0\u00bb global_colors_info=\u00a0\u00bb{}\u00a0\u00bb][et_pb_column type=\u00a0\u00bb1_2&Prime; _builder_version=\u00a0\u00bb4.17.4&Prime; _module_preset=\u00a0\u00bbdefault\u00a0\u00bb global_colors_info=\u00a0\u00bb{}\u00a0\u00bb][et_pb_blurb title=\u00a0\u00bbTarifs pour le service des marins pour membres\u00a0\u00bb image=\u00a0\u00bbhttps:\/\/cnsfg.cat\/wp-content\/uploads\/2022\/06\/pdf_icon.png\u00a0\u00bb icon_placement=\u00a0\u00bbleft\u00a0\u00bb disabled_on=\u00a0\u00bboff|off|off\u00a0\u00bb module_class=\u00a0\u00bbblurb-descarrega\u00a0\u00bb _builder_version=\u00a0\u00bb4.27.4&Prime; _module_preset=\u00a0\u00bbdefault\u00a0\u00bb global_colors_info=\u00a0\u00bb{}\u00a0\u00bb]<\/p>\n<div class=\"document-desc\">\n            <span>Les membres actifs du club n\u00e0utic avec le droit d\u2019utiliser b\u00e9n\u00e9ficient d\u2019une r\u00e9duction de 25% sur les services maritimes pour le travail effectu\u00e9 sur le bateau qui utilise le droit d\u2019utiliser un amarrage membre<\/span>\n          <\/div>\n<p>\n            <a href=\"https:\/\/cnsfg.cat\/wp-content\/uploads\/2025\/01\/SERVEIS-SOCIS-2025.pdf\" class=\"download-btn\" target=\"_blank\" rel=\"noopener\">T\u00e9l\u00e9charger les tarifs des services partenaires<\/a>\n          <\/p>\n<p>\n            <a href=\"https:\/\/cnsfg.cat\/wp-content\/uploads\/2025\/01\/SERVEIS-SOCIS-ALTRES-2025.pdf\" class=\"download-btn\" target=\"_blank\" rel=\"noopener\">T\u00e9l\u00e9charger les tarifs pour d\u2019autres services<\/a>\n          <\/p>\n<p>[\/et_pb_blurb][\/et_pb_column][et_pb_column type=\u00a0\u00bb1_2&Prime; _builder_version=\u00a0\u00bb4.17.4&Prime; _module_preset=\u00a0\u00bbdefault\u00a0\u00bb global_colors_info=\u00a0\u00bb{}\u00a0\u00bb][et_pb_blurb title=\u00a0\u00bbCalendrier de facturation\u00a0\u00bb image=\u00a0\u00bbhttps:\/\/cnsfg.cat\/wp-content\/uploads\/2022\/06\/pdf_icon.png\u00a0\u00bb icon_placement=\u00a0\u00bbleft\u00a0\u00bb admin_label=\u00a0\u00bbCalendari facturaci\u00f3\u00a0\u00bb module_class=\u00a0\u00bbblurb-descarrega\u00a0\u00bb _builder_version=\u00a0\u00bb4.18.0&Prime; _module_preset=\u00a0\u00bbdefault\u00a0\u00bb global_colors_info=\u00a0\u00bb{}\u00a0\u00bb]<\/p>\n<div class=\"document-desc\">\n<p>Dans ce lien, vous avez des informations sur les dates de facturation des frais du club n\u00e0utic.<\/p>\n<\/p><\/div>\n<p>\n            <a class=\"download-btn\" href=\"https:\/\/cnsfg.cat\/wp-content\/uploads\/2022\/08\/7.-CNSFG-CALENDARI-DE-FACTURACIO-2021.pdf\" target=\"_blank\" rel=\"noopener\">T\u00e9l\u00e9charger<\/a>\n          <\/p>\n<p>[\/et_pb_blurb][et_pb_blurb title=\u00a0\u00bbFrais de maintenance de l\u2019amarrage\u00a0\u00bb image=\u00a0\u00bbhttps:\/\/cnsfg.cat\/wp-content\/uploads\/2022\/06\/pdf_icon.png\u00a0\u00bb icon_placement=\u00a0\u00bbleft\u00a0\u00bb disabled_on=\u00a0\u00bboff|off|off\u00a0\u00bb module_class=\u00a0\u00bbblurb-descarrega\u00a0\u00bb _builder_version=\u00a0\u00bb4.27.4&Prime; _module_preset=\u00a0\u00bbdefault\u00a0\u00bb hover_enabled=\u00a0\u00bb0&Prime; global_colors_info=\u00a0\u00bb{}\u00a0\u00bb sticky_enabled=\u00a0\u00bb0&Prime;]<\/p>\n<div class=\"document-desc\">Dans ce lien, vous trouverez les quotas actuels d\u2019entretien de maintenance, par longueur.<\/div>\n<p>\n            <a class=\"download-btn\" href=\"https:\/\/cnsfg.cat\/wp-content\/uploads\/2025\/01\/CNSFG-quotes-de-manteniment-de-amarrador-2025.pdf\" target=\"_blank\" rel=\"noopener\">T\u00e9l\u00e9charger<\/a>\n          <\/p>\n<p>[\/et_pb_blurb][\/et_pb_column][\/et_pb_row][\/et_pb_section]<\/p>\n","protected":false},"excerpt":{"rendered":"<p><div class='menu-tab-socis'><div class='tab-item tab-item-documentacio'><a href='https:\/\/cnsfg.cat\/socis\/documentacio\/'><img src='https:\/\/cnsfg.cat\/wp-content\/uploads\/2021\/08\/user.png' alt='documentacio'>Documentation<\/a><\/div><div class='tab-item tab-item-formularis'><a href='https:\/\/cnsfg.cat\/socis\/formularis\/'><img src='https:\/\/cnsfg.cat\/wp-content\/uploads\/2021\/04\/documentacio-1.png' alt='formularis'>Formulaires<\/a><\/div><div class='tab-item tab-item-tarifes selected'><a href='https:\/\/cnsfg.cat\/socis\/tarifes\/'><img src='https:\/\/cnsfg.cat\/wp-content\/uploads\/2021\/04\/003-contrato.png' alt='tarifes'>Tarifs<\/a><\/div><div class='tab-item tab-item-ofertes-especials'><a href='https:\/\/cnsfg.cat\/socis\/ofertes-especials\/'><img src='https:\/\/cnsfg.cat\/wp-content\/uploads\/2021\/08\/bolsa-de-la-compra.png' alt='ofertes-especials'>Offres sp\u00e9ciales<\/a><\/div><div class='tab-item tab-item-tauler-anuncis'><a href='https:\/\/cnsfg.cat\/socis\/tauler-anuncis\/'><img src='https:\/\/cnsfg.cat\/wp-content\/uploads\/2021\/08\/etiqueta-de-precio.png' alt='tauler-anuncis'>Tableau d'affichage<\/a><\/div><div class='tab-item tab-item-renovacio-concessio'><a href='https:\/\/cnsfg.cat\/fr\/et_pb_layout\/calendari-noticies-galeria\/'><img src='https:\/\/cnsfg.cat\/wp-content\/uploads\/2021\/08\/yacht.png' alt='renovacio-concessio'>Renouvellement Concession<\/a><\/div><div class='tab-item tab-item-dades-soci'><a href='https:\/\/cnsfg.cat\/socis\/dades-soci\/'><img src='https:\/\/cnsfg.cat\/wp-content\/uploads\/2021\/04\/002-mano.png' alt='dades-soci'>Donn\u00e9es des membres<\/a><\/div><\/div> Tarifs : Services de grue, navigation de plaisance, voile, peinture, \u00e9ch\u00e9ancier de paiement, frais d\u2019entretien, &#8230; Tarifs Les membres actifs du club n\u00e0utic avec le droit d\u2019utiliser b\u00e9n\u00e9ficient [&hellip;]<\/p>\n","protected":false},"author":13,"featured_media":0,"parent":356239,"menu_order":0,"comment_status":"closed","ping_status":"closed","template":"","meta":{"_et_pb_use_builder":"on","_et_pb_old_content":"[et_pb_section fb_built=\"1\" admin_label=\"Menu - tabs\" _builder_version=\"4.17.3\" _module_preset=\"default\" width=\"100%\" max_width=\"100%\" custom_margin=\"0px||0px||false|false\" custom_padding=\"0px||0px||false|false\" locked=\"off\" global_colors_info=\"{}\" theme_builder_area=\"post_content\"][et_pb_row _builder_version=\"4.17.3\" _module_preset=\"default\" width=\"85%\" max_width=\"100%\" custom_margin=\"0px||0px||false|false\" custom_padding=\"0px||0px||false|false\" global_colors_info=\"{}\" theme_builder_area=\"post_content\"][et_pb_column type=\"4_4\" _builder_version=\"4.17.3\" _module_preset=\"default\" global_colors_info=\"{}\" theme_builder_area=\"post_content\"][et_pb_code admin_label=\"Shortcode menu\" _builder_version=\"4.17.3\" _module_preset=\"default\" hover_enabled=\"0\" global_colors_info=\"{}\" theme_builder_area=\"post_content\" sticky_enabled=\"0\"][socis_menu item=\"tarifes\"][\/et_pb_code][\/et_pb_column][\/et_pb_row][\/et_pb_section][et_pb_section fb_built=\"1\" admin_label=\"Content tab\" _builder_version=\"4.17.3\" width=\"100%\" max_width=\"100%\" custom_padding=\"0px||||false|false\" locked=\"off\" global_colors_info=\"{}\" theme_builder_area=\"post_content\"][et_pb_row _builder_version=\"4.17.3\" background_color=\"#e0e0e0\" background_size=\"initial\" background_position=\"top_left\" background_repeat=\"repeat\" width=\"85%\" max_width=\"100%\" custom_padding=\"23px|30px|23px|30px|true|true\" global_colors_info=\"{}\" theme_builder_area=\"post_content\"][et_pb_column type=\"4_4\" _builder_version=\"4.16\" custom_padding=\"|||\" global_colors_info=\"{}\" custom_padding__hover=\"|||\" theme_builder_area=\"post_content\"][et_pb_text admin_label=\"Titol Tarifes\" _builder_version=\"4.17.3\" _module_preset=\"default\" hover_enabled=\"0\" global_colors_info=\"{}\" theme_builder_area=\"post_content\" sticky_enabled=\"0\"]<h2 style=\"text-align: center;\"><strong>Serveis de grua, escar, marineria, pintura, calendari de pagaments, quotes de manteniment, ...<\/strong><\/h2>[\/et_pb_text][et_pb_text admin_label=\"tarifes\" _builder_version=\"4.17.3\" _module_preset=\"default\" custom_margin=\"||0px||false|false\" hover_enabled=\"0\" global_colors_info=\"{}\" theme_builder_area=\"post_content\" sticky_enabled=\"0\"][wpdm_category id=\"133\" order=\"asc\" toolbar=\"0\" cols=1 colspad=2 colsphone=1][\/et_pb_text][\/et_pb_column][\/et_pb_row][\/et_pb_section]","_et_gb_content_width":"","footnotes":""},"difl_page_category":[],"class_list":["post-356592","page","type-page","status-publish","hentry"],"yoast_head":"<!-- This site is optimized with the Yoast SEO plugin v27.3 - https:\/\/yoast.com\/product\/yoast-seo-wordpress\/ -->\n<title>Tarifs - Club N\u00e0utic Sant Feliu de Guixols<\/title>\n<meta name=\"robots\" content=\"index, follow, max-snippet:-1, max-image-preview:large, max-video-preview:-1\" \/>\n<link rel=\"canonical\" href=\"https:\/\/cnsfg.cat\/fr\/espace-membres\/tarifs\/\" \/>\n<meta property=\"og:locale\" content=\"fr_FR\" \/>\n<meta property=\"og:type\" content=\"article\" \/>\n<meta property=\"og:title\" content=\"Tarifs - Club N\u00e0utic Sant Feliu de Guixols\" \/>\n<meta property=\"og:url\" content=\"https:\/\/cnsfg.cat\/fr\/espace-membres\/tarifs\/\" \/>\n<meta property=\"og:site_name\" content=\"Club N\u00e0utic Sant Feliu de Guixols\" \/>\n<meta property=\"article:publisher\" content=\"https:\/\/www.facebook.com\/Club-N%c3%a0utic-Sant-Feliu-525823567569507\/\" \/>\n<meta property=\"article:modified_time\" content=\"2025-01-23T15:32:16+00:00\" \/>\n<meta name=\"twitter:card\" content=\"summary_large_image\" \/>\n<meta name=\"twitter:site\" content=\"@NauticSantFeliu\" \/>\n<script type=\"application\/ld+json\" class=\"yoast-schema-graph\">{\"@context\":\"https:\\\/\\\/schema.org\",\"@graph\":[{\"@type\":\"WebPage\",\"@id\":\"https:\\\/\\\/cnsfg.cat\\\/fr\\\/espace-membres\\\/tarifs\\\/\",\"url\":\"https:\\\/\\\/cnsfg.cat\\\/fr\\\/espace-membres\\\/tarifs\\\/\",\"name\":\"Tarifs - Club N\u00e0utic Sant Feliu de Guixols\",\"isPartOf\":{\"@id\":\"https:\\\/\\\/cnsfg.cat\\\/fr\\\/#website\"},\"datePublished\":\"2022-05-09T06:23:09+00:00\",\"dateModified\":\"2025-01-23T15:32:16+00:00\",\"breadcrumb\":{\"@id\":\"https:\\\/\\\/cnsfg.cat\\\/fr\\\/espace-membres\\\/tarifs\\\/#breadcrumb\"},\"inLanguage\":\"fr-FR\",\"potentialAction\":[{\"@type\":\"ReadAction\",\"target\":[\"https:\\\/\\\/cnsfg.cat\\\/fr\\\/espace-membres\\\/tarifs\\\/\"]}]},{\"@type\":\"BreadcrumbList\",\"@id\":\"https:\\\/\\\/cnsfg.cat\\\/fr\\\/espace-membres\\\/tarifs\\\/#breadcrumb\",\"itemListElement\":[{\"@type\":\"ListItem\",\"position\":1,\"name\":\"Portada\",\"item\":\"https:\\\/\\\/cnsfg.cat\\\/fr\\\/\"},{\"@type\":\"ListItem\",\"position\":2,\"name\":\"Espace priv\u00e9 partenaire\",\"item\":\"https:\\\/\\\/cnsfg.cat\\\/fr\\\/espace-membres\\\/\"},{\"@type\":\"ListItem\",\"position\":3,\"name\":\"Tarifs\"}]},{\"@type\":\"WebSite\",\"@id\":\"https:\\\/\\\/cnsfg.cat\\\/fr\\\/#website\",\"url\":\"https:\\\/\\\/cnsfg.cat\\\/fr\\\/\",\"name\":\"Club N\u00e0utic Sant Feliu de Guixols\",\"description\":\"Club n\u00e0utic amb m\u00e9s de 400 amarradors a Sant Feliu de Guixols, Costa Brava.\",\"publisher\":{\"@id\":\"https:\\\/\\\/cnsfg.cat\\\/fr\\\/#organization\"},\"potentialAction\":[{\"@type\":\"SearchAction\",\"target\":{\"@type\":\"EntryPoint\",\"urlTemplate\":\"https:\\\/\\\/cnsfg.cat\\\/fr\\\/?s={search_term_string}\"},\"query-input\":{\"@type\":\"PropertyValueSpecification\",\"valueRequired\":true,\"valueName\":\"search_term_string\"}}],\"inLanguage\":\"fr-FR\"},{\"@type\":\"Organization\",\"@id\":\"https:\\\/\\\/cnsfg.cat\\\/fr\\\/#organization\",\"name\":\"Club Na\u00f9tic Sant Feliu de Guixols\",\"url\":\"https:\\\/\\\/cnsfg.cat\\\/fr\\\/\",\"logo\":{\"@type\":\"ImageObject\",\"inLanguage\":\"fr-FR\",\"@id\":\"https:\\\/\\\/cnsfg.cat\\\/fr\\\/#\\\/schema\\\/logo\\\/image\\\/\",\"url\":\"https:\\\/\\\/cnsfg.cat\\\/wp-content\\\/uploads\\\/2020\\\/03\\\/LOGO_CNSFG_180.png\",\"contentUrl\":\"https:\\\/\\\/cnsfg.cat\\\/wp-content\\\/uploads\\\/2020\\\/03\\\/LOGO_CNSFG_180.png\",\"width\":180,\"height\":71,\"caption\":\"Club Na\u00f9tic Sant Feliu de Guixols\"},\"image\":{\"@id\":\"https:\\\/\\\/cnsfg.cat\\\/fr\\\/#\\\/schema\\\/logo\\\/image\\\/\"},\"sameAs\":[\"https:\\\/\\\/www.facebook.com\\\/Club-N\u00e0utic-Sant-Feliu-525823567569507\\\/\",\"https:\\\/\\\/x.com\\\/NauticSantFeliu\"]}]}<\/script>\n<!-- \/ Yoast SEO plugin. -->","yoast_head_json":{"title":"Tarifs - Club N\u00e0utic Sant Feliu de Guixols","robots":{"index":"index","follow":"follow","max-snippet":"max-snippet:-1","max-image-preview":"max-image-preview:large","max-video-preview":"max-video-preview:-1"},"canonical":"https:\/\/cnsfg.cat\/fr\/espace-membres\/tarifs\/","og_locale":"fr_FR","og_type":"article","og_title":"Tarifs - Club N\u00e0utic Sant Feliu de Guixols","og_url":"https:\/\/cnsfg.cat\/fr\/espace-membres\/tarifs\/","og_site_name":"Club N\u00e0utic Sant Feliu de Guixols","article_publisher":"https:\/\/www.facebook.com\/Club-N%c3%a0utic-Sant-Feliu-525823567569507\/","article_modified_time":"2025-01-23T15:32:16+00:00","twitter_card":"summary_large_image","twitter_site":"@NauticSantFeliu","schema":{"@context":"https:\/\/schema.org","@graph":[{"@type":"WebPage","@id":"https:\/\/cnsfg.cat\/fr\/espace-membres\/tarifs\/","url":"https:\/\/cnsfg.cat\/fr\/espace-membres\/tarifs\/","name":"Tarifs - Club N\u00e0utic Sant Feliu de Guixols","isPartOf":{"@id":"https:\/\/cnsfg.cat\/fr\/#website"},"datePublished":"2022-05-09T06:23:09+00:00","dateModified":"2025-01-23T15:32:16+00:00","breadcrumb":{"@id":"https:\/\/cnsfg.cat\/fr\/espace-membres\/tarifs\/#breadcrumb"},"inLanguage":"fr-FR","potentialAction":[{"@type":"ReadAction","target":["https:\/\/cnsfg.cat\/fr\/espace-membres\/tarifs\/"]}]},{"@type":"BreadcrumbList","@id":"https:\/\/cnsfg.cat\/fr\/espace-membres\/tarifs\/#breadcrumb","itemListElement":[{"@type":"ListItem","position":1,"name":"Portada","item":"https:\/\/cnsfg.cat\/fr\/"},{"@type":"ListItem","position":2,"name":"Espace priv\u00e9 partenaire","item":"https:\/\/cnsfg.cat\/fr\/espace-membres\/"},{"@type":"ListItem","position":3,"name":"Tarifs"}]},{"@type":"WebSite","@id":"https:\/\/cnsfg.cat\/fr\/#website","url":"https:\/\/cnsfg.cat\/fr\/","name":"Club N\u00e0utic Sant Feliu de Guixols","description":"Club n\u00e0utic amb m\u00e9s de 400 amarradors a Sant Feliu de Guixols, Costa Brava.","publisher":{"@id":"https:\/\/cnsfg.cat\/fr\/#organization"},"potentialAction":[{"@type":"SearchAction","target":{"@type":"EntryPoint","urlTemplate":"https:\/\/cnsfg.cat\/fr\/?s={search_term_string}"},"query-input":{"@type":"PropertyValueSpecification","valueRequired":true,"valueName":"search_term_string"}}],"inLanguage":"fr-FR"},{"@type":"Organization","@id":"https:\/\/cnsfg.cat\/fr\/#organization","name":"Club Na\u00f9tic Sant Feliu de Guixols","url":"https:\/\/cnsfg.cat\/fr\/","logo":{"@type":"ImageObject","inLanguage":"fr-FR","@id":"https:\/\/cnsfg.cat\/fr\/#\/schema\/logo\/image\/","url":"https:\/\/cnsfg.cat\/wp-content\/uploads\/2020\/03\/LOGO_CNSFG_180.png","contentUrl":"https:\/\/cnsfg.cat\/wp-content\/uploads\/2020\/03\/LOGO_CNSFG_180.png","width":180,"height":71,"caption":"Club Na\u00f9tic Sant Feliu de Guixols"},"image":{"@id":"https:\/\/cnsfg.cat\/fr\/#\/schema\/logo\/image\/"},"sameAs":["https:\/\/www.facebook.com\/Club-N\u00e0utic-Sant-Feliu-525823567569507\/","https:\/\/x.com\/NauticSantFeliu"]}]}},"_links":{"self":[{"href":"https:\/\/cnsfg.cat\/fr\/wp-json\/wp\/v2\/pages\/356592","targetHints":{"allow":["GET"]}}],"collection":[{"href":"https:\/\/cnsfg.cat\/fr\/wp-json\/wp\/v2\/pages"}],"about":[{"href":"https:\/\/cnsfg.cat\/fr\/wp-json\/wp\/v2\/types\/page"}],"author":[{"embeddable":true,"href":"https:\/\/cnsfg.cat\/fr\/wp-json\/wp\/v2\/users\/13"}],"replies":[{"embeddable":true,"href":"https:\/\/cnsfg.cat\/fr\/wp-json\/wp\/v2\/comments?post=356592"}],"version-history":[{"count":19,"href":"https:\/\/cnsfg.cat\/fr\/wp-json\/wp\/v2\/pages\/356592\/revisions"}],"predecessor-version":[{"id":405958,"href":"https:\/\/cnsfg.cat\/fr\/wp-json\/wp\/v2\/pages\/356592\/revisions\/405958"}],"up":[{"embeddable":true,"href":"https:\/\/cnsfg.cat\/fr\/wp-json\/wp\/v2\/pages\/356239"}],"wp:attachment":[{"href":"https:\/\/cnsfg.cat\/fr\/wp-json\/wp\/v2\/media?parent=356592"}],"wp:term":[{"taxonomy":"difl_page_category","embeddable":true,"href":"https:\/\/cnsfg.cat\/fr\/wp-json\/wp\/v2\/difl_page_category?post=356592"}],"curies":[{"name":"wp","href":"https:\/\/api.w.org\/{rel}","templated":true}]}}