{"id":356599,"date":"2022-05-09T08:31:10","date_gmt":"2022-05-09T06:31:10","guid":{"rendered":"https:\/\/cnsfg.cat\/espace-membres-t\/ofertes-especials\/"},"modified":"2025-01-08T17:41:48","modified_gmt":"2025-01-08T16:41:48","slug":"offres-speciales","status":"publish","type":"page","link":"https:\/\/cnsfg.cat\/fr\/espace-membres\/offres-speciales\/","title":{"rendered":"Offres sp\u00e9ciales"},"content":{"rendered":"<p>[et_pb_section fb_built=\u00a0\u00bb1&Prime; admin_label=\u00a0\u00bbMenu &#8211; tabs\u00a0\u00bb _builder_version=\u00a0\u00bb4.17.3&Prime; _module_preset=\u00a0\u00bbdefault\u00a0\u00bb width=\u00a0\u00bb100%\u00a0\u00bb max_width=\u00a0\u00bb100%\u00a0\u00bb custom_margin=\u00a0\u00bb0px||0px||false|false\u00a0\u00bb custom_padding=\u00a0\u00bb0px||0px||false|false\u00a0\u00bb locked=\u00a0\u00bboff\u00a0\u00bb global_colors_info=\u00a0\u00bb{}\u00a0\u00bb][et_pb_row _builder_version=\u00a0\u00bb4.17.3&Prime; _module_preset=\u00a0\u00bbdefault\u00a0\u00bb width=\u00a0\u00bb85%\u00a0\u00bb max_width=\u00a0\u00bb100%\u00a0\u00bb custom_margin=\u00a0\u00bb0px||0px||false|false\u00a0\u00bb custom_padding=\u00a0\u00bb0px||0px||false|false\u00a0\u00bb global_colors_info=\u00a0\u00bb{}\u00a0\u00bb][et_pb_column type=\u00a0\u00bb4_4&Prime; _builder_version=\u00a0\u00bb4.17.3&Prime; _module_preset=\u00a0\u00bbdefault\u00a0\u00bb global_colors_info=\u00a0\u00bb{}\u00a0\u00bb][et_pb_code admin_label=\u00a0\u00bbMenu Shortcode\u00a0\u00bb _builder_version=\u00a0\u00bb4.17.3&Prime; _module_preset=\u00a0\u00bbdefault\u00a0\u00bb global_colors_info=\u00a0\u00bb{}\u00a0\u00bb]<div class='menu-tab-socis'><div class='tab-item tab-item-documentacio'><a href='https:\/\/cnsfg.cat\/socis\/documentacio\/'><img src='https:\/\/cnsfg.cat\/wp-content\/uploads\/2021\/08\/user.png' alt='documentacio'>Documentation<\/a><\/div><div class='tab-item tab-item-formularis'><a href='https:\/\/cnsfg.cat\/socis\/formularis\/'><img src='https:\/\/cnsfg.cat\/wp-content\/uploads\/2021\/04\/documentacio-1.png' alt='formularis'>Formulaires<\/a><\/div><div class='tab-item tab-item-tarifes'><a href='https:\/\/cnsfg.cat\/socis\/tarifes\/'><img src='https:\/\/cnsfg.cat\/wp-content\/uploads\/2021\/04\/003-contrato.png' alt='tarifes'>Tarifs<\/a><\/div><div class='tab-item tab-item-ofertes-especials selected'><a href='https:\/\/cnsfg.cat\/socis\/ofertes-especials\/'><img src='https:\/\/cnsfg.cat\/wp-content\/uploads\/2021\/08\/bolsa-de-la-compra.png' alt='ofertes-especials'>Offres sp\u00e9ciales<\/a><\/div><div class='tab-item tab-item-tauler-anuncis'><a href='https:\/\/cnsfg.cat\/socis\/tauler-anuncis\/'><img src='https:\/\/cnsfg.cat\/wp-content\/uploads\/2021\/08\/etiqueta-de-precio.png' alt='tauler-anuncis'>Tableau d'affichage<\/a><\/div><div class='tab-item tab-item-renovacio-concessio'><a href='https:\/\/cnsfg.cat\/fr\/espace-membres\/offres-speciales\/'><img src='https:\/\/cnsfg.cat\/wp-content\/uploads\/2021\/08\/yacht.png' alt='renovacio-concessio'>Renouvellement Concession<\/a><\/div><div class='tab-item tab-item-dades-soci'><a href='https:\/\/cnsfg.cat\/socis\/dades-soci\/'><img src='https:\/\/cnsfg.cat\/wp-content\/uploads\/2021\/04\/002-mano.png' alt='dades-soci'>Donn\u00e9es des membres<\/a><\/div><\/div>[\/et_pb_code][\/et_pb_column][\/et_pb_row][\/et_pb_section][et_pb_section fb_built=\u00a0\u00bb1&Prime; admin_label=\u00a0\u00bbContent tab\u00a0\u00bb _builder_version=\u00a0\u00bb4.17.3&Prime; width=\u00a0\u00bb100%\u00a0\u00bb max_width=\u00a0\u00bb100%\u00a0\u00bb custom_padding=\u00a0\u00bb0px||||false|false\u00a0\u00bb locked=\u00a0\u00bboff\u00a0\u00bb global_colors_info=\u00a0\u00bb{}\u00a0\u00bb][et_pb_row _builder_version=\u00a0\u00bb4.17.3&Prime; background_color=\u00a0\u00bb#e0e0e0&Prime; background_size=\u00a0\u00bbinitial\u00a0\u00bb background_position=\u00a0\u00bbtop_left\u00a0\u00bb background_repeat=\u00a0\u00bbrepeat\u00a0\u00bb width=\u00a0\u00bb85%\u00a0\u00bb max_width=\u00a0\u00bb100%\u00a0\u00bb custom_padding=\u00a0\u00bb23px|30px|23px|30px|true|true\u00a0\u00bb global_colors_info=\u00a0\u00bb{}\u00a0\u00bb][et_pb_column type=\u00a0\u00bb4_4&Prime; _builder_version=\u00a0\u00bb4.16&Prime; custom_padding=\u00a0\u00bb|||\u00a0\u00bb global_colors_info=\u00a0\u00bb{}\u00a0\u00bb custom_padding__hover=\u00a0\u00bb|||\u00a0\u00bb][et_pb_text admin_label=\u00a0\u00bbTitol ofertes especials\u00a0\u00bb _builder_version=\u00a0\u00bb4.17.3&Prime; _module_preset=\u00a0\u00bbdefault\u00a0\u00bb global_colors_info=\u00a0\u00bb{}\u00a0\u00bb]<\/p>\n<h2 style=\"text-align: center;\"><strong>Offres exclusives pour les membres.<\/strong><\/h2>\n<p>[\/et_pb_text][\/et_pb_column][\/et_pb_row][et_pb_row column_structure=\u00a0\u00bb1_2,1_2&Prime; use_custom_gutter=\u00a0\u00bbon\u00a0\u00bb gutter_width=\u00a0\u00bb2&Prime; _builder_version=\u00a0\u00bb4.17.4&Prime; _module_preset=\u00a0\u00bbdefault\u00a0\u00bb background_color=\u00a0\u00bb#e0e0e0&Prime; background_size=\u00a0\u00bbinitial\u00a0\u00bb background_position=\u00a0\u00bbtop_left\u00a0\u00bb background_repeat=\u00a0\u00bbrepeat\u00a0\u00bb width=\u00a0\u00bb85%\u00a0\u00bb max_width=\u00a0\u00bb100%\u00a0\u00bb custom_padding=\u00a0\u00bb0px|30px|26px|30px|false|true\u00a0\u00bb locked=\u00a0\u00bboff\u00a0\u00bb global_colors_info=\u00a0\u00bb{}\u00a0\u00bb][et_pb_column type=\u00a0\u00bb1_2&Prime; _builder_version=\u00a0\u00bb4.17.4&Prime; _module_preset=\u00a0\u00bbdefault\u00a0\u00bb global_colors_info=\u00a0\u00bb{}\u00a0\u00bb][et_pb_blurb title=\u00a0\u00bbOffre r\u00e9sidence Bisc\u00a0\u00bb image=\u00a0\u00bbhttps:\/\/cnsfg.cat\/wp-content\/uploads\/2022\/06\/pdf_icon.png\u00a0\u00bb icon_placement=\u00a0\u00bbleft\u00a0\u00bb admin_label=\u00a0\u00bbAnuncio &#8211; Bisc\u00a0\u00bb module_class=\u00a0\u00bbblurb-descarrega\u00a0\u00bb _builder_version=\u00a0\u00bb4.17.4&Prime; _module_preset=\u00a0\u00bbdefault\u00a0\u00bb global_colors_info=\u00a0\u00bb{}\u00a0\u00bb]<\/p>\n<div class=\"document-desc\">\n<p>Le Barcelona International Sailing Center (<strong>BISC<\/strong>) propose un nouveau service <strong>de r\u00e9sidence \u00e9tudiante<\/strong>. De cette fa\u00e7on, le BISC, en plus d\u2019\u00eatre un centre parfait pour atteindre les objectifs sportifs, le sera d\u00e9sormais \u00e9galement dans l\u2019aspect entra\u00eenement. Un espace id\u00e9al pour <strong>la pratique sportive<\/strong>, <strong>l\u2019\u00e9tude<\/strong> et pour mener une <strong>vie saine et \u00e9quilibr\u00e9e<\/strong>.<\/p>\n<p>C\u2019est pour cette raison, de la part de la F\u00e9d\u00e9ration, nous vous encourageons \u00e0 partager ces informations avec vos membres ou abonn\u00e9s. <strong><u>Les f\u00e9d\u00e9r\u00e9s et f\u00e9d\u00e9r\u00e9s b\u00e9n\u00e9ficieront d\u2019une inscription gratuite<\/u><\/strong>.<\/p>\n<p>Ce service s\u2019adresse aux personnes de plus de 18 ans et vous trouverez les services et les prix sur <strong>le <a href=\"https:\/\/www.bisc.cat\/allotjat\/resid%C3%A8ncia\" data-saferedirecturl=\"https:\/\/www.google.com\/url?q=https:\/\/www.bisc.cat\/allotjat\/resid%25C3%25A8ncia&amp;source=gmail&amp;ust=1651135988989000&amp;usg=AOvVaw1vHnQlZib78wiwaaoELlax\">site<\/a><a href=\"https:\/\/www.bisc.cat\/allotjat\/resid%C3%A8ncia\" data-saferedirecturl=\"https:\/\/www.google.com\/url?q=https:\/\/www.bisc.cat\/allotjat\/resid%25C3%25A8ncia&amp;source=gmail&amp;ust=1651135988989000&amp;usg=AOvVaw1vHnQlZib78wiwaaoELlax\"> de la r\u00e9sidence<\/a>.<\/strong> Si vous avez besoin de plus d\u2019informations, vous pouvez les contacter en envoyant un email \u00e0 <strong><a href=\"mailto:hola@bisc.cat\">l\u2019adresse hola@bisc.cat<\/a>,<\/strong>en appelant le BISC au <strong>93 35 638 58.<\/strong><\/p>\n<p>Vous pouvez t\u00e9l\u00e9charger le dossier avec des informations \u00e9tendues dans le bouton \u00ab&nbsp;t\u00e9l\u00e9charger&nbsp;\u00bb.<\/p>\n<\/div>\n<p><a class=\"download-btn\" href=\"https:\/\/cnsfg.cat\/wp-content\/uploads\/2022\/04\/2204_Cataleg-Residencia-estudiants-BISC-2.pdf\" target=\"_blank\" rel=\"noopener\">T\u00e9l\u00e9charger<\/a><\/p>\n<p>[\/et_pb_blurb][\/et_pb_column][et_pb_column type=\u00a0\u00bb1_2&Prime; _builder_version=\u00a0\u00bb4.17.4&Prime; _module_preset=\u00a0\u00bbdefault\u00a0\u00bb global_colors_info=\u00a0\u00bb{}\u00a0\u00bb][et_pb_blurb title=\u00a0\u00bbOffre des restaurants, l&apos;\u00e9cole de voile et de la plong\u00e9e\u00a0\u00bb image=\u00a0\u00bbhttps:\/\/cnsfg.cat\/wp-content\/uploads\/2022\/06\/pdf_icon.png\u00a0\u00bb icon_placement=\u00a0\u00bbleft\u00a0\u00bb admin_label=\u00a0\u00bbAnuncio &#8211; Serveis del club ofertes\u00a0\u00bb module_class=\u00a0\u00bbblurb-descarrega\u00a0\u00bb _builder_version=\u00a0\u00bb4.18.0&Prime; _module_preset=\u00a0\u00bbdefault\u00a0\u00bb global_colors_info=\u00a0\u00bb{}\u00a0\u00bb]<\/p>\n<div class=\"document-desc\">\n<p>Les membres pourront profiter des services club et piscis Diving avec des r\u00e9ductions sp\u00e9ciales sp\u00e9cifi\u00e9es dans le PDF ci-joint (conditions 2022).<\/p>\n<\/div>\n<p><a class=\"download-btn\" href=\"https:\/\/cnsfg.cat\/wp-content\/uploads\/2022\/08\/Descomptes-serveis-club-i-piscis-diving_CA-ES-2022.pdf\" target=\"_blank\" rel=\"noopener\">T\u00e9l\u00e9charger<\/a><\/p>\n<p>[\/et_pb_blurb][et_pb_blurb title=\u00a0\u00bbConditions sp\u00e9ciales %22La Caixa%22&Prime; image=\u00a0\u00bbhttps:\/\/cnsfg.cat\/wp-content\/uploads\/2022\/06\/pdf_icon.png\u00a0\u00bb icon_placement=\u00a0\u00bbleft\u00a0\u00bb admin_label=\u00a0\u00bbAnuncio &#8211; La Caixa\u00a0\u00bb module_class=\u00a0\u00bbblurb-descarrega\u00a0\u00bb _builder_version=\u00a0\u00bb4.27.0&Prime; _module_preset=\u00a0\u00bbdefault\u00a0\u00bb hover_enabled=\u00a0\u00bb0&Prime; global_colors_info=\u00a0\u00bb{}\u00a0\u00bb sticky_enabled=\u00a0\u00bb0&Prime;]<\/p>\n<div class=\"document-desc\">Offres exclusives et conditions sp\u00e9ciales \u00ab&nbsp;La Caixa&nbsp;\u00bb pour les membres du club.<\/div>\n<p><a class=\"download-btn\" href=\"https:\/\/www.caixabank.cat\/particular\/colectivos\/club-nautic-sant-feliu-de-guixols_ca.html\" target=\"_blank\" rel=\"noopener\">Voir conditions<\/a><\/p>\n<p>[\/et_pb_blurb][\/et_pb_column][\/et_pb_row][\/et_pb_section]<\/p>\n","protected":false},"excerpt":{"rendered":"<p><div class='menu-tab-socis'><div class='tab-item tab-item-documentacio'><a href='https:\/\/cnsfg.cat\/socis\/documentacio\/'><img src='https:\/\/cnsfg.cat\/wp-content\/uploads\/2021\/08\/user.png' alt='documentacio'>Documentation<\/a><\/div><div class='tab-item tab-item-formularis'><a href='https:\/\/cnsfg.cat\/socis\/formularis\/'><img src='https:\/\/cnsfg.cat\/wp-content\/uploads\/2021\/04\/documentacio-1.png' alt='formularis'>Formulaires<\/a><\/div><div class='tab-item tab-item-tarifes'><a href='https:\/\/cnsfg.cat\/socis\/tarifes\/'><img src='https:\/\/cnsfg.cat\/wp-content\/uploads\/2021\/04\/003-contrato.png' alt='tarifes'>Tarifs<\/a><\/div><div class='tab-item tab-item-ofertes-especials selected'><a href='https:\/\/cnsfg.cat\/socis\/ofertes-especials\/'><img src='https:\/\/cnsfg.cat\/wp-content\/uploads\/2021\/08\/bolsa-de-la-compra.png' alt='ofertes-especials'>Offres sp\u00e9ciales<\/a><\/div><div class='tab-item tab-item-tauler-anuncis'><a href='https:\/\/cnsfg.cat\/socis\/tauler-anuncis\/'><img src='https:\/\/cnsfg.cat\/wp-content\/uploads\/2021\/08\/etiqueta-de-precio.png' alt='tauler-anuncis'>Tableau d'affichage<\/a><\/div><div class='tab-item tab-item-renovacio-concessio'><a href='https:\/\/cnsfg.cat\/fr\/et_pb_layout\/calendari-noticies-galeria\/'><img src='https:\/\/cnsfg.cat\/wp-content\/uploads\/2021\/08\/yacht.png' alt='renovacio-concessio'>Renouvellement Concession<\/a><\/div><div class='tab-item tab-item-dades-soci'><a href='https:\/\/cnsfg.cat\/socis\/dades-soci\/'><img src='https:\/\/cnsfg.cat\/wp-content\/uploads\/2021\/04\/002-mano.png' alt='dades-soci'>Donn\u00e9es des membres<\/a><\/div><\/div>Offres exclusives pour les membres. Le Barcelona International Sailing Center (BISC) propose un nouveau service de r\u00e9sidence \u00e9tudiante. De cette fa\u00e7on, le BISC, en plus d\u2019\u00eatre un centre parfait [&hellip;]<\/p>\n","protected":false},"author":13,"featured_media":0,"parent":356239,"menu_order":0,"comment_status":"closed","ping_status":"closed","template":"","meta":{"_et_pb_use_builder":"on","_et_pb_old_content":"","_et_gb_content_width":"","footnotes":""},"difl_page_category":[],"class_list":["post-356599","page","type-page","status-publish","hentry"],"yoast_head":"<!-- This site is optimized with the Yoast SEO plugin v27.3 - https:\/\/yoast.com\/product\/yoast-seo-wordpress\/ -->\n<title>Offres sp\u00e9ciales - Club N\u00e0utic Sant Feliu de Guixols<\/title>\n<meta name=\"robots\" content=\"index, follow, max-snippet:-1, max-image-preview:large, max-video-preview:-1\" \/>\n<link rel=\"canonical\" href=\"https:\/\/cnsfg.cat\/fr\/espace-membres\/offres-speciales\/\" \/>\n<meta property=\"og:locale\" content=\"fr_FR\" \/>\n<meta property=\"og:type\" content=\"article\" \/>\n<meta property=\"og:title\" content=\"Offres sp\u00e9ciales - Club N\u00e0utic Sant Feliu de Guixols\" \/>\n<meta property=\"og:url\" content=\"https:\/\/cnsfg.cat\/fr\/espace-membres\/offres-speciales\/\" \/>\n<meta property=\"og:site_name\" content=\"Club N\u00e0utic Sant Feliu de Guixols\" \/>\n<meta property=\"article:publisher\" content=\"https:\/\/www.facebook.com\/Club-N%c3%a0utic-Sant-Feliu-525823567569507\/\" \/>\n<meta property=\"article:modified_time\" content=\"2025-01-08T16:41:48+00:00\" \/>\n<meta name=\"twitter:card\" content=\"summary_large_image\" \/>\n<meta name=\"twitter:site\" content=\"@NauticSantFeliu\" \/>\n<script type=\"application\/ld+json\" class=\"yoast-schema-graph\">{\"@context\":\"https:\\\/\\\/schema.org\",\"@graph\":[{\"@type\":\"WebPage\",\"@id\":\"https:\\\/\\\/cnsfg.cat\\\/fr\\\/espace-membres\\\/offres-speciales\\\/\",\"url\":\"https:\\\/\\\/cnsfg.cat\\\/fr\\\/espace-membres\\\/offres-speciales\\\/\",\"name\":\"Offres sp\u00e9ciales - Club N\u00e0utic Sant Feliu de Guixols\",\"isPartOf\":{\"@id\":\"https:\\\/\\\/cnsfg.cat\\\/fr\\\/#website\"},\"datePublished\":\"2022-05-09T06:31:10+00:00\",\"dateModified\":\"2025-01-08T16:41:48+00:00\",\"breadcrumb\":{\"@id\":\"https:\\\/\\\/cnsfg.cat\\\/fr\\\/espace-membres\\\/offres-speciales\\\/#breadcrumb\"},\"inLanguage\":\"fr-FR\",\"potentialAction\":[{\"@type\":\"ReadAction\",\"target\":[\"https:\\\/\\\/cnsfg.cat\\\/fr\\\/espace-membres\\\/offres-speciales\\\/\"]}]},{\"@type\":\"BreadcrumbList\",\"@id\":\"https:\\\/\\\/cnsfg.cat\\\/fr\\\/espace-membres\\\/offres-speciales\\\/#breadcrumb\",\"itemListElement\":[{\"@type\":\"ListItem\",\"position\":1,\"name\":\"Portada\",\"item\":\"https:\\\/\\\/cnsfg.cat\\\/fr\\\/\"},{\"@type\":\"ListItem\",\"position\":2,\"name\":\"Espace priv\u00e9 partenaire\",\"item\":\"https:\\\/\\\/cnsfg.cat\\\/fr\\\/espace-membres\\\/\"},{\"@type\":\"ListItem\",\"position\":3,\"name\":\"Offres sp\u00e9ciales\"}]},{\"@type\":\"WebSite\",\"@id\":\"https:\\\/\\\/cnsfg.cat\\\/fr\\\/#website\",\"url\":\"https:\\\/\\\/cnsfg.cat\\\/fr\\\/\",\"name\":\"Club N\u00e0utic Sant Feliu de Guixols\",\"description\":\"Club n\u00e0utic amb m\u00e9s de 400 amarradors a Sant Feliu de Guixols, Costa Brava.\",\"publisher\":{\"@id\":\"https:\\\/\\\/cnsfg.cat\\\/fr\\\/#organization\"},\"potentialAction\":[{\"@type\":\"SearchAction\",\"target\":{\"@type\":\"EntryPoint\",\"urlTemplate\":\"https:\\\/\\\/cnsfg.cat\\\/fr\\\/?s={search_term_string}\"},\"query-input\":{\"@type\":\"PropertyValueSpecification\",\"valueRequired\":true,\"valueName\":\"search_term_string\"}}],\"inLanguage\":\"fr-FR\"},{\"@type\":\"Organization\",\"@id\":\"https:\\\/\\\/cnsfg.cat\\\/fr\\\/#organization\",\"name\":\"Club Na\u00f9tic Sant Feliu de Guixols\",\"url\":\"https:\\\/\\\/cnsfg.cat\\\/fr\\\/\",\"logo\":{\"@type\":\"ImageObject\",\"inLanguage\":\"fr-FR\",\"@id\":\"https:\\\/\\\/cnsfg.cat\\\/fr\\\/#\\\/schema\\\/logo\\\/image\\\/\",\"url\":\"https:\\\/\\\/cnsfg.cat\\\/wp-content\\\/uploads\\\/2020\\\/03\\\/LOGO_CNSFG_180.png\",\"contentUrl\":\"https:\\\/\\\/cnsfg.cat\\\/wp-content\\\/uploads\\\/2020\\\/03\\\/LOGO_CNSFG_180.png\",\"width\":180,\"height\":71,\"caption\":\"Club Na\u00f9tic Sant Feliu de Guixols\"},\"image\":{\"@id\":\"https:\\\/\\\/cnsfg.cat\\\/fr\\\/#\\\/schema\\\/logo\\\/image\\\/\"},\"sameAs\":[\"https:\\\/\\\/www.facebook.com\\\/Club-N\u00e0utic-Sant-Feliu-525823567569507\\\/\",\"https:\\\/\\\/x.com\\\/NauticSantFeliu\"]}]}<\/script>\n<!-- \/ Yoast SEO plugin. -->","yoast_head_json":{"title":"Offres sp\u00e9ciales - Club N\u00e0utic Sant Feliu de Guixols","robots":{"index":"index","follow":"follow","max-snippet":"max-snippet:-1","max-image-preview":"max-image-preview:large","max-video-preview":"max-video-preview:-1"},"canonical":"https:\/\/cnsfg.cat\/fr\/espace-membres\/offres-speciales\/","og_locale":"fr_FR","og_type":"article","og_title":"Offres sp\u00e9ciales - Club N\u00e0utic Sant Feliu de Guixols","og_url":"https:\/\/cnsfg.cat\/fr\/espace-membres\/offres-speciales\/","og_site_name":"Club N\u00e0utic Sant Feliu de Guixols","article_publisher":"https:\/\/www.facebook.com\/Club-N%c3%a0utic-Sant-Feliu-525823567569507\/","article_modified_time":"2025-01-08T16:41:48+00:00","twitter_card":"summary_large_image","twitter_site":"@NauticSantFeliu","schema":{"@context":"https:\/\/schema.org","@graph":[{"@type":"WebPage","@id":"https:\/\/cnsfg.cat\/fr\/espace-membres\/offres-speciales\/","url":"https:\/\/cnsfg.cat\/fr\/espace-membres\/offres-speciales\/","name":"Offres sp\u00e9ciales - Club N\u00e0utic Sant Feliu de Guixols","isPartOf":{"@id":"https:\/\/cnsfg.cat\/fr\/#website"},"datePublished":"2022-05-09T06:31:10+00:00","dateModified":"2025-01-08T16:41:48+00:00","breadcrumb":{"@id":"https:\/\/cnsfg.cat\/fr\/espace-membres\/offres-speciales\/#breadcrumb"},"inLanguage":"fr-FR","potentialAction":[{"@type":"ReadAction","target":["https:\/\/cnsfg.cat\/fr\/espace-membres\/offres-speciales\/"]}]},{"@type":"BreadcrumbList","@id":"https:\/\/cnsfg.cat\/fr\/espace-membres\/offres-speciales\/#breadcrumb","itemListElement":[{"@type":"ListItem","position":1,"name":"Portada","item":"https:\/\/cnsfg.cat\/fr\/"},{"@type":"ListItem","position":2,"name":"Espace priv\u00e9 partenaire","item":"https:\/\/cnsfg.cat\/fr\/espace-membres\/"},{"@type":"ListItem","position":3,"name":"Offres sp\u00e9ciales"}]},{"@type":"WebSite","@id":"https:\/\/cnsfg.cat\/fr\/#website","url":"https:\/\/cnsfg.cat\/fr\/","name":"Club N\u00e0utic Sant Feliu de Guixols","description":"Club n\u00e0utic amb m\u00e9s de 400 amarradors a Sant Feliu de Guixols, Costa Brava.","publisher":{"@id":"https:\/\/cnsfg.cat\/fr\/#organization"},"potentialAction":[{"@type":"SearchAction","target":{"@type":"EntryPoint","urlTemplate":"https:\/\/cnsfg.cat\/fr\/?s={search_term_string}"},"query-input":{"@type":"PropertyValueSpecification","valueRequired":true,"valueName":"search_term_string"}}],"inLanguage":"fr-FR"},{"@type":"Organization","@id":"https:\/\/cnsfg.cat\/fr\/#organization","name":"Club Na\u00f9tic Sant Feliu de Guixols","url":"https:\/\/cnsfg.cat\/fr\/","logo":{"@type":"ImageObject","inLanguage":"fr-FR","@id":"https:\/\/cnsfg.cat\/fr\/#\/schema\/logo\/image\/","url":"https:\/\/cnsfg.cat\/wp-content\/uploads\/2020\/03\/LOGO_CNSFG_180.png","contentUrl":"https:\/\/cnsfg.cat\/wp-content\/uploads\/2020\/03\/LOGO_CNSFG_180.png","width":180,"height":71,"caption":"Club Na\u00f9tic Sant Feliu de Guixols"},"image":{"@id":"https:\/\/cnsfg.cat\/fr\/#\/schema\/logo\/image\/"},"sameAs":["https:\/\/www.facebook.com\/Club-N\u00e0utic-Sant-Feliu-525823567569507\/","https:\/\/x.com\/NauticSantFeliu"]}]}},"_links":{"self":[{"href":"https:\/\/cnsfg.cat\/fr\/wp-json\/wp\/v2\/pages\/356599","targetHints":{"allow":["GET"]}}],"collection":[{"href":"https:\/\/cnsfg.cat\/fr\/wp-json\/wp\/v2\/pages"}],"about":[{"href":"https:\/\/cnsfg.cat\/fr\/wp-json\/wp\/v2\/types\/page"}],"author":[{"embeddable":true,"href":"https:\/\/cnsfg.cat\/fr\/wp-json\/wp\/v2\/users\/13"}],"replies":[{"embeddable":true,"href":"https:\/\/cnsfg.cat\/fr\/wp-json\/wp\/v2\/comments?post=356599"}],"version-history":[{"count":3,"href":"https:\/\/cnsfg.cat\/fr\/wp-json\/wp\/v2\/pages\/356599\/revisions"}],"predecessor-version":[{"id":405596,"href":"https:\/\/cnsfg.cat\/fr\/wp-json\/wp\/v2\/pages\/356599\/revisions\/405596"}],"up":[{"embeddable":true,"href":"https:\/\/cnsfg.cat\/fr\/wp-json\/wp\/v2\/pages\/356239"}],"wp:attachment":[{"href":"https:\/\/cnsfg.cat\/fr\/wp-json\/wp\/v2\/media?parent=356599"}],"wp:term":[{"taxonomy":"difl_page_category","embeddable":true,"href":"https:\/\/cnsfg.cat\/fr\/wp-json\/wp\/v2\/difl_page_category?post=356599"}],"curies":[{"name":"wp","href":"https:\/\/api.w.org\/{rel}","templated":true}]}}