{"id":371288,"date":"2021-08-09T18:46:21","date_gmt":"2021-08-09T16:46:21","guid":{"rendered":"https:\/\/cnsfg.cat\/legal\/"},"modified":"2022-08-04T17:00:27","modified_gmt":"2022-08-04T15:00:27","slug":"legal","status":"publish","type":"page","link":"https:\/\/cnsfg.cat\/fr\/legal\/","title":{"rendered":"L\u00e9gal"},"content":{"rendered":"<p>[et_pb_section fb_built=\u00a0\u00bb1&Prime; admin_label=\u00a0\u00bbEl club header\u00a0\u00bb module_class=\u00a0\u00bbtina_careers_header\u00a0\u00bb _builder_version=\u00a0\u00bb4.16&Prime; custom_padding=\u00a0\u00bb0px||0px||false|false\u00a0\u00bb locked=\u00a0\u00bboff\u00a0\u00bb global_colors_info=\u00a0\u00bb{}\u00a0\u00bb][et_pb_row admin_label=\u00a0\u00bbL\u2019en-t\u00eate du club &#8211; Rang\u00e9e\u00a0\u00bb _builder_version=\u00a0\u00bb4.16&Prime; width=\u00a0\u00bb100%\u00a0\u00bb max_width=\u00a0\u00bb100%\u00a0\u00bb custom_padding=\u00a0\u00bb0px||0px||false|false\u00a0\u00bb global_colors_info=\u00a0\u00bb{}\u00a0\u00bb][et_pb_column type=\u00a0\u00bb4_4&Prime; _builder_version=\u00a0\u00bb4.16&Prime; global_colors_info=\u00a0\u00bb{}\u00a0\u00bb][et_pb_image src=\u00a0\u00bbhttps:\/\/cnsfg.cat\/wp-content\/uploads\/2021\/06\/gestio-elclub.jpg\u00a0\u00bb title_text=\u00a0\u00bbgestio-elclub\u00a0\u00bb admin_label=\u00a0\u00bbEl club header &#8211; Image &#8211; 1900x429px\u00a0\u00bb _builder_version=\u00a0\u00bb4.16&Prime; global_colors_info=\u00a0\u00bb{}\u00a0\u00bb][\/et_pb_image][\/et_pb_column][\/et_pb_row][\/et_pb_section][et_pb_section fb_built=\u00a0\u00bb1&Prime; _builder_version=\u00a0\u00bb4.16&Prime; _module_preset=\u00a0\u00bbdefault\u00a0\u00bb global_colors_info=\u00a0\u00bb{}\u00a0\u00bb][et_pb_row _builder_version=\u00a0\u00bb4.16&Prime; _module_preset=\u00a0\u00bbdefault\u00a0\u00bb global_colors_info=\u00a0\u00bb{}\u00a0\u00bb][et_pb_column type=\u00a0\u00bb4_4&Prime; _builder_version=\u00a0\u00bb4.16&Prime; _module_preset=\u00a0\u00bbdefault\u00a0\u00bb global_colors_info=\u00a0\u00bb{}\u00a0\u00bb][et_pb_text admin_label=\u00a0\u00bbEl club header &#8211; Text\u00a0\u00bb _builder_version=\u00a0\u00bb4.16&Prime; text_font=\u00a0\u00bbCormorant Garamond|700|||||||\u00a0\u00bb text_text_color=\u00a0\u00bb#002E5B\u00a0\u00bb text_font_size=\u00a0\u00bb58px\u00a0\u00bb text_line_height=\u00a0\u00bb120%\u00a0\u00bb header_font=\u00a0\u00bb|700|||||||\u00a0\u00bb header_text_color=\u00a0\u00bb#001F5B\u00a0\u00bb header_font_size=\u00a0\u00bb58px\u00a0\u00bb custom_margin=\u00a0\u00bb||||false|false\u00a0\u00bb custom_margin_tablet=\u00a0\u00bb-60px||||false|false\u00a0\u00bb custom_margin_phone=\u00a0\u00bb50px||||false|false\u00a0\u00bb custom_margin_last_edited=\u00a0\u00bbon|phone\u00a0\u00bb text_font_size_tablet=\u00a0\u00bb90px\u00a0\u00bb text_font_size_phone=\u00a0\u00bb40px\u00a0\u00bb text_font_size_last_edited=\u00a0\u00bbon|phone\u00a0\u00bb global_colors_info=\u00a0\u00bb{}\u00a0\u00bb]<\/p>\n<h1>L\u00e9gal<\/h1>\n<p>[\/et_pb_text][\/et_pb_column][\/et_pb_row][et_pb_row column_structure=\u00a0\u00bb1_4,3_4&Prime; _builder_version=\u00a0\u00bb4.16&Prime; _module_preset=\u00a0\u00bbdefault\u00a0\u00bb custom_padding=\u00a0\u00bb||0px|||\u00a0\u00bb global_colors_info=\u00a0\u00bb{}\u00a0\u00bb][et_pb_column type=\u00a0\u00bb1_4&Prime; _builder_version=\u00a0\u00bb4.16&Prime; _module_preset=\u00a0\u00bbdefault\u00a0\u00bb global_colors_info=\u00a0\u00bb{}\u00a0\u00bb][et_pb_text admin_label=\u00a0\u00bbKnow Girl Content &#8211; Tina &#8211; Text\u00a0\u00bb _builder_version=\u00a0\u00bb4.16&Prime; _module_preset=\u00a0\u00bba9637137-e175-4c07-942f-c294692118b6&Prime; text_text_color=\u00a0\u00bb#002850&Prime; text_line_height=\u00a0\u00bb150%\u00a0\u00bb text_font_size_tablet=\u00a0\u00bb22px\u00a0\u00bb text_font_size_phone=\u00a0\u00bb18px\u00a0\u00bb text_font_size_last_edited=\u00a0\u00bbon|phone\u00a0\u00bb global_colors_info=\u00a0\u00bb{}\u00a0\u00bb]<\/p>\n<p>acte. 01\/2022<\/p>\n<p>[\/et_pb_text][\/et_pb_column][et_pb_column type=\u00a0\u00bb3_4&Prime; _builder_version=\u00a0\u00bb4.16&Prime; _module_preset=\u00a0\u00bbdefault\u00a0\u00bb global_colors_info=\u00a0\u00bb{}\u00a0\u00bb][et_pb_text admin_label=\u00a0\u00bbKnow Girl Content &#8211; Tina &#8211; Text\u00a0\u00bb _builder_version=\u00a0\u00bb4.17.6&Prime; text_font=\u00a0\u00bb||||||||\u00a0\u00bb text_text_color=\u00a0\u00bb#9b9b9b\u00a0\u00bb text_font_size=\u00a0\u00bb16px\u00a0\u00bb text_line_height=\u00a0\u00bb167%\u00a0\u00bb hover_enabled=\u00a0\u00bb0&Prime; text_font_size_phone=\u00a0\u00bb14px\u00a0\u00bb text_font_size_last_edited=\u00a0\u00bboff|phone\u00a0\u00bb custom_css_main_element=\u00a0\u00bb    font-weight: 400 !important;\u00a0\u00bb global_colors_info=\u00a0\u00bb{}\u00a0\u00bb sticky_enabled=\u00a0\u00bb0&Prime;]<\/p>\n<div class=\"post\">\n<div class=\"post\">\n<p>Conform\u00e9ment au devoir d\u2019information contenu \u00e0 l\u2019article 10 de la loi 34\/2002, du 11 juillet, sur les services d\u2019information et le commerce \u00e9lectronique, nous vous informons que le site Web et le portail Internet www.cnsfg.cat (ci-apr\u00e8s, le \u00ab&nbsp;site Web&nbsp;\u00bb) sont la propri\u00e9t\u00e9 de Club N\u00e0utic Sant Feliu de Gu\u00edxols, dont le si\u00e8ge social est situ\u00e9 \u00e0 Escullera del Port s\/n,  17220, SANT FELIU DE GU\u00cdXOLS avec CIF n\u00ba G17057241. Les pr\u00e9sentes mentions l\u00e9gales r\u00e9gissent les conditions d\u2019utilisation du portail Internet susmentionn\u00e9.<\/p>\n<p>&nbsp;<\/p>\n<h2>Droit applicable et juridiction comp\u00e9tente<\/h2>\n<p>En g\u00e9n\u00e9ral, les relations entre le club N\u00e0utic Sant Feliu de Gu\u00edxols et les utilisateurs des services t\u00e9l\u00e9matiques, pr\u00e9sents sur le Web, sont soumises \u00e0 la l\u00e9gislation et \u00e0 la juridiction espagnoles.<\/p>\n<p>Les parties renoncent express\u00e9ment \u00e0 la juridiction qui pourrait leur correspondre et se soumettent express\u00e9ment aux cours et tribunaux de Sant Feliu de Gu\u00edxols pour r\u00e9soudre tout litige pouvant survenir dans l\u2019interpr\u00e9tation ou l\u2019ex\u00e9cution des pr\u00e9sentes conditions contractuelles.<\/p>\n<p>&nbsp;<\/p>\n<h2>Acceptation de l\u2019utilisateur<\/h2>\n<p>Les pr\u00e9sentes mentions l\u00e9gales r\u00e9gissent l\u2019acc\u00e8s et l\u2019utilisation du site Web que le Club N\u00e0utic Sant Feliu de Gu\u00edxols met \u00e0 la disposition des internautes. Un utilisateur est consid\u00e9r\u00e9 comme la personne qui acc\u00e8de, navigue, utilise ou participe aux services et activit\u00e9s du site Web.<\/p>\n<p>L\u2019utilisateur est inform\u00e9 et accepte que l\u2019acc\u00e8s \u00e0 ce site Web n\u2019implique en aucun cas le d\u00e9but d\u2019une relation commerciale avec le club N\u00e0utic Sant Feliu de Gu\u00edxols.<\/p>\n<p>L\u2019acc\u00e8s et la navigation sur le site par l\u2019utilisateur impliquent l\u2019acceptation de l\u2019ensemble des pr\u00e9sentes Conditions d\u2019Utilisation. En cas de d\u00e9saccord avec les conditions, vous devez vous abstenir d\u2019utiliser le site Web.<\/p>\n<p>&nbsp;<\/p>\n<h2>Acc\u00e8s au web<\/h2>\n<p>L\u2019acc\u00e8s au site Web par les utilisateurs est gratuit et gratuit. Certains services peuvent faire l\u2019objet d\u2019un contrat pr\u00e9alable du service.<\/p>\n<p>S\u2019il est n\u00e9cessaire pour l\u2019utilisateur de fournir des donn\u00e9es personnelles pour acc\u00e9der \u00e0 l\u2019un des services, la collecte et le traitement des donn\u00e9es seront effectu\u00e9s conform\u00e9ment \u00e0 la r\u00e9glementation en vigueur, en particulier au RGPD. Pour plus d\u2019informations, consultez notre politique de confidentialit\u00e9 www.cnsfg.cat\/politica-privacitat.<\/p>\n<p>&nbsp;<\/p>\n<h2>Contenu et utilisation<\/h2>\n<p>La visite du site Web par l\u2019utilisateur doit \u00eatre effectu\u00e9e de mani\u00e8re responsable et conform\u00e9ment \u00e0 la l\u00e9gislation en vigueur, \u00e0 la bonne foi, aux pr\u00e9sentes mentions l\u00e9gales et au respect des droits de propri\u00e9t\u00e9 intellectuelle et industrielle d\u00e9tenus par le club N\u00e0utic Sant Feliu de Gu\u00edxols ou toute autre personne physique ou morale.<\/p>\n<p>L\u2019utilisation de tout contenu du site Web \u00e0 des fins qui sont ou pourraient \u00eatre ill\u00e9gales est totalement interdite, ainsi que l\u2019ex\u00e9cution de toute action qui cause ou peut causer des dommages ou des alt\u00e9rations de toute nature non consentis par le club N\u00e0utic Sant Feliu de Gu\u00edxols, le site Web ou son contenu.<\/p>\n<p>Le propri\u00e9taire du site ne s\u2019identifie pas aux opinions qui y sont exprim\u00e9es par ses collaborateurs. La soci\u00e9t\u00e9 se r\u00e9serve le droit d\u2019apporter des modifications inopin\u00e9es qu\u2019elle juge appropri\u00e9es sur son site Web, en \u00e9tant en mesure de modifier, supprimer ou ajouter \u00e0 la fois le contenu et les services fournis par son interm\u00e9diaire et la fa\u00e7on dont ils sont pr\u00e9sent\u00e9s ou situ\u00e9s sur ses serveurs.<\/p>\n<p>La visite du site Web par l\u2019utilisateur doit \u00eatre effectu\u00e9e de mani\u00e8re responsable et conform\u00e9ment \u00e0 la l\u00e9gislation en vigueur, \u00e0 la bonne foi, aux pr\u00e9sentes mentions l\u00e9gales et au respect des droits de propri\u00e9t\u00e9 intellectuelle et industrielle d\u00e9tenus par le club N\u00e0utic Sant Feliu de Gu\u00edxols ou toute autre personne physique ou morale.<\/p>\n<p>L\u2019utilisation de tout contenu du site Web \u00e0 des fins qui sont ou pourraient \u00eatre ill\u00e9gales est totalement interdite, ainsi que l\u2019ex\u00e9cution de toute action qui cause ou peut causer des dommages ou des alt\u00e9rations de toute nature non consentis par le club N\u00e0utic Sant Feliu de Gu\u00edxols, le site Web ou son contenu.<\/p>\n<p>&nbsp;<\/p>\n<h2>Propri\u00e9t\u00e9 intellectuelle et industrielle<\/h2>\n<p>Les droits de propri\u00e9t\u00e9 intellectuelle sur le contenu des pages Web, leur conception graphique et leurs codes sont la propri\u00e9t\u00e9 du club N\u00e0utic Sant Feliu de Gu\u00edxols et, par cons\u00e9quent, leur reproduction, distribution, communication publique, transformation ou toute autre activit\u00e9 effectu\u00e9e avec le contenu du site Web est interdite, m\u00eame si les sources sont cit\u00e9es,  sauf si vous avez le consentement pr\u00e9alable, expr\u00e8s et \u00e9crit du Club N\u00e0utic Sant Feliu de Gu\u00edxols. Tous les noms commerciaux, marques de commerce ou signes distinctifs de toute nature contenus dans les pages Web de la soci\u00e9t\u00e9 sont la propri\u00e9t\u00e9 de leurs propri\u00e9taires et sont prot\u00e9g\u00e9s par la loi.<\/p>\n<p>Club N\u00e0utic Sant Feliu de Gu\u00edxols n\u2019accorde aucune licence ou autorisation d\u2019utilisation de quelque nature que ce soit sur ses droits de propri\u00e9t\u00e9 intellectuelle et industrielle ou sur toute autre propri\u00e9t\u00e9 ou droit li\u00e9 au site Web, et en aucun cas il ne sera entendu que l\u2019acc\u00e8s et la navigation des utilisateurs impliquent une renonciation, transmission, licence ou cession totale ou partielle de ces droits par le club N\u00e0utic Sant Feliu de Gu\u00edxols.<\/p>\n<p>Toute utilisation de ces contenus non pr\u00e9alablement autoris\u00e9e par le club N\u00e0utic Sant Feliu de Gu\u00edxols sera consid\u00e9r\u00e9e comme une violation grave des droits de propri\u00e9t\u00e9 intellectuelle ou industrielle et donnera lieu aux responsabilit\u00e9s l\u00e9galement \u00e9tablies. Club N\u00e0utic Sant Feliu de Gu\u00edxols se r\u00e9serve le droit d\u2019exercer les actions judiciaires et extrajudiciaires correspondantes contre l\u2019utilisateur.<\/p>\n<p>&nbsp;<\/p>\n<h2>Responsabilit\u00e9 et garanties<\/h2>\n<p>Club N\u00e0utic Sant Feliu de Gu\u00edxols d\u00e9clare qu\u2019il a adopt\u00e9 les mesures n\u00e9cessaires qui, dans la mesure de ses possibilit\u00e9s et de l\u2019\u00e9tat de la technologie, permettent le bon fonctionnement de son site Web ainsi que l\u2019absence de virus et de composants nuisibles. Cependant, le Club N\u00e0utic Sant Feliu de Gu\u00edxols ne peut \u00eatre tenu responsable des situations suivantes qui sont \u00e9num\u00e9r\u00e9es \u00e0 titre d\u2019exemple, mais sans s\u2019y limiter:<\/p>\n<ul>\n<li>La continuit\u00e9 et la disponibilit\u00e9 des Contenus.<\/li>\n<li>L\u2019absence d\u2019erreurs dans le Contenu ou la correction de tout d\u00e9faut qui pourrait survenir.<\/li>\n<li>L\u2019absence de virus et\/ou d\u2019autres composants nuisibles.<\/li>\n<li>Les dommages caus\u00e9s par toute personne qui viole les syst\u00e8mes de s\u00e9curit\u00e9 du Club N\u00e0utic Sant Feliu de Gu\u00edxols.<\/li>\n<li>L\u2019utilisation que les utilisateurs peuvent faire du contenu inclus dans le Web. Par cons\u00e9quent, Club N\u00e0utic Sant Feliu de Gu\u00edxols ne garantit pas que l\u2019utilisation que les utilisateurs peuvent faire des contenus inclus dans le site Web, le cas \u00e9ch\u00e9ant, est conforme \u00e0 cet avis juridique, ni que l\u2019utilisation du site Web est effectu\u00e9e avec diligence.<\/li>\n<li>L\u2019utilisation par des mineurs du site Web ou l\u2019envoi de leurs donn\u00e9es personnelles sans l\u2019autorisation de leurs tuteurs, \u00e9tant les tuteurs responsables de l\u2019utilisation qu\u2019ils font d\u2019Internet.<\/li>\n<li>Le contenu auquel l\u2019utilisateur peut acc\u00e9der via des liens non autoris\u00e9s ou introduit par les utilisateurs via des commentaires ou des outils similaires.<\/li>\n<li>L\u2019introduction de donn\u00e9es erron\u00e9es par l\u2019utilisateur ou un tiers.<\/li>\n<\/ul>\n<p>&nbsp;<\/p>\n<p>Club N\u00e0utic Sant Feliu de Gu\u00edxols peut suspendre temporairement l\u2019acc\u00e8s au site Web sans pr\u00e9avis en raison d\u2019op\u00e9rations de maintenance, de r\u00e9paration, de mise \u00e0 jour ou d\u2019am\u00e9lioration. Toutefois, chaque fois que les circonstances le permettent, le Club N\u00e0utic Sant Feliu de Gu\u00edxols informera l\u2019utilisateur, suffisamment \u00e0 l\u2019avance, de la date pr\u00e9vue pour la suspension du contenu.<\/p>\n<p>De m\u00eame, conform\u00e9ment aux arts. 11 et 16 de la loi 34\/2002, du 11 juillet, sur les services de la soci\u00e9t\u00e9 de l\u2019information et du commerce \u00e9lectronique, club n\u00e0utic Sant Feliu de Gu\u00edxols s\u2019engage \u00e0 \u00e9liminer ou, le cas \u00e9ch\u00e9ant, \u00e0 bloquer les contenus qui pourraient affecter ou \u00eatre contraires \u00e0 la l\u00e9gislation en vigueur, aux droits des tiers ou aux bonnes m\u0153urs et \u00e0 l\u2019ordre public.<\/p>\n<p>&nbsp;<\/p>\n<h2>Cookies<\/h2>\n<p>Club N\u00e0utic Sant Feliu de Gu\u00edxols utilise des cookies, afin d\u2019optimiser et de personnaliser votre navigation sur le site. Les cookies sont des fichiers physiques d\u2019informations qui sont h\u00e9berg\u00e9s dans le propre terminal de l\u2019utilisateur, les informations collect\u00e9es par le biais des cookies servent \u00e0 faciliter la navigation de l\u2019utilisateur sur le portail et \u00e0 optimiser l\u2019exp\u00e9rience de navigation. Les donn\u00e9es collect\u00e9es par le biais des cookies peuvent \u00eatre partag\u00e9es avec les cr\u00e9ateurs de ceux-ci, mais en aucun cas les informations obtenues par eux ne seront associ\u00e9es \u00e0 des donn\u00e9es personnelles ou des donn\u00e9es permettant d\u2019identifier l\u2019utilisateur.<\/p>\n<p>Toutefois, si l\u2019utilisateur ne souhaite pas que des cookies soient install\u00e9s sur son disque dur, il a la possibilit\u00e9 de configurer son navigateur de mani\u00e8re \u00e0 emp\u00eacher l\u2019installation de ces fichiers. Pour plus d\u2019informations, consultez notre politique de cookies www.cnsfg.cat\/cookies.<\/p>\n<p>&nbsp;<\/p>\n<h2>Liens<\/h2>\n<p>La pr\u00e9sence de liens sur le site Web du Club N\u00e0utic Sant Feliu de Gu\u00edxols vers d\u2019autres sites Internet est \u00e0 titre informatif uniquement et n\u2019implique en aucun cas une suggestion, une invitation ou une recommandation \u00e0 leur sujet. Club N\u00e0utic Sant Feliu de Gu\u00edxols n\u2019assumera aucune responsabilit\u00e9 pour le contenu d\u2019un lien appartenant \u00e0 un site Web tiers, ni ne garantira la fiabilit\u00e9, l\u2019exactitude, l\u2019\u00e9tendue, la v\u00e9racit\u00e9, la validit\u00e9 et la disponibilit\u00e9 technique.<\/p>\n<p>Dans le cas o\u00f9 des liens vers le site Web du Club N\u00e0utic Sant Feliu de Gu\u00edxols sont \u00e9tablis sur d\u2019autres sites Web, il ne sera pas entendu que le club N\u00e0utic Sant Feliu de Gu\u00edxols a autoris\u00e9 le lien ou le contenu du site Web sur lequel le lien est contenu, ni un contenu inappropri\u00e9 ne peut \u00eatre inclus sur la page de lien,  diffamatoire, ill\u00e9gal, obsc\u00e8ne ou ill\u00e9gal, ou tout autre contenu contraire \u00e0 la l\u00e9gislation en vigueur.<\/p>\n<p>Club N\u00e0utic Sant Feliu de Gu\u00edxols se r\u00e9serve le droit de contacter le propri\u00e9taire du site Web sur lequel le lien est \u00e9tabli s\u2019il estime que les r\u00e8glements ne sont pas respect\u00e9s, ainsi que d\u2019exercer les actions judiciaires et extrajudiciaires correspondantes.<\/p>\n<p>&nbsp;<\/p>\n<h2>Modification des conditions<\/h2>\n<p>Club N\u00e0utic Sant Feliu de Gu\u00edxols se r\u00e9serve express\u00e9ment le droit de modifier unilat\u00e9ralement, totalement ou partiellement, sans pr\u00e9avis, les pr\u00e9sentes Mentions L\u00e9gales. L\u2019utilisateur reconna\u00eet et accepte qu\u2019il est de sa responsabilit\u00e9 de consulter p\u00e9riodiquement les pr\u00e9sentes mentions l\u00e9gales.<\/p>\n<h2>Note:<\/h2>\n<p>Texte original cr\u00e9\u00e9 en catalan. Le Club N\u00e0utic Sant Feliu de Gu\u00edxols n\u2019est pas responsable des traductions dans d\u2019autres langues de ce texte, en cas de conflit, le texte de r\u00e9f\u00e9rence sera toujours celui qui est publi\u00e9 en langue catalane.<\/p>\n<\/div>\n<\/div>\n<p>[\/et_pb_text][\/et_pb_column][\/et_pb_row][\/et_pb_section]<\/p>\n","protected":false},"excerpt":{"rendered":"<p>L\u00e9galacte. 01\/2022 Conform\u00e9ment au devoir d\u2019information contenu \u00e0 l\u2019article 10 de la loi 34\/2002, du 11 juillet, sur les services d\u2019information et le commerce \u00e9lectronique, nous vous informons que le [&hellip;]<\/p>\n","protected":false},"author":5,"featured_media":0,"parent":0,"menu_order":0,"comment_status":"closed","ping_status":"closed","template":"","meta":{"_et_pb_use_builder":"on","_et_pb_old_content":"","_et_gb_content_width":"","footnotes":""},"difl_page_category":[],"class_list":["post-371288","page","type-page","status-publish","hentry"],"yoast_head":"<!-- This site is optimized with the Yoast SEO plugin v27.5 - https:\/\/yoast.com\/product\/yoast-seo-wordpress\/ -->\n<title>L\u00e9gal - Club N\u00e0utic Sant Feliu de Guixols<\/title>\n<meta name=\"description\" content=\"Mentions l\u00e9gales du club n\u00e0utic Sant Feliu de Gu\u00edxols.\" \/>\n<meta name=\"robots\" content=\"index, follow, max-snippet:-1, max-image-preview:large, max-video-preview:-1\" \/>\n<link rel=\"canonical\" href=\"https:\/\/cnsfg.cat\/fr\/legal\/\" \/>\n<meta property=\"og:locale\" content=\"fr_FR\" \/>\n<meta property=\"og:type\" content=\"article\" \/>\n<meta property=\"og:title\" content=\"L\u00e9gal - Club N\u00e0utic Sant Feliu de Guixols\" \/>\n<meta property=\"og:description\" content=\"Mentions l\u00e9gales du club n\u00e0utic Sant Feliu de Gu\u00edxols.\" \/>\n<meta property=\"og:url\" content=\"https:\/\/cnsfg.cat\/fr\/legal\/\" \/>\n<meta property=\"og:site_name\" content=\"Club N\u00e0utic Sant Feliu de Guixols\" \/>\n<meta property=\"article:publisher\" content=\"https:\/\/www.facebook.com\/Club-N%c3%a0utic-Sant-Feliu-525823567569507\/\" \/>\n<meta property=\"article:modified_time\" content=\"2022-08-04T15:00:27+00:00\" \/>\n<meta name=\"twitter:card\" content=\"summary_large_image\" \/>\n<meta name=\"twitter:site\" content=\"@NauticSantFeliu\" \/>\n<script type=\"application\/ld+json\" class=\"yoast-schema-graph\">{\"@context\":\"https:\\\/\\\/schema.org\",\"@graph\":[{\"@type\":\"WebPage\",\"@id\":\"https:\\\/\\\/cnsfg.cat\\\/fr\\\/legal\\\/\",\"url\":\"https:\\\/\\\/cnsfg.cat\\\/fr\\\/legal\\\/\",\"name\":\"L\u00e9gal - Club N\u00e0utic Sant Feliu de Guixols\",\"isPartOf\":{\"@id\":\"https:\\\/\\\/cnsfg.cat\\\/fr\\\/#website\"},\"datePublished\":\"2021-08-09T16:46:21+00:00\",\"dateModified\":\"2022-08-04T15:00:27+00:00\",\"description\":\"Mentions l\u00e9gales du club n\u00e0utic Sant Feliu de Gu\u00edxols.\",\"breadcrumb\":{\"@id\":\"https:\\\/\\\/cnsfg.cat\\\/fr\\\/legal\\\/#breadcrumb\"},\"inLanguage\":\"fr-FR\",\"potentialAction\":[{\"@type\":\"ReadAction\",\"target\":[\"https:\\\/\\\/cnsfg.cat\\\/fr\\\/legal\\\/\"]}]},{\"@type\":\"BreadcrumbList\",\"@id\":\"https:\\\/\\\/cnsfg.cat\\\/fr\\\/legal\\\/#breadcrumb\",\"itemListElement\":[{\"@type\":\"ListItem\",\"position\":1,\"name\":\"Portada\",\"item\":\"https:\\\/\\\/cnsfg.cat\\\/fr\\\/\"},{\"@type\":\"ListItem\",\"position\":2,\"name\":\"L\u00e9gal\"}]},{\"@type\":\"WebSite\",\"@id\":\"https:\\\/\\\/cnsfg.cat\\\/fr\\\/#website\",\"url\":\"https:\\\/\\\/cnsfg.cat\\\/fr\\\/\",\"name\":\"Club N\u00e0utic Sant Feliu de Guixols\",\"description\":\"Club n\u00e0utic amb m\u00e9s de 400 amarradors a Sant Feliu de Guixols, Costa Brava.\",\"publisher\":{\"@id\":\"https:\\\/\\\/cnsfg.cat\\\/fr\\\/#organization\"},\"potentialAction\":[{\"@type\":\"SearchAction\",\"target\":{\"@type\":\"EntryPoint\",\"urlTemplate\":\"https:\\\/\\\/cnsfg.cat\\\/fr\\\/?s={search_term_string}\"},\"query-input\":{\"@type\":\"PropertyValueSpecification\",\"valueRequired\":true,\"valueName\":\"search_term_string\"}}],\"inLanguage\":\"fr-FR\"},{\"@type\":\"Organization\",\"@id\":\"https:\\\/\\\/cnsfg.cat\\\/fr\\\/#organization\",\"name\":\"Club Na\u00f9tic Sant Feliu de Guixols\",\"url\":\"https:\\\/\\\/cnsfg.cat\\\/fr\\\/\",\"logo\":{\"@type\":\"ImageObject\",\"inLanguage\":\"fr-FR\",\"@id\":\"https:\\\/\\\/cnsfg.cat\\\/fr\\\/#\\\/schema\\\/logo\\\/image\\\/\",\"url\":\"https:\\\/\\\/cnsfg.cat\\\/wp-content\\\/uploads\\\/2020\\\/03\\\/LOGO_CNSFG_180.png\",\"contentUrl\":\"https:\\\/\\\/cnsfg.cat\\\/wp-content\\\/uploads\\\/2020\\\/03\\\/LOGO_CNSFG_180.png\",\"width\":180,\"height\":71,\"caption\":\"Club Na\u00f9tic Sant Feliu de Guixols\"},\"image\":{\"@id\":\"https:\\\/\\\/cnsfg.cat\\\/fr\\\/#\\\/schema\\\/logo\\\/image\\\/\"},\"sameAs\":[\"https:\\\/\\\/www.facebook.com\\\/Club-N\u00e0utic-Sant-Feliu-525823567569507\\\/\",\"https:\\\/\\\/x.com\\\/NauticSantFeliu\"]}]}<\/script>\n<!-- \/ Yoast SEO plugin. -->","yoast_head_json":{"title":"L\u00e9gal - Club N\u00e0utic Sant Feliu de Guixols","description":"Mentions l\u00e9gales du club n\u00e0utic Sant Feliu de Gu\u00edxols.","robots":{"index":"index","follow":"follow","max-snippet":"max-snippet:-1","max-image-preview":"max-image-preview:large","max-video-preview":"max-video-preview:-1"},"canonical":"https:\/\/cnsfg.cat\/fr\/legal\/","og_locale":"fr_FR","og_type":"article","og_title":"L\u00e9gal - Club N\u00e0utic Sant Feliu de Guixols","og_description":"Mentions l\u00e9gales du club n\u00e0utic Sant Feliu de Gu\u00edxols.","og_url":"https:\/\/cnsfg.cat\/fr\/legal\/","og_site_name":"Club N\u00e0utic Sant Feliu de Guixols","article_publisher":"https:\/\/www.facebook.com\/Club-N%c3%a0utic-Sant-Feliu-525823567569507\/","article_modified_time":"2022-08-04T15:00:27+00:00","twitter_card":"summary_large_image","twitter_site":"@NauticSantFeliu","schema":{"@context":"https:\/\/schema.org","@graph":[{"@type":"WebPage","@id":"https:\/\/cnsfg.cat\/fr\/legal\/","url":"https:\/\/cnsfg.cat\/fr\/legal\/","name":"L\u00e9gal - Club N\u00e0utic Sant Feliu de Guixols","isPartOf":{"@id":"https:\/\/cnsfg.cat\/fr\/#website"},"datePublished":"2021-08-09T16:46:21+00:00","dateModified":"2022-08-04T15:00:27+00:00","description":"Mentions l\u00e9gales du club n\u00e0utic Sant Feliu de Gu\u00edxols.","breadcrumb":{"@id":"https:\/\/cnsfg.cat\/fr\/legal\/#breadcrumb"},"inLanguage":"fr-FR","potentialAction":[{"@type":"ReadAction","target":["https:\/\/cnsfg.cat\/fr\/legal\/"]}]},{"@type":"BreadcrumbList","@id":"https:\/\/cnsfg.cat\/fr\/legal\/#breadcrumb","itemListElement":[{"@type":"ListItem","position":1,"name":"Portada","item":"https:\/\/cnsfg.cat\/fr\/"},{"@type":"ListItem","position":2,"name":"L\u00e9gal"}]},{"@type":"WebSite","@id":"https:\/\/cnsfg.cat\/fr\/#website","url":"https:\/\/cnsfg.cat\/fr\/","name":"Club N\u00e0utic Sant Feliu de Guixols","description":"Club n\u00e0utic amb m\u00e9s de 400 amarradors a Sant Feliu de Guixols, Costa Brava.","publisher":{"@id":"https:\/\/cnsfg.cat\/fr\/#organization"},"potentialAction":[{"@type":"SearchAction","target":{"@type":"EntryPoint","urlTemplate":"https:\/\/cnsfg.cat\/fr\/?s={search_term_string}"},"query-input":{"@type":"PropertyValueSpecification","valueRequired":true,"valueName":"search_term_string"}}],"inLanguage":"fr-FR"},{"@type":"Organization","@id":"https:\/\/cnsfg.cat\/fr\/#organization","name":"Club Na\u00f9tic Sant Feliu de Guixols","url":"https:\/\/cnsfg.cat\/fr\/","logo":{"@type":"ImageObject","inLanguage":"fr-FR","@id":"https:\/\/cnsfg.cat\/fr\/#\/schema\/logo\/image\/","url":"https:\/\/cnsfg.cat\/wp-content\/uploads\/2020\/03\/LOGO_CNSFG_180.png","contentUrl":"https:\/\/cnsfg.cat\/wp-content\/uploads\/2020\/03\/LOGO_CNSFG_180.png","width":180,"height":71,"caption":"Club Na\u00f9tic Sant Feliu de Guixols"},"image":{"@id":"https:\/\/cnsfg.cat\/fr\/#\/schema\/logo\/image\/"},"sameAs":["https:\/\/www.facebook.com\/Club-N\u00e0utic-Sant-Feliu-525823567569507\/","https:\/\/x.com\/NauticSantFeliu"]}]}},"_links":{"self":[{"href":"https:\/\/cnsfg.cat\/fr\/wp-json\/wp\/v2\/pages\/371288","targetHints":{"allow":["GET"]}}],"collection":[{"href":"https:\/\/cnsfg.cat\/fr\/wp-json\/wp\/v2\/pages"}],"about":[{"href":"https:\/\/cnsfg.cat\/fr\/wp-json\/wp\/v2\/types\/page"}],"author":[{"embeddable":true,"href":"https:\/\/cnsfg.cat\/fr\/wp-json\/wp\/v2\/users\/5"}],"replies":[{"embeddable":true,"href":"https:\/\/cnsfg.cat\/fr\/wp-json\/wp\/v2\/comments?post=371288"}],"version-history":[{"count":0,"href":"https:\/\/cnsfg.cat\/fr\/wp-json\/wp\/v2\/pages\/371288\/revisions"}],"wp:attachment":[{"href":"https:\/\/cnsfg.cat\/fr\/wp-json\/wp\/v2\/media?parent=371288"}],"wp:term":[{"taxonomy":"difl_page_category","embeddable":true,"href":"https:\/\/cnsfg.cat\/fr\/wp-json\/wp\/v2\/difl_page_category?post=371288"}],"curies":[{"name":"wp","href":"https:\/\/api.w.org\/{rel}","templated":true}]}}