{"id":371316,"date":"2021-08-09T18:52:43","date_gmt":"2021-08-09T16:52:43","guid":{"rendered":"https:\/\/cnsfg.cat\/politique-de-cookies\/"},"modified":"2022-08-04T17:15:22","modified_gmt":"2022-08-04T15:15:22","slug":"politique-de-cookies","status":"publish","type":"page","link":"https:\/\/cnsfg.cat\/fr\/politique-de-cookies\/","title":{"rendered":"Politique de cookies"},"content":{"rendered":"<p>[et_pb_section fb_built=\u00a0\u00bb1&Prime; admin_label=\u00a0\u00bbEl club header\u00a0\u00bb module_class=\u00a0\u00bbtina_careers_header\u00a0\u00bb _builder_version=\u00a0\u00bb4.16&Prime; custom_padding=\u00a0\u00bb0px||0px||false|false\u00a0\u00bb locked=\u00a0\u00bboff\u00a0\u00bb global_colors_info=\u00a0\u00bb{}\u00a0\u00bb][et_pb_row admin_label=\u00a0\u00bbL\u2019en-t\u00eate du club &#8211; Rang\u00e9e\u00a0\u00bb _builder_version=\u00a0\u00bb4.16&Prime; width=\u00a0\u00bb100%\u00a0\u00bb max_width=\u00a0\u00bb100%\u00a0\u00bb custom_padding=\u00a0\u00bb0px||0px||false|false\u00a0\u00bb global_colors_info=\u00a0\u00bb{}\u00a0\u00bb][et_pb_column type=\u00a0\u00bb4_4&Prime; _builder_version=\u00a0\u00bb4.16&Prime; global_colors_info=\u00a0\u00bb{}\u00a0\u00bb][et_pb_image src=\u00a0\u00bbhttps:\/\/cnsfg.cat\/wp-content\/uploads\/2021\/06\/gestio-elclub.jpg\u00a0\u00bb title_text=\u00a0\u00bbgestio-elclub\u00a0\u00bb admin_label=\u00a0\u00bbEl club header &#8211; Image &#8211; 1900x429px\u00a0\u00bb _builder_version=\u00a0\u00bb4.16&Prime; global_colors_info=\u00a0\u00bb{}\u00a0\u00bb][\/et_pb_image][\/et_pb_column][\/et_pb_row][\/et_pb_section][et_pb_section fb_built=\u00a0\u00bb1&Prime; _builder_version=\u00a0\u00bb4.16&Prime; _module_preset=\u00a0\u00bbdefault\u00a0\u00bb global_colors_info=\u00a0\u00bb{}\u00a0\u00bb][et_pb_row _builder_version=\u00a0\u00bb4.16&Prime; _module_preset=\u00a0\u00bbdefault\u00a0\u00bb global_colors_info=\u00a0\u00bb{}\u00a0\u00bb][et_pb_column type=\u00a0\u00bb4_4&Prime; _builder_version=\u00a0\u00bb4.16&Prime; _module_preset=\u00a0\u00bbdefault\u00a0\u00bb global_colors_info=\u00a0\u00bb{}\u00a0\u00bb][et_pb_text admin_label=\u00a0\u00bbEl club header &#8211; Text\u00a0\u00bb _builder_version=\u00a0\u00bb4.16&Prime; text_font=\u00a0\u00bbCormorant Garamond|700|||||||\u00a0\u00bb text_text_color=\u00a0\u00bb#002E5B\u00a0\u00bb text_font_size=\u00a0\u00bb58px\u00a0\u00bb text_line_height=\u00a0\u00bb120%\u00a0\u00bb header_font=\u00a0\u00bbCormorant Garamond|700|||||||\u00a0\u00bb header_text_align=\u00a0\u00bbleft\u00a0\u00bb header_text_color=\u00a0\u00bb#001F5B\u00a0\u00bb header_font_size=\u00a0\u00bb58px\u00a0\u00bb header_line_height=\u00a0\u00bb1.2em\u00a0\u00bb custom_margin=\u00a0\u00bb||||false|false\u00a0\u00bb custom_margin_tablet=\u00a0\u00bb-60px||||false|false\u00a0\u00bb custom_margin_phone=\u00a0\u00bb50px||||false|false\u00a0\u00bb custom_margin_last_edited=\u00a0\u00bbon|phone\u00a0\u00bb text_font_size_tablet=\u00a0\u00bb90px\u00a0\u00bb text_font_size_phone=\u00a0\u00bb40px\u00a0\u00bb text_font_size_last_edited=\u00a0\u00bbon|phone\u00a0\u00bb global_colors_info=\u00a0\u00bb{}\u00a0\u00bb]<\/p>\n<h1>Politique de cookies<\/h1>\n<p>[\/et_pb_text][\/et_pb_column][\/et_pb_row][et_pb_row column_structure=\u00a0\u00bb1_4,3_4&Prime; _builder_version=\u00a0\u00bb4.16&Prime; _module_preset=\u00a0\u00bbdefault\u00a0\u00bb custom_padding=\u00a0\u00bb||0px|||\u00a0\u00bb global_colors_info=\u00a0\u00bb{}\u00a0\u00bb][et_pb_column type=\u00a0\u00bb1_4&Prime; _builder_version=\u00a0\u00bb4.16&Prime; _module_preset=\u00a0\u00bbdefault\u00a0\u00bb global_colors_info=\u00a0\u00bb{}\u00a0\u00bb][et_pb_text admin_label=\u00a0\u00bbKnow Girl Content &#8211; Tina &#8211; Text\u00a0\u00bb _builder_version=\u00a0\u00bb4.16&Prime; _module_preset=\u00a0\u00bba9637137-e175-4c07-942f-c294692118b6&Prime; text_text_color=\u00a0\u00bb#002850&Prime; text_line_height=\u00a0\u00bb150%\u00a0\u00bb text_font_size_tablet=\u00a0\u00bb22px\u00a0\u00bb text_font_size_phone=\u00a0\u00bb18px\u00a0\u00bb text_font_size_last_edited=\u00a0\u00bbon|phone\u00a0\u00bb global_colors_info=\u00a0\u00bb{}\u00a0\u00bb]<\/p>\n<p>Acte. 01\/2022<\/p>\n<p>[\/et_pb_text][\/et_pb_column][et_pb_column type=\u00a0\u00bb3_4&Prime; _builder_version=\u00a0\u00bb4.16&Prime; _module_preset=\u00a0\u00bbdefault\u00a0\u00bb global_colors_info=\u00a0\u00bb{}\u00a0\u00bb][et_pb_text admin_label=\u00a0\u00bbKnow Girl Content &#8211; Tina &#8211; Text\u00a0\u00bb _builder_version=\u00a0\u00bb4.17.6&Prime; text_font=\u00a0\u00bb||||||||\u00a0\u00bb text_text_color=\u00a0\u00bb#9b9b9b\u00a0\u00bb text_font_size=\u00a0\u00bb16px\u00a0\u00bb text_line_height=\u00a0\u00bb167%\u00a0\u00bb hover_enabled=\u00a0\u00bb0&Prime; text_font_size_phone=\u00a0\u00bb14px\u00a0\u00bb text_font_size_last_edited=\u00a0\u00bboff|phone\u00a0\u00bb custom_css_main_element=\u00a0\u00bb    font-weight: 400 !important;\u00a0\u00bb global_colors_info=\u00a0\u00bb{}\u00a0\u00bb sticky_enabled=\u00a0\u00bb0&Prime;]<\/p>\n<p>Conform\u00e9ment au devoir d\u2019information contenu dans la section 2 de l\u2019article 22 de la loi 34\/2002, du 11 juillet, sur les services de la soci\u00e9t\u00e9 de l\u2019information et du commerce \u00e9lectronique, le but de cette politique de cookies est de vous informer clairement et pr\u00e9cis\u00e9ment sur les cookies utilis\u00e9s sur le site Web du club N\u00e0utic Sant Feliu de Gu\u00edxols.<\/p>\n<p>&nbsp;<\/p>\n<h2>Que sont les cookies ?<\/h2>\n<p>Un cookie est un petit fichier que les sites Web envoient \u00e0 votre navigateur et t\u00e9l\u00e9chargent sur votre ordinateur. Les cookies permettent au site Web de stocker et de r\u00e9cup\u00e9rer des informations sur votre visite, telles que votre langue pr\u00e9f\u00e9r\u00e9e et d\u2019autres options, afin d\u2019am\u00e9liorer les services offerts et de contribuer \u00e0 une meilleure exp\u00e9rience de navigation pour l\u2019utilisateur.<\/p>\n<p>&nbsp;<\/p>\n<h2>Types de cookies<\/h2>\n<p>Selon qui g\u00e8re le domaine \u00e0 partir duquel les cookies sont envoy\u00e9s et les donn\u00e9es trait\u00e9es, une distinction sera faite entre les cookies propres et les cookies tiers.<\/p>\n<p>Les cookies peuvent \u00e9galement \u00eatre class\u00e9s en fonction de la dur\u00e9e pendant laquelle ils restent stock\u00e9s dans le navigateur de l\u2019utilisateur, en distinguant les cookies de session des cookies persistants.<\/p>\n<p>Enfin, en fonction de la finalit\u00e9 pour laquelle les informations collect\u00e9es sont trait\u00e9es, les cookies peuvent \u00eatre class\u00e9s dans les cat\u00e9gories suivantes :<\/p>\n<ul>\n<li>Cookies techniques : ils permettent \u00e0 l\u2019utilisateur de naviguer sur un site web et d\u2019utiliser certains des services propos\u00e9s par celui-ci (tels que ceux qui servent \u00e0 m\u00e9moriser les \u00e9l\u00e9ments d\u2019un panier d\u2019achat).<\/li>\n<li>Cookies de personnalisation: ils permettent \u00e0 l\u2019utilisateur d\u2019acc\u00e9der au site Web avec certaines caract\u00e9ristiques, telles que la langue.<\/li>\n<li>Cookies de s\u00e9curit\u00e9: ils servent \u00e0 pr\u00e9venir ou \u00e0 entraver les attaques contre le site Web.<\/li>\n<li>Compl\u00e9ter les cookies pour \u00e9changer du contenu social: les plug-ins, qui permettent de partager du contenu sur les r\u00e9seaux sociaux.<\/li>\n<li>Cookies d\u2019analyse : ils permettent au responsable de surveiller le comportement de l\u2019utilisateur.<\/li>\n<li>Cookies publicitaires : ils vous permettent de g\u00e9rer les espaces publicitaires du site.<\/li>\n<li>Cookies de publicit\u00e9 comportementale: comme les pr\u00e9c\u00e9dents, ils sont utilis\u00e9s pour g\u00e9rer les espaces publicitaires du site Web en fonction des informations collect\u00e9es sur le comportement et les habitudes de l\u2019utilisateur, en adaptant la publicit\u00e9 au profil de l\u2019utilisateur.<\/li>\n<li>Cookies de g\u00e9olocalisation : utilis\u00e9s pour conna\u00eetre le pays o\u00f9 se trouve l\u2019utilisateur.<\/li>\n<\/ul>\n<p>&nbsp;<\/p>\n<h2>Autorisation d\u2019utilisation des cookies<\/h2>\n<p>Conform\u00e9ment \u00e0 l\u2019avis de cookies qui appara\u00eet sur le site Web, l\u2019utilisateur peut express\u00e9ment consentir \u00e0 l\u2019utilisation de cookies qui n\u00e9cessitent un consentement; cependant, l\u2019utilisation de cookies techniques ou n\u00e9cessaires ne n\u00e9cessite pas de consentement. Nonobstant ce qui pr\u00e9c\u00e8de, l\u2019utilisateur peut modifier la configuration de son navigateur pour refuser l\u2019utilisation de cookies.<\/p>\n<p>&nbsp;<\/p>\n<h2>Comment modifier les param\u00e8tres des cookies<\/h2>\n<p>Vous pouvez restreindre, bloquer ou supprimer les cookies du Club N\u00e0utic Sant Feliu de Gu\u00edxols ou de tout autre site Web \u00e0 l\u2019aide de votre navigateur. Dans chaque navigateur, l\u2019op\u00e9ration est diff\u00e9rente, vous pouvez savoir comment le faire dans le menu d\u2019aide de votre navigateur o\u00f9 la proc\u00e9dure d\u2019\u00e9limination est \u00e9tablie. Pour plus d\u2019informations :<\/p>\n<ul>\n<li><strong>Google Chrome :<\/strong><br \/><a href=\"https:\/\/support.google.com\/chrome\/answer\/95647?co=GENIE.Platform%253DDesktopl=es\">https:\/\/support.google.com\/chrome\/answer\/95647?co=GENIE.Platform%3DDesktopl=es<\/a><\/li>\n<li><strong>Mozilla Firefox :<\/strong><br \/><a href=\"https:\/\/support.mozilla.org\/es\/kb\/habilitar-y-deshabilitar-cookies-sitios-web-rastrear-preferencias\">https:\/\/support.mozilla.org\/es\/kb\/habilitar-y-deshabilitar-cookies-sitios-web-rastrear-preferencias<\/a><\/li>\n<li><strong>Safari:<\/strong><br \/><a href=\"https:\/\/support.apple.com\/guide\/safari\/sfri11471\/mac\">https:\/\/support.apple.com\/guide\/safari\/sfri11471\/mac<\/a><\/li>\n<li><strong>Internet Explorer :<\/strong><br \/><a href=\"https:\/\/support.microsoft.com\/help\/278835\/how-to-delete-cookie-files-in-internet-explorer\">https:\/\/support.microsoft.com\/help\/278835\/how-to-delete-cookie-files-in-internet-explorer<\/a><\/li>\n<\/ul>\n<p>Il est possible qu\u2019en d\u00e9sactivant les cookies, le site Web ne fonctionne pas correctement ou que vous ne puissiez pas acc\u00e9der \u00e0 certaines fonctions de celui-ci.<\/p>\n<p>&nbsp;<\/p>\n<h2>Cookies utilis\u00e9s sur le web<\/h2>\n<p>Diff\u00e9rents types de cookies sont utilis\u00e9s sur le portail Web \u00e0 des fins diff\u00e9rentes, les cookies utilis\u00e9s sont \u00e9num\u00e9r\u00e9s ci-dessous:<\/p>\n<p><span style=\"color: #ff0000;\">[Enumera aqu\u00ed les cookies utilitzades]<\/span><\/p>\n<p>&nbsp;<\/p>\n<h2>Modification des conditions<\/h2>\n<p>Club N\u00e0utic Sant Feliu de Gu\u00edxols se r\u00e9serve express\u00e9ment le droit de modifier unilat\u00e9ralement, totalement ou partiellement, sans pr\u00e9avis, cette politique de cookies. L\u2019utilisateur reconna\u00eet et accepte qu\u2019il est de sa responsabilit\u00e9 de consulter cette politique de cookies.<\/p>\n<h2> <\/h2>\n<h2>Note<\/h2>\n<p>Texte original cr\u00e9\u00e9 en catalan. Le Club N\u00e0utic Sant Feliu de Gu\u00edxols n\u2019est pas responsable des traductions dans d\u2019autres langues de ce texte, en cas de conflit, le texte de r\u00e9f\u00e9rence sera toujours celui qui est publi\u00e9 en langue catalane.<\/p>\n<p>[\/et_pb_text][\/et_pb_column][\/et_pb_row][\/et_pb_section]<\/p>\n","protected":false},"excerpt":{"rendered":"<p>Politique de cookiesActe. 01\/2022Conform\u00e9ment au devoir d\u2019information contenu dans la section 2 de l\u2019article 22 de la loi 34\/2002, du 11 juillet, sur les services de la soci\u00e9t\u00e9 de l\u2019information [&hellip;]<\/p>\n","protected":false},"author":5,"featured_media":0,"parent":0,"menu_order":0,"comment_status":"closed","ping_status":"closed","template":"","meta":{"_et_pb_use_builder":"on","_et_pb_old_content":"","_et_gb_content_width":"","footnotes":""},"difl_page_category":[],"class_list":["post-371316","page","type-page","status-publish","hentry"],"yoast_head":"<!-- This site is optimized with the Yoast SEO plugin v27.5 - https:\/\/yoast.com\/product\/yoast-seo-wordpress\/ -->\n<title>Politique de cookies - Club N\u00e0utic Sant Feliu de Guixols<\/title>\n<meta name=\"description\" content=\"Politique de cookies du Club N\u00e0utic Sant Feliu de Gu\u00edxols, G\u00e9rone-Costa Brava.\" \/>\n<meta name=\"robots\" content=\"index, follow, max-snippet:-1, max-image-preview:large, max-video-preview:-1\" \/>\n<link rel=\"canonical\" href=\"https:\/\/cnsfg.cat\/fr\/politique-de-cookies\/\" \/>\n<meta property=\"og:locale\" content=\"fr_FR\" \/>\n<meta property=\"og:type\" content=\"article\" \/>\n<meta property=\"og:title\" content=\"Politique de cookies - Club N\u00e0utic Sant Feliu de Guixols\" \/>\n<meta property=\"og:description\" content=\"Politique de cookies du Club N\u00e0utic Sant Feliu de Gu\u00edxols, G\u00e9rone-Costa Brava.\" \/>\n<meta property=\"og:url\" content=\"https:\/\/cnsfg.cat\/fr\/politique-de-cookies\/\" \/>\n<meta property=\"og:site_name\" content=\"Club N\u00e0utic Sant Feliu de Guixols\" \/>\n<meta property=\"article:publisher\" content=\"https:\/\/www.facebook.com\/Club-N%c3%a0utic-Sant-Feliu-525823567569507\/\" \/>\n<meta property=\"article:modified_time\" content=\"2022-08-04T15:15:22+00:00\" \/>\n<meta name=\"twitter:card\" content=\"summary_large_image\" \/>\n<meta name=\"twitter:site\" content=\"@NauticSantFeliu\" \/>\n<script type=\"application\/ld+json\" class=\"yoast-schema-graph\">{\"@context\":\"https:\\\/\\\/schema.org\",\"@graph\":[{\"@type\":\"WebPage\",\"@id\":\"https:\\\/\\\/cnsfg.cat\\\/fr\\\/politique-de-cookies\\\/\",\"url\":\"https:\\\/\\\/cnsfg.cat\\\/fr\\\/politique-de-cookies\\\/\",\"name\":\"Politique de cookies - Club N\u00e0utic Sant Feliu de Guixols\",\"isPartOf\":{\"@id\":\"https:\\\/\\\/cnsfg.cat\\\/fr\\\/#website\"},\"datePublished\":\"2021-08-09T16:52:43+00:00\",\"dateModified\":\"2022-08-04T15:15:22+00:00\",\"description\":\"Politique de cookies du Club N\u00e0utic Sant Feliu de Gu\u00edxols, G\u00e9rone-Costa Brava.\",\"breadcrumb\":{\"@id\":\"https:\\\/\\\/cnsfg.cat\\\/fr\\\/politique-de-cookies\\\/#breadcrumb\"},\"inLanguage\":\"fr-FR\",\"potentialAction\":[{\"@type\":\"ReadAction\",\"target\":[\"https:\\\/\\\/cnsfg.cat\\\/fr\\\/politique-de-cookies\\\/\"]}]},{\"@type\":\"BreadcrumbList\",\"@id\":\"https:\\\/\\\/cnsfg.cat\\\/fr\\\/politique-de-cookies\\\/#breadcrumb\",\"itemListElement\":[{\"@type\":\"ListItem\",\"position\":1,\"name\":\"Portada\",\"item\":\"https:\\\/\\\/cnsfg.cat\\\/fr\\\/\"},{\"@type\":\"ListItem\",\"position\":2,\"name\":\"Politique de cookies\"}]},{\"@type\":\"WebSite\",\"@id\":\"https:\\\/\\\/cnsfg.cat\\\/fr\\\/#website\",\"url\":\"https:\\\/\\\/cnsfg.cat\\\/fr\\\/\",\"name\":\"Club N\u00e0utic Sant Feliu de Guixols\",\"description\":\"Club n\u00e0utic amb m\u00e9s de 400 amarradors a Sant Feliu de Guixols, Costa Brava.\",\"publisher\":{\"@id\":\"https:\\\/\\\/cnsfg.cat\\\/fr\\\/#organization\"},\"potentialAction\":[{\"@type\":\"SearchAction\",\"target\":{\"@type\":\"EntryPoint\",\"urlTemplate\":\"https:\\\/\\\/cnsfg.cat\\\/fr\\\/?s={search_term_string}\"},\"query-input\":{\"@type\":\"PropertyValueSpecification\",\"valueRequired\":true,\"valueName\":\"search_term_string\"}}],\"inLanguage\":\"fr-FR\"},{\"@type\":\"Organization\",\"@id\":\"https:\\\/\\\/cnsfg.cat\\\/fr\\\/#organization\",\"name\":\"Club Na\u00f9tic Sant Feliu de Guixols\",\"url\":\"https:\\\/\\\/cnsfg.cat\\\/fr\\\/\",\"logo\":{\"@type\":\"ImageObject\",\"inLanguage\":\"fr-FR\",\"@id\":\"https:\\\/\\\/cnsfg.cat\\\/fr\\\/#\\\/schema\\\/logo\\\/image\\\/\",\"url\":\"https:\\\/\\\/cnsfg.cat\\\/wp-content\\\/uploads\\\/2020\\\/03\\\/LOGO_CNSFG_180.png\",\"contentUrl\":\"https:\\\/\\\/cnsfg.cat\\\/wp-content\\\/uploads\\\/2020\\\/03\\\/LOGO_CNSFG_180.png\",\"width\":180,\"height\":71,\"caption\":\"Club Na\u00f9tic Sant Feliu de Guixols\"},\"image\":{\"@id\":\"https:\\\/\\\/cnsfg.cat\\\/fr\\\/#\\\/schema\\\/logo\\\/image\\\/\"},\"sameAs\":[\"https:\\\/\\\/www.facebook.com\\\/Club-N\u00e0utic-Sant-Feliu-525823567569507\\\/\",\"https:\\\/\\\/x.com\\\/NauticSantFeliu\"]}]}<\/script>\n<!-- \/ Yoast SEO plugin. -->","yoast_head_json":{"title":"Politique de cookies - Club N\u00e0utic Sant Feliu de Guixols","description":"Politique de cookies du Club N\u00e0utic Sant Feliu de Gu\u00edxols, G\u00e9rone-Costa Brava.","robots":{"index":"index","follow":"follow","max-snippet":"max-snippet:-1","max-image-preview":"max-image-preview:large","max-video-preview":"max-video-preview:-1"},"canonical":"https:\/\/cnsfg.cat\/fr\/politique-de-cookies\/","og_locale":"fr_FR","og_type":"article","og_title":"Politique de cookies - Club N\u00e0utic Sant Feliu de Guixols","og_description":"Politique de cookies du Club N\u00e0utic Sant Feliu de Gu\u00edxols, G\u00e9rone-Costa Brava.","og_url":"https:\/\/cnsfg.cat\/fr\/politique-de-cookies\/","og_site_name":"Club N\u00e0utic Sant Feliu de Guixols","article_publisher":"https:\/\/www.facebook.com\/Club-N%c3%a0utic-Sant-Feliu-525823567569507\/","article_modified_time":"2022-08-04T15:15:22+00:00","twitter_card":"summary_large_image","twitter_site":"@NauticSantFeliu","schema":{"@context":"https:\/\/schema.org","@graph":[{"@type":"WebPage","@id":"https:\/\/cnsfg.cat\/fr\/politique-de-cookies\/","url":"https:\/\/cnsfg.cat\/fr\/politique-de-cookies\/","name":"Politique de cookies - Club N\u00e0utic Sant Feliu de Guixols","isPartOf":{"@id":"https:\/\/cnsfg.cat\/fr\/#website"},"datePublished":"2021-08-09T16:52:43+00:00","dateModified":"2022-08-04T15:15:22+00:00","description":"Politique de cookies du Club N\u00e0utic Sant Feliu de Gu\u00edxols, G\u00e9rone-Costa Brava.","breadcrumb":{"@id":"https:\/\/cnsfg.cat\/fr\/politique-de-cookies\/#breadcrumb"},"inLanguage":"fr-FR","potentialAction":[{"@type":"ReadAction","target":["https:\/\/cnsfg.cat\/fr\/politique-de-cookies\/"]}]},{"@type":"BreadcrumbList","@id":"https:\/\/cnsfg.cat\/fr\/politique-de-cookies\/#breadcrumb","itemListElement":[{"@type":"ListItem","position":1,"name":"Portada","item":"https:\/\/cnsfg.cat\/fr\/"},{"@type":"ListItem","position":2,"name":"Politique de cookies"}]},{"@type":"WebSite","@id":"https:\/\/cnsfg.cat\/fr\/#website","url":"https:\/\/cnsfg.cat\/fr\/","name":"Club N\u00e0utic Sant Feliu de Guixols","description":"Club n\u00e0utic amb m\u00e9s de 400 amarradors a Sant Feliu de Guixols, Costa Brava.","publisher":{"@id":"https:\/\/cnsfg.cat\/fr\/#organization"},"potentialAction":[{"@type":"SearchAction","target":{"@type":"EntryPoint","urlTemplate":"https:\/\/cnsfg.cat\/fr\/?s={search_term_string}"},"query-input":{"@type":"PropertyValueSpecification","valueRequired":true,"valueName":"search_term_string"}}],"inLanguage":"fr-FR"},{"@type":"Organization","@id":"https:\/\/cnsfg.cat\/fr\/#organization","name":"Club Na\u00f9tic Sant Feliu de Guixols","url":"https:\/\/cnsfg.cat\/fr\/","logo":{"@type":"ImageObject","inLanguage":"fr-FR","@id":"https:\/\/cnsfg.cat\/fr\/#\/schema\/logo\/image\/","url":"https:\/\/cnsfg.cat\/wp-content\/uploads\/2020\/03\/LOGO_CNSFG_180.png","contentUrl":"https:\/\/cnsfg.cat\/wp-content\/uploads\/2020\/03\/LOGO_CNSFG_180.png","width":180,"height":71,"caption":"Club Na\u00f9tic Sant Feliu de Guixols"},"image":{"@id":"https:\/\/cnsfg.cat\/fr\/#\/schema\/logo\/image\/"},"sameAs":["https:\/\/www.facebook.com\/Club-N\u00e0utic-Sant-Feliu-525823567569507\/","https:\/\/x.com\/NauticSantFeliu"]}]}},"_links":{"self":[{"href":"https:\/\/cnsfg.cat\/fr\/wp-json\/wp\/v2\/pages\/371316","targetHints":{"allow":["GET"]}}],"collection":[{"href":"https:\/\/cnsfg.cat\/fr\/wp-json\/wp\/v2\/pages"}],"about":[{"href":"https:\/\/cnsfg.cat\/fr\/wp-json\/wp\/v2\/types\/page"}],"author":[{"embeddable":true,"href":"https:\/\/cnsfg.cat\/fr\/wp-json\/wp\/v2\/users\/5"}],"replies":[{"embeddable":true,"href":"https:\/\/cnsfg.cat\/fr\/wp-json\/wp\/v2\/comments?post=371316"}],"version-history":[{"count":0,"href":"https:\/\/cnsfg.cat\/fr\/wp-json\/wp\/v2\/pages\/371316\/revisions"}],"wp:attachment":[{"href":"https:\/\/cnsfg.cat\/fr\/wp-json\/wp\/v2\/media?parent=371316"}],"wp:term":[{"taxonomy":"difl_page_category","embeddable":true,"href":"https:\/\/cnsfg.cat\/fr\/wp-json\/wp\/v2\/difl_page_category?post=371316"}],"curies":[{"name":"wp","href":"https:\/\/api.w.org\/{rel}","templated":true}]}}